{"id":30167,"date":"2024-04-09T22:35:27","date_gmt":"2024-04-09T22:35:27","guid":{"rendered":"https:\/\/cheveuxluxe.com\/index.php\/product\/schwarzkopf-professional-bonacure-moisture-kick-traitement-hydratant\/"},"modified":"2024-04-13T14:26:12","modified_gmt":"2024-04-13T14:26:12","slug":"schwarzkopf-professional-bonacure-moisture-kick-traitement-hydratant","status":"publish","type":"product","link":"https:\/\/cheveuxluxe.com\/index.php\/product\/schwarzkopf-professional-bonacure-moisture-kick-traitement-hydratant\/","title":{"rendered":"Schwarzkopf Professional Bonacure Moisture Kick Traitement Hydratant"},"content":{"rendered":"<div class=\"product-content_bottom\">\n<div class=\"pdp-info\">\n<div class=\"pdp-tabs tab-container\">\n<div class=\"tab js-tab\">\n<h3 class=\"tab-title pdp-tabs_title js-tab-mobile-title open\"><span>Points cl\u00e9s<\/span><\/h3>\n<div class=\"tab-description pdp-tabs_description js-tab-description open\" itemprop=\"description\">\n<ul>\n<li>Traitement en profondeur pour une hydratation intense, apportant plus de souplesse aux cheveux r\u00eaches<\/li>\n<li>Pour des cheveux brillants et en bonne sant\u00e9<\/li>\n<li>Formule v\u00e9gane*<\/li>\n<li>Hydrate efficacement les cheveux pour une sensation de l\u00e9g\u00e8ret\u00e9 et une meilleure \u00e9lasticit\u00e9<\/li>\n<li>Enrichi en Glyc\u00e9rol pour r\u00e9\u00e9quilibrer le niveau d&rsquo;hydratation des cheveux<\/li>\n<\/ul>\n<\/div>\n<\/div>\n<div class=\"tab js-tab\">\n<h3 class=\"tab-title pdp-tabs_title js-tab-mobile-title\"><span>Description<\/span><\/h3>\n<div class=\"tab-description pdp-tabs_description js-tab-description\" itemprop=\"description\">Traitement hydratant intensif Bonacure Moisture Kick, sp\u00e9cialement formul\u00e9 pour les cheveux normaux \u00e0 secs, textur\u00e9s, fris\u00e9s ou cassants. Nourrit en profondeur, hydrate et enrichit les cheveux pour plus de douceur. Ne contient pas de silicones ni de colorants artificiels. Sa formule aide les cheveux \u00e0 conserver leur niveau d&rsquo;hydratation optimal pour une sensation de l\u00e9g\u00e8ret\u00e9 qui dure jusqu&rsquo;\u00e0 48 heures.<\/p>\n<p>Produit capillaire v\u00e9g\u00e9talien*.<\/p><\/div>\n<\/div>\n<div class=\"tab js-tab\">\n<h3 class=\"tab-title pdp-tabs_title js-tab-mobile-title\"><span>Mode d&#8217;emploi<\/span><\/h3>\n<div class=\"tab-description pdp-tabs_description js-tab-description\">Appliquez le traitement capillaire hydratant sur les cheveux essor\u00e9s et faites-le p\u00e9n\u00e9trer. Laissez agir jusqu&rsquo;\u00e0 10 minutes. Rincez abondamment.<\/div>\n<\/div>\n<div class=\"tab js-tab\">\n<h3 class=\"tab-title pdp-tabs_title js-tab-mobile-title\"><span>Ingr\u00e9dients<\/span><\/h3>\n<div class=\"tab-description pdp-tabs_description js-tab-description\">Aqua (Water, Eau) Cetearyl Alcohol Glycerin Isopropyl Myristate Behenamidopropyl Dimethylamine Distearoylethyl Hydroxyethylmonium Methosulfate Panthenol Soy Amino Acids Wheat Amino Acids Serine Threonine Arginine HCl Phenoxyethanol Citric Acid Parfum (Fragrance) Behentrimonium Chloride Butyrospermum Parkii (Shea) Butter Guar Hydroxypropyltrimonium Chloride Ceteareth-20 Ethylhexylglycerin Isopropyl Alcohol Linalool Citronellol Alpha-Isomethyl Ionone Geraniol Limonene Benzyl Alcohol Sodium Benzoate Potassium Sorbate<\/div>\n<\/div>\n<div class=\"tab js-tab\">\n<h3 class=\"tab-title pdp-tabs_title js-tab-mobile-title\"><span>Livraison et stock<\/span><\/h3>\n<div class=\"tab-description pdp-tabs_description js-tab-description\">\n<div class=\"pdp-delivery_info\">\n<div class=\"content-asset\">Livraison et d\u00e9laisRetours et remboursements<\/div>\n<\/div>\n<\/div>\n<\/div>\n<div class=\"tab js-tab\">\n<h3 class=\"tab-title pdp-tabs_title js-tab-mobile-title\"><span>Pr\u00e9cautions d&#8217;emploi<\/span><\/h3>\n<div class=\"tab-description pdp-tabs_description js-tab-description\">\u00c9viter le contact avec les yeux. Rincer imm\u00e9diatement si le produit entre en contact avec les yeux. Tenir hors de port\u00e9e des enfants.<\/div>\n<\/div>\n<\/div>\n<\/div>\n<\/div>\n","protected":false},"excerpt":{"rendered":"<p>Points cl\u00e9s Traitement en profondeur pour une hydratation intense, apportant plus de souplesse aux cheveux&hellip;<\/p>\n","protected":false},"featured_media":20705,"comment_status":"open","ping_status":"closed","template":"","meta":[],"pwb-brand":[646],"product_cat":[617],"product_tag":[274,319,273],"class_list":{"0":"post-30167","1":"product","2":"type-product","3":"status-publish","4":"has-post-thumbnail","6":"pwb-brand-schwarzkopf-professional","7":"product_cat-coiffure","8":"product_tag-coiffure","9":"product_tag-schwarzkopf-professional","10":"product_tag-vegan","12":"first","13":"instock","14":"taxable","15":"shipping-taxable","16":"purchasable","17":"product-type-simple","18":"layout-style-3","19":"col-md-4 col-sm-4 col-xs-6","20":"col-lg-3","21":"product-has-gallery","22":"product-style-default"},"aioseo_notices":[],"brands":[{"id":646,"name":"Schwarzkopf Professional","slug":"schwarzkopf-professional"}],"_links":{"self":[{"href":"https:\/\/cheveuxluxe.com\/index.php\/wp-json\/wp\/v2\/product\/30167","targetHints":{"allow":["GET"]}}],"collection":[{"href":"https:\/\/cheveuxluxe.com\/index.php\/wp-json\/wp\/v2\/product"}],"about":[{"href":"https:\/\/cheveuxluxe.com\/index.php\/wp-json\/wp\/v2\/types\/product"}],"replies":[{"embeddable":true,"href":"https:\/\/cheveuxluxe.com\/index.php\/wp-json\/wp\/v2\/comments?post=30167"}],"version-history":[{"count":0,"href":"https:\/\/cheveuxluxe.com\/index.php\/wp-json\/wp\/v2\/product\/30167\/revisions"}],"wp:featuredmedia":[{"embeddable":true,"href":"https:\/\/cheveuxluxe.com\/index.php\/wp-json\/wp\/v2\/media\/20705"}],"wp:attachment":[{"href":"https:\/\/cheveuxluxe.com\/index.php\/wp-json\/wp\/v2\/media?parent=30167"}],"wp:term":[{"taxonomy":"pwb-brand","embeddable":true,"href":"https:\/\/cheveuxluxe.com\/index.php\/wp-json\/wp\/v2\/pwb-brand?post=30167"},{"taxonomy":"product_cat","embeddable":true,"href":"https:\/\/cheveuxluxe.com\/index.php\/wp-json\/wp\/v2\/product_cat?post=30167"},{"taxonomy":"product_tag","embeddable":true,"href":"https:\/\/cheveuxluxe.com\/index.php\/wp-json\/wp\/v2\/product_tag?post=30167"}],"curies":[{"name":"wp","href":"https:\/\/api.w.org\/{rel}","templated":true}]}}