{"id":30174,"date":"2024-04-09T22:35:39","date_gmt":"2024-04-09T22:35:39","guid":{"rendered":"https:\/\/cheveuxluxe.com\/index.php\/product\/revlon-professional-uniqone-masque-capillaire-v2-300ml\/"},"modified":"2024-04-13T14:24:42","modified_gmt":"2024-04-13T14:24:42","slug":"revlon-professional-uniqone-masque-capillaire-v2-300ml","status":"publish","type":"product","link":"https:\/\/cheveuxluxe.com\/index.php\/product\/revlon-professional-uniqone-masque-capillaire-v2-300ml\/","title":{"rendered":"Revlon Professional Uniqone Masque Capillaire V2 300ml"},"content":{"rendered":"<div class=\"product-content_bottom\">\n<div class=\"pdp-info\">\n<div class=\"pdp-tabs tab-container\">\n<div class=\"tab js-tab\">\n<h3 class=\"tab-title pdp-tabs_title js-tab-mobile-title open\"><span>Points cl\u00e9s<\/span><\/h3>\n<div class=\"tab-description pdp-tabs_description js-tab-description open\" itemprop=\"description\">\n<ul>\n<li>R\u00e9pare les cheveux secs et abim\u00e9s<\/li>\n<li>Fortifie et r\u00e9duit la casse<\/li>\n<li>Nourrit et d\u00e9m\u00eale<\/li>\n<li>Hydrate instantan\u00e9ment<\/li>\n<li>Soin thermo-protecteur<\/li>\n<\/ul>\n<\/div>\n<\/div>\n<div class=\"tab js-tab\">\n<h3 class=\"tab-title pdp-tabs_title js-tab-mobile-title\"><span>Mode d&#8217;emploi<\/span><\/h3>\n<div class=\"tab-description pdp-tabs_description js-tab-description\">1. R\u00e9partissez le masque capillaire sur les cheveux humides.<br \/>2. Laissez agir pendant 3 minutes.<br \/>3. Rincer abondamment.<\/div>\n<\/div>\n<div class=\"tab js-tab\">\n<h3 class=\"tab-title pdp-tabs_title js-tab-mobile-title\"><span>Ingr\u00e9dients<\/span><\/h3>\n<div class=\"tab-description pdp-tabs_description js-tab-description\">AQUA\/WATER\/EAU, DIMETHICONE, CETEARYL ALCOHOL, BEHENTRIMONIUM CHLORIDE, GLYCERIN, C10-18 TRIGLYCERIDES, BUTYLENE GLYCOL, STEARAMIDOPROPYL DIMETHYLAMINE, BIS-DIGLYCERYL POLYACYLADIPATE-2, CETEARETH-20, CITRIC ACID, DICAPRYLYL CARBONATE, DIMETHICONOL, GLYCERYL BEHENATE, ISOPROPYL ALCOHOL, LAURYL GLUCOSIDE, METHOXY PEG\/PPG-7\/3 AMINOPROPYL DIMETHICONE, OLETH-5, PANTHENOL, PEG-90M, PHYTANTRIOL, POLYQUATERNIUM-37, SILICA, SODIUM CHLORIDE, TOCOPHERYL ACETATE, WHEAT AMINO ACIDS, PARFUM (FRAGRANCE), ALPHA-ISOMETHYL IONONE, BENZYL SALICYLATE, CITRONELLOL, HEXYL CINNAMAL, LINALOOL, ETHYLPARABEN, METHYLPARABEN, PHENOXYETHANOL. B01853.<\/div>\n<\/div>\n<div class=\"tab js-tab\">\n<h3 class=\"tab-title pdp-tabs_title js-tab-mobile-title\"><span>Livraison et stock<\/span><\/h3>\n<div class=\"tab-description pdp-tabs_description js-tab-description\">\n<div class=\"pdp-delivery_info\">\n<div class=\"content-asset\">Livraison et d\u00e9laisRetours et remboursements<\/div>\n<\/div>\n<\/div>\n<\/div>\n<\/div>\n<\/div>\n<\/div>\n","protected":false},"excerpt":{"rendered":"<p>Points cl\u00e9s R\u00e9pare les cheveux secs et abim\u00e9s Fortifie et r\u00e9duit la casse Nourrit et&hellip;<\/p>\n","protected":false},"featured_media":20652,"comment_status":"open","ping_status":"closed","template":"","meta":[],"pwb-brand":[659],"product_cat":[617],"product_tag":[274,372,273],"class_list":{"0":"post-30174","1":"product","2":"type-product","3":"status-publish","4":"has-post-thumbnail","6":"pwb-brand-revlon","7":"product_cat-coiffure","8":"product_tag-coiffure","9":"product_tag-revlon","10":"product_tag-vegan","12":"first","13":"instock","14":"taxable","15":"shipping-taxable","16":"purchasable","17":"product-type-simple","18":"layout-style-3","19":"col-md-4 col-sm-4 col-xs-6","20":"col-lg-3","21":"product-style-default"},"aioseo_notices":[],"brands":[{"id":659,"name":"Revlon","slug":"revlon"}],"_links":{"self":[{"href":"https:\/\/cheveuxluxe.com\/index.php\/wp-json\/wp\/v2\/product\/30174","targetHints":{"allow":["GET"]}}],"collection":[{"href":"https:\/\/cheveuxluxe.com\/index.php\/wp-json\/wp\/v2\/product"}],"about":[{"href":"https:\/\/cheveuxluxe.com\/index.php\/wp-json\/wp\/v2\/types\/product"}],"replies":[{"embeddable":true,"href":"https:\/\/cheveuxluxe.com\/index.php\/wp-json\/wp\/v2\/comments?post=30174"}],"version-history":[{"count":0,"href":"https:\/\/cheveuxluxe.com\/index.php\/wp-json\/wp\/v2\/product\/30174\/revisions"}],"wp:featuredmedia":[{"embeddable":true,"href":"https:\/\/cheveuxluxe.com\/index.php\/wp-json\/wp\/v2\/media\/20652"}],"wp:attachment":[{"href":"https:\/\/cheveuxluxe.com\/index.php\/wp-json\/wp\/v2\/media?parent=30174"}],"wp:term":[{"taxonomy":"pwb-brand","embeddable":true,"href":"https:\/\/cheveuxluxe.com\/index.php\/wp-json\/wp\/v2\/pwb-brand?post=30174"},{"taxonomy":"product_cat","embeddable":true,"href":"https:\/\/cheveuxluxe.com\/index.php\/wp-json\/wp\/v2\/product_cat?post=30174"},{"taxonomy":"product_tag","embeddable":true,"href":"https:\/\/cheveuxluxe.com\/index.php\/wp-json\/wp\/v2\/product_tag?post=30174"}],"curies":[{"name":"wp","href":"https:\/\/api.w.org\/{rel}","templated":true}]}}