{"id":30177,"date":"2024-04-09T22:35:42","date_gmt":"2024-04-09T22:35:42","guid":{"rendered":"https:\/\/cheveuxluxe.com\/index.php\/product\/redken-frizz-dismiss-masque-250ml\/"},"modified":"2024-04-13T14:11:13","modified_gmt":"2024-04-13T14:11:13","slug":"redken-frizz-dismiss-masque-250ml","status":"publish","type":"product","link":"https:\/\/cheveuxluxe.com\/index.php\/product\/redken-frizz-dismiss-masque-250ml\/","title":{"rendered":"Redken Frizz Dismiss Masque 250ml"},"content":{"rendered":"<div class=\"product-content_bottom\">\n<div class=\"pdp-info\">\n<div class=\"pdp-tabs tab-container\">\n<div class=\"tab js-tab\">\n<h3 class=\"tab-title pdp-tabs_title js-tab-mobile-title open\"><span>Points cl\u00e9s<\/span><\/h3>\n<div class=\"tab-description pdp-tabs_description js-tab-description open\" itemprop=\"description\">\n<ul>\n<li>Hydratation Intense<\/li>\n<li>Humidity-Resist Complex<\/li>\n<li>R\u00e9pare et Lisse<\/li>\n<\/ul>\n<\/div>\n<\/div>\n<div class=\"tab js-tab\">\n<h3 class=\"tab-title pdp-tabs_title js-tab-mobile-title\"><span>Description<\/span><\/h3>\n<div class=\"tab-description pdp-tabs_description js-tab-description\" itemprop=\"description\">PROCURE UNE HYDRATATION INTENSE ET TRANSFORME LA TEXTURE DU CHEVEU.<\/p>\n<p>NEW HUMIDITY-RESIST COMPLEX. AQUATORIL PROT\u00c8GE DE L\u2018HUMIDIT\u00c9 ET PROCURE UNE HYDRATATION INTENSE. L\u2018HUILE DE GRAINES DE PRACAXI R\u00c9PARE LA FIBRE CAPILLAIRE ET LISSE LES CUTICULES DES CHEVEUX. L\u2018HUILE V\u00c9G\u00c9TALE PERMET UN CONTR\u00d4LE ABSOLU ET REND LES CHEVEUX MANIABLES.<\/p><\/div>\n<\/div>\n<div class=\"tab js-tab\">\n<h3 class=\"tab-title pdp-tabs_title js-tab-mobile-title\"><span>Mode d&#8217;emploi<\/span><\/h3>\n<div class=\"tab-description pdp-tabs_description js-tab-description\">APPLIQUER SUR CHEVEUX ESSOR\u00c9S. LAISSER AGIR 5-10 MINUTES PUIS RINCER<\/div>\n<\/div>\n<div class=\"tab js-tab\">\n<h3 class=\"tab-title pdp-tabs_title js-tab-mobile-title\"><span>Ingr\u00e9dients<\/span><\/h3>\n<div class=\"tab-description pdp-tabs_description js-tab-description\">AQUA\/ WATER \/ EAU CETEARYLALCOHOL PARAFFINUMLIQUIDUM \/ MINERAL OIL \/ HUILE MINERALE ORBIGNYAOLEIFERA SEED OIL AMODIMETHICONE DIPALMITOYLETHYLHYDROXYETHYLMONIUM METHOSULFATE CETYLESTERS CETRIMONIUMCHLORIDE PARFUM\/ FRAGRANCE CAPRYLYLGLYCOL SODIUMBENZOATE CITRICACID TRIDECETH-6 BENZYLSALICYLATE DILAURYLTHIODIPROPIONATE BENZYLALCOHOL LINALOOL HEXYLCINNAMAL GERANIOL AMYLCINNAMAL COUMARIN CITRONELLOL<\/div>\n<\/div>\n<div class=\"tab js-tab\">\n<h3 class=\"tab-title pdp-tabs_title js-tab-mobile-title\"><span>Livraison et stock<\/span><\/h3>\n<div class=\"tab-description pdp-tabs_description js-tab-description\">\n<div class=\"pdp-delivery_info\">\n<div class=\"content-asset\">Livraison et d\u00e9laisRetours et remboursements<\/div>\n<\/div>\n<\/div>\n<\/div>\n<\/div>\n<\/div>\n<\/div>\n","protected":false},"excerpt":{"rendered":"<p>Points cl\u00e9s Hydratation Intense Humidity-Resist Complex R\u00e9pare et Lisse Description PROCURE UNE HYDRATATION INTENSE ET&hellip;<\/p>\n","protected":false},"featured_media":21617,"comment_status":"open","ping_status":"closed","template":"","meta":[],"pwb-brand":[647],"product_cat":[598],"product_tag":[321,127,599],"class_list":{"0":"post-30177","1":"product","2":"type-product","3":"status-publish","4":"has-post-thumbnail","6":"pwb-brand-redken","7":"product_cat-type-de-cheveux","8":"product_tag-redken","9":"product_tag-shampooing-et-coiffure","10":"product_tag-type-de-cheveux","12":"first","13":"instock","14":"taxable","15":"shipping-taxable","16":"purchasable","17":"product-type-simple","18":"layout-style-3","19":"col-md-4 col-sm-4 col-xs-6","20":"col-lg-3","21":"product-has-gallery","22":"product-style-default"},"aioseo_notices":[],"brands":[{"id":647,"name":"Redken","slug":"redken"}],"_links":{"self":[{"href":"https:\/\/cheveuxluxe.com\/index.php\/wp-json\/wp\/v2\/product\/30177","targetHints":{"allow":["GET"]}}],"collection":[{"href":"https:\/\/cheveuxluxe.com\/index.php\/wp-json\/wp\/v2\/product"}],"about":[{"href":"https:\/\/cheveuxluxe.com\/index.php\/wp-json\/wp\/v2\/types\/product"}],"replies":[{"embeddable":true,"href":"https:\/\/cheveuxluxe.com\/index.php\/wp-json\/wp\/v2\/comments?post=30177"}],"version-history":[{"count":0,"href":"https:\/\/cheveuxluxe.com\/index.php\/wp-json\/wp\/v2\/product\/30177\/revisions"}],"wp:featuredmedia":[{"embeddable":true,"href":"https:\/\/cheveuxluxe.com\/index.php\/wp-json\/wp\/v2\/media\/21617"}],"wp:attachment":[{"href":"https:\/\/cheveuxluxe.com\/index.php\/wp-json\/wp\/v2\/media?parent=30177"}],"wp:term":[{"taxonomy":"pwb-brand","embeddable":true,"href":"https:\/\/cheveuxluxe.com\/index.php\/wp-json\/wp\/v2\/pwb-brand?post=30177"},{"taxonomy":"product_cat","embeddable":true,"href":"https:\/\/cheveuxluxe.com\/index.php\/wp-json\/wp\/v2\/product_cat?post=30177"},{"taxonomy":"product_tag","embeddable":true,"href":"https:\/\/cheveuxluxe.com\/index.php\/wp-json\/wp\/v2\/product_tag?post=30177"}],"curies":[{"name":"wp","href":"https:\/\/api.w.org\/{rel}","templated":true}]}}