{"id":30178,"date":"2024-04-09T22:35:42","date_gmt":"2024-04-09T22:35:42","guid":{"rendered":"https:\/\/cheveuxluxe.com\/index.php\/product\/redken-masque-longeur-extreme-traitement-triple-action-250ml\/"},"modified":"2024-04-13T14:02:46","modified_gmt":"2024-04-13T14:02:46","slug":"redken-masque-longeur-extreme-traitement-triple-action-250ml","status":"publish","type":"product","link":"https:\/\/cheveuxluxe.com\/index.php\/product\/redken-masque-longeur-extreme-traitement-triple-action-250ml\/","title":{"rendered":"Redken Masque Longeur Extr\u00e8me Traitement Triple Action 250ml"},"content":{"rendered":"<div class=\"product-content_bottom\">\n<div class=\"pdp-info\">\n<div class=\"pdp-tabs tab-container\">\n<div class=\"tab js-tab\">\n<h3 class=\"tab-title pdp-tabs_title js-tab-mobile-title open\"><span>Points cl\u00e9s<\/span><\/h3>\n<div class=\"tab-description pdp-tabs_description js-tab-description open\" itemprop=\"description\">\n<ul>\n<li>Solution professionnelle pour les cheveux sujets aux cassures<\/li>\n<li>Masque enrichi en biotine et en niacinamide, \u00e0 rincer<\/li>\n<li>Formule Length Care Complex pour stimuler la croissance des cheveux et les fortifier<\/li>\n<li>Favorise la bonne sant\u00e9 du cuir chevelu, renforce les longueurs et r\u00e9duit visiblement les fourches pour des cheveux plus longs et plus r\u00e9sistants<\/li>\n<li>M\u00e9tamorphose imm\u00e9diatement la chevelure sans l\u2019\u00e9paissir<\/li>\n<li>Temps de pose : 5 minutes<\/li>\n<\/ul>\n<\/div>\n<\/div>\n<div class=\"tab js-tab\">\n<h3 class=\"tab-title pdp-tabs_title js-tab-mobile-title\"><span>Description<\/span><\/h3>\n<div class=\"tab-description pdp-tabs_description js-tab-description\" itemprop=\"description\">Le masque Extreme Length favorise un cuir chevelu sain, renforce les longueurs et r\u00e9duit de mani\u00e8re visible les pointes fourchues, pour des cheveux plus longs et plus forts. Le masque rafra\u00eechit, stimule et nourrit le cuir chevelu. Les cheveux sont nourris, doux et l\u00e9gers. Le masque combat les frisottis et rend les cheveux plus faciles \u00e0 manipuler. Le masque est formul\u00e9 avec du Niacinimide, de la Biotine et de l&rsquo;huile de ricin.<\/div>\n<\/div>\n<div class=\"tab js-tab\">\n<h3 class=\"tab-title pdp-tabs_title js-tab-mobile-title\"><span>Mode d&#8217;emploi<\/span><\/h3>\n<div class=\"tab-description pdp-tabs_description js-tab-description\">A utiliser comme un ensemble complet avec le Extreme Length Shampoo et leave-in treatment. Apr\u00e8s avoir utilis\u00e9 le shampooing, massez le cuir chevelu et les cheveux pendant 3 \u00e0 5 minutes. Rincez bien. Poursuivez avec le traitement sans rin\u00e7age Extreme Length.<\/div>\n<\/div>\n<div class=\"tab js-tab\">\n<h3 class=\"tab-title pdp-tabs_title js-tab-mobile-title\"><span>Ingr\u00e9dients<\/span><\/h3>\n<div class=\"tab-description pdp-tabs_description js-tab-description\">AQUA \/ WATER \/ EAU \u2022 CETEARYL ALCOHOL \u2022 DIMETHICONE \u2022 GLYCERIN \u2022 BEHENTRIMONIUM CHLORIDE \u2022 PARFUM \/ FRAGRANCE \u2022 AMODIMETHICONE \u2022 CETRIMONIUM CHLORIDE \u2022 ISOPROPYL ALCOHOL \u2022 NIACINAMIDE \u2022 RICINUS COMMUNIS SEED OIL \/ CASTOR SEED OIL \u2022 SODIUM BENZOATE \u2022 MENTHOL \u2022 LACTIC ACID \u2022 CAPRYLYL GLYCOL \u2022 DILAURYL THIODIPROPIONATE \u2022 BENZYL BENZOATE \u2022 BIOTIN \u2022 LIMONENE \u2022 CARAMEL \u2022 BENZYL ALCOHOL \u2022 LINALOOL<\/div>\n<\/div>\n<div class=\"tab js-tab\">\n<h3 class=\"tab-title pdp-tabs_title js-tab-mobile-title\"><span>Livraison et stock<\/span><\/h3>\n<div class=\"tab-description pdp-tabs_description js-tab-description\">\n<div class=\"pdp-delivery_info\">\n<div class=\"content-asset\">Livraison et d\u00e9laisRetours et remboursements<\/div>\n<\/div>\n<\/div>\n<\/div>\n<\/div>\n<\/div>\n<\/div>\n","protected":false},"excerpt":{"rendered":"<p>Points cl\u00e9s Solution professionnelle pour les cheveux sujets aux cassures Masque enrichi en biotine et&hellip;<\/p>\n","protected":false},"featured_media":20584,"comment_status":"open","ping_status":"closed","template":"","meta":[],"pwb-brand":[647],"product_cat":[592],"product_tag":[593,321,127],"class_list":{"0":"post-30178","1":"product","2":"type-product","3":"status-publish","4":"has-post-thumbnail","6":"pwb-brand-redken","7":"product_cat-masques-cheveux","8":"product_tag-masques-cheveux","9":"product_tag-redken","10":"product_tag-shampooing-et-coiffure","12":"first","13":"instock","14":"taxable","15":"shipping-taxable","16":"purchasable","17":"product-type-simple","18":"layout-style-3","19":"col-md-4 col-sm-4 col-xs-6","20":"col-lg-3","21":"product-has-gallery","22":"product-style-default"},"aioseo_notices":[],"brands":[{"id":647,"name":"Redken","slug":"redken"}],"_links":{"self":[{"href":"https:\/\/cheveuxluxe.com\/index.php\/wp-json\/wp\/v2\/product\/30178","targetHints":{"allow":["GET"]}}],"collection":[{"href":"https:\/\/cheveuxluxe.com\/index.php\/wp-json\/wp\/v2\/product"}],"about":[{"href":"https:\/\/cheveuxluxe.com\/index.php\/wp-json\/wp\/v2\/types\/product"}],"replies":[{"embeddable":true,"href":"https:\/\/cheveuxluxe.com\/index.php\/wp-json\/wp\/v2\/comments?post=30178"}],"version-history":[{"count":0,"href":"https:\/\/cheveuxluxe.com\/index.php\/wp-json\/wp\/v2\/product\/30178\/revisions"}],"wp:featuredmedia":[{"embeddable":true,"href":"https:\/\/cheveuxluxe.com\/index.php\/wp-json\/wp\/v2\/media\/20584"}],"wp:attachment":[{"href":"https:\/\/cheveuxluxe.com\/index.php\/wp-json\/wp\/v2\/media?parent=30178"}],"wp:term":[{"taxonomy":"pwb-brand","embeddable":true,"href":"https:\/\/cheveuxluxe.com\/index.php\/wp-json\/wp\/v2\/pwb-brand?post=30178"},{"taxonomy":"product_cat","embeddable":true,"href":"https:\/\/cheveuxluxe.com\/index.php\/wp-json\/wp\/v2\/product_cat?post=30178"},{"taxonomy":"product_tag","embeddable":true,"href":"https:\/\/cheveuxluxe.com\/index.php\/wp-json\/wp\/v2\/product_tag?post=30178"}],"curies":[{"name":"wp","href":"https:\/\/api.w.org\/{rel}","templated":true}]}}