{"id":30182,"date":"2024-04-09T22:35:51","date_gmt":"2024-04-09T22:35:51","guid":{"rendered":"https:\/\/cheveuxluxe.com\/index.php\/product\/redken-all-soft-mega-curls-hydramelt-150ml\/"},"modified":"2024-04-13T14:07:43","modified_gmt":"2024-04-13T14:07:43","slug":"redken-all-soft-mega-curls-hydramelt-150ml","status":"publish","type":"product","link":"https:\/\/cheveuxluxe.com\/index.php\/product\/redken-all-soft-mega-curls-hydramelt-150ml\/","title":{"rendered":"Redken All Soft Mega Curls Hydramelt 150ml"},"content":{"rendered":"<div class=\"product-content_bottom\">\n<div class=\"pdp-info\">\n<div class=\"pdp-tabs tab-container\">\n<div class=\"tab js-tab\">\n<h3 class=\"tab-title pdp-tabs_title js-tab-mobile-title open\"><span>Points cl\u00e9s<\/span><\/h3>\n<div class=\"tab-description pdp-tabs_description js-tab-description open\" itemprop=\"description\">\n<ul>\n<li>Traitement sans rin\u00e7age pour une finition douce et brillante aux boucles et aux cheveux fris\u00e9s.<\/li>\n<li>Nourrit et am\u00e9liore la maniabilit\u00e9 des cheveux boucl\u00e9s et fris\u00e9s extr\u00eamement secs.<\/li>\n<li>Donne jusqu&rsquo;\u00e0 72 heures de boucles nourries, d\u00e9finies et hydrat\u00e9es*.<\/li>\n<li>Contr\u00f4le les frisottis &#8211; Est id\u00e9al pour rafra\u00eechir le rebond et la d\u00e9finition les jours sans lavage.<\/li>\n<li>Donne une finition douce et brillante aux boucles et aux cheveux fris\u00e9s.\u00a0<\/li>\n<li>Formule v\u00e9gane : sans ingr\u00e9dients ou sous-produits d&rsquo;origine animale<\/li>\n<\/ul>\n<\/div>\n<\/div>\n<div class=\"tab js-tab\">\n<h3 class=\"tab-title pdp-tabs_title js-tab-mobile-title\"><span>Description<\/span><\/h3>\n<div class=\"tab-description pdp-tabs_description js-tab-description\" itemprop=\"description\">\n<p>Hydramelt All Soft Mega Curls. Ce traitement sans rin\u00e7age poss\u00e8de la m\u00eame formule puissante que celle \u00e0 laquelle vous \u00eates d\u00e9j\u00e0 habitu\u00e9e avec le All Soft Mega Hydramelt, mais il est maintenant reconnaissable m\u00eame sur l&#8217;emballage comme un produit qui fonctionne parfaitement pour les boucles.<\/p>\n<p>Nourrit instantan\u00e9ment les cheveux, leur donnant un aspect visiblement plus sain et moins ab\u00eem\u00e9. &#8211; Adoucit et apporte de la brillance &#8211; Permet aux cheveux d&rsquo;\u00eatre plus facile \u00e0 g\u00e9rer. *Bas\u00e9 sur un test consommateur avec la gamme compl\u00e8te de Shampooing, de Conditioner et d&rsquo;Hydramelt All Soft Mega Curls.\u00a0<\/p>\n<\/div>\n<\/div>\n<div class=\"tab js-tab\">\n<h3 class=\"tab-title pdp-tabs_title js-tab-mobile-title\"><span>Mode d&#8217;emploi<\/span><\/h3>\n<div class=\"tab-description pdp-tabs_description js-tab-description\">Appliquer sur les cheveux mouill\u00e9s avant de s\u00e9cher les cheveux \u00e0 l&rsquo;air libre ou \u00e0 l\u2019aide du s\u00e8che-cheveux. Sans rin\u00e7age, coiffer comme d\u2019habitude.<\/div>\n<\/div>\n<div class=\"tab js-tab\">\n<h3 class=\"tab-title pdp-tabs_title js-tab-mobile-title\"><span>Ingr\u00e9dients<\/span><\/h3>\n<div class=\"tab-description pdp-tabs_description js-tab-description\">AQUA \/ WATER \u2022 CETEARYL ALCOHOL \u2022 BEHENTRIMONIUM CHLORIDE \u2022 CETYL ESTERS \u2022 AMODIMETHICONE \u2022 PARFUM \/ FRAGRANCE \u2022 SODIUM BENZOATE \u2022 ISOPROPYL ALCOHOL \u2022 CITRIC ACID \u2022 PLUKENETIA VOLUBILIS SEED OIL \u2022 TRIDECETH-6 \u2022 GLYCERIN \u2022 CARAMEL \u2022 CHLORHEXIDINE DIHYDROCHLORIDE \u2022 CETRIMONIUM CHLORIDE \u2022 BENZYL ALCOHOL \u2022 COUMARIN \u2022 LINALOOL \u2022 BENZYL BENZOATE \u2022 ALOE BARBADENSIS LEAF JUICE POWDER \u2022 HEXYL CINNAMAL \u2022 LIMONENE \u2022 CITRONELLOL \u2022 AMYL CINNAMAL \u2022 GERANIOL \u2022 CITRAL \u2022 CEREUS GRANDIFLORUS FLOWER EXTRACT \/ CACTUS FLOWER EXTRACT \u2022 ALPHA-ISOMETHYL IONONE \u2022 GLUCOSE \u2022 LACTIC ACID \u2022 POTASSIUM SORBATE \u2022 TOCOPHEROL<\/div>\n<\/div>\n<div class=\"tab js-tab\">\n<h3 class=\"tab-title pdp-tabs_title js-tab-mobile-title\"><span>Livraison et stock<\/span><\/h3>\n<div class=\"tab-description pdp-tabs_description js-tab-description\">\n<div class=\"pdp-delivery_info\">\n<div class=\"content-asset\">Livraison et d\u00e9laisRetours et remboursements<\/div>\n<\/div>\n<\/div>\n<\/div>\n<div class=\"tab js-tab\">\n<h3 class=\"tab-title pdp-tabs_title js-tab-mobile-title\"><span>Pr\u00e9cautions d&#8217;emploi<\/span><\/h3>\n<div class=\"tab-description pdp-tabs_description js-tab-description\">En cas de contact avec les yeux, rincer imm\u00e9diatement.<\/div>\n<\/div>\n<\/div>\n<\/div>\n<\/div>\n","protected":false},"excerpt":{"rendered":"<p>Points cl\u00e9s Traitement sans rin\u00e7age pour une finition douce et brillante aux boucles et aux&hellip;<\/p>\n","protected":false},"featured_media":30179,"comment_status":"open","ping_status":"closed","template":"","meta":[],"pwb-brand":[647],"product_cat":[598],"product_tag":[321,127,599],"class_list":{"0":"post-30182","1":"product","2":"type-product","3":"status-publish","4":"has-post-thumbnail","6":"pwb-brand-redken","7":"product_cat-type-de-cheveux","8":"product_tag-redken","9":"product_tag-shampooing-et-coiffure","10":"product_tag-type-de-cheveux","12":"first","13":"instock","14":"taxable","15":"shipping-taxable","16":"purchasable","17":"product-type-simple","18":"layout-style-3","19":"col-md-4 col-sm-4 col-xs-6","20":"col-lg-3","21":"product-has-gallery","22":"product-style-default"},"aioseo_notices":[],"brands":[{"id":647,"name":"Redken","slug":"redken"}],"_links":{"self":[{"href":"https:\/\/cheveuxluxe.com\/index.php\/wp-json\/wp\/v2\/product\/30182","targetHints":{"allow":["GET"]}}],"collection":[{"href":"https:\/\/cheveuxluxe.com\/index.php\/wp-json\/wp\/v2\/product"}],"about":[{"href":"https:\/\/cheveuxluxe.com\/index.php\/wp-json\/wp\/v2\/types\/product"}],"replies":[{"embeddable":true,"href":"https:\/\/cheveuxluxe.com\/index.php\/wp-json\/wp\/v2\/comments?post=30182"}],"version-history":[{"count":0,"href":"https:\/\/cheveuxluxe.com\/index.php\/wp-json\/wp\/v2\/product\/30182\/revisions"}],"wp:featuredmedia":[{"embeddable":true,"href":"https:\/\/cheveuxluxe.com\/index.php\/wp-json\/wp\/v2\/media\/30179"}],"wp:attachment":[{"href":"https:\/\/cheveuxluxe.com\/index.php\/wp-json\/wp\/v2\/media?parent=30182"}],"wp:term":[{"taxonomy":"pwb-brand","embeddable":true,"href":"https:\/\/cheveuxluxe.com\/index.php\/wp-json\/wp\/v2\/pwb-brand?post=30182"},{"taxonomy":"product_cat","embeddable":true,"href":"https:\/\/cheveuxluxe.com\/index.php\/wp-json\/wp\/v2\/product_cat?post=30182"},{"taxonomy":"product_tag","embeddable":true,"href":"https:\/\/cheveuxluxe.com\/index.php\/wp-json\/wp\/v2\/product_tag?post=30182"}],"curies":[{"name":"wp","href":"https:\/\/api.w.org\/{rel}","templated":true}]}}