{"id":30190,"date":"2024-04-09T22:36:07","date_gmt":"2024-04-09T22:36:07","guid":{"rendered":"https:\/\/cheveuxluxe.com\/index.php\/product\/paul-mitchell-soin-reconstructeur-color-protect\/"},"modified":"2024-04-13T14:07:14","modified_gmt":"2024-04-13T14:07:14","slug":"paul-mitchell-soin-reconstructeur-color-protect","status":"publish","type":"product","link":"https:\/\/cheveuxluxe.com\/index.php\/product\/paul-mitchell-soin-reconstructeur-color-protect\/","title":{"rendered":"Paul Mitchell Soin reconstructeur Color Protect"},"content":{"rendered":"<div class=\"product-content_bottom\">\n<div class=\"pdp-info\">\n<div class=\"pdp-tabs tab-container\">\n<div class=\"tab js-tab\">\n<h3 class=\"tab-title pdp-tabs_title js-tab-mobile-title open\"><span>Points cl\u00e9s<\/span><\/h3>\n<div class=\"tab-description pdp-tabs_description js-tab-description open\" itemprop=\"description\">\n<ul>\n<li>R\u00e9pare et prot\u00e8ge<\/li>\n<li>Conditionne et hydrate les cheveux color\u00e9s<\/li>\n<li>Aide \u00e0 pr\u00e9venir les dommages et les fissures<\/li>\n<li>Les extraits conditionnants laissent les cheveux hydrat\u00e9s et brillants<\/li>\n<li>Offre une protection intense contre les UVA et les UVB<\/li>\n<\/ul>\n<\/div>\n<\/div>\n<div class=\"tab js-tab\">\n<h3 class=\"tab-title pdp-tabs_title js-tab-mobile-title\"><span>Description<\/span><\/h3>\n<div class=\"tab-description pdp-tabs_description js-tab-description\" itemprop=\"description\">Ce qu&rsquo;il fait\u00a0: <br \/> R\u00e9pare, conditionne et hydrate les cheveux color\u00e9s, et aide \u00e0 pr\u00e9venir les dommages et les fourches.<br \/>Comment \u00e7a marche\u00a0: <br \/> L&rsquo;extrait de tournesol prot\u00e8ge les cheveux du soleil, tandis que les extraits revitalisants laissent les cheveux hydrat\u00e9s et brillants.<br \/>Bonus\u00a0: <br \/> Offre une dose intense de protection contre les UVA et les UVB, de sorte que la couleur dure plus longtemps.<\/div>\n<\/div>\n<div class=\"tab js-tab\">\n<h3 class=\"tab-title pdp-tabs_title js-tab-mobile-title\"><span>Mode d&#8217;emploi<\/span><\/h3>\n<div class=\"tab-description pdp-tabs_description js-tab-description\">\u00c0 utiliser chaque semaine.<br \/>Appliquez une petite quantit\u00e9 sur des cheveux propres et humides.<br \/>Laissez agir pendant 3 \u00e0 5 minutes.<br \/>Rincez.<\/div>\n<\/div>\n<div class=\"tab js-tab\">\n<h3 class=\"tab-title pdp-tabs_title js-tab-mobile-title\"><span>Ingr\u00e9dients<\/span><\/h3>\n<div class=\"tab-description pdp-tabs_description js-tab-description\">Aqua (Water, Eau), Cetearyl Alcohol, Cetyl Alcohol, Dimethicone, Cetrimonium Methosulfate, Quaternium-91, Polyquaternium-37, Isoeicosane, Helianthus Annuus (Sunflower) Extract, Anthemis Nobilis Flower Extract, Rosmarinus Officinalis (Rosemary) Leaf, Simmondsia Chinensis (Jojoba) Seed Oil, Aloe Barbadensis Extract, Ascophyllum Nodosum Extract, Panthenol, Triticum Vulgare (Wheat) Starch,Hydrolyzed Vegetable Protein PG-Propyl Silanetriol, Hydrolyzed Wheat Protein, Hydrolyzed Wheat Protein PG-Propyl Silanetriol, Amodimethicone, Acrylates\/Stearyl Methacrylate Copolymer, C10-11 Isoparaffin, Bisamino PEG\/PPG-41\/3 Aminoethyl PG-Propyl Dimethicone, Butylene Glycol, C11-15 Pareth-7, C12-16 Pareth-9, Cetyl Esters, Cinnamidopropyltrimonium Chloride, Citric Acid, Glycerin, Guar Hydroxypropyltrimonium Chloride, PEG-12 Dimethicone, Phenyl Trimethicone, PPG-1 Trideceth-6, Propylene Glycol Dicaprylate\/Dicaprate, Tetrasodium EDTA, Trideceth-12, Triethyl Citrate, Trimethylsiloxyamodimethicone, Cetrimonium Chloride, DMDM Hydantoin, Iodopropynyl Butylcarbamate, Phenoxyethanol, Sorbitan Oleate, Polysorbate 60, Potassium Sorbate, Sodium Benzoate, Parfum (Fragrance), Benzyl Alcohol, Benzyl Salicylate, Geraniol, Hexyl Cinnamal, Hydroxycitronellal, Linalool<\/div>\n<\/div>\n<div class=\"tab js-tab\">\n<h3 class=\"tab-title pdp-tabs_title js-tab-mobile-title\"><span>Livraison et stock<\/span><\/h3>\n<div class=\"tab-description pdp-tabs_description js-tab-description\">\n<div class=\"pdp-delivery_info\">\n<div class=\"content-asset\">Livraison et d\u00e9laisRetours et remboursements<\/div>\n<\/div>\n<\/div>\n<\/div>\n<\/div>\n<\/div>\n<\/div>\n","protected":false},"excerpt":{"rendered":"<p>Points cl\u00e9s R\u00e9pare et prot\u00e8ge Conditionne et hydrate les cheveux color\u00e9s Aide \u00e0 pr\u00e9venir les&hellip;<\/p>\n","protected":false},"featured_media":16303,"comment_status":"open","ping_status":"closed","template":"","meta":[],"pwb-brand":[660],"product_cat":[598],"product_tag":[373,127,599],"class_list":{"0":"post-30190","1":"product","2":"type-product","3":"status-publish","4":"has-post-thumbnail","6":"pwb-brand-paul-mitchell","7":"product_cat-type-de-cheveux","8":"product_tag-paul-mitchell","9":"product_tag-shampooing-et-coiffure","10":"product_tag-type-de-cheveux","12":"first","13":"instock","14":"taxable","15":"shipping-taxable","16":"purchasable","17":"product-type-simple","18":"layout-style-3","19":"col-md-4 col-sm-4 col-xs-6","20":"col-lg-3","21":"product-style-default"},"aioseo_notices":[],"brands":[{"id":660,"name":"Paul Mitchell","slug":"paul-mitchell"}],"_links":{"self":[{"href":"https:\/\/cheveuxluxe.com\/index.php\/wp-json\/wp\/v2\/product\/30190","targetHints":{"allow":["GET"]}}],"collection":[{"href":"https:\/\/cheveuxluxe.com\/index.php\/wp-json\/wp\/v2\/product"}],"about":[{"href":"https:\/\/cheveuxluxe.com\/index.php\/wp-json\/wp\/v2\/types\/product"}],"replies":[{"embeddable":true,"href":"https:\/\/cheveuxluxe.com\/index.php\/wp-json\/wp\/v2\/comments?post=30190"}],"version-history":[{"count":0,"href":"https:\/\/cheveuxluxe.com\/index.php\/wp-json\/wp\/v2\/product\/30190\/revisions"}],"wp:featuredmedia":[{"embeddable":true,"href":"https:\/\/cheveuxluxe.com\/index.php\/wp-json\/wp\/v2\/media\/16303"}],"wp:attachment":[{"href":"https:\/\/cheveuxluxe.com\/index.php\/wp-json\/wp\/v2\/media?parent=30190"}],"wp:term":[{"taxonomy":"pwb-brand","embeddable":true,"href":"https:\/\/cheveuxluxe.com\/index.php\/wp-json\/wp\/v2\/pwb-brand?post=30190"},{"taxonomy":"product_cat","embeddable":true,"href":"https:\/\/cheveuxluxe.com\/index.php\/wp-json\/wp\/v2\/product_cat?post=30190"},{"taxonomy":"product_tag","embeddable":true,"href":"https:\/\/cheveuxluxe.com\/index.php\/wp-json\/wp\/v2\/product_tag?post=30190"}],"curies":[{"name":"wp","href":"https:\/\/api.w.org\/{rel}","templated":true}]}}