{"id":30247,"date":"2024-04-09T22:38:07","date_gmt":"2024-04-09T22:38:07","guid":{"rendered":"https:\/\/cheveuxluxe.com\/index.php\/product\/olaplex-4en1-masque-reparateur-370ml\/"},"modified":"2024-04-13T16:02:10","modified_gmt":"2024-04-13T16:02:10","slug":"olaplex-4en1-masque-reparateur-370ml","status":"publish","type":"product","link":"https:\/\/cheveuxluxe.com\/index.php\/product\/olaplex-4en1-masque-reparateur-370ml\/","title":{"rendered":"Olaplex 4en1 Masque R\u00e9parateur 370ml"},"content":{"rendered":"<div class=\"product-content_bottom\">\n<div class=\"pdp-info\">\n<div class=\"pdp-tabs tab-container\">\n<div class=\"tab js-tab\">\n<h3 class=\"tab-title pdp-tabs_title js-tab-mobile-title open\"><span>Points cl\u00e9s<\/span><\/h3>\n<div class=\"tab-description pdp-tabs_description js-tab-description open\" itemprop=\"description\">\n<ul>\n<li>\u00c0 utiliser pour plus d\u2019hydratation apr\u00e8s un Stand-Alone Treatment<\/li>\n<li>Ultra-concentr\u00e9, jusqu\u2019\u00e0 140 utilisations par flacon<\/li>\n<li>Hydrate, adoucit et apporte corps et brillance en 10 minutes au bac<\/li>\n<\/ul>\n<\/div>\n<\/div>\n<div class=\"tab js-tab\">\n<h3 class=\"tab-title pdp-tabs_title js-tab-mobile-title\"><span>Description<\/span><\/h3>\n<div class=\"tab-description pdp-tabs_description js-tab-description\" itemprop=\"description\">Il est con\u00e7u pour r\u00e9pondre \u00e0 tous les besoins des clients n\u00e9cessitant une meilleure hydratation, surtout ceux pr\u00e9sentant des cheveux tr\u00e8s secs et ab\u00eem\u00e9s.<br \/>Il propose un nouveau soin professionnel, exclusif pour les salons, avec un taux de c\u00e9ramides, d\u2019huiles et d\u2019acides amin\u00e9s \u00e9lev\u00e9 pour un soin hydratant de haute qualit\u00e9 apr\u00e8s un traitement \u00e0 base de produits chimiques.<\/p>\n<p>Ce masque r\u00e9parateur ultra-concentr\u00e9 4-IN-1 augmente la brillance et le corps tout en apportant une hydratation intense pour traiter les cheveux ab\u00eem\u00e9s.<\/p>\n<p>Enfin, offrez \u00e0 vos clients l\u2019exp\u00e9rience OLAPLEX\u00ae compl\u00e8te pour des cheveux en parfaite sant\u00e9 et embellis.<\/p><\/div>\n<\/div>\n<div class=\"tab js-tab\">\n<h3 class=\"tab-title pdp-tabs_title js-tab-mobile-title\"><span>Mode d&#8217;emploi<\/span><\/h3>\n<div class=\"tab-description pdp-tabs_description js-tab-description\">Appliquez 1 \u00e0 3 pompes sur cheveux fra\u00eechement lav\u00e9s.<br \/>D\u00e9m\u00ealez les pointes fragiles avec les doigts.<br \/>Peignez et laissez poser pendant 10 minutes.<br \/>Rincez abondamment et coiffez comme souhait\u00e9.<\/div>\n<\/div>\n<div class=\"tab js-tab\">\n<h3 class=\"tab-title pdp-tabs_title js-tab-mobile-title\"><span>Ingr\u00e9dients<\/span><\/h3>\n<div class=\"tab-description pdp-tabs_description js-tab-description\">Water (Aqua\/Eau), Dimethicone, Cetyl Alcohol, Persea Gratissima (Avocado) Oil, Glycerin, Stearyl Alcohol, Ethylhexyl Olivate, Behentrimonium Chloride, Cetrimonium Bromide, Limnanthes Alba (Meadowfoam) Seed Oil, Oryza Saliva (Rice) Bran Oil, Quaterniurn-80, Sodium Hyaluronate, Sodium PCA, Ceramide AP, Ceramide NP, Bis-Aminopropyl Diglycol Dimaleate, Cannabis Saliva (Hemp) Seed Oil, Rosa Ganina (Rose Hip) Seed Extract, Hydrolyzed Jojoba Esters, Arginine, Jojoba Esters, Panthenol, Squalane, carthamus Tinctorius (Safflower) Seed Oil, Glycine, Alanine, Serine, Valine, lsoleucine, Praline, Threonine, Guar Hydroxypropyltrimonium Chloride, Histidine, Hydroxyethylcellulose, Phenylalanine, Aspartic Acid, PCA, Phosphatidylcholine, Citric Acid, Sodium Lactate, Ethylhexylglycerin, Sodium Benzoate, Phenoxyethanol, Bis-Cetearyl Amodimethicone, Propylene Glycol, lsopropyl Alcohol, Sodium Nitrate, Tocopherol, Fragrance (Parfum), Citral, Hexyl Cinnamal, Limonene<\/div>\n<\/div>\n<div class=\"tab js-tab\">\n<h3 class=\"tab-title pdp-tabs_title js-tab-mobile-title\"><span>Livraison et stock<\/span><\/h3>\n<div class=\"tab-description pdp-tabs_description js-tab-description\">\n<div class=\"pdp-delivery_info\">\n<div class=\"content-asset\">Livraison et d\u00e9laisRetours et remboursements<\/div>\n<\/div>\n<\/div>\n<\/div>\n<\/div>\n<\/div>\n<\/div>\n","protected":false},"excerpt":{"rendered":"<p>Points cl\u00e9s \u00c0 utiliser pour plus d\u2019hydratation apr\u00e8s un Stand-Alone Treatment Ultra-concentr\u00e9, jusqu\u2019\u00e0 140 utilisations&hellip;<\/p>\n","protected":false},"featured_media":20507,"comment_status":"open","ping_status":"closed","template":"","meta":[],"pwb-brand":[662],"product_cat":[617],"product_tag":[274,260,273],"class_list":{"0":"post-30247","1":"product","2":"type-product","3":"status-publish","4":"has-post-thumbnail","6":"pwb-brand-olaplex","7":"product_cat-coiffure","8":"product_tag-coiffure","9":"product_tag-olaplex","10":"product_tag-vegan","12":"first","13":"instock","14":"taxable","15":"shipping-taxable","16":"purchasable","17":"product-type-simple","18":"layout-style-3","19":"col-md-4 col-sm-4 col-xs-6","20":"col-lg-3","21":"product-has-gallery","22":"product-style-default"},"aioseo_notices":[],"brands":[{"id":662,"name":"Olaplex","slug":"olaplex"}],"_links":{"self":[{"href":"https:\/\/cheveuxluxe.com\/index.php\/wp-json\/wp\/v2\/product\/30247","targetHints":{"allow":["GET"]}}],"collection":[{"href":"https:\/\/cheveuxluxe.com\/index.php\/wp-json\/wp\/v2\/product"}],"about":[{"href":"https:\/\/cheveuxluxe.com\/index.php\/wp-json\/wp\/v2\/types\/product"}],"replies":[{"embeddable":true,"href":"https:\/\/cheveuxluxe.com\/index.php\/wp-json\/wp\/v2\/comments?post=30247"}],"version-history":[{"count":0,"href":"https:\/\/cheveuxluxe.com\/index.php\/wp-json\/wp\/v2\/product\/30247\/revisions"}],"wp:featuredmedia":[{"embeddable":true,"href":"https:\/\/cheveuxluxe.com\/index.php\/wp-json\/wp\/v2\/media\/20507"}],"wp:attachment":[{"href":"https:\/\/cheveuxluxe.com\/index.php\/wp-json\/wp\/v2\/media?parent=30247"}],"wp:term":[{"taxonomy":"pwb-brand","embeddable":true,"href":"https:\/\/cheveuxluxe.com\/index.php\/wp-json\/wp\/v2\/pwb-brand?post=30247"},{"taxonomy":"product_cat","embeddable":true,"href":"https:\/\/cheveuxluxe.com\/index.php\/wp-json\/wp\/v2\/product_cat?post=30247"},{"taxonomy":"product_tag","embeddable":true,"href":"https:\/\/cheveuxluxe.com\/index.php\/wp-json\/wp\/v2\/product_tag?post=30247"}],"curies":[{"name":"wp","href":"https:\/\/api.w.org\/{rel}","templated":true}]}}