{"id":30253,"date":"2024-04-09T22:38:20","date_gmt":"2024-04-09T22:38:20","guid":{"rendered":"https:\/\/cheveuxluxe.com\/index.php\/product\/olaplex-no-3-perfecteur-cheveux-100ml\/"},"modified":"2024-04-13T14:24:52","modified_gmt":"2024-04-13T14:24:52","slug":"olaplex-no-3-perfecteur-cheveux-100ml","status":"publish","type":"product","link":"https:\/\/cheveuxluxe.com\/index.php\/product\/olaplex-no-3-perfecteur-cheveux-100ml\/","title":{"rendered":"Olaplex No. 3 Perfecteur Cheveux 100ml"},"content":{"rendered":"<div class=\"product-content_bottom\">\n<div class=\"pdp-info\">\n<div class=\"pdp-tabs tab-container\">\n<div class=\"tab js-tab\">\n<h3 class=\"tab-title pdp-tabs_title js-tab-mobile-title open\"><span>Points cl\u00e9s<\/span><\/h3>\n<div class=\"tab-description pdp-tabs_description js-tab-description open\" itemprop=\"description\">\n<ul>\n<li>Cr\u00e9e pour l\u2019usage \u00e0 domicile entre les visites au salon<\/li>\n<li>R\u00e9pare les cheveux ab\u00eem\u00e9s<\/li>\n<li>Prot\u00e8ge des dommages quotidiens<\/li>\n<li>Renforce la fibre capillaire pour des cheveux plus forts<\/li>\n<\/ul>\n<\/div>\n<\/div>\n<div class=\"tab js-tab\">\n<h3 class=\"tab-title pdp-tabs_title js-tab-mobile-title\"><span>Description<\/span><\/h3>\n<div class=\"tab-description pdp-tabs_description js-tab-description\" itemprop=\"description\">Appliquez une quantit\u00e9 g\u00e9n\u00e9reuse sur les cheveux s\u00e9ch\u00e9s \u00e0 la serviette et peignez-les. Laissez agir pendant au moins 10 minutes. Gardez \u00e0 l&rsquo;esprit que plus le produit est appliqu\u00e9 longtemps, plus il est efficace. Rincez, faites un shampooing et appliquez un soin.<\/p>\n<p>Il ne s&rsquo;agit pas d&rsquo;un conditioner ni d&rsquo;un traitement sans rin\u00e7age. Il est destin\u00e9 \u00e0 \u00eatre rinc\u00e9 par un shampooing. Le traitement No. 3 doit durer au moins 10 minutes. Si les cheveux sont fragiles, il est recommand\u00e9 d&rsquo;attendre plus de 20 minutes. Une fois par semaine est sugg\u00e9r\u00e9 pour les cheveux sains. Pour ceux dont les cheveux sont fragilis\u00e9s, nous recommandons 2 \u00e0 3 fois par semaine, en combinaison avec vos traitements hydratants et prot\u00e9in\u00e9s pr\u00e9f\u00e9r\u00e9s, le cas \u00e9ch\u00e9ant.<\/p><\/div>\n<\/div>\n<div class=\"tab js-tab\">\n<h3 class=\"tab-title pdp-tabs_title js-tab-mobile-title\"><span>Mode d&#8217;emploi<\/span><\/h3>\n<div class=\"tab-description pdp-tabs_description js-tab-description\">Appliquez une quantit\u00e9 g\u00e9n\u00e9reuse sur les cheveux s\u00e9ch\u00e9s \u00e0 la serviette et peignez-les.<br \/>Laissez agir pendant au moins 10 minutes. Gardez \u00e0 l&rsquo;esprit que plus le produit est appliqu\u00e9 longtemps, plus il est efficace.<br \/>Rincez, faites un shampooing et appliquez un soin.<\/p>\n<p>Il ne s&rsquo;agit PAS d&rsquo;un traitement de conditionnement ni d&rsquo;un traitement sans rin\u00e7age. Il est destin\u00e9 \u00e0 \u00eatre rinc\u00e9 par un shampooing. Le traitement No. 3 doit durer au moins 10 minutes. Si les cheveux sont fragiles, il est recommand\u00e9 d&rsquo;attendre plus de 20 minutes. Une fois par semaine est sugg\u00e9r\u00e9 pour les cheveux sains. Pour ceux dont les cheveux sont fragilis\u00e9s, nous recommandons 2 \u00e0 3 fois par semaine, en combinaison avec vos traitements hydratants et prot\u00e9in\u00e9s pr\u00e9f\u00e9r\u00e9s, le cas \u00e9ch\u00e9ant.<\/p><\/div>\n<\/div>\n<div class=\"tab js-tab\">\n<h3 class=\"tab-title pdp-tabs_title js-tab-mobile-title\"><span>Ingr\u00e9dients<\/span><\/h3>\n<div class=\"tab-description pdp-tabs_description js-tab-description\">Water (Aqua\/Eau), Bis-Aminopropyl Diglycol Dimaleate, Propylene Glycol, Cetearyl Alcohol, Behentrimonium Methosulfate, Cetyl Alcohol, Phenoxyethanol, Glycerin, Hydroxyethyl Ethylcellulose, Stearamidopropyl Dimethylamine , Quaternium-91, Sodium Benzoate, Cetrimonium Methosulfate, Cetrimonium Chloride, Fragrance (Parfum), Tetrasodium EDTA, Polyquaternium-37, Benzyl Benzoate, Etidronic Acid, Ascorbic Acid, Phytantriol, Tocopheryl Acetate, Aloe Barbadensis Leaf Juice, Panthenol, Simmondsia Chinensis (Jojoba) Seed Oil, Citric Acid, Potassium Sorbate<\/div>\n<\/div>\n<div class=\"tab js-tab\">\n<h3 class=\"tab-title pdp-tabs_title js-tab-mobile-title\"><span>Livraison et stock<\/span><\/h3>\n<div class=\"tab-description pdp-tabs_description js-tab-description\">\n<div class=\"pdp-delivery_info\">\n<div class=\"content-asset\">Livraison et d\u00e9laisRetours et remboursements<\/div>\n<\/div>\n<\/div>\n<\/div>\n<\/div>\n<\/div>\n<\/div>\n","protected":false},"excerpt":{"rendered":"<p>Points cl\u00e9s Cr\u00e9e pour l\u2019usage \u00e0 domicile entre les visites au salon R\u00e9pare les cheveux&hellip;<\/p>\n","protected":false},"featured_media":30248,"comment_status":"open","ping_status":"closed","template":"","meta":[],"pwb-brand":[662],"product_cat":[617],"product_tag":[274,260,273],"class_list":{"0":"post-30253","1":"product","2":"type-product","3":"status-publish","4":"has-post-thumbnail","6":"pwb-brand-olaplex","7":"product_cat-coiffure","8":"product_tag-coiffure","9":"product_tag-olaplex","10":"product_tag-vegan","12":"first","13":"instock","14":"taxable","15":"shipping-taxable","16":"purchasable","17":"product-type-simple","18":"layout-style-3","19":"col-md-4 col-sm-4 col-xs-6","20":"col-lg-3","21":"product-has-gallery","22":"product-style-default"},"aioseo_notices":[],"brands":[{"id":662,"name":"Olaplex","slug":"olaplex"}],"_links":{"self":[{"href":"https:\/\/cheveuxluxe.com\/index.php\/wp-json\/wp\/v2\/product\/30253","targetHints":{"allow":["GET"]}}],"collection":[{"href":"https:\/\/cheveuxluxe.com\/index.php\/wp-json\/wp\/v2\/product"}],"about":[{"href":"https:\/\/cheveuxluxe.com\/index.php\/wp-json\/wp\/v2\/types\/product"}],"replies":[{"embeddable":true,"href":"https:\/\/cheveuxluxe.com\/index.php\/wp-json\/wp\/v2\/comments?post=30253"}],"version-history":[{"count":0,"href":"https:\/\/cheveuxluxe.com\/index.php\/wp-json\/wp\/v2\/product\/30253\/revisions"}],"wp:featuredmedia":[{"embeddable":true,"href":"https:\/\/cheveuxluxe.com\/index.php\/wp-json\/wp\/v2\/media\/30248"}],"wp:attachment":[{"href":"https:\/\/cheveuxluxe.com\/index.php\/wp-json\/wp\/v2\/media?parent=30253"}],"wp:term":[{"taxonomy":"pwb-brand","embeddable":true,"href":"https:\/\/cheveuxluxe.com\/index.php\/wp-json\/wp\/v2\/pwb-brand?post=30253"},{"taxonomy":"product_cat","embeddable":true,"href":"https:\/\/cheveuxluxe.com\/index.php\/wp-json\/wp\/v2\/product_cat?post=30253"},{"taxonomy":"product_tag","embeddable":true,"href":"https:\/\/cheveuxluxe.com\/index.php\/wp-json\/wp\/v2\/product_tag?post=30253"}],"curies":[{"name":"wp","href":"https:\/\/api.w.org\/{rel}","templated":true}]}}