{"id":30254,"date":"2024-04-09T22:38:20","date_gmt":"2024-04-09T22:38:20","guid":{"rendered":"https:\/\/cheveuxluxe.com\/index.php\/product\/minerals-of-eden-masque-capillaire-protecteur-et-hydratant-250ml\/"},"modified":"2024-04-13T16:02:18","modified_gmt":"2024-04-13T16:02:18","slug":"minerals-of-eden-masque-capillaire-protecteur-et-hydratant-250ml","status":"publish","type":"product","link":"https:\/\/cheveuxluxe.com\/index.php\/product\/minerals-of-eden-masque-capillaire-protecteur-et-hydratant-250ml\/","title":{"rendered":"Minerals Of Eden Masque capillaire Protecteur et Hydratant 250ml"},"content":{"rendered":"<div class=\"product-content_bottom\">\n<div class=\"pdp-info\">\n<div class=\"pdp-tabs tab-container\">\n<div class=\"tab js-tab\">\n<h3 class=\"tab-title pdp-tabs_title js-tab-mobile-title open\"><span>Points cl\u00e9s<\/span><\/h3>\n<div class=\"tab-description pdp-tabs_description js-tab-description open\" itemprop=\"description\">\n<ul>\n<li>Restauration et protection pour des r\u00e9sultats d&rsquo;hydratation en profondeur<\/li>\n<li>Intense, enrichissant, choyant et reconstituant<\/li>\n<li>Une action rapide avec des r\u00e9sultats visibles<\/li>\n<\/ul>\n<\/div>\n<\/div>\n<div class=\"tab js-tab\">\n<h3 class=\"tab-title pdp-tabs_title js-tab-mobile-title\"><span>Description<\/span><\/h3>\n<div class=\"tab-description pdp-tabs_description js-tab-description\" itemprop=\"description\">Appliqu\u00e9 deux fois par semaine, ce masque capillaire \u00e0 la formule avanc\u00e9e va exercer sa magie de la mer Morte en profondeur dans la tige du cheveu. Formul\u00e9 avec de la boue th\u00e9rapeutique et 26 min\u00e9raux naturels, c&rsquo;est une exp\u00e9rience intense et enrichissante pour vos cheveux.<\/div>\n<\/div>\n<div class=\"tab js-tab\">\n<h3 class=\"tab-title pdp-tabs_title js-tab-mobile-title\"><span>Mode d&#8217;emploi<\/span><\/h3>\n<div class=\"tab-description pdp-tabs_description js-tab-description\">Appliqu\u00e9 deux fois par semaine, ce masque capillaire \u00e0 la formule avanc\u00e9e va exercer sa magie de la mer Morte en profondeur dans la tige du cheveu. Formul\u00e9 avec de la boue th\u00e9rapeutique et 26 min\u00e9raux naturels, c&rsquo;est une exp\u00e9rience intense et enrichissante pour vos cheveux.<\/div>\n<\/div>\n<div class=\"tab js-tab\">\n<h3 class=\"tab-title pdp-tabs_title js-tab-mobile-title\"><span>Ingr\u00e9dients<\/span><\/h3>\n<div class=\"tab-description pdp-tabs_description js-tab-description\">Water (Aqua), Cetyl Alcohol, Isopropyl Myristate, Behentrimonium Chloride, Glycerin, Dimethicone, Phenoxyethanol, Ethylhexylglycerin, IsoDodecane , IsoHexadecane, Dimethiconol , Cetrimonium Chloride, Polyquaternium-7, Silt (Dead Sea Mud), Macadamia Ternifolia Seed Oil, Argania Spinosa Kernal Oil, Sea Salt (Maris Sal\/Dead Sea Salt), Hippophae Rhamnoides Oil, Tocopheryl Acetate, Butyrospermum Parkii (Shea Butter), Panax Ginseng Roots Extract ,Linum Usitatissimum (Linseed) Seed Oil, Anthemis Nobilis (Chamomile) Flower Extract, Fragrance, Polyquaternium 10, Glyceryl Stearate, Panthenol, Citric Acid.<\/div>\n<\/div>\n<div class=\"tab js-tab\">\n<h3 class=\"tab-title pdp-tabs_title js-tab-mobile-title\"><span>Livraison et stock<\/span><\/h3>\n<div class=\"tab-description pdp-tabs_description js-tab-description\">\n<div class=\"pdp-delivery_info\">\n<div class=\"content-asset\">Livraison et d\u00e9laisRetours et remboursements<\/div>\n<\/div>\n<\/div>\n<\/div>\n<div class=\"tab js-tab\">\n<h3 class=\"tab-title pdp-tabs_title js-tab-mobile-title\"><span>Pr\u00e9cautions d&#8217;emploi<\/span><\/h3>\n<div class=\"tab-description pdp-tabs_description js-tab-description\">Ne doit \u00eatre utilis\u00e9 qu&rsquo;aux fins pr\u00e9vues. Ne pas utiliser en cas de sensibilit\u00e9 \u00e0 l&rsquo;un des composants de l&rsquo;ingr\u00e9dient. \u00c9vitez le contact avec les yeux. Ne pas utiliser sur les b\u00e9b\u00e9s.<\/div>\n<\/div>\n<\/div>\n<\/div>\n<\/div>\n","protected":false},"excerpt":{"rendered":"<p>Points cl\u00e9s Restauration et protection pour des r\u00e9sultats d&rsquo;hydratation en profondeur Intense, enrichissant, choyant et&hellip;<\/p>\n","protected":false},"featured_media":21640,"comment_status":"open","ping_status":"closed","template":"","meta":[],"pwb-brand":[714],"product_cat":[617],"product_tag":[274,586,273],"class_list":{"0":"post-30254","1":"product","2":"type-product","3":"status-publish","4":"has-post-thumbnail","6":"pwb-brand-minerals-of-eden","7":"product_cat-coiffure","8":"product_tag-coiffure","9":"product_tag-minerals-of-eden","10":"product_tag-vegan","12":"first","13":"instock","14":"taxable","15":"shipping-taxable","16":"purchasable","17":"product-type-simple","18":"layout-style-3","19":"col-md-4 col-sm-4 col-xs-6","20":"col-lg-3","21":"product-style-default"},"aioseo_notices":[],"brands":[{"id":714,"name":"Minerals Of Eden","slug":"minerals-of-eden"}],"_links":{"self":[{"href":"https:\/\/cheveuxluxe.com\/index.php\/wp-json\/wp\/v2\/product\/30254","targetHints":{"allow":["GET"]}}],"collection":[{"href":"https:\/\/cheveuxluxe.com\/index.php\/wp-json\/wp\/v2\/product"}],"about":[{"href":"https:\/\/cheveuxluxe.com\/index.php\/wp-json\/wp\/v2\/types\/product"}],"replies":[{"embeddable":true,"href":"https:\/\/cheveuxluxe.com\/index.php\/wp-json\/wp\/v2\/comments?post=30254"}],"version-history":[{"count":0,"href":"https:\/\/cheveuxluxe.com\/index.php\/wp-json\/wp\/v2\/product\/30254\/revisions"}],"wp:featuredmedia":[{"embeddable":true,"href":"https:\/\/cheveuxluxe.com\/index.php\/wp-json\/wp\/v2\/media\/21640"}],"wp:attachment":[{"href":"https:\/\/cheveuxluxe.com\/index.php\/wp-json\/wp\/v2\/media?parent=30254"}],"wp:term":[{"taxonomy":"pwb-brand","embeddable":true,"href":"https:\/\/cheveuxluxe.com\/index.php\/wp-json\/wp\/v2\/pwb-brand?post=30254"},{"taxonomy":"product_cat","embeddable":true,"href":"https:\/\/cheveuxluxe.com\/index.php\/wp-json\/wp\/v2\/product_cat?post=30254"},{"taxonomy":"product_tag","embeddable":true,"href":"https:\/\/cheveuxluxe.com\/index.php\/wp-json\/wp\/v2\/product_tag?post=30254"}],"curies":[{"name":"wp","href":"https:\/\/api.w.org\/{rel}","templated":true}]}}