{"id":30259,"date":"2024-04-09T22:38:24","date_gmt":"2024-04-09T22:38:24","guid":{"rendered":"https:\/\/cheveuxluxe.com\/index.php\/product\/lealuo-count-stars-weightless-masque-capillaire-270ml\/"},"modified":"2024-04-13T14:03:17","modified_gmt":"2024-04-13T14:03:17","slug":"lealuo-count-stars-weightless-masque-capillaire-270ml","status":"publish","type":"product","link":"https:\/\/cheveuxluxe.com\/index.php\/product\/lealuo-count-stars-weightless-masque-capillaire-270ml\/","title":{"rendered":"LeaLuo Count Stars Weightless Masque Capillaire 270ml"},"content":{"rendered":"<div class=\"product-content_bottom\">\n<div class=\"pdp-info\">\n<div class=\"pdp-tabs tab-container\">\n<div class=\"tab js-tab\">\n<h3 class=\"tab-title pdp-tabs_title js-tab-mobile-title open\"><span>Points cl\u00e9s<\/span><\/h3>\n<div class=\"tab-description pdp-tabs_description js-tab-description open\" itemprop=\"description\">Apporte hydratation et brillance.Cr\u00e9e du volume<br \/>Ingr\u00e9dients 100 % vegan<br \/>Production su\u00e9doise<br \/>Non test\u00e9 sur les animaux<\/div>\n<\/div>\n<div class=\"tab js-tab\">\n<h3 class=\"tab-title pdp-tabs_title js-tab-mobile-title\"><span>Description<\/span><\/h3>\n<div class=\"tab-description pdp-tabs_description js-tab-description\" itemprop=\"description\">Hydrate et fortifie les cheveux gr\u00e2ce \u00e0 l\u2019huile de noix de coco et d\u2019avocat. Donne du volume gr\u00e2ce aux prot\u00e9ines v\u00e9g\u00e9tales de chou kale, de carotte et de citron<\/div>\n<\/div>\n<div class=\"tab js-tab\">\n<h3 class=\"tab-title pdp-tabs_title js-tab-mobile-title\"><span>Mode d&#8217;emploi<\/span><\/h3>\n<div class=\"tab-description pdp-tabs_description js-tab-description\">Appliquez le masque sur vos cheveux fra\u00eechement lav\u00e9s, en deuxi\u00e8me \u00e9tape de votre routine (apr\u00e8s le shampooing). Laissez poser 3 \u00e0 10\u00a0minutes. Rincez et appliquez ensuite l\u2019apr\u00e8s-shampooing. Si vous d\u00e9sirez une touche de couleur, m\u00e9langez ce masque avec la teinture Galaxy de votre choix<\/div>\n<\/div>\n<div class=\"tab js-tab\">\n<h3 class=\"tab-title pdp-tabs_title js-tab-mobile-title\"><span>Ingr\u00e9dients<\/span><\/h3>\n<div class=\"tab-description pdp-tabs_description js-tab-description\">Ingredients:Aqua\/Water\/Eau, Cetearyl Alcohol, Behentrimonium Chloride, Glycol Distearate, Dimethicone, Cetearyl Olivate, Glycerin, Synthetic Fluorphlogopite, Vegetable Amino Acids, Centella Asiatica Leaf Extract, Cocos Nucifera (Coconut) Oil, Cannabis Sativa Seed Oil, Olea Europaea (Olive) Fruit Extract, Persea Gratissima (Avocado) Oil, Coco-Glucoside, Sorbitan Olivate, Guar Hydroxypropyltrimonium Chloride, Citrus Paradisi (Grapefruit) Fruit Extract, Hydrolyzed Vegetable Protein, Prunus Persica (Peach) Flower Extract, Leuconostoc\/Radish Root Ferment Filtrate, Caprylyl Glycol, Citric Acid, Benzyl Salicylate, Dimethiconol, Butylene Glycol, Sodium Hydroxide, Phenoxyethanol, Sodium Benzoate, Sodium Metabisulfite, Geraniol, Linalool, Limonene, Parfum\/Fragrance, CI 77891\/Titanium Dioxide<\/div>\n<\/div>\n<div class=\"tab js-tab\">\n<h3 class=\"tab-title pdp-tabs_title js-tab-mobile-title\"><span>Livraison et stock<\/span><\/h3>\n<div class=\"tab-description pdp-tabs_description js-tab-description\">\n<div class=\"pdp-delivery_info\">\n<div class=\"content-asset\">Livraison et d\u00e9laisRetours et remboursements<\/div>\n<\/div>\n<\/div>\n<\/div>\n<\/div>\n<\/div>\n<\/div>\n","protected":false},"excerpt":{"rendered":"<p>Points cl\u00e9s Apporte hydratation et brillance.Cr\u00e9e du volumeIngr\u00e9dients 100 % veganProduction su\u00e9doiseNon test\u00e9 sur les&hellip;<\/p>\n","protected":false},"featured_media":30258,"comment_status":"open","ping_status":"closed","template":"","meta":[],"pwb-brand":[710],"product_cat":[592],"product_tag":[577,593,127],"class_list":{"0":"post-30259","1":"product","2":"type-product","3":"status-publish","4":"has-post-thumbnail","6":"pwb-brand-lealuo","7":"product_cat-masques-cheveux","8":"product_tag-lealuo","9":"product_tag-masques-cheveux","10":"product_tag-shampooing-et-coiffure","12":"first","13":"instock","14":"taxable","15":"shipping-taxable","16":"purchasable","17":"product-type-simple","18":"layout-style-3","19":"col-md-4 col-sm-4 col-xs-6","20":"col-lg-3","21":"product-style-default"},"aioseo_notices":[],"brands":[{"id":710,"name":"LeaLuo","slug":"lealuo"}],"_links":{"self":[{"href":"https:\/\/cheveuxluxe.com\/index.php\/wp-json\/wp\/v2\/product\/30259","targetHints":{"allow":["GET"]}}],"collection":[{"href":"https:\/\/cheveuxluxe.com\/index.php\/wp-json\/wp\/v2\/product"}],"about":[{"href":"https:\/\/cheveuxluxe.com\/index.php\/wp-json\/wp\/v2\/types\/product"}],"replies":[{"embeddable":true,"href":"https:\/\/cheveuxluxe.com\/index.php\/wp-json\/wp\/v2\/comments?post=30259"}],"version-history":[{"count":0,"href":"https:\/\/cheveuxluxe.com\/index.php\/wp-json\/wp\/v2\/product\/30259\/revisions"}],"wp:featuredmedia":[{"embeddable":true,"href":"https:\/\/cheveuxluxe.com\/index.php\/wp-json\/wp\/v2\/media\/30258"}],"wp:attachment":[{"href":"https:\/\/cheveuxluxe.com\/index.php\/wp-json\/wp\/v2\/media?parent=30259"}],"wp:term":[{"taxonomy":"pwb-brand","embeddable":true,"href":"https:\/\/cheveuxluxe.com\/index.php\/wp-json\/wp\/v2\/pwb-brand?post=30259"},{"taxonomy":"product_cat","embeddable":true,"href":"https:\/\/cheveuxluxe.com\/index.php\/wp-json\/wp\/v2\/product_cat?post=30259"},{"taxonomy":"product_tag","embeddable":true,"href":"https:\/\/cheveuxluxe.com\/index.php\/wp-json\/wp\/v2\/product_tag?post=30259"}],"curies":[{"name":"wp","href":"https:\/\/api.w.org\/{rel}","templated":true}]}}