{"id":30261,"date":"2024-04-09T22:38:27","date_gmt":"2024-04-09T22:38:27","guid":{"rendered":"https:\/\/cheveuxluxe.com\/index.php\/product\/lealuo-save-yourself-super-repair-masque-capillaire-270ml\/"},"modified":"2024-04-13T14:07:40","modified_gmt":"2024-04-13T14:07:40","slug":"lealuo-save-yourself-super-repair-masque-capillaire-270ml","status":"publish","type":"product","link":"https:\/\/cheveuxluxe.com\/index.php\/product\/lealuo-save-yourself-super-repair-masque-capillaire-270ml\/","title":{"rendered":"LeaLuo Save Yourself Super Repair Masque Capillaire 270ml"},"content":{"rendered":"<div class=\"product-content_bottom\">\n<div class=\"pdp-info\">\n<div class=\"pdp-tabs tab-container\">\n<div class=\"tab js-tab\">\n<h3 class=\"tab-title pdp-tabs_title js-tab-mobile-title open\"><span>Points cl\u00e9s<\/span><\/h3>\n<div class=\"tab-description pdp-tabs_description js-tab-description open\" itemprop=\"description\">Hydrate en profondeur<br \/>R\u00e9pare les cheveux ab\u00eem\u00e9s ou ayant subi un traitement chimique<br \/>Ingr\u00e9dients 100 % vegan<br \/>Production su\u00e9doise<br \/>Non test\u00e9 sur les animaux<\/div>\n<\/div>\n<div class=\"tab js-tab\">\n<h3 class=\"tab-title pdp-tabs_title js-tab-mobile-title\"><span>Description<\/span><\/h3>\n<div class=\"tab-description pdp-tabs_description js-tab-description\" itemprop=\"description\">Hydrate en profondeur gr\u00e2ce aux huiles d\u2019argan, d\u2019Abyssinie et de pomme. Il r\u00e9pare les cheveux ab\u00eem\u00e9s et trait\u00e9s chimiquement (m\u00eame les fourches\u00a0!) gr\u00e2ce aux prot\u00e9ines de soja.<\/div>\n<\/div>\n<div class=\"tab js-tab\">\n<h3 class=\"tab-title pdp-tabs_title js-tab-mobile-title\"><span>Mode d&#8217;emploi<\/span><\/h3>\n<div class=\"tab-description pdp-tabs_description js-tab-description\">Appliquez le masque sur vos cheveux fra\u00eechement lav\u00e9s, en deuxi\u00e8me \u00e9tape de votre routine (apr\u00e8s le shampooing). Laissez poser 3 \u00e0 10\u00a0minutes. Rincez et appliquez ensuite l\u2019apr\u00e8s-shampooing. Si vous d\u00e9sirez une touche de couleur, m\u00e9langez ce masque avec la teinture Galaxy de votre choix<\/div>\n<\/div>\n<div class=\"tab js-tab\">\n<h3 class=\"tab-title pdp-tabs_title js-tab-mobile-title\"><span>Ingr\u00e9dients<\/span><\/h3>\n<div class=\"tab-description pdp-tabs_description js-tab-description\">Ingredients:Aqua\/Water\/Eau, Cetearyl Alcohol, Behentrimonium Chloride, Dimethicone, Glycol Distearate, Glycerin, Synthetic Fluorphlogopite, Centella Asiatica Leaf Extract, Cannabis Sativa Seed Oil, Hydrolyzed Vegetable Protein, Argania Spinosa Kernel Oil, Prunus Persica (Peach) Flower Extract, Pyrus Malus (Apple) Seed Oil, Cetearyl Olivate, Guar Hydroxypropyltrimonium Chloride, Coco-Glucoside, Sorbitan Olivate, Crambe Abyssinica Seed Oil, Citrus Paradisi (Grapefruit) Fruit Extract, Olea Europaea (Olive) Fruit Extract, Dimethiconol, Caprylyl Glycol, Citric Acid, Butylene Glycol, Sodium Hydroxide, Sodium Chloride, Sodium Metabisulfite, Sodium Benzoate, Limonene, Phenoxyethanol, Linalool, Parfum\/Fragrance, CI 77891\/Titanium Dioxide, CI 16035\/Red 40, CI 19140\/Yellow 5<\/div>\n<\/div>\n<div class=\"tab js-tab\">\n<h3 class=\"tab-title pdp-tabs_title js-tab-mobile-title\"><span>Livraison et stock<\/span><\/h3>\n<div class=\"tab-description pdp-tabs_description js-tab-description\">\n<div class=\"pdp-delivery_info\">\n<div class=\"content-asset\">Livraison et d\u00e9laisRetours et remboursements<\/div>\n<\/div>\n<\/div>\n<\/div>\n<\/div>\n<\/div>\n<\/div>\n","protected":false},"excerpt":{"rendered":"<p>Points cl\u00e9s Hydrate en profondeurR\u00e9pare les cheveux ab\u00eem\u00e9s ou ayant subi un traitement chimiqueIngr\u00e9dients 100&hellip;<\/p>\n","protected":false},"featured_media":30260,"comment_status":"open","ping_status":"closed","template":"","meta":[],"pwb-brand":[710],"product_cat":[598],"product_tag":[577,127,599],"class_list":{"0":"post-30261","1":"product","2":"type-product","3":"status-publish","4":"has-post-thumbnail","6":"pwb-brand-lealuo","7":"product_cat-type-de-cheveux","8":"product_tag-lealuo","9":"product_tag-shampooing-et-coiffure","10":"product_tag-type-de-cheveux","12":"first","13":"instock","14":"taxable","15":"shipping-taxable","16":"purchasable","17":"product-type-simple","18":"layout-style-3","19":"col-md-4 col-sm-4 col-xs-6","20":"col-lg-3","21":"product-style-default"},"aioseo_notices":[],"brands":[{"id":710,"name":"LeaLuo","slug":"lealuo"}],"_links":{"self":[{"href":"https:\/\/cheveuxluxe.com\/index.php\/wp-json\/wp\/v2\/product\/30261","targetHints":{"allow":["GET"]}}],"collection":[{"href":"https:\/\/cheveuxluxe.com\/index.php\/wp-json\/wp\/v2\/product"}],"about":[{"href":"https:\/\/cheveuxluxe.com\/index.php\/wp-json\/wp\/v2\/types\/product"}],"replies":[{"embeddable":true,"href":"https:\/\/cheveuxluxe.com\/index.php\/wp-json\/wp\/v2\/comments?post=30261"}],"version-history":[{"count":0,"href":"https:\/\/cheveuxluxe.com\/index.php\/wp-json\/wp\/v2\/product\/30261\/revisions"}],"wp:featuredmedia":[{"embeddable":true,"href":"https:\/\/cheveuxluxe.com\/index.php\/wp-json\/wp\/v2\/media\/30260"}],"wp:attachment":[{"href":"https:\/\/cheveuxluxe.com\/index.php\/wp-json\/wp\/v2\/media?parent=30261"}],"wp:term":[{"taxonomy":"pwb-brand","embeddable":true,"href":"https:\/\/cheveuxluxe.com\/index.php\/wp-json\/wp\/v2\/pwb-brand?post=30261"},{"taxonomy":"product_cat","embeddable":true,"href":"https:\/\/cheveuxluxe.com\/index.php\/wp-json\/wp\/v2\/product_cat?post=30261"},{"taxonomy":"product_tag","embeddable":true,"href":"https:\/\/cheveuxluxe.com\/index.php\/wp-json\/wp\/v2\/product_tag?post=30261"}],"curies":[{"name":"wp","href":"https:\/\/api.w.org\/{rel}","templated":true}]}}