{"id":30263,"date":"2024-04-09T22:38:30","date_gmt":"2024-04-09T22:38:30","guid":{"rendered":"https:\/\/cheveuxluxe.com\/index.php\/product\/loreal-professionnel-serie-expert-inforcer-masque-500ml\/"},"modified":"2024-04-13T14:21:48","modified_gmt":"2024-04-13T14:21:48","slug":"loreal-professionnel-serie-expert-inforcer-masque-500ml","status":"publish","type":"product","link":"https:\/\/cheveuxluxe.com\/index.php\/product\/loreal-professionnel-serie-expert-inforcer-masque-500ml\/","title":{"rendered":"L&rsquo;Or\u00e9al Professionnel S\u00e9rie Expert Inforcer Masque 500ml"},"content":{"rendered":"<div class=\"product-content_bottom\">\n<div class=\"pdp-info\">\n<div class=\"pdp-tabs tab-container\">\n<div class=\"tab js-tab\">\n<h3 class=\"tab-title pdp-tabs_title js-tab-mobile-title open\"><span>Points cl\u00e9s<\/span><\/h3>\n<div class=\"tab-description pdp-tabs_description js-tab-description open\" itemprop=\"description\">\n<ul>\n<li>Gr\u00e2ce \u00e0 sa formule renfor\u00e7atrice enrichie en vitamine B6 et en biotine, le masque Inforcer r\u00e9duit la casse et r\u00e9pare les cheveux jour apr\u00e8s jour.<\/li>\n<\/ul>\n<\/div>\n<\/div>\n<div class=\"tab js-tab\">\n<h3 class=\"tab-title pdp-tabs_title js-tab-mobile-title\"><span>Description<\/span><\/h3>\n<div class=\"tab-description pdp-tabs_description js-tab-description\" itemprop=\"description\">Le masque Inforcer L&rsquo;Or\u00e9al Professionnel est un soin anti-casse efficace et simple d&rsquo;usage. Vous retrouvez toute l&rsquo;action d&rsquo;un soin professionnel d\u00e8s la premi\u00e8re utilisation. Sa texture g\u00e9n\u00e9reuse et enveloppante s&rsquo;applique facilement sur les longueurs jusqu&rsquo;aux pointes affect\u00e9es par la casse. Apr\u00e8s quelques minutes de pose, le produit se rince ais\u00e9ment et laisse vos cheveux forts, doux et r\u00e9sistants.<\/p>\n<p>Le masque renfor\u00e7ateur pour cheveux secs Inforcer a une double action de r\u00e9paration et de renforcement de la fibre capillaire. Il allie les bienfaits de la vitamine B6, qui stimule la production de k\u00e9ratine, avec les b\u00e9n\u00e9fices de la biotine, qui rend la tige capillaire forte et \u00e9lastique. D\u00e8s les premi\u00e8res utilisations, vos cheveux sont r\u00e9par\u00e9s. Jour apr\u00e8s jour, ils r\u00e9sistent de mieux en mieux \u00e0 la casse et aux agressions. Vous pouvez directement observer les effets du soin et la r\u00e9duction des cheveux cass\u00e9s . Vous en trouvez de moins en moins sur le sol de votre salle de bain et sur votre brosse.<\/p>\n<p>Le masque Inforcer de la gamme S\u00e9rie Expert L&rsquo;Or\u00e9al Professionnel pr\u00e9sente une texture onctueuse efficace. Une petite quantit\u00e9 de produit permet de traiter toute la chevelure. L&rsquo;application facile et le temps de pose court rendent l&rsquo;utilisation agr\u00e9able et rapide, pour une routine capillaire optimis\u00e9e. Vous pouvez adopter ce soin quotidiennement, apr\u00e8s le Shampoing. Bien rinc\u00e9, il n&rsquo;alourdit pas les cheveux. Il leur apporte \u00e9galement brillance et douceur, et leur conf\u00e8re un parfum discret et agr\u00e9able.<\/p><\/div>\n<\/div>\n<div class=\"tab js-tab\">\n<h3 class=\"tab-title pdp-tabs_title js-tab-mobile-title\"><span>Mode d&#8217;emploi<\/span><\/h3>\n<div class=\"tab-description pdp-tabs_description js-tab-description\">Apr\u00e8s le lavage, r\u00e9partissez le masque Inforcer sur vos cheveux mouill\u00e9s et essor\u00e9s.<br \/>Massez d\u00e9licatement les longueurs et laissez poser le produit pendant 3 \u00e0 5 minutes.<br \/>Rincez abondamment \u00e0 l&rsquo;eau claire et ti\u00e8de.<\/div>\n<\/div>\n<div class=\"tab js-tab\">\n<h3 class=\"tab-title pdp-tabs_title js-tab-mobile-title\"><span>Ingr\u00e9dients<\/span><\/h3>\n<div class=\"tab-description pdp-tabs_description js-tab-description\">AQUA \/ WATER, CETEARYL ALCOHOL, BEHENTRIMONIUM CHLORIDE, CETYL ESTERS, PHENOXYETHANOL, AMODIMETHICONE, ISOPROPYL ALCOHOL, PYRIDOXINE HCl, CITRIC ACID, LIMONENE, CHLORHEXIDINE DIGLUCONATE, TRIDECETH-6, BIOTIN, BENZYL SALICYLATE, CETRIMONIUM CHLORIDE, LINALOOL, CI 15510 \/ ORANGE 4, CI 17200 \/ RED 33, PARFUM \/ FRAGRANCE<\/div>\n<\/div>\n<div class=\"tab js-tab\">\n<h3 class=\"tab-title pdp-tabs_title js-tab-mobile-title\"><span>Livraison et stock<\/span><\/h3>\n<div class=\"tab-description pdp-tabs_description js-tab-description\">\n<div class=\"pdp-delivery_info\">\n<div class=\"content-asset\">Livraison et d\u00e9laisRetours et remboursements<\/div>\n<\/div>\n<\/div>\n<\/div>\n<div class=\"tab js-tab\">\n<h3 class=\"tab-title pdp-tabs_title js-tab-mobile-title\"><span>Pr\u00e9cautions d&#8217;emploi<\/span><\/h3>\n<div class=\"tab-description pdp-tabs_description js-tab-description\">En cas de contact avec les yeux,rincer avec de l&rsquo;eau imm\u00e9diatement et abondamment. Usage externe exclusivement.<\/div>\n<\/div>\n<\/div>\n<\/div>\n<\/div>\n","protected":false},"excerpt":{"rendered":"<p>Points cl\u00e9s Gr\u00e2ce \u00e0 sa formule renfor\u00e7atrice enrichie en vitamine B6 et en biotine, le&hellip;<\/p>\n","protected":false},"featured_media":21125,"comment_status":"open","ping_status":"closed","template":"","meta":[],"pwb-brand":[649],"product_cat":[610],"product_tag":[611,325,127],"class_list":{"0":"post-30263","1":"product","2":"type-product","3":"status-publish","4":"has-post-thumbnail","6":"pwb-brand-loreal-professionnel","7":"product_cat-grands-formats","8":"product_tag-grands-formats","9":"product_tag-loreal-professionnel","10":"product_tag-shampooing-et-coiffure","12":"first","13":"instock","14":"taxable","15":"shipping-taxable","16":"purchasable","17":"product-type-simple","18":"layout-style-3","19":"col-md-4 col-sm-4 col-xs-6","20":"col-lg-3","21":"product-has-gallery","22":"product-style-default"},"aioseo_notices":[],"brands":[{"id":649,"name":"L'Or\u00e9al Professionnel","slug":"loreal-professionnel"}],"_links":{"self":[{"href":"https:\/\/cheveuxluxe.com\/index.php\/wp-json\/wp\/v2\/product\/30263","targetHints":{"allow":["GET"]}}],"collection":[{"href":"https:\/\/cheveuxluxe.com\/index.php\/wp-json\/wp\/v2\/product"}],"about":[{"href":"https:\/\/cheveuxluxe.com\/index.php\/wp-json\/wp\/v2\/types\/product"}],"replies":[{"embeddable":true,"href":"https:\/\/cheveuxluxe.com\/index.php\/wp-json\/wp\/v2\/comments?post=30263"}],"version-history":[{"count":0,"href":"https:\/\/cheveuxluxe.com\/index.php\/wp-json\/wp\/v2\/product\/30263\/revisions"}],"wp:featuredmedia":[{"embeddable":true,"href":"https:\/\/cheveuxluxe.com\/index.php\/wp-json\/wp\/v2\/media\/21125"}],"wp:attachment":[{"href":"https:\/\/cheveuxluxe.com\/index.php\/wp-json\/wp\/v2\/media?parent=30263"}],"wp:term":[{"taxonomy":"pwb-brand","embeddable":true,"href":"https:\/\/cheveuxluxe.com\/index.php\/wp-json\/wp\/v2\/pwb-brand?post=30263"},{"taxonomy":"product_cat","embeddable":true,"href":"https:\/\/cheveuxluxe.com\/index.php\/wp-json\/wp\/v2\/product_cat?post=30263"},{"taxonomy":"product_tag","embeddable":true,"href":"https:\/\/cheveuxluxe.com\/index.php\/wp-json\/wp\/v2\/product_tag?post=30263"}],"curies":[{"name":"wp","href":"https:\/\/api.w.org\/{rel}","templated":true}]}}