{"id":30264,"date":"2024-04-09T22:38:31","date_gmt":"2024-04-09T22:38:31","guid":{"rendered":"https:\/\/cheveuxluxe.com\/index.php\/product\/loreal-professionnel-serie-expert-metal-detox-masque-500ml\/"},"modified":"2024-04-13T14:21:49","modified_gmt":"2024-04-13T14:21:49","slug":"loreal-professionnel-serie-expert-metal-detox-masque-500ml","status":"publish","type":"product","link":"https:\/\/cheveuxluxe.com\/index.php\/product\/loreal-professionnel-serie-expert-metal-detox-masque-500ml\/","title":{"rendered":"L&rsquo;Or\u00e9al Professionnel S\u00e9rie Expert Metal Detox Masque 500ml"},"content":{"rendered":"<div class=\"product-content_bottom\">\n<div class=\"pdp-info\">\n<div class=\"pdp-tabs tab-container\">\n<div class=\"tab js-tab\">\n<h3 class=\"tab-title pdp-tabs_title js-tab-mobile-title open\"><span>Points cl\u00e9s<\/span><\/h3>\n<div class=\"tab-description pdp-tabs_description js-tab-description open\" itemprop=\"description\">\n<ul>\n<li>Masque professionnel protecteur anti-d\u00e9p\u00f4t<\/li>\n<\/ul>\n<ul>\n<li>Aide \u00e0 prot\u00e9ger les cheveux de l&rsquo;exc\u00e8s de cuivre provenant de l&rsquo;eau, qui peut avoir un impact sur les r\u00e9sultats de couleur en salon et provoquer des cassures<\/li>\n<\/ul>\n<ul>\n<li>Technologie brevet\u00e9e enrichie en Glicoamine soutenue par 7 ans de recherche<\/li>\n<\/ul>\n<ul>\n<li>Texture l\u00e9g\u00e8re luxueuse et parfum frais d&rsquo;agrumes<\/li>\n<\/ul>\n<ul>\n<li>Convient \u00e0 tous les types de cheveux color\u00e9s<\/li>\n<\/ul>\n<\/div>\n<\/div>\n<div class=\"tab js-tab\">\n<h3 class=\"tab-title pdp-tabs_title js-tab-mobile-title\"><span>Description<\/span><\/h3>\n<div class=\"tab-description pdp-tabs_description js-tab-description\" itemprop=\"description\">S&rsquo;appuyant sur 7 ans de recherche et 7 brevets*, les scientifiques de L&rsquo;Or\u00e9al ont travaill\u00e9 main dans la main avec des coiffeurs du monde entier pour cr\u00e9er Metal Detox. La recherche a r\u00e9v\u00e9l\u00e9 que les m\u00e9taux de cuivre absorb\u00e9s dans les cheveux peuvent entra\u00eener un risque plus \u00e9lev\u00e9 de casse et des r\u00e9sultats de couleur impr\u00e9visibles. pendant le travail de coloration.Metal Detox est une innovation capillaire aliment\u00e9e par Glicoamine. La technologie brevet\u00e9e aide \u00e0 neutraliser (d\u00e9sactiver) ces m\u00e9taux de cuivre en exc\u00e8s dans les cheveux, aidant \u00e0 les emp\u00eacher d&rsquo;interf\u00e9rer avec le processus de coloration.Ce masque prim\u00e9 est la derni\u00e8re \u00e9tape de la routine Metal Detox qui doit \u00eatre utilis\u00e9 apr\u00e8s le spray et le shampooing pr\u00e9-traitement Metal Detox pour de meilleurs r\u00e9sultats.<\/div>\n<\/div>\n<div class=\"tab js-tab\">\n<h3 class=\"tab-title pdp-tabs_title js-tab-mobile-title\"><span>Mode d&#8217;emploi<\/span><\/h3>\n<div class=\"tab-description pdp-tabs_description js-tab-description\">Retrouvez toutes les r\u00e9glementations techniques sur la plateforme d&rsquo;\u00e9ducation en ligne de L&rsquo;Or\u00e9al : Access. https:\/\/belgilux.lorealaccess.com\/learn<\/div>\n<\/div>\n<div class=\"tab js-tab\">\n<h3 class=\"tab-title pdp-tabs_title js-tab-mobile-title\"><span>Ingr\u00e9dients<\/span><\/h3>\n<div class=\"tab-description pdp-tabs_description js-tab-description\">AQUA \/ WATER, CETEARYL ALCOHOL, AMODIMETHICONE, BEHENTRIMONIUM CHLORIDE, CETYL ESTERS, PARFUM \/ FRAGRANCE, ISOPROPYL ALCOHOL, TRIDECETH-6, PHENOXYETHANOL, LIMONENE, CETRIMONIUM CHLORIDE, HEXYL CINNAMAL, LINALOOL, CHLORHEXIDINE DIHYDROCHLORIDE, CITRAL, GERANIOL, GLYCINE, TOCOPHEROL, POLYQUATERNIUM-7, SODIUM BENZOATE<\/div>\n<\/div>\n<div class=\"tab js-tab\">\n<h3 class=\"tab-title pdp-tabs_title js-tab-mobile-title\"><span>Livraison et stock<\/span><\/h3>\n<div class=\"tab-description pdp-tabs_description js-tab-description\">\n<div class=\"pdp-delivery_info\">\n<div class=\"content-asset\">Livraison et d\u00e9laisRetours et remboursements<\/div>\n<\/div>\n<\/div>\n<\/div>\n<div class=\"tab js-tab\">\n<h3 class=\"tab-title pdp-tabs_title js-tab-mobile-title\"><span>Pr\u00e9cautions d&#8217;emploi<\/span><\/h3>\n<div class=\"tab-description pdp-tabs_description js-tab-description\">En cas de contact avec les yeux,rincer avec de l&rsquo;eau imm\u00e9diatement et abondamment. Usage externe exclusivement.<\/div>\n<\/div>\n<\/div>\n<\/div>\n<\/div>\n","protected":false},"excerpt":{"rendered":"<p>Points cl\u00e9s Masque professionnel protecteur anti-d\u00e9p\u00f4t Aide \u00e0 prot\u00e9ger les cheveux de l&rsquo;exc\u00e8s de cuivre&hellip;<\/p>\n","protected":false},"featured_media":21198,"comment_status":"open","ping_status":"closed","template":"","meta":[],"pwb-brand":[649],"product_cat":[610],"product_tag":[611,325,127],"class_list":{"0":"post-30264","1":"product","2":"type-product","3":"status-publish","4":"has-post-thumbnail","6":"pwb-brand-loreal-professionnel","7":"product_cat-grands-formats","8":"product_tag-grands-formats","9":"product_tag-loreal-professionnel","10":"product_tag-shampooing-et-coiffure","12":"first","13":"instock","14":"taxable","15":"shipping-taxable","16":"purchasable","17":"product-type-simple","18":"layout-style-3","19":"col-md-4 col-sm-4 col-xs-6","20":"col-lg-3","21":"product-has-gallery","22":"product-style-default"},"aioseo_notices":[],"brands":[{"id":649,"name":"L'Or\u00e9al Professionnel","slug":"loreal-professionnel"}],"_links":{"self":[{"href":"https:\/\/cheveuxluxe.com\/index.php\/wp-json\/wp\/v2\/product\/30264","targetHints":{"allow":["GET"]}}],"collection":[{"href":"https:\/\/cheveuxluxe.com\/index.php\/wp-json\/wp\/v2\/product"}],"about":[{"href":"https:\/\/cheveuxluxe.com\/index.php\/wp-json\/wp\/v2\/types\/product"}],"replies":[{"embeddable":true,"href":"https:\/\/cheveuxluxe.com\/index.php\/wp-json\/wp\/v2\/comments?post=30264"}],"version-history":[{"count":0,"href":"https:\/\/cheveuxluxe.com\/index.php\/wp-json\/wp\/v2\/product\/30264\/revisions"}],"wp:featuredmedia":[{"embeddable":true,"href":"https:\/\/cheveuxluxe.com\/index.php\/wp-json\/wp\/v2\/media\/21198"}],"wp:attachment":[{"href":"https:\/\/cheveuxluxe.com\/index.php\/wp-json\/wp\/v2\/media?parent=30264"}],"wp:term":[{"taxonomy":"pwb-brand","embeddable":true,"href":"https:\/\/cheveuxluxe.com\/index.php\/wp-json\/wp\/v2\/pwb-brand?post=30264"},{"taxonomy":"product_cat","embeddable":true,"href":"https:\/\/cheveuxluxe.com\/index.php\/wp-json\/wp\/v2\/product_cat?post=30264"},{"taxonomy":"product_tag","embeddable":true,"href":"https:\/\/cheveuxluxe.com\/index.php\/wp-json\/wp\/v2\/product_tag?post=30264"}],"curies":[{"name":"wp","href":"https:\/\/api.w.org\/{rel}","templated":true}]}}