{"id":30294,"date":"2024-04-09T22:39:09","date_gmt":"2024-04-09T22:39:09","guid":{"rendered":"https:\/\/cheveuxluxe.com\/index.php\/product\/eugene-perma-collection-nature-masque-nutrition\/"},"modified":"2024-04-13T14:14:26","modified_gmt":"2024-04-13T14:14:26","slug":"eugene-perma-collection-nature-masque-nutrition","status":"publish","type":"product","link":"https:\/\/cheveuxluxe.com\/index.php\/product\/eugene-perma-collection-nature-masque-nutrition\/","title":{"rendered":"Eugene Perma Collection Nature Masque Nutrition"},"content":{"rendered":"<div class=\"product-content_bottom\">\n<div class=\"pdp-info\">\n<div class=\"pdp-tabs tab-container\">\n<div class=\"tab js-tab\">\n<h3 class=\"tab-title pdp-tabs_title js-tab-mobile-title open\"><span>Points cl\u00e9s<\/span><\/h3>\n<div class=\"tab-description pdp-tabs_description js-tab-description open\" itemprop=\"description\">\n<ul>\n<li>Nourrit et r\u00e9pare intens\u00e9ment la fibre capillaire<\/li>\n<li>Discipline la chevelure et redessine les boucles<\/li>\n<li>Prot\u00e8ge les cheveux des agressions ext\u00e9rieures<\/li>\n<li>Pr\u00e9vient l&rsquo;apparition des fourches<\/li>\n<li>Les cheveux sont faciles \u00e0 d\u00e9m\u00ealer, doux souples et brillants<\/li>\n<\/ul>\n<\/div>\n<\/div>\n<div class=\"tab js-tab\">\n<h3 class=\"tab-title pdp-tabs_title js-tab-mobile-title\"><span>Description<\/span><\/h3>\n<div class=\"tab-description pdp-tabs_description js-tab-description\" itemprop=\"description\">Les recettes d\u2019une beaut\u00e9 engag\u00e9e<\/p>\n<p>La Collection Nature s\u2019inspire de la nature pour \u00e9laborer des recettes de beaut\u00e9 capillaires plus naturelles, Vegan et fabriqu\u00e9es en France.<br \/>Compos\u00e9 \u00e0 97% d&rsquo;ingr\u00e9dients d&rsquo;origine naturelle, ce Masque Nutrition est id\u00e9al pour les cheveux abim\u00e9s, secs et cassants, qu\u2019ils soient raides, ondul\u00e9s ou boucl\u00e9s. Sa texture nourrit et r\u00e9pare intens\u00e9ment la fibre capillaire, laissant les cheveux doux, brillants et faciles \u00e0 d\u00e9m\u00ealer. La chevelure est disciplin\u00e9e et les boucles sont redessin\u00e9es.<\/p>\n<p>Formules professionnelles &amp; naturelles aux engagements forts :<br \/>-L&rsquo;extrait d&rsquo;Abricot Bio de nos r\u00e9gions, reconnus pour ses vertus nutritives et r\u00e9g\u00e9n\u00e9rantes<br \/>-Sans silicones et sans tensio-actifs sulfat\u00e9s pour un r\u00e9sultat plus naturel<br \/>-100% VEGAN : formule sans ingr\u00e9dients d&rsquo;origine animale<br \/>-Eco-con\u00e7u : nos pots sont recyclables et compos\u00e9s \u00e0 50% de mat\u00e9riaux recycl\u00e9s<br \/>-Fabriqu\u00e9 avec amour dans notre usine \u00e0 Reims<\/div>\n<\/div>\n<div class=\"tab js-tab\">\n<h3 class=\"tab-title pdp-tabs_title js-tab-mobile-title\"><span>Mode d&#8217;emploi<\/span><\/h3>\n<div class=\"tab-description pdp-tabs_description js-tab-description\">Sur cheveux lav\u00e9s et essor\u00e9s, appliquer sur les longueurs et les pointes.<br \/>Laisser poser 3 \u00e0 5 min.<br \/>D\u00e9m\u00ealer.<br \/>Rincer.<\/div>\n<\/div>\n<div class=\"tab js-tab\">\n<h3 class=\"tab-title pdp-tabs_title js-tab-mobile-title\"><span>Ingr\u00e9dients<\/span><\/h3>\n<div class=\"tab-description pdp-tabs_description js-tab-description\">AQUA\/WATER\/EAU, STEARYL ALCOHOL, COCOS NUCIFERA (COCONUT) OIL, BEHENTRIMONIUM CHLORIDE, CETEARYL ALCOHOL, CITRIC ACID, ISOPROPYL ALCOHOL, HYDROXYETHYLCELLULOSE, PARFUM (FRAGRANCE), POLYQUATERNIUM-39, SODIUM BENZOATE, POTASSIUM SORBATE, GLYCERIN, SODIUM ACETATE, LIMONENE, CELLULOSE, PRUNUS ARMENIACA (APRICOT) FRUIT EXTRACT.<\/div>\n<\/div>\n<div class=\"tab js-tab\">\n<h3 class=\"tab-title pdp-tabs_title js-tab-mobile-title\"><span>Livraison et stock<\/span><\/h3>\n<div class=\"tab-description pdp-tabs_description js-tab-description\">\n<div class=\"pdp-delivery_info\">\n<div class=\"content-asset\">Livraison et d\u00e9laisRetours et remboursements<\/div>\n<\/div>\n<\/div>\n<\/div>\n<div class=\"tab js-tab\">\n<h3 class=\"tab-title pdp-tabs_title js-tab-mobile-title\"><span>Pr\u00e9cautions d&#8217;emploi<\/span><\/h3>\n<div class=\"tab-description pdp-tabs_description js-tab-description\">Test\u00e9 sous contr\u00f4le dermatologique.<\/div>\n<\/div>\n<\/div>\n<\/div>\n<\/div>\n","protected":false},"excerpt":{"rendered":"<p>Points cl\u00e9s Nourrit et r\u00e9pare intens\u00e9ment la fibre capillaire Discipline la chevelure et redessine les&hellip;<\/p>\n","protected":false},"featured_media":20865,"comment_status":"open","ping_status":"closed","template":"","meta":[],"pwb-brand":[650],"product_cat":[600],"product_tag":[331,144,127],"class_list":{"0":"post-30294","1":"product","2":"type-product","3":"status-publish","4":"has-post-thumbnail","6":"pwb-brand-eugene-perma-professionnel","7":"product_cat-lissage-et-keratine","8":"product_tag-eugene-perma-professionnel","9":"product_tag-lissage-et-keratine","10":"product_tag-shampooing-et-coiffure","12":"first","13":"instock","14":"taxable","15":"shipping-taxable","16":"purchasable","17":"product-type-simple","18":"layout-style-3","19":"col-md-4 col-sm-4 col-xs-6","20":"col-lg-3","21":"product-style-default"},"aioseo_notices":[],"brands":[{"id":650,"name":"Eugene Perma Professionnel","slug":"eugene-perma-professionnel"}],"_links":{"self":[{"href":"https:\/\/cheveuxluxe.com\/index.php\/wp-json\/wp\/v2\/product\/30294","targetHints":{"allow":["GET"]}}],"collection":[{"href":"https:\/\/cheveuxluxe.com\/index.php\/wp-json\/wp\/v2\/product"}],"about":[{"href":"https:\/\/cheveuxluxe.com\/index.php\/wp-json\/wp\/v2\/types\/product"}],"replies":[{"embeddable":true,"href":"https:\/\/cheveuxluxe.com\/index.php\/wp-json\/wp\/v2\/comments?post=30294"}],"version-history":[{"count":0,"href":"https:\/\/cheveuxluxe.com\/index.php\/wp-json\/wp\/v2\/product\/30294\/revisions"}],"wp:featuredmedia":[{"embeddable":true,"href":"https:\/\/cheveuxluxe.com\/index.php\/wp-json\/wp\/v2\/media\/20865"}],"wp:attachment":[{"href":"https:\/\/cheveuxluxe.com\/index.php\/wp-json\/wp\/v2\/media?parent=30294"}],"wp:term":[{"taxonomy":"pwb-brand","embeddable":true,"href":"https:\/\/cheveuxluxe.com\/index.php\/wp-json\/wp\/v2\/pwb-brand?post=30294"},{"taxonomy":"product_cat","embeddable":true,"href":"https:\/\/cheveuxluxe.com\/index.php\/wp-json\/wp\/v2\/product_cat?post=30294"},{"taxonomy":"product_tag","embeddable":true,"href":"https:\/\/cheveuxluxe.com\/index.php\/wp-json\/wp\/v2\/product_tag?post=30294"}],"curies":[{"name":"wp","href":"https:\/\/api.w.org\/{rel}","templated":true}]}}