{"id":30298,"date":"2024-04-09T22:39:10","date_gmt":"2024-04-09T22:39:10","guid":{"rendered":"https:\/\/cheveuxluxe.com\/index.php\/product\/eugene-perma-masque-hydratant-quotidien\/"},"modified":"2024-04-13T14:09:47","modified_gmt":"2024-04-13T14:09:47","slug":"eugene-perma-masque-hydratant-quotidien","status":"publish","type":"product","link":"https:\/\/cheveuxluxe.com\/index.php\/product\/eugene-perma-masque-hydratant-quotidien\/","title":{"rendered":"Eugene Perma Masque Hydratant Quotidien"},"content":{"rendered":"<div class=\"product-content_bottom\">\n<div class=\"pdp-info\">\n<div class=\"pdp-tabs tab-container\">\n<div class=\"tab js-tab\">\n<h3 class=\"tab-title pdp-tabs_title js-tab-mobile-title open\"><span>Points cl\u00e9s<\/span><\/h3>\n<div class=\"tab-description pdp-tabs_description js-tab-description open\" itemprop=\"description\">\n<ul>\n<li>Hydrate naturellement les cheveux<\/li>\n<li>R\u00e9pare les cheveux<\/li>\n<li>Les cheveux sont faciles \u00e0 d\u00e9m\u00ealer<\/li>\n<li>Les cheveux sont doux et brillants<\/li>\n<li>N&rsquo;alourdit pas la chevelure<\/li>\n<\/ul>\n<\/div>\n<\/div>\n<div class=\"tab js-tab\">\n<h3 class=\"tab-title pdp-tabs_title js-tab-mobile-title\"><span>Description<\/span><\/h3>\n<div class=\"tab-description pdp-tabs_description js-tab-description\" itemprop=\"description\">Compos\u00e9 \u00e0 98% d\u2019ingr\u00e9dients d\u2019origine naturelle, le Masque Hydratant Quotidien COLLECTIONS NATURE hydrate naturellement la fibre capillaire. Sa texture onctueuse se r\u00e9partit facilement sur les longueurs, laissant les cheveux d\u00e9m\u00eal\u00e9s, doux et brillants sans \u00eatre alourdis.<\/p>\n<p>NOS ENGAGEMENTS :<br \/>-Le N\u00e9nuphar Bio cultiv\u00e9 dans nos r\u00e9gions pour ses vertus hydratantes et adoucissantes<br \/>-Sans silicones et sans tensio-actifs sulfat\u00e9s pour un r\u00e9sultat plus naturel<br \/>-100% VEGAN : formule sans ingr\u00e9dients d&rsquo;origine animale<br \/>-Eco-con\u00e7u : nos pots sont compos\u00e9s \u00e0 50% de mat\u00e9riaux recycl\u00e9s<br \/>-Fabriqu\u00e9 avec amour dans notre usine \u00e0 Reims<\/div>\n<\/div>\n<div class=\"tab js-tab\">\n<h3 class=\"tab-title pdp-tabs_title js-tab-mobile-title\"><span>Mode d&#8217;emploi<\/span><\/h3>\n<div class=\"tab-description pdp-tabs_description js-tab-description\">Sur cheveux lav\u00e9s et essor\u00e9s, appliquer sur les longueurs et les pointes.<br \/>Laisser poser 3 \u00e0 5 min.<br \/>D\u00e9m\u00ealer.<br \/>Rincer.<\/div>\n<\/div>\n<div class=\"tab js-tab\">\n<h3 class=\"tab-title pdp-tabs_title js-tab-mobile-title\"><span>Ingr\u00e9dients<\/span><\/h3>\n<div class=\"tab-description pdp-tabs_description js-tab-description\">AQUA\/WATER\/EAU, STEARYL ALCOHOL, BEHENTRIMONIUM CHLORIDE, CETEARYL ALCOHOL, PARFUM (FRAGRANCE), ISOPROPYL ALCOHOL, HYDROXYETHYLCELLULOSE, BENZYL ALCOHOL, POLYQUATERNIUM-39, PLUKENETIA VOLUBILIS (SACHA INCHI) SEED OIL, GLYCERIN, CITRIC ACID, SODIUM ACETATE, DEHYDROACETIC ACID, GERANIOL, SODIUM BENZOATE, CELLULOSE, NYMPHAEA ALBA (WATER LILY) FLOWER EXTRACT, LINALOOL, TOCOPHEROL.<\/div>\n<\/div>\n<div class=\"tab js-tab\">\n<h3 class=\"tab-title pdp-tabs_title js-tab-mobile-title\"><span>Livraison et stock<\/span><\/h3>\n<div class=\"tab-description pdp-tabs_description js-tab-description\">\n<div class=\"pdp-delivery_info\">\n<div class=\"content-asset\">Livraison et d\u00e9laisRetours et remboursements<\/div>\n<\/div>\n<\/div>\n<\/div>\n<\/div>\n<\/div>\n<\/div>\n","protected":false},"excerpt":{"rendered":"<p>Points cl\u00e9s Hydrate naturellement les cheveux R\u00e9pare les cheveux Les cheveux sont faciles \u00e0 d\u00e9m\u00ealer&hellip;<\/p>\n","protected":false},"featured_media":20867,"comment_status":"open","ping_status":"closed","template":"","meta":[],"pwb-brand":[650],"product_cat":[598],"product_tag":[331,127,599],"class_list":{"0":"post-30298","1":"product","2":"type-product","3":"status-publish","4":"has-post-thumbnail","6":"pwb-brand-eugene-perma-professionnel","7":"product_cat-type-de-cheveux","8":"product_tag-eugene-perma-professionnel","9":"product_tag-shampooing-et-coiffure","10":"product_tag-type-de-cheveux","12":"first","13":"instock","14":"taxable","15":"shipping-taxable","16":"purchasable","17":"product-type-simple","18":"layout-style-3","19":"col-md-4 col-sm-4 col-xs-6","20":"col-lg-3","21":"product-has-gallery","22":"product-style-default"},"aioseo_notices":[],"brands":[{"id":650,"name":"Eugene Perma Professionnel","slug":"eugene-perma-professionnel"}],"_links":{"self":[{"href":"https:\/\/cheveuxluxe.com\/index.php\/wp-json\/wp\/v2\/product\/30298","targetHints":{"allow":["GET"]}}],"collection":[{"href":"https:\/\/cheveuxluxe.com\/index.php\/wp-json\/wp\/v2\/product"}],"about":[{"href":"https:\/\/cheveuxluxe.com\/index.php\/wp-json\/wp\/v2\/types\/product"}],"replies":[{"embeddable":true,"href":"https:\/\/cheveuxluxe.com\/index.php\/wp-json\/wp\/v2\/comments?post=30298"}],"version-history":[{"count":0,"href":"https:\/\/cheveuxluxe.com\/index.php\/wp-json\/wp\/v2\/product\/30298\/revisions"}],"wp:featuredmedia":[{"embeddable":true,"href":"https:\/\/cheveuxluxe.com\/index.php\/wp-json\/wp\/v2\/media\/20867"}],"wp:attachment":[{"href":"https:\/\/cheveuxluxe.com\/index.php\/wp-json\/wp\/v2\/media?parent=30298"}],"wp:term":[{"taxonomy":"pwb-brand","embeddable":true,"href":"https:\/\/cheveuxluxe.com\/index.php\/wp-json\/wp\/v2\/pwb-brand?post=30298"},{"taxonomy":"product_cat","embeddable":true,"href":"https:\/\/cheveuxluxe.com\/index.php\/wp-json\/wp\/v2\/product_cat?post=30298"},{"taxonomy":"product_tag","embeddable":true,"href":"https:\/\/cheveuxluxe.com\/index.php\/wp-json\/wp\/v2\/product_tag?post=30298"}],"curies":[{"name":"wp","href":"https:\/\/api.w.org\/{rel}","templated":true}]}}