{"id":30309,"date":"2024-04-09T22:39:36","date_gmt":"2024-04-09T22:39:36","guid":{"rendered":"https:\/\/cheveuxluxe.com\/index.php\/product\/damage-undo-masque-restructurant\/"},"modified":"2024-04-13T14:25:48","modified_gmt":"2024-04-13T14:25:48","slug":"damage-undo-masque-restructurant","status":"publish","type":"product","link":"https:\/\/cheveuxluxe.com\/index.php\/product\/damage-undo-masque-restructurant\/","title":{"rendered":"Damage Undo Masque Restructurant"},"content":{"rendered":"<div class=\"product-content_bottom\">\n<div class=\"pdp-info\">\n<div class=\"pdp-tabs tab-container\">\n<div class=\"tab js-tab\">\n<h3 class=\"tab-title pdp-tabs_title js-tab-mobile-title open\"><span>Points cl\u00e9s<\/span><\/h3>\n<div class=\"tab-description pdp-tabs_description js-tab-description open\" itemprop=\"description\">\n<ul>\n<li>Un syst\u00e8me de protection et de reconstruction r\u00e9volutionnaire qui reconstruit la tige capillaire interne et externe<\/li>\n<li>Il reconstruit les liaisons disulfures et r\u00e9pare la structure capillaire endommag\u00e9e<\/li>\n<li>Il r\u00e9hydrate les cheveux et r\u00e9\u00e9quilibre les niveaux de pH<\/li>\n<li>Il prot\u00e8ge les cheveux de la casse caus\u00e9e par les colorations et les services chimiques<\/li>\n<li>Formule vegan sans parabens, SLES et SLS<\/li>\n<\/ul>\n<\/div>\n<\/div>\n<div class=\"tab js-tab\">\n<h3 class=\"tab-title pdp-tabs_title js-tab-mobile-title\"><span>Description<\/span><\/h3>\n<div class=\"tab-description pdp-tabs_description js-tab-description\" itemprop=\"description\">R\u00e9parez les effets des dommages gr\u00e2ce \u00e0 la technologie brevet\u00e9e Keraboost. Damage Undo est un puissant syst\u00e8me de r\u00e9paration des liaisons en six \u00e9tapes qui inverse les effets des dommages, r\u00e9\u00e9quilibre le pH des cheveux, prolonge la coloration et offre des cheveux en bonne sant\u00e9. Le syst\u00e8me de Damage Undo comporte six produits faciles \u00e0 utiliser qui ont pour objectif de cr\u00e9er le pH parfait pour vos cheveux. Sa technologie brevet\u00e9e Keraboost reconstruit les liaisons rompues dans les cuticules des cheveux pour r\u00e9parer et prot\u00e9ger les cheveux de l\u2019int\u00e9rieur, tout en les prot\u00e9geant des dommages caus\u00e9s par les soins chimiques et thermiques. Damage Undo cr\u00e9e la base parfaite pour les colorations et les d\u00e9colorations en prot\u00e9geant vos cheveux de la suroxydation. La coloration est fix\u00e9e pour tenir plus longtemps avec une hydratation et une brillance optimales.<\/p>\n<p>Damage Undo convient \u00e0 tous types et textures de cheveux, y compris les cheveux color\u00e9s, vierges et boucl\u00e9s. Chaque produit de la gamme est vegan et ne contient aucun ingr\u00e9dient d\u2019origine animale. Tous les produits sont certifi\u00e9s dermatologiquement et sont sans parabens et sans sulfates.<\/p>\n<p>Le Damage Undo Restructuring Mask dot\u00e9 d\u2019une formule unique et innovante r\u00e9pare la tige capillaire interne et externe afin de reconstruire les liaisons disulfures et de r\u00e9parer la structure capillaire endommag\u00e9e par la chaleur et les traitements chimiques. \u00c0 utiliser apr\u00e8s le shampooing ou comme additif pour tous les traitements chimiques, ce syst\u00e8me r\u00e9volutionnaire de protection et de reconstruction agit \u00e0 l&rsquo;int\u00e9rieur et \u00e0 l&rsquo;ext\u00e9rieur en une seule action sans alt\u00e9rer la texture ou le r\u00e9sultat final des services de coloration et de d\u00e9coloration. Il prot\u00e8ge le cuir chevelu de la s\u00e9cheresse et de la d\u00e9shydratation, tout en hydratant les cheveux et en leur offrant une finition soyeuse et lisse.<\/p>\n<p>Ingr\u00e9dients principaux :<br \/>Prot\u00e9ine v\u00e9g\u00e9tale hydrolys\u00e9e : elle restructure, donne du volume et renforce la fibre capillaire<br \/>Polyamino Sugar Condensate : il prot\u00e8ge au maximum la structure de la k\u00e9ratine des cheveux, leur apporte douceur et bonne sant\u00e9<br \/>Aloe vera : elle apaise le cuir chevelu tout en hydratant et en prot\u00e9geant les cheveux<br \/>Panth\u00e9nol : il pr\u00e9vient la d\u00e9shydratation et la fragilit\u00e9 du cuir chevelu tout en r\u00e9duisant les dommages caus\u00e9s par les traitements chimiques et les appareils chauffants.<\/div>\n<\/div>\n<div class=\"tab js-tab\">\n<h3 class=\"tab-title pdp-tabs_title js-tab-mobile-title\"><span>Mode d&#8217;emploi<\/span><\/h3>\n<div class=\"tab-description pdp-tabs_description js-tab-description\">Pr\u00e9parez les cheveux avec le shampooing fortifiant Damage Undo, s\u00e9chez les cheveux avec une serviette, appliquez de la racine aux pointes et laissez agir 5 minutes. Rincer abondamment.<\/div>\n<\/div>\n<div class=\"tab js-tab\">\n<h3 class=\"tab-title pdp-tabs_title js-tab-mobile-title\"><span>Ingr\u00e9dients<\/span><\/h3>\n<div class=\"tab-description pdp-tabs_description js-tab-description\">Aqua (Water, Eau), Cetearyl Alcohol, Cocos Nucifera (Coconut) Oil, Glycerin, CetrimoniumChloride, Panthenol, Aloe Barbadensis Leaf Juice, Hydrolyzed Vegetable Protein, Niacinamide, HelianthusAnnuus (Sunflower) Seed Oil, Calendula Officinalis Flower Extract, Hypericum Perforatum Flower\/Leaf\/StemExtract, Punica Granatum (Pomegranate) Bark Extract, Bisabolol, Polyamino Sugar Condensate, Citric Acid,Phenoxyethanol, Ethylhexylglycerin, Limonene, Linalool, Parfum (Fragrance).<\/div>\n<\/div>\n<div class=\"tab js-tab\">\n<h3 class=\"tab-title pdp-tabs_title js-tab-mobile-title\"><span>Livraison et stock<\/span><\/h3>\n<div class=\"tab-description pdp-tabs_description js-tab-description\">\n<div class=\"pdp-delivery_info\">\n<div class=\"content-asset\">Livraison et d\u00e9laisRetours et remboursements<\/div>\n<\/div>\n<\/div>\n<\/div>\n<\/div>\n<\/div>\n<\/div>\n","protected":false},"excerpt":{"rendered":"<p>Points cl\u00e9s Un syst\u00e8me de protection et de reconstruction r\u00e9volutionnaire qui reconstruit la tige capillaire&hellip;<\/p>\n","protected":false},"featured_media":30307,"comment_status":"open","ping_status":"closed","template":"","meta":[],"pwb-brand":[713],"product_cat":[617],"product_tag":[274,582,273],"class_list":{"0":"post-30309","1":"product","2":"type-product","3":"status-publish","4":"has-post-thumbnail","6":"pwb-brand-damage-undo","7":"product_cat-coiffure","8":"product_tag-coiffure","9":"product_tag-damage-undo","10":"product_tag-vegan","12":"first","13":"instock","14":"taxable","15":"shipping-taxable","16":"purchasable","17":"product-type-simple","18":"layout-style-3","19":"col-md-4 col-sm-4 col-xs-6","20":"col-lg-3","21":"product-has-gallery","22":"product-style-default"},"aioseo_notices":[],"brands":[{"id":713,"name":"Damage Undo","slug":"damage-undo"}],"_links":{"self":[{"href":"https:\/\/cheveuxluxe.com\/index.php\/wp-json\/wp\/v2\/product\/30309","targetHints":{"allow":["GET"]}}],"collection":[{"href":"https:\/\/cheveuxluxe.com\/index.php\/wp-json\/wp\/v2\/product"}],"about":[{"href":"https:\/\/cheveuxluxe.com\/index.php\/wp-json\/wp\/v2\/types\/product"}],"replies":[{"embeddable":true,"href":"https:\/\/cheveuxluxe.com\/index.php\/wp-json\/wp\/v2\/comments?post=30309"}],"version-history":[{"count":0,"href":"https:\/\/cheveuxluxe.com\/index.php\/wp-json\/wp\/v2\/product\/30309\/revisions"}],"wp:featuredmedia":[{"embeddable":true,"href":"https:\/\/cheveuxluxe.com\/index.php\/wp-json\/wp\/v2\/media\/30307"}],"wp:attachment":[{"href":"https:\/\/cheveuxluxe.com\/index.php\/wp-json\/wp\/v2\/media?parent=30309"}],"wp:term":[{"taxonomy":"pwb-brand","embeddable":true,"href":"https:\/\/cheveuxluxe.com\/index.php\/wp-json\/wp\/v2\/pwb-brand?post=30309"},{"taxonomy":"product_cat","embeddable":true,"href":"https:\/\/cheveuxluxe.com\/index.php\/wp-json\/wp\/v2\/product_cat?post=30309"},{"taxonomy":"product_tag","embeddable":true,"href":"https:\/\/cheveuxluxe.com\/index.php\/wp-json\/wp\/v2\/product_tag?post=30309"}],"curies":[{"name":"wp","href":"https:\/\/api.w.org\/{rel}","templated":true}]}}