{"id":30315,"date":"2024-04-09T22:39:48","date_gmt":"2024-04-09T22:39:48","guid":{"rendered":"https:\/\/cheveuxluxe.com\/index.php\/product\/argan-secret-masque-miracle-30ml\/"},"modified":"2024-04-13T14:26:42","modified_gmt":"2024-04-13T14:26:42","slug":"argan-secret-masque-miracle-30ml","status":"publish","type":"product","link":"https:\/\/cheveuxluxe.com\/index.php\/product\/argan-secret-masque-miracle-30ml\/","title":{"rendered":"Argan Secret Masque Miracle 30ml"},"content":{"rendered":"<div class=\"product-content_bottom\">\n<div class=\"pdp-info\">\n<div class=\"pdp-tabs tab-container\">\n<div class=\"tab js-tab\">\n<h3 class=\"tab-title pdp-tabs_title js-tab-mobile-title open\"><span>Points cl\u00e9s<\/span><\/h3>\n<div class=\"tab-description pdp-tabs_description js-tab-description open\" itemprop=\"description\">\n<ul>\n<li> Cheveux ab\u00eem\u00e9s<\/li>\n<li>Hydratation <\/li>\n<li>Cocktail r\u00e9parateur et protecteur <\/li>\n<li>Lissage <\/li>\n<\/ul>\n<\/div>\n<\/div>\n<div class=\"tab js-tab\">\n<h3 class=\"tab-title pdp-tabs_title js-tab-mobile-title\"><span>Description<\/span><\/h3>\n<div class=\"tab-description pdp-tabs_description js-tab-description\" itemprop=\"description\">Le secret pour redonner toute leur beaut\u00e9 aux cheveux fatigu\u00e9s ? Un masque enrichi en huile d\u2019argan, un ingr\u00e9dient ancestral connu sous le nom \u00ab d\u2019huile dor\u00e9e du Maroc \u00bb, qui contient de la vitamine E et des acides gras. Deux agents actifs reconnus pour leurs super-pouvoirs nourrissants et protecteurs.R\u00e9sultat ? Les cheveux sont liss\u00e9s, sans frisottis, et plus faciles \u00e0 coiffer. Avec ce masque Miracle, les cheveux sont \u00e9clatants de vitalit\u00e9 : hydrat\u00e9e en profondeur, la fibre capillaire est renforc\u00e9e et prot\u00e9g\u00e9e des agressions du quotidien (soleil, pollution, stress\u2026). Pour une efficacit\u00e9 hors pair, Argan Secret\u00ae int\u00e8gre dans sa gamme de produits un syst\u00e8me exclusif de transport des nutriments, qui optimise la p\u00e9n\u00e9tration des agents protecteurs.Sans sulfates, sans parab\u00e8nes ou phtalates, le masque Miracle d\u2019Argan Secret\u00ae est garanti sans test sur les animaux.On aime : sa fragrance unique \u00e0 base de menthol, eucalyptus et r\u00e9glisse !<\/div>\n<\/div>\n<div class=\"tab js-tab\">\n<h3 class=\"tab-title pdp-tabs_title js-tab-mobile-title\"><span>Mode d&#8217;emploi<\/span><\/h3>\n<div class=\"tab-description pdp-tabs_description js-tab-description\">Ce produit s\u2019applique sur cheveux humides, apr\u00e8s le shampooing. Appliquez uniform\u00e9ment, puis massez l\u00e9g\u00e8rement. Laissez poser entre 5 et 10 minutes, rincez abondamment, puis coiffez selon vos envies !<\/div>\n<\/div>\n<div class=\"tab js-tab\">\n<h3 class=\"tab-title pdp-tabs_title js-tab-mobile-title\"><span>Ingr\u00e9dients<\/span><\/h3>\n<div class=\"tab-description pdp-tabs_description js-tab-description\">Water, Cetyl Alcohol, Cetrimonium Bromide, Panthenol, Argania Spinosa (Argan) Kernel Oil, Cannabis Sativa (Hemp) Seed Oil, Helianthus Annuus (Sunflower) Seed Oil, Avena Sativa (Oat) Kernel Protein, Calendula Officinalis (Marigold) Flower Extract, Rosmarinus Officinalis (Rosemary) Leaf Extract, Manuka Honey, Citrus Aurantium Dulcis (Orange) Fruit Extract, Citrus Medica Limonum (Lemon) Fruit Extract, Vitis Vinifera (Grape) Seed Extract, Foeniculum Vulgare (Fennel) Fruit Extract, Chamomila Recutita (Matricaria) Flower Extract, Pyrus Malus (Apple) Fruit Extract, Aloe Barbadensis Leaf Juice, Glycerin, Cyclopentasiloxane, Amodimethicone, Cetrimonium Chloride, Trideceth-12, Ethylhexylglycerin, Phenoxyethanol, Fragrance.<\/div>\n<\/div>\n<div class=\"tab js-tab\">\n<h3 class=\"tab-title pdp-tabs_title js-tab-mobile-title\"><span>Livraison et stock<\/span><\/h3>\n<div class=\"tab-description pdp-tabs_description js-tab-description\">\n<div class=\"pdp-delivery_info\">\n<div class=\"content-asset\">Livraison et d\u00e9laisRetours et remboursements<\/div>\n<\/div>\n<\/div>\n<\/div>\n<\/div>\n<\/div>\n<\/div>\n","protected":false},"excerpt":{"rendered":"<p>Points cl\u00e9s Cheveux ab\u00eem\u00e9s Hydratation Cocktail r\u00e9parateur et protecteur Lissage Description Le secret pour redonner&hellip;<\/p>\n","protected":false},"featured_media":16084,"comment_status":"open","ping_status":"closed","template":"","meta":[],"pwb-brand":[624],"product_cat":[617],"product_tag":[595,274,273],"class_list":{"0":"post-30315","1":"product","2":"type-product","3":"status-publish","4":"has-post-thumbnail","6":"pwb-brand-argan-secret","7":"product_cat-coiffure","8":"product_tag-argan-secret","9":"product_tag-coiffure","10":"product_tag-vegan","12":"first","13":"instock","14":"taxable","15":"shipping-taxable","16":"purchasable","17":"product-type-simple","18":"layout-style-3","19":"col-md-4 col-sm-4 col-xs-6","20":"col-lg-3","21":"product-style-default"},"aioseo_notices":[],"brands":[{"id":624,"name":"Argan Secret","slug":"argan-secret"}],"_links":{"self":[{"href":"https:\/\/cheveuxluxe.com\/index.php\/wp-json\/wp\/v2\/product\/30315","targetHints":{"allow":["GET"]}}],"collection":[{"href":"https:\/\/cheveuxluxe.com\/index.php\/wp-json\/wp\/v2\/product"}],"about":[{"href":"https:\/\/cheveuxluxe.com\/index.php\/wp-json\/wp\/v2\/types\/product"}],"replies":[{"embeddable":true,"href":"https:\/\/cheveuxluxe.com\/index.php\/wp-json\/wp\/v2\/comments?post=30315"}],"version-history":[{"count":0,"href":"https:\/\/cheveuxluxe.com\/index.php\/wp-json\/wp\/v2\/product\/30315\/revisions"}],"wp:featuredmedia":[{"embeddable":true,"href":"https:\/\/cheveuxluxe.com\/index.php\/wp-json\/wp\/v2\/media\/16084"}],"wp:attachment":[{"href":"https:\/\/cheveuxluxe.com\/index.php\/wp-json\/wp\/v2\/media?parent=30315"}],"wp:term":[{"taxonomy":"pwb-brand","embeddable":true,"href":"https:\/\/cheveuxluxe.com\/index.php\/wp-json\/wp\/v2\/pwb-brand?post=30315"},{"taxonomy":"product_cat","embeddable":true,"href":"https:\/\/cheveuxluxe.com\/index.php\/wp-json\/wp\/v2\/product_cat?post=30315"},{"taxonomy":"product_tag","embeddable":true,"href":"https:\/\/cheveuxluxe.com\/index.php\/wp-json\/wp\/v2\/product_tag?post=30315"}],"curies":[{"name":"wp","href":"https:\/\/api.w.org\/{rel}","templated":true}]}}