{"id":30317,"date":"2024-04-09T22:39:49","date_gmt":"2024-04-09T22:39:49","guid":{"rendered":"https:\/\/cheveuxluxe.com\/index.php\/product\/xp100-laque-ultra-forte-500ml\/"},"modified":"2024-04-13T14:03:42","modified_gmt":"2024-04-13T14:03:42","slug":"xp100-laque-ultra-forte-500ml","status":"publish","type":"product","link":"https:\/\/cheveuxluxe.com\/index.php\/product\/xp100-laque-ultra-forte-500ml\/","title":{"rendered":"XP100 Laque Ultra Forte 500ml"},"content":{"rendered":"<div class=\"product-content_bottom\">\n<div class=\"pdp-info\">\n<div class=\"pdp-tabs tab-container\">\n<div class=\"tab js-tab\">\n<h3 class=\"tab-title pdp-tabs_title js-tab-mobile-title open\"><span>Points cl\u00e9s<\/span><\/h3>\n<div class=\"tab-description pdp-tabs_description js-tab-description open\" itemprop=\"description\">\n<ul>\n<li> Fixation forte et longue dur\u00e9e<\/li>\n<li>Effet brillant<\/li>\n<li>Volume suppl\u00e9mentaire<\/li>\n<li>Non collant<\/li>\n<li>S\u2019\u00e9limine facilement <\/li>\n<\/ul>\n<\/div>\n<\/div>\n<div class=\"tab js-tab\">\n<h3 class=\"tab-title pdp-tabs_title js-tab-mobile-title\"><span>Description<\/span><\/h3>\n<div class=\"tab-description pdp-tabs_description js-tab-description\" itemprop=\"description\">Laissez parler l\u2019artiste qui sommeille en vous avec Ultra Strong Hairspray de XP100. Ses agents de fixation maintiennent la chevelure en place pendant longtemps, m\u00eame dans des conditions extr\u00eames. Le vent et l\u2019humidit\u00e9 ne sont plus les ennemis de vos coiffures.Si vos clientes ont les cheveux fins, utilisez le spray pour leur apporter du corps. Ainsi, vous pourrez cr\u00e9er sans limites des coiffures hautes en volume.De la m\u00eame mani\u00e8re, gr\u00e2ce \u00e0 ce spray, vous apporterez une touche suppl\u00e9mentaire de brillance et d\u2019\u00e9clat \u00e0 la chevelure. Elle accroche la lumi\u00e8re et para\u00eet visiblement en bonne sant\u00e9.Le spray ne colle pas et s\u2019\u00e9limine tr\u00e8s facilement, en un coup de brosse ou lors du lavage des cheveux.<\/div>\n<\/div>\n<div class=\"tab js-tab\">\n<h3 class=\"tab-title pdp-tabs_title js-tab-mobile-title\"><span>Mode d&#8217;emploi<\/span><\/h3>\n<div class=\"tab-description pdp-tabs_description js-tab-description\">R\u00e9alisez la coiffure d\u00e9sir\u00e9e par la cliente, que vous fixerez ensuite avec le spray Ultra Strong de XP100.Une fois la coupe obtenue, vaporisez le produit sur la chevelure, en tenant la bombe \u00e0 30 centim\u00e8tres de la t\u00eate.Pour \u00f4ter le produit, brossez la chevelure ou faites un shampoing.<\/div>\n<\/div>\n<div class=\"tab js-tab\">\n<h3 class=\"tab-title pdp-tabs_title js-tab-mobile-title\"><span>Ingr\u00e9dients<\/span><\/h3>\n<div class=\"tab-description pdp-tabs_description js-tab-description\">AQUA, PROPANE, ISOBUTANE, OLETH-20, VP\/VA COPOLYMER, POLYQUATERNIUM-16, PARFUM, PVP\/DMAPA ACRYLATES COPOLYMER, BUTANE, PANTHENOL, CITRIC ACID.<\/div>\n<\/div>\n<div class=\"tab js-tab\">\n<h3 class=\"tab-title pdp-tabs_title js-tab-mobile-title\"><span>Livraison et stock<\/span><\/h3>\n<div class=\"tab-description pdp-tabs_description js-tab-description\">\n<div class=\"pdp-delivery_info\">\n<div class=\"content-asset\">Livraison et d\u00e9laisRetours et remboursements<\/div>\n<\/div>\n<\/div>\n<\/div>\n<div class=\"tab js-tab\">\n<h3 class=\"tab-title pdp-tabs_title js-tab-mobile-title\"><span>Pr\u00e9cautions d&#8217;emploi<\/span><\/h3>\n<div class=\"tab-description pdp-tabs_description js-tab-description\">Danger. A\u00e9rosol extr\u00eamement inflammable. Tenir \u00e0 l\u2019\u00e9cart de la chaleur\/des \u00e9tincelles\/des flammes nues\/des surfaces chaudes. \u2014 Ne pas fumer. Ne pas vaporiser sur une flamme nue ou sur toute autre source d\u2019ignition. R\u00e9cipient sous pression: ne pas perforer, ni br\u00fbler, m\u00eame apr\u00e8s usage. Prot\u00e9ger du rayonnement solaire. Peut \u00e9clater sous l\u2019effet de la chaleur. Ne pas exposer \u00e0 une temp\u00e9rature sup\u00e9rieure \u00e0 50 \u00b0C\/120 \u00b0F. Ne pas respirer les a\u00e9rosols. Utiliser seulement en plein air ou dans un endroit bien ventil\u00e9. Tenir hors de port\u00e9e des enfants. Suivre les directives d\u2019utilisation.<\/div>\n<\/div>\n<\/div>\n<\/div>\n<\/div>\n","protected":false},"excerpt":{"rendered":"<p>Points cl\u00e9s Fixation forte et longue dur\u00e9e Effet brillant Volume suppl\u00e9mentaire Non collant S\u2019\u00e9limine facilement&hellip;<\/p>\n","protected":false},"featured_media":18722,"comment_status":"open","ping_status":"closed","template":"","meta":[],"pwb-brand":[627],"product_cat":[596],"product_tag":[128,127,360],"class_list":{"0":"post-30317","1":"product","2":"type-product","3":"status-publish","4":"has-post-thumbnail","6":"pwb-brand-xp100","7":"product_cat-produit-coiffant-et-fixant","8":"product_tag-produit-coiffant-et-fixant","9":"product_tag-shampooing-et-coiffure","10":"product_tag-xp100","12":"first","13":"instock","14":"taxable","15":"shipping-taxable","16":"purchasable","17":"product-type-simple","18":"layout-style-3","19":"col-md-4 col-sm-4 col-xs-6","20":"col-lg-3","21":"product-style-default"},"aioseo_notices":[],"brands":[{"id":627,"name":"XP100","slug":"xp100"}],"_links":{"self":[{"href":"https:\/\/cheveuxluxe.com\/index.php\/wp-json\/wp\/v2\/product\/30317","targetHints":{"allow":["GET"]}}],"collection":[{"href":"https:\/\/cheveuxluxe.com\/index.php\/wp-json\/wp\/v2\/product"}],"about":[{"href":"https:\/\/cheveuxluxe.com\/index.php\/wp-json\/wp\/v2\/types\/product"}],"replies":[{"embeddable":true,"href":"https:\/\/cheveuxluxe.com\/index.php\/wp-json\/wp\/v2\/comments?post=30317"}],"version-history":[{"count":0,"href":"https:\/\/cheveuxluxe.com\/index.php\/wp-json\/wp\/v2\/product\/30317\/revisions"}],"wp:featuredmedia":[{"embeddable":true,"href":"https:\/\/cheveuxluxe.com\/index.php\/wp-json\/wp\/v2\/media\/18722"}],"wp:attachment":[{"href":"https:\/\/cheveuxluxe.com\/index.php\/wp-json\/wp\/v2\/media?parent=30317"}],"wp:term":[{"taxonomy":"pwb-brand","embeddable":true,"href":"https:\/\/cheveuxluxe.com\/index.php\/wp-json\/wp\/v2\/pwb-brand?post=30317"},{"taxonomy":"product_cat","embeddable":true,"href":"https:\/\/cheveuxluxe.com\/index.php\/wp-json\/wp\/v2\/product_cat?post=30317"},{"taxonomy":"product_tag","embeddable":true,"href":"https:\/\/cheveuxluxe.com\/index.php\/wp-json\/wp\/v2\/product_tag?post=30317"}],"curies":[{"name":"wp","href":"https:\/\/api.w.org\/{rel}","templated":true}]}}