{"id":30318,"date":"2024-04-09T22:39:49","date_gmt":"2024-04-09T22:39:49","guid":{"rendered":"https:\/\/cheveuxluxe.com\/index.php\/product\/xp100-volume-mousse-extra-forte-300ml\/"},"modified":"2024-04-13T14:03:43","modified_gmt":"2024-04-13T14:03:43","slug":"xp100-volume-mousse-extra-forte-300ml","status":"publish","type":"product","link":"https:\/\/cheveuxluxe.com\/index.php\/product\/xp100-volume-mousse-extra-forte-300ml\/","title":{"rendered":"XP100 Volume Mousse Extra Forte 300ml"},"content":{"rendered":"<div class=\"product-content_bottom\">\n<div class=\"pdp-info\">\n<div class=\"pdp-tabs tab-container\">\n<div class=\"tab js-tab\">\n<h3 class=\"tab-title pdp-tabs_title js-tab-mobile-title open\"><span>Points cl\u00e9s<\/span><\/h3>\n<div class=\"tab-description pdp-tabs_description js-tab-description open\" itemprop=\"description\">\n<ul>\n<li> Volume<\/li>\n<li>Tenue tr\u00e8s forte<\/li>\n<li>Cheveux normaux \u00e0 boucl\u00e9s<\/li>\n<li>Douceur et brillance <\/li>\n<\/ul>\n<\/div>\n<\/div>\n<div class=\"tab js-tab\">\n<h3 class=\"tab-title pdp-tabs_title js-tab-mobile-title\"><span>Description<\/span><\/h3>\n<div class=\"tab-description pdp-tabs_description js-tab-description\" itemprop=\"description\">XP100 a imagin\u00e9 une mousse sp\u00e9cialement d\u00e9di\u00e9e au volume : sa texture l\u00e9g\u00e8re et agr\u00e9able \u00e0 appliquer gonfle visiblement et durablement les cheveux. Vos coiffures prennent de l\u2019ampleur, vos clients d\u00e9couvrent que de nouveaux styles leur sont accessibles !Vous avez apport\u00e9 \u00e0 votre cr\u00e9ation le volume que vous aviez imagin\u00e9 ? Ce volume, la mousse Extra Strong Volume le maintiendra longtemps gr\u00e2ce \u00e0 sa tenue tr\u00e8s forte : les cheveux sont doux et brillants et le rendu naturel sans effet carton.<\/div>\n<\/div>\n<div class=\"tab js-tab\">\n<h3 class=\"tab-title pdp-tabs_title js-tab-mobile-title\"><span>Mode d&#8217;emploi<\/span><\/h3>\n<div class=\"tab-description pdp-tabs_description js-tab-description\">Agitez le flacon avant usage, puis tenez-le t\u00eate en bas avant de vaporiser la quantit\u00e9 d\u00e9sir\u00e9e de produit dans la paume de votre main. Pour un r\u00e9sultat naturel, r\u00e9partissez uniform\u00e9ment la mousse dans les cheveux avec le bout des doigts.<\/div>\n<\/div>\n<div class=\"tab js-tab\">\n<h3 class=\"tab-title pdp-tabs_title js-tab-mobile-title\"><span>Ingr\u00e9dients<\/span><\/h3>\n<div class=\"tab-description pdp-tabs_description js-tab-description\">AQUA(7732-18-5), ISOBUTANE(75-28-5), ALCOHOL DENAT., PROPANE(74-98-6), PVP(9003-39-8), POLYQUATERNIUM-16(95144-24-4), OLETH-20(9004-98-2), PEG-12 DIMETHICONE, PVP\/DMAPA ACRYLATES COPOLYMER, BUTANE(106-97-8), POLYSORBATE 20(9005-64-5), PARFUM, PANTHENOL(81-13-0), CITRIC ACID(77-92-9), POLYAMINOPROPYL BIGUANIDE(32289-58-0), HEXYL CINNAMAL(101-86-0), BENZYL SALICYLATE(118-58-1), LINALOOL(78-70-6)<\/div>\n<\/div>\n<div class=\"tab js-tab\">\n<h3 class=\"tab-title pdp-tabs_title js-tab-mobile-title\"><span>Livraison et stock<\/span><\/h3>\n<div class=\"tab-description pdp-tabs_description js-tab-description\">\n<div class=\"pdp-delivery_info\">\n<div class=\"content-asset\">Livraison et d\u00e9laisRetours et remboursements<\/div>\n<\/div>\n<\/div>\n<\/div>\n<div class=\"tab js-tab\">\n<h3 class=\"tab-title pdp-tabs_title js-tab-mobile-title\"><span>Pr\u00e9cautions d&#8217;emploi<\/span><\/h3>\n<div class=\"tab-description pdp-tabs_description js-tab-description\">Danger. A\u00e9rosol extr\u00eamement inflammable. Tenir \u00e0 l\u2019\u00e9cart de la chaleur\/des \u00e9tincelles\/des flammes nues\/des surfaces chaudes. \u2014 Ne pas fumer. Ne pas vaporiser sur une flamme nue ou sur toute autre source d\u2019ignition. R\u00e9cipient sous pression: ne pas perforer, ni br\u00fbler, m\u00eame apr\u00e8s usage. Prot\u00e9ger du rayonnement solaire. Peut \u00e9clater sous l\u2019effet de la chaleur. Ne pas exposer \u00e0 une temp\u00e9rature sup\u00e9rieure \u00e0 50 \u00b0C\/120 \u00b0F. Ne pas respirer les a\u00e9rosols. Utiliser seulement en plein air ou dans un endroit bien ventil\u00e9. Tenir hors de port\u00e9e des enfants. Suivre les directives d\u2019utilisation.<\/div>\n<\/div>\n<\/div>\n<\/div>\n<\/div>\n","protected":false},"excerpt":{"rendered":"<p>Points cl\u00e9s Volume Tenue tr\u00e8s forte Cheveux normaux \u00e0 boucl\u00e9s Douceur et brillance Description XP100&hellip;<\/p>\n","protected":false},"featured_media":21611,"comment_status":"open","ping_status":"closed","template":"","meta":[],"pwb-brand":[627],"product_cat":[596],"product_tag":[128,127,360],"class_list":{"0":"post-30318","1":"product","2":"type-product","3":"status-publish","4":"has-post-thumbnail","6":"pwb-brand-xp100","7":"product_cat-produit-coiffant-et-fixant","8":"product_tag-produit-coiffant-et-fixant","9":"product_tag-shampooing-et-coiffure","10":"product_tag-xp100","12":"first","13":"instock","14":"taxable","15":"shipping-taxable","16":"purchasable","17":"product-type-simple","18":"layout-style-3","19":"col-md-4 col-sm-4 col-xs-6","20":"col-lg-3","21":"product-style-default"},"aioseo_notices":[],"brands":[{"id":627,"name":"XP100","slug":"xp100"}],"_links":{"self":[{"href":"https:\/\/cheveuxluxe.com\/index.php\/wp-json\/wp\/v2\/product\/30318","targetHints":{"allow":["GET"]}}],"collection":[{"href":"https:\/\/cheveuxluxe.com\/index.php\/wp-json\/wp\/v2\/product"}],"about":[{"href":"https:\/\/cheveuxluxe.com\/index.php\/wp-json\/wp\/v2\/types\/product"}],"replies":[{"embeddable":true,"href":"https:\/\/cheveuxluxe.com\/index.php\/wp-json\/wp\/v2\/comments?post=30318"}],"version-history":[{"count":0,"href":"https:\/\/cheveuxluxe.com\/index.php\/wp-json\/wp\/v2\/product\/30318\/revisions"}],"wp:featuredmedia":[{"embeddable":true,"href":"https:\/\/cheveuxluxe.com\/index.php\/wp-json\/wp\/v2\/media\/21611"}],"wp:attachment":[{"href":"https:\/\/cheveuxluxe.com\/index.php\/wp-json\/wp\/v2\/media?parent=30318"}],"wp:term":[{"taxonomy":"pwb-brand","embeddable":true,"href":"https:\/\/cheveuxluxe.com\/index.php\/wp-json\/wp\/v2\/pwb-brand?post=30318"},{"taxonomy":"product_cat","embeddable":true,"href":"https:\/\/cheveuxluxe.com\/index.php\/wp-json\/wp\/v2\/product_cat?post=30318"},{"taxonomy":"product_tag","embeddable":true,"href":"https:\/\/cheveuxluxe.com\/index.php\/wp-json\/wp\/v2\/product_tag?post=30318"}],"curies":[{"name":"wp","href":"https:\/\/api.w.org\/{rel}","templated":true}]}}