{"id":30321,"date":"2024-04-09T22:39:55","date_gmt":"2024-04-09T22:39:55","guid":{"rendered":"https:\/\/cheveuxluxe.com\/index.php\/product\/xp100-pate-modelante-100ml\/"},"modified":"2024-04-13T14:03:44","modified_gmt":"2024-04-13T14:03:44","slug":"xp100-pate-modelante-100ml","status":"publish","type":"product","link":"https:\/\/cheveuxluxe.com\/index.php\/product\/xp100-pate-modelante-100ml\/","title":{"rendered":"XP100 P\u00e2te Modelante 100ml"},"content":{"rendered":"<div class=\"product-content_bottom\">\n<div class=\"pdp-info\">\n<div class=\"pdp-tabs tab-container\">\n<div class=\"tab js-tab\">\n<h3 class=\"tab-title pdp-tabs_title js-tab-mobile-title open\"><span>Points cl\u00e9s<\/span><\/h3>\n<div class=\"tab-description pdp-tabs_description js-tab-description open\" itemprop=\"description\">\n<ul>\n<li> Fixation 2<\/li>\n<li>Tenue longue dur\u00e9e<\/li>\n<li>Rendu naturel<\/li>\n<li>Produit de finition et de texture<\/li>\n<li>Facilite le coiffage <\/li>\n<\/ul>\n<\/div>\n<\/div>\n<div class=\"tab js-tab\">\n<h3 class=\"tab-title pdp-tabs_title js-tab-mobile-title\"><span>Description<\/span><\/h3>\n<div class=\"tab-description pdp-tabs_description js-tab-description\" itemprop=\"description\">Certains cheveux, notamment lorsqu\u2019ils sont courts ou fins, peuvent \u00eatre difficiles \u00e0 travailler. Vous avez du mal \u00e0 r\u00e9aliser la coiffure, qui retombe au premier coup de vent. Shaping Paste de XP100 est une p\u00e2te qui permet de texturer la coupe et de la fixer afin qu\u2019elle dure plus longtemps.Votre cr\u00e9ativit\u00e9 ne conna\u00eet plus de limites. Vous sculptez d\u2019\u00e9l\u00e9gantes coiffures plaqu\u00e9es ou \u00e9bouriff\u00e9es, vous modelez le cheveu du bout des doigts jusqu\u2019\u00e0 obtenir le r\u00e9sultat escompt\u00e9.Les agents de fixation de niveau 2 de la p\u00e2te offrent un maintien durable, mais sans donner un aspect ou un toucher carton aux cheveux. Contrairement \u00e0 certains produits de finition, le rendu semble parfaitement naturel.<\/div>\n<\/div>\n<div class=\"tab js-tab\">\n<h3 class=\"tab-title pdp-tabs_title js-tab-mobile-title\"><span>Mode d&#8217;emploi<\/span><\/h3>\n<div class=\"tab-description pdp-tabs_description js-tab-description\">Pr\u00e9levez une petite quantit\u00e9 de Shaping Paste de XP100 et r\u00e9chauffez-la au creux des mains.Travaillez la chevelure m\u00e8che par m\u00e8che et appliquez au fur et \u00e0 mesure de petites touches de produit jusqu\u2019\u00e0 obtenir la coiffure d\u00e9sir\u00e9e.Vous \u00e9liminerez le produit lors du prochain shampoing.<\/div>\n<\/div>\n<div class=\"tab js-tab\">\n<h3 class=\"tab-title pdp-tabs_title js-tab-mobile-title\"><span>Ingr\u00e9dients<\/span><\/h3>\n<div class=\"tab-description pdp-tabs_description js-tab-description\">Aqua (Water), Alcohol Denat. (Alcohol), Lanolin, Petrolatum,Cetearyl Alcohol, PVP, Paraffinum Liquidum (Mineral Oil), Ethylhexyl Palmitate, VP\/VA Copolymer, Propylene Glycol,Copernicia Cerifera (Carnauba) Wax, Ceteareth-20, PEG-40 Hydrogenated Castor Oil, Ozokerite, Limonene, Parfum (Fragrance), Diazolidinyl Urea, Iodopropynyl Butylcarbamate<\/div>\n<\/div>\n<div class=\"tab js-tab\">\n<h3 class=\"tab-title pdp-tabs_title js-tab-mobile-title\"><span>Livraison et stock<\/span><\/h3>\n<div class=\"tab-description pdp-tabs_description js-tab-description\">\n<div class=\"pdp-delivery_info\">\n<div class=\"content-asset\">Livraison et d\u00e9laisRetours et remboursements<\/div>\n<\/div>\n<\/div>\n<\/div>\n<div class=\"tab js-tab\">\n<h3 class=\"tab-title pdp-tabs_title js-tab-mobile-title\"><span>Pr\u00e9cautions d&#8217;emploi<\/span><\/h3>\n<div class=\"tab-description pdp-tabs_description js-tab-description\">Ne pas utiliser sur des enfants de moins de 3 ans.<\/div>\n<\/div>\n<\/div>\n<\/div>\n<\/div>\n","protected":false},"excerpt":{"rendered":"<p>Points cl\u00e9s Fixation 2 Tenue longue dur\u00e9e Rendu naturel Produit de finition et de texture&hellip;<\/p>\n","protected":false},"featured_media":15992,"comment_status":"open","ping_status":"closed","template":"","meta":[],"pwb-brand":[627],"product_cat":[596],"product_tag":[128,127,360],"class_list":{"0":"post-30321","1":"product","2":"type-product","3":"status-publish","4":"has-post-thumbnail","6":"pwb-brand-xp100","7":"product_cat-produit-coiffant-et-fixant","8":"product_tag-produit-coiffant-et-fixant","9":"product_tag-shampooing-et-coiffure","10":"product_tag-xp100","12":"first","13":"instock","14":"taxable","15":"shipping-taxable","16":"purchasable","17":"product-type-simple","18":"layout-style-3","19":"col-md-4 col-sm-4 col-xs-6","20":"col-lg-3","21":"product-style-default"},"aioseo_notices":[],"brands":[{"id":627,"name":"XP100","slug":"xp100"}],"_links":{"self":[{"href":"https:\/\/cheveuxluxe.com\/index.php\/wp-json\/wp\/v2\/product\/30321","targetHints":{"allow":["GET"]}}],"collection":[{"href":"https:\/\/cheveuxluxe.com\/index.php\/wp-json\/wp\/v2\/product"}],"about":[{"href":"https:\/\/cheveuxluxe.com\/index.php\/wp-json\/wp\/v2\/types\/product"}],"replies":[{"embeddable":true,"href":"https:\/\/cheveuxluxe.com\/index.php\/wp-json\/wp\/v2\/comments?post=30321"}],"version-history":[{"count":0,"href":"https:\/\/cheveuxluxe.com\/index.php\/wp-json\/wp\/v2\/product\/30321\/revisions"}],"wp:featuredmedia":[{"embeddable":true,"href":"https:\/\/cheveuxluxe.com\/index.php\/wp-json\/wp\/v2\/media\/15992"}],"wp:attachment":[{"href":"https:\/\/cheveuxluxe.com\/index.php\/wp-json\/wp\/v2\/media?parent=30321"}],"wp:term":[{"taxonomy":"pwb-brand","embeddable":true,"href":"https:\/\/cheveuxluxe.com\/index.php\/wp-json\/wp\/v2\/pwb-brand?post=30321"},{"taxonomy":"product_cat","embeddable":true,"href":"https:\/\/cheveuxluxe.com\/index.php\/wp-json\/wp\/v2\/product_cat?post=30321"},{"taxonomy":"product_tag","embeddable":true,"href":"https:\/\/cheveuxluxe.com\/index.php\/wp-json\/wp\/v2\/product_tag?post=30321"}],"curies":[{"name":"wp","href":"https:\/\/api.w.org\/{rel}","templated":true}]}}