{"id":30328,"date":"2024-04-09T22:40:02","date_gmt":"2024-04-09T22:40:02","guid":{"rendered":"https:\/\/cheveuxluxe.com\/index.php\/product\/wella-professionals-eimi-natural-volume-mousse-volumisante-legere-75ml\/"},"modified":"2024-04-13T14:03:47","modified_gmt":"2024-04-13T14:03:47","slug":"wella-professionals-eimi-natural-volume-mousse-volumisante-legere-75ml","status":"publish","type":"product","link":"https:\/\/cheveuxluxe.com\/index.php\/product\/wella-professionals-eimi-natural-volume-mousse-volumisante-legere-75ml\/","title":{"rendered":"Wella Professionals EIMI Natural Volume Mousse Volumisante L\u00e9g\u00e8re 75ml"},"content":{"rendered":"<div class=\"product-content_bottom\">\n<div class=\"pdp-info\">\n<div class=\"pdp-tabs tab-container\">\n<div class=\"tab js-tab\">\n<h3 class=\"tab-title pdp-tabs_title js-tab-mobile-title open\"><span>Points cl\u00e9s<\/span><\/h3>\n<div class=\"tab-description pdp-tabs_description js-tab-description open\" itemprop=\"description\">\n<ul>\n<li>Volume<\/li>\n<li>Tenue l\u00e9g\u00e8re<\/li>\n<li>Texture mousse<\/li>\n<p>Protection<\/ul>\n<\/div>\n<\/div>\n<div class=\"tab js-tab\">\n<h3 class=\"tab-title pdp-tabs_title js-tab-mobile-title\"><span>Description<\/span><\/h3>\n<div class=\"tab-description pdp-tabs_description js-tab-description\" itemprop=\"description\">Les cheveux en bonne sant\u00e9 sont naturellement brillants et souples.<br \/>Sollicit\u00e9s au quotidien, m\u00eame les plus vigoureux peuvent parfois avoir besoin de votre aide. Si le s\u00e8che-cheveux fait partie de leur routine, vous leur donnerez un v\u00e9ritable coup de pouce en faisant appel \u00e0 la mousse Eimi Natural Volume.<br \/>Avec cette mousse \u00e0 tenue l\u00e9g\u00e8re Wella Professionals\u00ae, les cheveux sont prot\u00e9g\u00e9s de la d\u00e9shydratation du s\u00e9chage sans rien perdre de leur souplesse naturelle.<br \/>R\u00e9sultat : votre coiffure n\u2019est pas fig\u00e9e mais vous lui avez donn\u00e9 la petite touche de volume qui fait toute la diff\u00e9rence !<br \/>On aime : sa nouvelle formule homog\u00e8ne qui rend son application plus simple sur tous les types de coiffure.<\/div>\n<\/div>\n<div class=\"tab js-tab\">\n<h3 class=\"tab-title pdp-tabs_title js-tab-mobile-title\"><span>Mode d&#8217;emploi<\/span><\/h3>\n<div class=\"tab-description pdp-tabs_description js-tab-description\">Agitez le flacon juste avant l\u2019utilisation.<br \/>R\u00e9partissez le produit des racines aux pointes, sur cheveux humides puis s\u00e9chez au s\u00e8che-cheveux.<br \/>Pour donner du volume aux cheveux boucl\u00e9s, travaillez de pr\u00e9f\u00e9rence avec l\u2019embout diffuseur de votre s\u00e9choir !<br \/>Le conseil de pro : d\u00e9posez une grosse noix de mousse dans la paume de votre main et utilisez un peigne pour r\u00e9partir uniform\u00e9ment sur la chevelure, sans surcharge !<\/div>\n<\/div>\n<div class=\"tab js-tab\">\n<h3 class=\"tab-title pdp-tabs_title js-tab-mobile-title\"><span>Ingr\u00e9dients<\/span><\/h3>\n<div class=\"tab-description pdp-tabs_description js-tab-description\">Aqua, Alcohol Denat., Propane, Butane, Isobutane, Polyquaternium-11, Phenoxyethanol, Panthenol, Laureth-4, Parfum, Methylparaben, Cetrimonium Chloride, Isopropyl Alcohol, Caprylyl Glycol, Linalool, Hexyl Cinnamal, Geraniol, Citric Acid, Limonene, Citronellol, Alpha-Isomethyl Ionone<\/div>\n<\/div>\n<div class=\"tab js-tab\">\n<h3 class=\"tab-title pdp-tabs_title js-tab-mobile-title\"><span>Livraison et stock<\/span><\/h3>\n<div class=\"tab-description pdp-tabs_description js-tab-description\">\n<div class=\"pdp-delivery_info\">\n<div class=\"content-asset\">Livraison et d\u00e9laisRetours et remboursements<\/div>\n<\/div>\n<\/div>\n<\/div>\n<div class=\"tab js-tab\">\n<h3 class=\"tab-title pdp-tabs_title js-tab-mobile-title\"><span>Pr\u00e9cautions d&#8217;emploi<\/span><\/h3>\n<div class=\"tab-description pdp-tabs_description js-tab-description\">A\u00e9rosol hautement inflammable.<br \/>Conteneur sous pression : peut exploser s\u2019il est chauff\u00e9.<br \/>Tenir \u00e0 l\u2019\u00e9cart de la chaleur, des surfaces chaudes, des \u00e9tincelles, des flammes nues ou d\u2019autres sources d\u2019inflammation.<br \/>Ne pas fumer.<br \/>Ne pas vaporiser sur une flamme nue ou d\u2019autres sources d\u2019inflammation.<br \/>Ne pas percer, ni br\u00fbler, m\u00eame apr\u00e8s usage.<br \/>Prot\u00e9ger des rayons du soleil.<br \/>Ne pas exposer \u00e0 des temp\u00e9ratures d\u00e9passant 50 \u00b0C.<br \/>Tenir hors de port\u00e9e des enfants.<br \/>Ne pas inhaler intentionnellement.<br \/>Ne pas vaporiser dans les yeux.<br \/>Exclusivement destin\u00e9 \u00e0 l\u2019usage pr\u00e9vu.<br \/>Le flacon doit \u00eatre enti\u00e8rement vide avant d\u2019\u00eatre jet\u00e9.<\/div>\n<\/div>\n<\/div>\n<\/div>\n<\/div>\n","protected":false},"excerpt":{"rendered":"<p>Points cl\u00e9s Volume Tenue l\u00e9g\u00e8re Texture mousse Protection Description Les cheveux en bonne sant\u00e9 sont&hellip;<\/p>\n","protected":false},"featured_media":15737,"comment_status":"open","ping_status":"closed","template":"","meta":[],"pwb-brand":[648],"product_cat":[596],"product_tag":[128,127,323],"class_list":{"0":"post-30328","1":"product","2":"type-product","3":"status-publish","4":"has-post-thumbnail","6":"pwb-brand-wella-professionals","7":"product_cat-produit-coiffant-et-fixant","8":"product_tag-produit-coiffant-et-fixant","9":"product_tag-shampooing-et-coiffure","10":"product_tag-wella-professionals","12":"first","13":"instock","14":"taxable","15":"shipping-taxable","16":"purchasable","17":"product-type-simple","18":"layout-style-3","19":"col-md-4 col-sm-4 col-xs-6","20":"col-lg-3","21":"product-style-default"},"aioseo_notices":[],"brands":[{"id":648,"name":"Wella Professionals","slug":"wella-professionals"}],"_links":{"self":[{"href":"https:\/\/cheveuxluxe.com\/index.php\/wp-json\/wp\/v2\/product\/30328","targetHints":{"allow":["GET"]}}],"collection":[{"href":"https:\/\/cheveuxluxe.com\/index.php\/wp-json\/wp\/v2\/product"}],"about":[{"href":"https:\/\/cheveuxluxe.com\/index.php\/wp-json\/wp\/v2\/types\/product"}],"replies":[{"embeddable":true,"href":"https:\/\/cheveuxluxe.com\/index.php\/wp-json\/wp\/v2\/comments?post=30328"}],"version-history":[{"count":0,"href":"https:\/\/cheveuxluxe.com\/index.php\/wp-json\/wp\/v2\/product\/30328\/revisions"}],"wp:featuredmedia":[{"embeddable":true,"href":"https:\/\/cheveuxluxe.com\/index.php\/wp-json\/wp\/v2\/media\/15737"}],"wp:attachment":[{"href":"https:\/\/cheveuxluxe.com\/index.php\/wp-json\/wp\/v2\/media?parent=30328"}],"wp:term":[{"taxonomy":"pwb-brand","embeddable":true,"href":"https:\/\/cheveuxluxe.com\/index.php\/wp-json\/wp\/v2\/pwb-brand?post=30328"},{"taxonomy":"product_cat","embeddable":true,"href":"https:\/\/cheveuxluxe.com\/index.php\/wp-json\/wp\/v2\/product_cat?post=30328"},{"taxonomy":"product_tag","embeddable":true,"href":"https:\/\/cheveuxluxe.com\/index.php\/wp-json\/wp\/v2\/product_tag?post=30328"}],"curies":[{"name":"wp","href":"https:\/\/api.w.org\/{rel}","templated":true}]}}