{"id":30352,"date":"2024-04-09T22:40:59","date_gmt":"2024-04-09T22:40:59","guid":{"rendered":"https:\/\/cheveuxluxe.com\/index.php\/product\/wella-professionals-eimi-super-set-spray-de-finition-extra-fort-500ml\/"},"modified":"2024-04-13T14:03:52","modified_gmt":"2024-04-13T14:03:52","slug":"wella-professionals-eimi-super-set-spray-de-finition-extra-fort-500ml","status":"publish","type":"product","link":"https:\/\/cheveuxluxe.com\/index.php\/product\/wella-professionals-eimi-super-set-spray-de-finition-extra-fort-500ml\/","title":{"rendered":"Wella Professionals EIMI Super Set Spray de Finition Extra-Fort 500ml"},"content":{"rendered":"<div class=\"product-content_bottom\">\n<div class=\"pdp-info\">\n<div class=\"pdp-tabs tab-container\">\n<div class=\"tab js-tab\">\n<h3 class=\"tab-title pdp-tabs_title js-tab-mobile-title open\"><span>Points cl\u00e9s<\/span><\/h3>\n<div class=\"tab-description pdp-tabs_description js-tab-description open\" itemprop=\"description\">\n<ul>\n<li> Ultra fixant <\/li>\n<li>Protection<\/li>\n<li>Ne colle pas <\/li>\n<li>Tout type de cheveux <\/li>\n<\/ul>\n<\/div>\n<\/div>\n<div class=\"tab js-tab\">\n<h3 class=\"tab-title pdp-tabs_title js-tab-mobile-title\"><span>Description<\/span><\/h3>\n<div class=\"tab-description pdp-tabs_description js-tab-description\" itemprop=\"description\">Pour des coiffures sur-mesure, faites confiance au professionnel des produits fixants ! Gr\u00e2ce \u00e0 ce spray de finition tenue 4, vos id\u00e9es les plus incroyables deviendront r\u00e9alit\u00e9 en quelques gestes. Ce spray de la gamme Eimi de Wella Professionals\u00ae vous promet une fixation extra forte pour vos cr\u00e9ations sur tout type de cheveux, des plus extravagantes aux plus classiques.La formule exclusive de ce produit prot\u00e8ge les cheveux des agressions ext\u00e9rieures : Super Set est enrichi en agents actifs qui pr\u00e9servent la fibre capillaire de l\u2019humidit\u00e9, des rayons UV ou encore de la chaleur.Sans r\u00e9sidus, il s\u2019enl\u00e8ve facilement au brossage. Avec sa fragrance l\u00e9g\u00e8re, ce produit vous sera tr\u00e8s vite indispensable !<\/div>\n<\/div>\n<div class=\"tab js-tab\">\n<h3 class=\"tab-title pdp-tabs_title js-tab-mobile-title\"><span>Mode d&#8217;emploi<\/span><\/h3>\n<div class=\"tab-description pdp-tabs_description js-tab-description\">Super Set vous autorise toutes les folies sur tous types de cheveux, courts comme longs. Ce spray fixant est id\u00e9al pour figer un mouvement.Pour faciliter la vaporisation du produit, agitez vigoureusement le flacon avant utilisation. Appliquez de mani\u00e8re uniforme \u00e0 environ 30 centim\u00e8tres de la chevelure.<\/div>\n<\/div>\n<div class=\"tab js-tab\">\n<h3 class=\"tab-title pdp-tabs_title js-tab-mobile-title\"><span>Ingr\u00e9dients<\/span><\/h3>\n<div class=\"tab-description pdp-tabs_description js-tab-description\">Dimethyl Ether, Alcohol Denat., Octylacrylamide, Acrylates, Butylaminoethyl Methacrylate Copolymer, Aminomethyl Propanol, Vp, Va Copolymer, Isopropyl Alcohol, Parfum, Panthenol, Hexyl Cinnamal, Linalool, Triethyl Citrate, Phenyl Trimethicone, Ethylhexyl Methoxycinnamate, Limonene, Citronellol<\/div>\n<\/div>\n<div class=\"tab js-tab\">\n<h3 class=\"tab-title pdp-tabs_title js-tab-mobile-title\"><span>Livraison et stock<\/span><\/h3>\n<div class=\"tab-description pdp-tabs_description js-tab-description\">\n<div class=\"pdp-delivery_info\">\n<div class=\"content-asset\">Livraison et d\u00e9laisRetours et remboursements<\/div>\n<\/div>\n<\/div>\n<\/div>\n<div class=\"tab js-tab\">\n<h3 class=\"tab-title pdp-tabs_title js-tab-mobile-title\"><span>Pr\u00e9cautions d&#8217;emploi<\/span><\/h3>\n<div class=\"tab-description pdp-tabs_description js-tab-description\">A\u00e9rosol hautement inflammable.<br \/>Conteneur sous pression : peut exploser s\u2019il est chauff\u00e9.<br \/>Tenir \u00e0 l\u2019\u00e9cart des sources de chaleur, des surfaces chaudes, des \u00e9tincelles, des flammes nues et d\u2019autres sources d\u2019inflammation.<br \/>Ne pas fumer.<br \/>Ne pas vaporiser sur une flamme nue ou une autre source d\u2019inflammation.<br \/>Ne pas percer ou br\u00fbler, m\u00eame apr\u00e8s usage.<br \/>Prot\u00e9ger des rayons du soleil.<br \/>Ne pas exposer \u00e0 des temp\u00e9ratures d\u00e9passant 50 \u00b0C.<br \/>Tenir hors de port\u00e9e des enfants.<br \/>Ne pas inhaler intentionnellement.<br \/>Ne pas vaporiser dans les yeux.<br \/>Exclusivement destin\u00e9 \u00e0 l\u2019usage pr\u00e9vu.<br \/>Le flacon doit \u00eatre compl\u00e8tement vide avant d\u2019\u00eatre jet\u00e9.<\/div>\n<\/div>\n<\/div>\n<\/div>\n<\/div>\n","protected":false},"excerpt":{"rendered":"<p>Points cl\u00e9s Ultra fixant Protection Ne colle pas Tout type de cheveux Description Pour des&hellip;<\/p>\n","protected":false},"featured_media":30347,"comment_status":"open","ping_status":"closed","template":"","meta":[],"pwb-brand":[648],"product_cat":[596],"product_tag":[128,127,323],"class_list":{"0":"post-30352","1":"product","2":"type-product","3":"status-publish","4":"has-post-thumbnail","6":"pwb-brand-wella-professionals","7":"product_cat-produit-coiffant-et-fixant","8":"product_tag-produit-coiffant-et-fixant","9":"product_tag-shampooing-et-coiffure","10":"product_tag-wella-professionals","12":"first","13":"instock","14":"taxable","15":"shipping-taxable","16":"purchasable","17":"product-type-simple","18":"layout-style-3","19":"col-md-4 col-sm-4 col-xs-6","20":"col-lg-3","21":"product-has-gallery","22":"product-style-default"},"aioseo_notices":[],"brands":[{"id":648,"name":"Wella Professionals","slug":"wella-professionals"}],"_links":{"self":[{"href":"https:\/\/cheveuxluxe.com\/index.php\/wp-json\/wp\/v2\/product\/30352","targetHints":{"allow":["GET"]}}],"collection":[{"href":"https:\/\/cheveuxluxe.com\/index.php\/wp-json\/wp\/v2\/product"}],"about":[{"href":"https:\/\/cheveuxluxe.com\/index.php\/wp-json\/wp\/v2\/types\/product"}],"replies":[{"embeddable":true,"href":"https:\/\/cheveuxluxe.com\/index.php\/wp-json\/wp\/v2\/comments?post=30352"}],"version-history":[{"count":0,"href":"https:\/\/cheveuxluxe.com\/index.php\/wp-json\/wp\/v2\/product\/30352\/revisions"}],"wp:featuredmedia":[{"embeddable":true,"href":"https:\/\/cheveuxluxe.com\/index.php\/wp-json\/wp\/v2\/media\/30347"}],"wp:attachment":[{"href":"https:\/\/cheveuxluxe.com\/index.php\/wp-json\/wp\/v2\/media?parent=30352"}],"wp:term":[{"taxonomy":"pwb-brand","embeddable":true,"href":"https:\/\/cheveuxluxe.com\/index.php\/wp-json\/wp\/v2\/pwb-brand?post=30352"},{"taxonomy":"product_cat","embeddable":true,"href":"https:\/\/cheveuxluxe.com\/index.php\/wp-json\/wp\/v2\/product_cat?post=30352"},{"taxonomy":"product_tag","embeddable":true,"href":"https:\/\/cheveuxluxe.com\/index.php\/wp-json\/wp\/v2\/product_tag?post=30352"}],"curies":[{"name":"wp","href":"https:\/\/api.w.org\/{rel}","templated":true}]}}