{"id":30389,"date":"2024-04-09T22:43:13","date_gmt":"2024-04-09T22:43:13","guid":{"rendered":"https:\/\/cheveuxluxe.com\/index.php\/product\/wella-professionals-eimi-root-shoot-mousse-de-precision-racines-200ml\/"},"modified":"2024-04-13T14:04:01","modified_gmt":"2024-04-13T14:04:01","slug":"wella-professionals-eimi-root-shoot-mousse-de-precision-racines-200ml","status":"publish","type":"product","link":"https:\/\/cheveuxluxe.com\/index.php\/product\/wella-professionals-eimi-root-shoot-mousse-de-precision-racines-200ml\/","title":{"rendered":"Wella Professionals EIMI Root Shoot Mousse de Pr\u00e9cision Racines 200ml"},"content":{"rendered":"<div class=\"product-content_bottom\">\n<div class=\"pdp-info\">\n<div class=\"pdp-tabs tab-container\">\n<div class=\"tab js-tab\">\n<h3 class=\"tab-title pdp-tabs_title js-tab-mobile-title open\"><span>Points cl\u00e9s<\/span><\/h3>\n<div class=\"tab-description pdp-tabs_description js-tab-description open\" itemprop=\"description\">\n<ul>\n<li>Mousse de pr\u00e9cision racines professionnelle<\/li>\n<li>Tenue L\u00e9g\u00e8re, niveau 2<\/li>\n<li>Application de pr\u00e9cision directement sur les racines des cheveux<\/li>\n<\/ul>\n<\/div>\n<\/div>\n<div class=\"tab js-tab\">\n<h3 class=\"tab-title pdp-tabs_title js-tab-mobile-title\"><span>Description<\/span><\/h3>\n<div class=\"tab-description pdp-tabs_description js-tab-description\" itemprop=\"description\">EIMI Root Shoot est un mousse qui a \u00e9t\u00e9 con\u00e7u pour une application de pr\u00e9cision directement sur les racines des cheveux.<br \/>Une seule pression seulement pour donner davantage de volume aux cheveux.<br \/>Tenue niveau 2.<\/div>\n<\/div>\n<div class=\"tab js-tab\">\n<h3 class=\"tab-title pdp-tabs_title js-tab-mobile-title\"><span>Mode d&#8217;emploi<\/span><\/h3>\n<div class=\"tab-description pdp-tabs_description js-tab-description\">Agitez avant emploi.<br \/>Appliquez la mousse EIMI Root Shoot sur cheveux humides directement sur les racines.<br \/>S\u00e9chez au s\u00e8che-cheveux comme vous voulez.<\/div>\n<\/div>\n<div class=\"tab js-tab\">\n<h3 class=\"tab-title pdp-tabs_title js-tab-mobile-title\"><span>Ingr\u00e9dients<\/span><\/h3>\n<div class=\"tab-description pdp-tabs_description js-tab-description\">Aqua, Dimethyl Ether, Butane, VP, VA Copolymer, PVP, Chitosan, Propane, PCA, Phenoxyethanol, Isobutane, Panthenol, Polyquaternium-16, PEG-40 Hydrogenated Castor Oil, Parfum, Disodium EDTA, Methylparaben, Laureth-4, Cetrimonium Chloride, Linalool, Hexyl Cinnamal, Citric Acid, Geraniol, Limonene, Citronellol, Alpha-Isomethyl Ionone<\/div>\n<\/div>\n<div class=\"tab js-tab\">\n<h3 class=\"tab-title pdp-tabs_title js-tab-mobile-title\"><span>Livraison et stock<\/span><\/h3>\n<div class=\"tab-description pdp-tabs_description js-tab-description\">\n<div class=\"pdp-delivery_info\">\n<div class=\"content-asset\">Livraison et d\u00e9laisRetours et remboursements<\/div>\n<\/div>\n<\/div>\n<\/div>\n<div class=\"tab js-tab\">\n<h3 class=\"tab-title pdp-tabs_title js-tab-mobile-title\"><span>Pr\u00e9cautions d&#8217;emploi<\/span><\/h3>\n<div class=\"tab-description pdp-tabs_description js-tab-description\">A\u00e9rosol hautement inflammable.<br \/>Conteneur sous pression : peut exploser s\u2019il est chauff\u00e9.<br \/>Tenir \u00e0 l\u2019\u00e9cart des sources de chaleur, des surfaces chaudes, des \u00e9tincelles, des flammes nues et d\u2019autres sources d\u2019inflammation.<br \/>Ne pas fumer.<br \/>Ne pas vaporiser sur une flamme nue ou une autre source d\u2019inflammation.<br \/>Ne pas percer ou br\u00fbler, m\u00eame apr\u00e8s usage.<br \/>Prot\u00e9ger des rayons du soleil.<br \/>Ne pas exposer \u00e0 des temp\u00e9ratures d\u00e9passant 50 \u00b0C.<br \/>Tenir hors de port\u00e9e des enfants.<br \/>Ne pas inhaler intentionnellement.<br \/>Ne pas vaporiser dans les yeux.<br \/>Exclusivement destin\u00e9 \u00e0 l\u2019usage pr\u00e9vu.<br \/>Le flacon doit \u00eatre compl\u00e8tement vide avant d\u2019\u00eatre jet\u00e9.<\/div>\n<\/div>\n<\/div>\n<\/div>\n<\/div>\n","protected":false},"excerpt":{"rendered":"<p>Points cl\u00e9s Mousse de pr\u00e9cision racines professionnelle Tenue L\u00e9g\u00e8re, niveau 2 Application de pr\u00e9cision directement&hellip;<\/p>\n","protected":false},"featured_media":30386,"comment_status":"open","ping_status":"closed","template":"","meta":[],"pwb-brand":[648],"product_cat":[596],"product_tag":[128,127,323],"class_list":{"0":"post-30389","1":"product","2":"type-product","3":"status-publish","4":"has-post-thumbnail","6":"pwb-brand-wella-professionals","7":"product_cat-produit-coiffant-et-fixant","8":"product_tag-produit-coiffant-et-fixant","9":"product_tag-shampooing-et-coiffure","10":"product_tag-wella-professionals","12":"first","13":"instock","14":"taxable","15":"shipping-taxable","16":"purchasable","17":"product-type-simple","18":"layout-style-3","19":"col-md-4 col-sm-4 col-xs-6","20":"col-lg-3","21":"product-has-gallery","22":"product-style-default"},"aioseo_notices":[],"brands":[{"id":648,"name":"Wella Professionals","slug":"wella-professionals"}],"_links":{"self":[{"href":"https:\/\/cheveuxluxe.com\/index.php\/wp-json\/wp\/v2\/product\/30389","targetHints":{"allow":["GET"]}}],"collection":[{"href":"https:\/\/cheveuxluxe.com\/index.php\/wp-json\/wp\/v2\/product"}],"about":[{"href":"https:\/\/cheveuxluxe.com\/index.php\/wp-json\/wp\/v2\/types\/product"}],"replies":[{"embeddable":true,"href":"https:\/\/cheveuxluxe.com\/index.php\/wp-json\/wp\/v2\/comments?post=30389"}],"version-history":[{"count":0,"href":"https:\/\/cheveuxluxe.com\/index.php\/wp-json\/wp\/v2\/product\/30389\/revisions"}],"wp:featuredmedia":[{"embeddable":true,"href":"https:\/\/cheveuxluxe.com\/index.php\/wp-json\/wp\/v2\/media\/30386"}],"wp:attachment":[{"href":"https:\/\/cheveuxluxe.com\/index.php\/wp-json\/wp\/v2\/media?parent=30389"}],"wp:term":[{"taxonomy":"pwb-brand","embeddable":true,"href":"https:\/\/cheveuxluxe.com\/index.php\/wp-json\/wp\/v2\/pwb-brand?post=30389"},{"taxonomy":"product_cat","embeddable":true,"href":"https:\/\/cheveuxluxe.com\/index.php\/wp-json\/wp\/v2\/product_cat?post=30389"},{"taxonomy":"product_tag","embeddable":true,"href":"https:\/\/cheveuxluxe.com\/index.php\/wp-json\/wp\/v2\/product_tag?post=30389"}],"curies":[{"name":"wp","href":"https:\/\/api.w.org\/{rel}","templated":true}]}}