{"id":30419,"date":"2024-04-09T22:44:24","date_gmt":"2024-04-09T22:44:24","guid":{"rendered":"https:\/\/cheveuxluxe.com\/index.php\/product\/wella-professionals-eimi-shape-shift-gomme-modelante-150ml\/"},"modified":"2024-04-13T14:04:08","modified_gmt":"2024-04-13T14:04:08","slug":"wella-professionals-eimi-shape-shift-gomme-modelante-150ml","status":"publish","type":"product","link":"https:\/\/cheveuxluxe.com\/index.php\/product\/wella-professionals-eimi-shape-shift-gomme-modelante-150ml\/","title":{"rendered":"Wella Professionals EIMI Shape Shift Gomme Modelante 150ml"},"content":{"rendered":"<div class=\"product-content_bottom\">\n<div class=\"pdp-info\">\n<div class=\"pdp-tabs tab-container\">\n<div class=\"tab js-tab\">\n<h3 class=\"tab-title pdp-tabs_title js-tab-mobile-title open\"><span>Points cl\u00e9s<\/span><\/h3>\n<div class=\"tab-description pdp-tabs_description js-tab-description open\" itemprop=\"description\">\n<ul>\n<li> Cr\u00e8me de modelage <\/li>\n<li>Tenue longue dur\u00e9e<\/li>\n<li>Anti-UV<\/li>\n<li>Brillance <\/li>\n<\/ul>\n<\/div>\n<\/div>\n<div class=\"tab js-tab\">\n<h3 class=\"tab-title pdp-tabs_title js-tab-mobile-title\"><span>Description<\/span><\/h3>\n<div class=\"tab-description pdp-tabs_description js-tab-description\" itemprop=\"description\">Pour styliser vos cr\u00e9ations avec une finition brillante ultra naturelle, utilisez la cr\u00e8me de modelage Shape Shift Eimi de Wella Professionnals\u00ae.Avec sa formulation anti-UV enrichie en agents actifs fixants, cette cr\u00e8me de modelage assure un maintien irr\u00e9prochable pendant plusieurs heures, tout en gardant le mouvement naturel des cheveux. Adieu les frisottis et les crini\u00e8res rebelles, les cheveux sont parfaitement ma\u00eetris\u00e9s et prot\u00e9g\u00e9s des agressions ext\u00e9rieures !Avec sa texture onctueuse et l\u00e9g\u00e8re, la cr\u00e8me Shape Shift Eimi est facile \u00e0 travailler, pour un r\u00e9sultat professionnel \u00e0 la hauteur de votre imagination. Elle laisse les cheveux souples, doux et \u00e9clatants, avec un toucher non collant. Ce produit s\u2019adapte \u00e0 toutes les longueurs de cheveux : vous pouvez oser tous les looks et cr\u00e9er \u00e0 l\u2019infini !Le plus : la cr\u00e8me Shape Shift Eimi ne laisse aucun r\u00e9sidu lors du brossage gr\u00e2ce \u00e0 sa formulation exclusive !<\/div>\n<\/div>\n<div class=\"tab js-tab\">\n<h3 class=\"tab-title pdp-tabs_title js-tab-mobile-title\"><span>Mode d&#8217;emploi<\/span><\/h3>\n<div class=\"tab-description pdp-tabs_description js-tab-description\">Travaillez une petite quantit\u00e9 de cr\u00e8me de modelage sur l\u2019ensemble des cheveux secs ou pr\u00e9s\u00e9ch\u00e9s selon vos envies de styles.<\/div>\n<\/div>\n<div class=\"tab js-tab\">\n<h3 class=\"tab-title pdp-tabs_title js-tab-mobile-title\"><span>Ingr\u00e9dients<\/span><\/h3>\n<div class=\"tab-description pdp-tabs_description js-tab-description\">Aqua, Alcohol Denat., Propane, Butane, Polyquaternium-11, Isobutane, Phenoxyethanol, Panthenol, Laureth-4, Parfum, Methylparaben, Cetrimonium Chloride, Caprylyl Glycol, Isopropyl Alcohol, Linalool, Hexyl Cinnamal, Geraniol, Citric Acid, Limonene, Citronellol, Alpha-Isomethyl Ionone<\/div>\n<\/div>\n<div class=\"tab js-tab\">\n<h3 class=\"tab-title pdp-tabs_title js-tab-mobile-title\"><span>Livraison et stock<\/span><\/h3>\n<div class=\"tab-description pdp-tabs_description js-tab-description\">\n<div class=\"pdp-delivery_info\">\n<div class=\"content-asset\">Livraison et d\u00e9laisRetours et remboursements<\/div>\n<\/div>\n<\/div>\n<\/div>\n<\/div>\n<\/div>\n<\/div>\n","protected":false},"excerpt":{"rendered":"<p>Points cl\u00e9s Cr\u00e8me de modelage Tenue longue dur\u00e9e Anti-UV Brillance Description Pour styliser vos cr\u00e9ations&hellip;<\/p>\n","protected":false},"featured_media":30416,"comment_status":"open","ping_status":"closed","template":"","meta":[],"pwb-brand":[648],"product_cat":[596],"product_tag":[128,127,323],"class_list":{"0":"post-30419","1":"product","2":"type-product","3":"status-publish","4":"has-post-thumbnail","6":"pwb-brand-wella-professionals","7":"product_cat-produit-coiffant-et-fixant","8":"product_tag-produit-coiffant-et-fixant","9":"product_tag-shampooing-et-coiffure","10":"product_tag-wella-professionals","12":"first","13":"instock","14":"taxable","15":"shipping-taxable","16":"purchasable","17":"product-type-simple","18":"layout-style-3","19":"col-md-4 col-sm-4 col-xs-6","20":"col-lg-3","21":"product-has-gallery","22":"product-style-default"},"aioseo_notices":[],"brands":[{"id":648,"name":"Wella Professionals","slug":"wella-professionals"}],"_links":{"self":[{"href":"https:\/\/cheveuxluxe.com\/index.php\/wp-json\/wp\/v2\/product\/30419","targetHints":{"allow":["GET"]}}],"collection":[{"href":"https:\/\/cheveuxluxe.com\/index.php\/wp-json\/wp\/v2\/product"}],"about":[{"href":"https:\/\/cheveuxluxe.com\/index.php\/wp-json\/wp\/v2\/types\/product"}],"replies":[{"embeddable":true,"href":"https:\/\/cheveuxluxe.com\/index.php\/wp-json\/wp\/v2\/comments?post=30419"}],"version-history":[{"count":0,"href":"https:\/\/cheveuxluxe.com\/index.php\/wp-json\/wp\/v2\/product\/30419\/revisions"}],"wp:featuredmedia":[{"embeddable":true,"href":"https:\/\/cheveuxluxe.com\/index.php\/wp-json\/wp\/v2\/media\/30416"}],"wp:attachment":[{"href":"https:\/\/cheveuxluxe.com\/index.php\/wp-json\/wp\/v2\/media?parent=30419"}],"wp:term":[{"taxonomy":"pwb-brand","embeddable":true,"href":"https:\/\/cheveuxluxe.com\/index.php\/wp-json\/wp\/v2\/pwb-brand?post=30419"},{"taxonomy":"product_cat","embeddable":true,"href":"https:\/\/cheveuxluxe.com\/index.php\/wp-json\/wp\/v2\/product_cat?post=30419"},{"taxonomy":"product_tag","embeddable":true,"href":"https:\/\/cheveuxluxe.com\/index.php\/wp-json\/wp\/v2\/product_tag?post=30419"}],"curies":[{"name":"wp","href":"https:\/\/api.w.org\/{rel}","templated":true}]}}