{"id":30427,"date":"2024-04-09T22:44:43","date_gmt":"2024-04-09T22:44:43","guid":{"rendered":"https:\/\/cheveuxluxe.com\/index.php\/product\/wella-professionals-eimi-extra-volume-mousse-volumisante-fixation-forte-500ml\/"},"modified":"2024-04-13T14:13:04","modified_gmt":"2024-04-13T14:13:04","slug":"wella-professionals-eimi-extra-volume-mousse-volumisante-fixation-forte-500ml","status":"publish","type":"product","link":"https:\/\/cheveuxluxe.com\/index.php\/product\/wella-professionals-eimi-extra-volume-mousse-volumisante-fixation-forte-500ml\/","title":{"rendered":"Wella Professionals EIMI Extra Volume Mousse Volumisante Fixation Forte 500ml"},"content":{"rendered":"<div class=\"product-content_bottom\">\n<div class=\"pdp-info\">\n<div class=\"pdp-tabs tab-container\">\n<div class=\"tab js-tab\">\n<h3 class=\"tab-title pdp-tabs_title js-tab-mobile-title open\"><span>Points cl\u00e9s<\/span><\/h3>\n<div class=\"tab-description pdp-tabs_description js-tab-description open\" itemprop=\"description\">\n<ul>\n<li> Mousse <\/li>\n<li>Fixation forte <\/li>\n<li>Tenue longue dur\u00e9e<\/li>\n<li>Volume XXL <\/li>\n<\/ul>\n<\/div>\n<\/div>\n<div class=\"tab js-tab\">\n<h3 class=\"tab-title pdp-tabs_title js-tab-mobile-title\"><span>Description<\/span><\/h3>\n<div class=\"tab-description pdp-tabs_description js-tab-description\" itemprop=\"description\">Un volume XXL pour une tenue longue dur\u00e9e, c\u2019est possible avec Wella Professionals\u00ae ! Gr\u00e2ce \u00e0 cette mousse volumatrice fixation forte, dites adieu aux cheveux plats et aux coiffures sans pep\u2019s.Que vous souhaitiez boucler, donner de l\u2019\u00e9paisseur, d\u00e9structurer, ou encore r\u00e9aliser un effet wavy, la mousse Extra Volume rel\u00e8ve le d\u00e9fi ! Laissez parler votre cr\u00e9ativit\u00e9 avec ce produit de la gamme Eimi, une ligne au service de looks inspir\u00e9s des plus grands cr\u00e9ateurs de mode. Avec \u00e0 sa formule enrichie en agents actifs, ce produit vous promet une hydratation renforc\u00e9e de la fibre capillaire, tout en assurant une protection optimale contre les rayons UV et la chaleur du s\u00e8che-cheveux.Le plus de cette mousse de coiffage? Formul\u00e9e pour prot\u00e9ger les cheveux de la d\u00e9shydratation lors du brushing.<\/div>\n<\/div>\n<div class=\"tab js-tab\">\n<h3 class=\"tab-title pdp-tabs_title js-tab-mobile-title\"><span>Mode d&#8217;emploi<\/span><\/h3>\n<div class=\"tab-description pdp-tabs_description js-tab-description\">Avant toute utilisation de ce produit, il est conseill\u00e9 de bien secouer le flacon. D\u00e9posez la mousse dans le creux de votre main, avant de la r\u00e9partir sur les cheveux en partant du milieu vers les pointes.L\u2019astuce de pro : pour r\u00e9partir la mousse uniform\u00e9ment vous pouvez utiliser un peigne \u00e0 dents larges.<\/div>\n<\/div>\n<div class=\"tab js-tab\">\n<h3 class=\"tab-title pdp-tabs_title js-tab-mobile-title\"><span>Ingr\u00e9dients<\/span><\/h3>\n<div class=\"tab-description pdp-tabs_description js-tab-description\">Aqua, Alcohol Denat., Propane, Butane, Polyquaternium-11, Isobutane, Phenoxyethanol, Panthenol, Laureth-4, Parfum, Methylparaben, Cetrimonium Chloride, Caprylyl Glycol, Isopropyl Alcohol, Linalool, Hexyl Cinnamal, Geraniol, Citric Acid, Limonene, Citronellol, Alpha-Isomethyl Ionone<\/div>\n<\/div>\n<div class=\"tab js-tab\">\n<h3 class=\"tab-title pdp-tabs_title js-tab-mobile-title\"><span>Livraison et stock<\/span><\/h3>\n<div class=\"tab-description pdp-tabs_description js-tab-description\">\n<div class=\"pdp-delivery_info\">\n<div class=\"content-asset\">Livraison et d\u00e9laisRetours et remboursements<\/div>\n<\/div>\n<\/div>\n<\/div>\n<\/div>\n<\/div>\n<\/div>\n","protected":false},"excerpt":{"rendered":"<p>Points cl\u00e9s Mousse Fixation forte Tenue longue dur\u00e9e Volume XXL Description Un volume XXL pour&hellip;<\/p>\n","protected":false},"featured_media":30424,"comment_status":"open","ping_status":"closed","template":"","meta":[],"pwb-brand":[648],"product_cat":[598],"product_tag":[127,599,323],"class_list":{"0":"post-30427","1":"product","2":"type-product","3":"status-publish","4":"has-post-thumbnail","6":"pwb-brand-wella-professionals","7":"product_cat-type-de-cheveux","8":"product_tag-shampooing-et-coiffure","9":"product_tag-type-de-cheveux","10":"product_tag-wella-professionals","12":"first","13":"instock","14":"taxable","15":"shipping-taxable","16":"purchasable","17":"product-type-simple","18":"layout-style-3","19":"col-md-4 col-sm-4 col-xs-6","20":"col-lg-3","21":"product-has-gallery","22":"product-style-default"},"aioseo_notices":[],"brands":[{"id":648,"name":"Wella Professionals","slug":"wella-professionals"}],"_links":{"self":[{"href":"https:\/\/cheveuxluxe.com\/index.php\/wp-json\/wp\/v2\/product\/30427","targetHints":{"allow":["GET"]}}],"collection":[{"href":"https:\/\/cheveuxluxe.com\/index.php\/wp-json\/wp\/v2\/product"}],"about":[{"href":"https:\/\/cheveuxluxe.com\/index.php\/wp-json\/wp\/v2\/types\/product"}],"replies":[{"embeddable":true,"href":"https:\/\/cheveuxluxe.com\/index.php\/wp-json\/wp\/v2\/comments?post=30427"}],"version-history":[{"count":0,"href":"https:\/\/cheveuxluxe.com\/index.php\/wp-json\/wp\/v2\/product\/30427\/revisions"}],"wp:featuredmedia":[{"embeddable":true,"href":"https:\/\/cheveuxluxe.com\/index.php\/wp-json\/wp\/v2\/media\/30424"}],"wp:attachment":[{"href":"https:\/\/cheveuxluxe.com\/index.php\/wp-json\/wp\/v2\/media?parent=30427"}],"wp:term":[{"taxonomy":"pwb-brand","embeddable":true,"href":"https:\/\/cheveuxluxe.com\/index.php\/wp-json\/wp\/v2\/pwb-brand?post=30427"},{"taxonomy":"product_cat","embeddable":true,"href":"https:\/\/cheveuxluxe.com\/index.php\/wp-json\/wp\/v2\/product_cat?post=30427"},{"taxonomy":"product_tag","embeddable":true,"href":"https:\/\/cheveuxluxe.com\/index.php\/wp-json\/wp\/v2\/product_tag?post=30427"}],"curies":[{"name":"wp","href":"https:\/\/api.w.org\/{rel}","templated":true}]}}