{"id":30453,"date":"2024-04-09T22:45:41","date_gmt":"2024-04-09T22:45:41","guid":{"rendered":"https:\/\/cheveuxluxe.com\/index.php\/product\/wella-professionals-eimi-body-crafter-spray-volumisant-remodelable-150ml\/"},"modified":"2024-04-13T14:04:18","modified_gmt":"2024-04-13T14:04:18","slug":"wella-professionals-eimi-body-crafter-spray-volumisant-remodelable-150ml","status":"publish","type":"product","link":"https:\/\/cheveuxluxe.com\/index.php\/product\/wella-professionals-eimi-body-crafter-spray-volumisant-remodelable-150ml\/","title":{"rendered":"Wella Professionals EIMI Body Crafter Spray Volumisant Remodelable 150ml"},"content":{"rendered":"<div class=\"product-content_bottom\">\n<div class=\"pdp-info\">\n<div class=\"pdp-tabs tab-container\">\n<div class=\"tab js-tab\">\n<h3 class=\"tab-title pdp-tabs_title js-tab-mobile-title open\"><span>Points cl\u00e9s<\/span><\/h3>\n<div class=\"tab-description pdp-tabs_description js-tab-description open\" itemprop=\"description\">\n<ul>\n<li>Spray volumateur professionnel \u00e0 tenue souple<\/li>\n<li>Donne une texture l\u00e9g\u00e8re et facile \u00e0 travailler<\/li>\n<li>Ajoute du volume et une texture suppl\u00e9mentaire<\/li>\n<li>Niveau de fixation 2<\/li>\n<\/ul>\n<\/div>\n<\/div>\n<div class=\"tab js-tab\">\n<h3 class=\"tab-title pdp-tabs_title js-tab-mobile-title\"><span>Description<\/span><\/h3>\n<div class=\"tab-description pdp-tabs_description js-tab-description\" itemprop=\"description\">Cr\u00e9ez du volume avec une texture exploitable en utilisant EIMI Body Crafter de Wella Professionals. Ce spray volumateur professionnel donne aux cheveux un contr\u00f4le doux et souple, permettant la r\u00e9alisation de n&rsquo;importe quelle coiffure. Wella Body Crafter ajoute du volume et de la texture aux cheveux, les laissant pleins de mouvements naturels.<\/div>\n<\/div>\n<div class=\"tab js-tab\">\n<h3 class=\"tab-title pdp-tabs_title js-tab-mobile-title\"><span>Mode d&#8217;emploi<\/span><\/h3>\n<div class=\"tab-description pdp-tabs_description js-tab-description\">Secouez bien et vaporisez EIMI Body Crafter uniform\u00e9ment sur les cheveux humides en insistant sur les racines. S\u00e9chez avec vos doigts ou une brosse pour cr\u00e9er du volume.<br \/>\u00c0 utiliser \u00e9galement sur les cheveux secs pour cr\u00e9er une texture suppl\u00e9mentaire.<\/div>\n<\/div>\n<div class=\"tab js-tab\">\n<h3 class=\"tab-title pdp-tabs_title js-tab-mobile-title\"><span>Ingr\u00e9dients<\/span><\/h3>\n<div class=\"tab-description pdp-tabs_description js-tab-description\">Aqua, Alcohol Denat., Propane, Butane, Polyquaternium-11, Isobutane, Phenoxyethanol, Panthenol, Laureth-4, Parfum, Methylparaben, Cetrimonium Chloride, Caprylyl Glycol, Isopropyl Alcohol, Linalool, Hexyl Cinnamal, Geraniol, Citric Acid, Limonene, Citronellol, Alpha-Isomethyl Ionone<\/div>\n<\/div>\n<div class=\"tab js-tab\">\n<h3 class=\"tab-title pdp-tabs_title js-tab-mobile-title\"><span>Livraison et stock<\/span><\/h3>\n<div class=\"tab-description pdp-tabs_description js-tab-description\">\n<div class=\"pdp-delivery_info\">\n<div class=\"content-asset\">Livraison et d\u00e9laisRetours et remboursements<\/div>\n<\/div>\n<\/div>\n<\/div>\n<\/div>\n<\/div>\n<\/div>\n","protected":false},"excerpt":{"rendered":"<p>Points cl\u00e9s Spray volumateur professionnel \u00e0 tenue souple Donne une texture l\u00e9g\u00e8re et facile \u00e0&hellip;<\/p>\n","protected":false},"featured_media":30450,"comment_status":"open","ping_status":"closed","template":"","meta":[],"pwb-brand":[648],"product_cat":[596],"product_tag":[128,127,323],"class_list":{"0":"post-30453","1":"product","2":"type-product","3":"status-publish","4":"has-post-thumbnail","6":"pwb-brand-wella-professionals","7":"product_cat-produit-coiffant-et-fixant","8":"product_tag-produit-coiffant-et-fixant","9":"product_tag-shampooing-et-coiffure","10":"product_tag-wella-professionals","12":"first","13":"instock","14":"taxable","15":"shipping-taxable","16":"purchasable","17":"product-type-simple","18":"layout-style-3","19":"col-md-4 col-sm-4 col-xs-6","20":"col-lg-3","21":"product-has-gallery","22":"product-style-default"},"aioseo_notices":[],"brands":[{"id":648,"name":"Wella Professionals","slug":"wella-professionals"}],"_links":{"self":[{"href":"https:\/\/cheveuxluxe.com\/index.php\/wp-json\/wp\/v2\/product\/30453","targetHints":{"allow":["GET"]}}],"collection":[{"href":"https:\/\/cheveuxluxe.com\/index.php\/wp-json\/wp\/v2\/product"}],"about":[{"href":"https:\/\/cheveuxluxe.com\/index.php\/wp-json\/wp\/v2\/types\/product"}],"replies":[{"embeddable":true,"href":"https:\/\/cheveuxluxe.com\/index.php\/wp-json\/wp\/v2\/comments?post=30453"}],"version-history":[{"count":0,"href":"https:\/\/cheveuxluxe.com\/index.php\/wp-json\/wp\/v2\/product\/30453\/revisions"}],"wp:featuredmedia":[{"embeddable":true,"href":"https:\/\/cheveuxluxe.com\/index.php\/wp-json\/wp\/v2\/media\/30450"}],"wp:attachment":[{"href":"https:\/\/cheveuxluxe.com\/index.php\/wp-json\/wp\/v2\/media?parent=30453"}],"wp:term":[{"taxonomy":"pwb-brand","embeddable":true,"href":"https:\/\/cheveuxluxe.com\/index.php\/wp-json\/wp\/v2\/pwb-brand?post=30453"},{"taxonomy":"product_cat","embeddable":true,"href":"https:\/\/cheveuxluxe.com\/index.php\/wp-json\/wp\/v2\/product_cat?post=30453"},{"taxonomy":"product_tag","embeddable":true,"href":"https:\/\/cheveuxluxe.com\/index.php\/wp-json\/wp\/v2\/product_tag?post=30453"}],"curies":[{"name":"wp","href":"https:\/\/api.w.org\/{rel}","templated":true}]}}