{"id":30478,"date":"2024-04-09T22:46:33","date_gmt":"2024-04-09T22:46:33","guid":{"rendered":"https:\/\/cheveuxluxe.com\/index.php\/product\/vitalitys-spray-final-fix-300ml\/"},"modified":"2024-04-13T14:04:25","modified_gmt":"2024-04-13T14:04:25","slug":"vitalitys-spray-final-fix-300ml","status":"publish","type":"product","link":"https:\/\/cheveuxluxe.com\/index.php\/product\/vitalitys-spray-final-fix-300ml\/","title":{"rendered":"Vitality&rsquo;s Spray Final Fix 300ml"},"content":{"rendered":"<div class=\"product-content_bottom\">\n<div class=\"pdp-info\">\n<div class=\"pdp-tabs tab-container\">\n<div class=\"tab js-tab\">\n<h3 class=\"tab-title pdp-tabs_title js-tab-mobile-title open\"><span>Points cl\u00e9s<\/span><\/h3>\n<div class=\"tab-description pdp-tabs_description js-tab-description open\" itemprop=\"description\">\n<ul>\n<li> Fixation extra forte<\/li>\n<li>Longue dur\u00e9e<\/li>\n<li>Brillance mod\u00e9r\u00e9e<\/li>\n<li>Laque<\/li>\n<li>Ne colle pas <\/li>\n<\/ul>\n<\/div>\n<\/div>\n<div class=\"tab js-tab\">\n<h3 class=\"tab-title pdp-tabs_title js-tab-mobile-title\"><span>Description<\/span><\/h3>\n<div class=\"tab-description pdp-tabs_description js-tab-description\" itemprop=\"description\">Le Spray Weho Final Fix est une Laque \u00e0 fixation extr\u00eame qui assurera un maintien id\u00e9al longue dur\u00e9e aux coiffures les plus originales. Gr\u00e2ce \u00e0 ces agents de fixation extra forts, la prise est imm\u00e9diate et ne colle pas. C&rsquo;est pour cela qu&rsquo;elle est pl\u00e9biscit\u00e9e par les professionnels qui travaillent sur sc\u00e8ne ou dans l&rsquo;\u00e9v\u00e8nementiel.Quelque soit la nature de vos cheveux, courts ou longs, r\u00e9alisez les looks les plus fous sans craindre que la chevelure ne se ramollisse \u00e0 cause de l&rsquo;humidit\u00e9 ou du vent. De plus, avec son indice de brillance num\u00e9ro 2, cette laque apportera \u00e9clat et lumi\u00e8re \u00e0 la chevelure.La gamme Weho est l&rsquo;alli\u00e9e des professionnels de la coiffure pour sublimer la beaut\u00e9 de la chevelure gr\u00e2ce \u00e0 des produits de qualit\u00e9.<\/div>\n<\/div>\n<div class=\"tab js-tab\">\n<h3 class=\"tab-title pdp-tabs_title js-tab-mobile-title\"><span>Mode d&#8217;emploi<\/span><\/h3>\n<div class=\"tab-description pdp-tabs_description js-tab-description\">Apr\u00e8s avoir r\u00e9alis\u00e9 la coiffure d\u00e9sir\u00e9e, vaporisez uniform\u00e9ment la Laque Weho Final Fix de Vitality&rsquo;s \u00e0 30 cm de distance.Pour une tenue extr\u00eame tout en volume, appliquez directement sur les racines.<\/div>\n<\/div>\n<div class=\"tab js-tab\">\n<h3 class=\"tab-title pdp-tabs_title js-tab-mobile-title\"><span>Ingr\u00e9dients<\/span><\/h3>\n<div class=\"tab-description pdp-tabs_description js-tab-description\">DIMETHYL ETHER, ALCOHOL DENAT., OCTYLACRYLAMIDE, ACRYLATES COPOLYMER (WATER), AMINOMETHYL PROPANOL, METHOXYISOPROPANOL, PEG-12 DIMETHICONE, LIMONENE, PARFUM (FRAGRANCE).<\/div>\n<\/div>\n<div class=\"tab js-tab\">\n<h3 class=\"tab-title pdp-tabs_title js-tab-mobile-title\"><span>Livraison et stock<\/span><\/h3>\n<div class=\"tab-description pdp-tabs_description js-tab-description\">\n<div class=\"pdp-delivery_info\">\n<div class=\"content-asset\">Livraison et d\u00e9laisRetours et remboursements<\/div>\n<\/div>\n<\/div>\n<\/div>\n<\/div>\n<\/div>\n<\/div>\n","protected":false},"excerpt":{"rendered":"<p>Points cl\u00e9s Fixation extra forte Longue dur\u00e9e Brillance mod\u00e9r\u00e9e Laque Ne colle pas Description Le&hellip;<\/p>\n","protected":false},"featured_media":20358,"comment_status":"open","ping_status":"closed","template":"","meta":[],"pwb-brand":[651],"product_cat":[596],"product_tag":[128,127,333],"class_list":{"0":"post-30478","1":"product","2":"type-product","3":"status-publish","4":"has-post-thumbnail","6":"pwb-brand-vitalitys","7":"product_cat-produit-coiffant-et-fixant","8":"product_tag-produit-coiffant-et-fixant","9":"product_tag-shampooing-et-coiffure","10":"product_tag-vitalitys","12":"first","13":"instock","14":"taxable","15":"shipping-taxable","16":"purchasable","17":"product-type-simple","18":"layout-style-3","19":"col-md-4 col-sm-4 col-xs-6","20":"col-lg-3","21":"product-style-default"},"aioseo_notices":[],"brands":[{"id":651,"name":"Vitality's","slug":"vitalitys"}],"_links":{"self":[{"href":"https:\/\/cheveuxluxe.com\/index.php\/wp-json\/wp\/v2\/product\/30478","targetHints":{"allow":["GET"]}}],"collection":[{"href":"https:\/\/cheveuxluxe.com\/index.php\/wp-json\/wp\/v2\/product"}],"about":[{"href":"https:\/\/cheveuxluxe.com\/index.php\/wp-json\/wp\/v2\/types\/product"}],"replies":[{"embeddable":true,"href":"https:\/\/cheveuxluxe.com\/index.php\/wp-json\/wp\/v2\/comments?post=30478"}],"version-history":[{"count":0,"href":"https:\/\/cheveuxluxe.com\/index.php\/wp-json\/wp\/v2\/product\/30478\/revisions"}],"wp:featuredmedia":[{"embeddable":true,"href":"https:\/\/cheveuxluxe.com\/index.php\/wp-json\/wp\/v2\/media\/20358"}],"wp:attachment":[{"href":"https:\/\/cheveuxluxe.com\/index.php\/wp-json\/wp\/v2\/media?parent=30478"}],"wp:term":[{"taxonomy":"pwb-brand","embeddable":true,"href":"https:\/\/cheveuxluxe.com\/index.php\/wp-json\/wp\/v2\/pwb-brand?post=30478"},{"taxonomy":"product_cat","embeddable":true,"href":"https:\/\/cheveuxluxe.com\/index.php\/wp-json\/wp\/v2\/product_cat?post=30478"},{"taxonomy":"product_tag","embeddable":true,"href":"https:\/\/cheveuxluxe.com\/index.php\/wp-json\/wp\/v2\/product_tag?post=30478"}],"curies":[{"name":"wp","href":"https:\/\/api.w.org\/{rel}","templated":true}]}}