{"id":30481,"date":"2024-04-09T22:46:34","date_gmt":"2024-04-09T22:46:34","guid":{"rendered":"https:\/\/cheveuxluxe.com\/index.php\/product\/vitalitys-laque-weho-fix-500ml\/"},"modified":"2024-04-13T14:04:26","modified_gmt":"2024-04-13T14:04:26","slug":"vitalitys-laque-weho-fix-500ml","status":"publish","type":"product","link":"https:\/\/cheveuxluxe.com\/index.php\/product\/vitalitys-laque-weho-fix-500ml\/","title":{"rendered":"Vitality&rsquo;s Laque Weho Fix 500ml"},"content":{"rendered":"<div class=\"product-content_bottom\">\n<div class=\"pdp-info\">\n<div class=\"pdp-tabs tab-container\">\n<div class=\"tab js-tab\">\n<h3 class=\"tab-title pdp-tabs_title js-tab-mobile-title open\"><span>Points cl\u00e9s<\/span><\/h3>\n<div class=\"tab-description pdp-tabs_description js-tab-description open\" itemprop=\"description\">\n<ul>\n<li> Laque<\/li>\n<li>Spray fixant<\/li>\n<li>Brillance<\/li>\n<li>Fixation forte<\/li>\n<li>Anti UV <\/li>\n<\/ul>\n<\/div>\n<\/div>\n<div class=\"tab js-tab\">\n<h3 class=\"tab-title pdp-tabs_title js-tab-mobile-title\"><span>Description<\/span><\/h3>\n<div class=\"tab-description pdp-tabs_description js-tab-description\" itemprop=\"description\">Grace \u00e0 la Laque Spray Weho de Vitality&rsquo;s votre coiffure reste parfaitement en place tout en gardant une libert\u00e9 de mouvements. Avec un indice de fixation 3, ce spray apporte rigidit\u00e9 et tenue vous permettant de laisser libre court \u00e0 votre cr\u00e9ativit\u00e9.Cette laque prot\u00e8ge les cheveux du soleil et de la pollution gr\u00e2ce \u00e0 un filtre UV et lutte \u00e9galement contre les frisottis. Son indice de brillance num\u00e9ro 2 donne \u00e0 la chevelure un aspect soyeux adapt\u00e9 \u00e0 tous les types de cheveux.Son s\u00e9chage rapide favorise l&rsquo;absence de r\u00e9sidus et il ne faut que quelques coups de brosse pour l&rsquo;\u00e9liminer.Weho est l&rsquo;une des deux gammes de produits fixant de styling Vitality&rsquo;s, qui permet aux coiffeurs de cr\u00e9er des looks innovants et personnalis\u00e9s.<\/div>\n<\/div>\n<div class=\"tab js-tab\">\n<h3 class=\"tab-title pdp-tabs_title js-tab-mobile-title\"><span>Mode d&#8217;emploi<\/span><\/h3>\n<div class=\"tab-description pdp-tabs_description js-tab-description\">La Laque Spray Weho de Vitality&rsquo;s s&rsquo;utilise sur cheveux secs et coiff\u00e9s.Vaporisez le produit sur toute la chevelure \u00e0 30 cm de distance puis laissez s\u00e9cher.<\/div>\n<\/div>\n<div class=\"tab js-tab\">\n<h3 class=\"tab-title pdp-tabs_title js-tab-mobile-title\"><span>Ingr\u00e9dients<\/span><\/h3>\n<div class=\"tab-description pdp-tabs_description js-tab-description\">ALCOHOL DENAT., BUTANE, METHYLAL, ISOBUTANE, PROPANE, VA, CROTONATES, VINYL NEODECANOATE COPOLYMER, TOCOPHERYL ACETATE, BENZOPHENONE-3, AMINOMETHYL PROPANOL, LIMONENE, PARFUM (FRAGRANCE).<\/div>\n<\/div>\n<div class=\"tab js-tab\">\n<h3 class=\"tab-title pdp-tabs_title js-tab-mobile-title\"><span>Livraison et stock<\/span><\/h3>\n<div class=\"tab-description pdp-tabs_description js-tab-description\">\n<div class=\"pdp-delivery_info\">\n<div class=\"content-asset\">Livraison et d\u00e9laisRetours et remboursements<\/div>\n<\/div>\n<\/div>\n<\/div>\n<\/div>\n<\/div>\n<\/div>\n","protected":false},"excerpt":{"rendered":"<p>Points cl\u00e9s Laque Spray fixant Brillance Fixation forte Anti UV Description Grace \u00e0 la Laque&hellip;<\/p>\n","protected":false},"featured_media":18370,"comment_status":"open","ping_status":"closed","template":"","meta":[],"pwb-brand":[651],"product_cat":[596],"product_tag":[128,127,333],"class_list":{"0":"post-30481","1":"product","2":"type-product","3":"status-publish","4":"has-post-thumbnail","6":"pwb-brand-vitalitys","7":"product_cat-produit-coiffant-et-fixant","8":"product_tag-produit-coiffant-et-fixant","9":"product_tag-shampooing-et-coiffure","10":"product_tag-vitalitys","12":"first","13":"instock","14":"taxable","15":"shipping-taxable","16":"purchasable","17":"product-type-simple","18":"layout-style-3","19":"col-md-4 col-sm-4 col-xs-6","20":"col-lg-3","21":"product-style-default"},"aioseo_notices":[],"brands":[{"id":651,"name":"Vitality's","slug":"vitalitys"}],"_links":{"self":[{"href":"https:\/\/cheveuxluxe.com\/index.php\/wp-json\/wp\/v2\/product\/30481","targetHints":{"allow":["GET"]}}],"collection":[{"href":"https:\/\/cheveuxluxe.com\/index.php\/wp-json\/wp\/v2\/product"}],"about":[{"href":"https:\/\/cheveuxluxe.com\/index.php\/wp-json\/wp\/v2\/types\/product"}],"replies":[{"embeddable":true,"href":"https:\/\/cheveuxluxe.com\/index.php\/wp-json\/wp\/v2\/comments?post=30481"}],"version-history":[{"count":0,"href":"https:\/\/cheveuxluxe.com\/index.php\/wp-json\/wp\/v2\/product\/30481\/revisions"}],"wp:featuredmedia":[{"embeddable":true,"href":"https:\/\/cheveuxluxe.com\/index.php\/wp-json\/wp\/v2\/media\/18370"}],"wp:attachment":[{"href":"https:\/\/cheveuxluxe.com\/index.php\/wp-json\/wp\/v2\/media?parent=30481"}],"wp:term":[{"taxonomy":"pwb-brand","embeddable":true,"href":"https:\/\/cheveuxluxe.com\/index.php\/wp-json\/wp\/v2\/pwb-brand?post=30481"},{"taxonomy":"product_cat","embeddable":true,"href":"https:\/\/cheveuxluxe.com\/index.php\/wp-json\/wp\/v2\/product_cat?post=30481"},{"taxonomy":"product_tag","embeddable":true,"href":"https:\/\/cheveuxluxe.com\/index.php\/wp-json\/wp\/v2\/product_tag?post=30481"}],"curies":[{"name":"wp","href":"https:\/\/api.w.org\/{rel}","templated":true}]}}