{"id":30483,"date":"2024-04-09T22:46:34","date_gmt":"2024-04-09T22:46:34","guid":{"rendered":"https:\/\/cheveuxluxe.com\/index.php\/product\/vitalitys-texturizing-spray-200ml\/"},"modified":"2024-04-13T14:04:27","modified_gmt":"2024-04-13T14:04:27","slug":"vitalitys-texturizing-spray-200ml","status":"publish","type":"product","link":"https:\/\/cheveuxluxe.com\/index.php\/product\/vitalitys-texturizing-spray-200ml\/","title":{"rendered":"Vitality&rsquo;s Texturizing Spray 200ml"},"content":{"rendered":"<div class=\"product-content_bottom\">\n<div class=\"pdp-info\">\n<div class=\"pdp-tabs tab-container\">\n<div class=\"tab js-tab\">\n<h3 class=\"tab-title pdp-tabs_title js-tab-mobile-title open\"><span>Points cl\u00e9s<\/span><\/h3>\n<div class=\"tab-description pdp-tabs_description js-tab-description open\" itemprop=\"description\">\n<ul>\n<li> Volume<\/li>\n<li>Cheveux fins<\/li>\n<li>Innovation<\/li>\n<li>Poudre min\u00e9rale<\/li>\n<li>Ant-frisottis <\/li>\n<\/ul>\n<\/div>\n<\/div>\n<div class=\"tab js-tab\">\n<h3 class=\"tab-title pdp-tabs_title js-tab-mobile-title\"><span>Description<\/span><\/h3>\n<div class=\"tab-description pdp-tabs_description js-tab-description\" itemprop=\"description\">Tout nouveau, le Spray Texturisant Weho de Vitality\u2019s apporte du volume et cr\u00e9e une texture \u00e9bouriff\u00e9e pour un look faussement d\u00e9coiff\u00e9. Avec son effet anti-\u00e9lectrostatique, il est Id\u00e9al pour les femmes aux cheveux raides et fins qui souhaitent apporter du volume \u00e0 leur chevelure.Sa formule est innovante. Une fine poudre min\u00e9rale l\u2019enrichie et d\u00e9pose sur la structure du cheveu une gaine protectrice qui va cr\u00e9er un effet gonflant et laisser les cheveux souples et l\u00e9gers. Sans r\u00e9sidu ce spray n&rsquo;alourdit pas.Facile \u00e0 travailler au s\u00e8che-cheveux, il est \u00e0 utiliser sur toute ou partie de la chevelure mouill\u00e9es pour la volumiser durablement. L&rsquo;effet perdurera plusieurs jours en coiffant les cheveux \u00e0 la brosse. Effet anti-frisottis etIl contribue \u00e0 lutter contre l&rsquo;humidit\u00e9 et a un effet anti-frisottis, id\u00e9al pour les coupes d\u00e9grad\u00e9es et structur\u00e9es.<\/div>\n<\/div>\n<div class=\"tab js-tab\">\n<h3 class=\"tab-title pdp-tabs_title js-tab-mobile-title\"><span>Mode d&#8217;emploi<\/span><\/h3>\n<div class=\"tab-description pdp-tabs_description js-tab-description\">Sur cheveux lav\u00e9s et essor\u00e9s et apr\u00e8s l\u2019avoir bien agit\u00e9, vaporisez le Spray Texturisant Weho de Vitality\u2019s \u00e0 la racine.Proc\u00e9dez au coiffage \u00e0 l\u2019aide d\u2019un s\u00e8che-cheveux et d\u2019une brosse afin d\u2019optimiser le volume.<\/div>\n<\/div>\n<div class=\"tab js-tab\">\n<h3 class=\"tab-title pdp-tabs_title js-tab-mobile-title\"><span>Ingr\u00e9dients<\/span><\/h3>\n<div class=\"tab-description pdp-tabs_description js-tab-description\">ALCOHOL DENAT., BUTANE, ISOBUTANE, PROPANE, CALCIUM CARBONATE, POLYVINYLCAPROLACTAM, DISTEARDIMONIUM HECTORITE, LIMONENE, PARFUM (FRAGRANCE)<\/div>\n<\/div>\n<div class=\"tab js-tab\">\n<h3 class=\"tab-title pdp-tabs_title js-tab-mobile-title\"><span>Livraison et stock<\/span><\/h3>\n<div class=\"tab-description pdp-tabs_description js-tab-description\">\n<div class=\"pdp-delivery_info\">\n<div class=\"content-asset\">Livraison et d\u00e9laisRetours et remboursements<\/div>\n<\/div>\n<\/div>\n<\/div>\n<\/div>\n<\/div>\n<\/div>\n","protected":false},"excerpt":{"rendered":"<p>Points cl\u00e9s Volume Cheveux fins Innovation Poudre min\u00e9rale Ant-frisottis Description Tout nouveau, le Spray Texturisant&hellip;<\/p>\n","protected":false},"featured_media":19951,"comment_status":"open","ping_status":"closed","template":"","meta":[],"pwb-brand":[651],"product_cat":[596],"product_tag":[128,127,333],"class_list":{"0":"post-30483","1":"product","2":"type-product","3":"status-publish","4":"has-post-thumbnail","6":"pwb-brand-vitalitys","7":"product_cat-produit-coiffant-et-fixant","8":"product_tag-produit-coiffant-et-fixant","9":"product_tag-shampooing-et-coiffure","10":"product_tag-vitalitys","12":"first","13":"instock","14":"taxable","15":"shipping-taxable","16":"purchasable","17":"product-type-simple","18":"layout-style-3","19":"col-md-4 col-sm-4 col-xs-6","20":"col-lg-3","21":"product-style-default"},"aioseo_notices":[],"brands":[{"id":651,"name":"Vitality's","slug":"vitalitys"}],"_links":{"self":[{"href":"https:\/\/cheveuxluxe.com\/index.php\/wp-json\/wp\/v2\/product\/30483","targetHints":{"allow":["GET"]}}],"collection":[{"href":"https:\/\/cheveuxluxe.com\/index.php\/wp-json\/wp\/v2\/product"}],"about":[{"href":"https:\/\/cheveuxluxe.com\/index.php\/wp-json\/wp\/v2\/types\/product"}],"replies":[{"embeddable":true,"href":"https:\/\/cheveuxluxe.com\/index.php\/wp-json\/wp\/v2\/comments?post=30483"}],"version-history":[{"count":0,"href":"https:\/\/cheveuxluxe.com\/index.php\/wp-json\/wp\/v2\/product\/30483\/revisions"}],"wp:featuredmedia":[{"embeddable":true,"href":"https:\/\/cheveuxluxe.com\/index.php\/wp-json\/wp\/v2\/media\/19951"}],"wp:attachment":[{"href":"https:\/\/cheveuxluxe.com\/index.php\/wp-json\/wp\/v2\/media?parent=30483"}],"wp:term":[{"taxonomy":"pwb-brand","embeddable":true,"href":"https:\/\/cheveuxluxe.com\/index.php\/wp-json\/wp\/v2\/pwb-brand?post=30483"},{"taxonomy":"product_cat","embeddable":true,"href":"https:\/\/cheveuxluxe.com\/index.php\/wp-json\/wp\/v2\/product_cat?post=30483"},{"taxonomy":"product_tag","embeddable":true,"href":"https:\/\/cheveuxluxe.com\/index.php\/wp-json\/wp\/v2\/product_tag?post=30483"}],"curies":[{"name":"wp","href":"https:\/\/api.w.org\/{rel}","templated":true}]}}