{"id":30484,"date":"2024-04-09T22:46:35","date_gmt":"2024-04-09T22:46:35","guid":{"rendered":"https:\/\/cheveuxluxe.com\/index.php\/product\/vitalitys-creme-pour-boucles-curl-extreme-150ml\/"},"modified":"2024-04-13T14:04:28","modified_gmt":"2024-04-13T14:04:28","slug":"vitalitys-creme-pour-boucles-curl-extreme-150ml","status":"publish","type":"product","link":"https:\/\/cheveuxluxe.com\/index.php\/product\/vitalitys-creme-pour-boucles-curl-extreme-150ml\/","title":{"rendered":"Vitality&rsquo;s Cr\u00e8me pour Boucles Curl Extreme 150ml"},"content":{"rendered":"<div class=\"product-content_bottom\">\n<div class=\"pdp-info\">\n<div class=\"pdp-tabs tab-container\">\n<div class=\"tab js-tab\">\n<h3 class=\"tab-title pdp-tabs_title js-tab-mobile-title open\"><span>Points cl\u00e9s<\/span><\/h3>\n<div class=\"tab-description pdp-tabs_description js-tab-description open\" itemprop=\"description\">\n<ul>\n<li> Brillance <\/li>\n<li>Souplesse<\/li>\n<li>Elasticit\u00e9<\/li>\n<li>Fixation extr\u00eame<\/li>\n<li>Tonus <\/li>\n<\/ul>\n<\/div>\n<\/div>\n<div class=\"tab js-tab\">\n<h3 class=\"tab-title pdp-tabs_title js-tab-mobile-title\"><span>Description<\/span><\/h3>\n<div class=\"tab-description pdp-tabs_description js-tab-description\" itemprop=\"description\">La Cr\u00e8me Extr\u00eame pour Boucles Weho de Vitality\u2019s apporte de la vigueur aux boucles et r\u00e9v\u00e8le la densit\u00e9 des cheveux fris\u00e9s, ondul\u00e9s et ils vont appr\u00e9cier son utilisation.Sa composition l\u00e9g\u00e8re n\u2019alourdit pas la fibre capillaire, la chevelure r\u00e9v\u00e8le tout son tonus et retrouve brillance et luminosit\u00e9. Gr\u00e2ce \u00e0 sa formulation hydratante, les cheveux sont gain\u00e9s et vous pouvez ais\u00e9ment r\u00e9aliser des coiffures structur\u00e9es sans risquer de les abimer. Fini les risques de cassure de la fibre capillaire, la cr\u00e8me lui offre plus d\u2019\u00e9lasticit\u00e9.D\u00e9finies, les boucles sont assouplies et la coiffure reste l\u00e9g\u00e8re tout au long de la journ\u00e9e gr\u00e2ce \u00e0 son indice de fixation 4.Vous pouvez obtenir une fixation interm\u00e9diaire en m\u00e9langeant dans le creux de la main Weho Curl Extr\u00e8me et Weho Curl Cream.<\/div>\n<\/div>\n<div class=\"tab js-tab\">\n<h3 class=\"tab-title pdp-tabs_title js-tab-mobile-title\"><span>Mode d&#8217;emploi<\/span><\/h3>\n<div class=\"tab-description pdp-tabs_description js-tab-description\">R\u00e9partir sur les cheveux lav\u00e9s et essor\u00e9s, coiffer, ne pas rincer.<\/div>\n<\/div>\n<div class=\"tab js-tab\">\n<h3 class=\"tab-title pdp-tabs_title js-tab-mobile-title\"><span>Ingr\u00e9dients<\/span><\/h3>\n<div class=\"tab-description pdp-tabs_description js-tab-description\">AQUA (WATER), POLYQUATERNIUM-55, PROPYLENE GLYCOL, POLIQUATERNIUM-11, POLYQUATERNIUM-37, PROPYLENE GLYCOL DICAPRYLATE, DICAPRATE, PPG-1 TRIDECETH-6, SIMMONDSIA CHINENSIS (JOJOBA) SEED OIL, CETEARYL ALCOHOL, CETRIMONIUM CHLORIDE, CYCLOPENTASILOXANE, TRIETHANOLAMINE, TETRASODIUM EDTA, PHENOXYETHANOL, ETHYLHEXYLGLYCERIN, LIMONENE, HEXYL CINNAMAL, CITRAL, GERANIOL, LINALOOL, PARFUM (FRAGRANCE).<\/div>\n<\/div>\n<div class=\"tab js-tab\">\n<h3 class=\"tab-title pdp-tabs_title js-tab-mobile-title\"><span>Livraison et stock<\/span><\/h3>\n<div class=\"tab-description pdp-tabs_description js-tab-description\">\n<div class=\"pdp-delivery_info\">\n<div class=\"content-asset\">Livraison et d\u00e9laisRetours et remboursements<\/div>\n<\/div>\n<\/div>\n<\/div>\n<\/div>\n<\/div>\n<\/div>\n","protected":false},"excerpt":{"rendered":"<p>Points cl\u00e9s Brillance Souplesse Elasticit\u00e9 Fixation extr\u00eame Tonus Description La Cr\u00e8me Extr\u00eame pour Boucles Weho&hellip;<\/p>\n","protected":false},"featured_media":15892,"comment_status":"open","ping_status":"closed","template":"","meta":[],"pwb-brand":[651],"product_cat":[596],"product_tag":[128,127,333],"class_list":{"0":"post-30484","1":"product","2":"type-product","3":"status-publish","4":"has-post-thumbnail","6":"pwb-brand-vitalitys","7":"product_cat-produit-coiffant-et-fixant","8":"product_tag-produit-coiffant-et-fixant","9":"product_tag-shampooing-et-coiffure","10":"product_tag-vitalitys","12":"first","13":"instock","14":"taxable","15":"shipping-taxable","16":"purchasable","17":"product-type-simple","18":"layout-style-3","19":"col-md-4 col-sm-4 col-xs-6","20":"col-lg-3","21":"product-style-default"},"aioseo_notices":[],"brands":[{"id":651,"name":"Vitality's","slug":"vitalitys"}],"_links":{"self":[{"href":"https:\/\/cheveuxluxe.com\/index.php\/wp-json\/wp\/v2\/product\/30484","targetHints":{"allow":["GET"]}}],"collection":[{"href":"https:\/\/cheveuxluxe.com\/index.php\/wp-json\/wp\/v2\/product"}],"about":[{"href":"https:\/\/cheveuxluxe.com\/index.php\/wp-json\/wp\/v2\/types\/product"}],"replies":[{"embeddable":true,"href":"https:\/\/cheveuxluxe.com\/index.php\/wp-json\/wp\/v2\/comments?post=30484"}],"version-history":[{"count":0,"href":"https:\/\/cheveuxluxe.com\/index.php\/wp-json\/wp\/v2\/product\/30484\/revisions"}],"wp:featuredmedia":[{"embeddable":true,"href":"https:\/\/cheveuxluxe.com\/index.php\/wp-json\/wp\/v2\/media\/15892"}],"wp:attachment":[{"href":"https:\/\/cheveuxluxe.com\/index.php\/wp-json\/wp\/v2\/media?parent=30484"}],"wp:term":[{"taxonomy":"pwb-brand","embeddable":true,"href":"https:\/\/cheveuxluxe.com\/index.php\/wp-json\/wp\/v2\/pwb-brand?post=30484"},{"taxonomy":"product_cat","embeddable":true,"href":"https:\/\/cheveuxluxe.com\/index.php\/wp-json\/wp\/v2\/product_cat?post=30484"},{"taxonomy":"product_tag","embeddable":true,"href":"https:\/\/cheveuxluxe.com\/index.php\/wp-json\/wp\/v2\/product_tag?post=30484"}],"curies":[{"name":"wp","href":"https:\/\/api.w.org\/{rel}","templated":true}]}}