{"id":30485,"date":"2024-04-09T22:46:35","date_gmt":"2024-04-09T22:46:35","guid":{"rendered":"https:\/\/cheveuxluxe.com\/index.php\/product\/vitalitys-weho-fix-gel-200ml\/"},"modified":"2024-04-13T14:04:28","modified_gmt":"2024-04-13T14:04:28","slug":"vitalitys-weho-fix-gel-200ml","status":"publish","type":"product","link":"https:\/\/cheveuxluxe.com\/index.php\/product\/vitalitys-weho-fix-gel-200ml\/","title":{"rendered":"Vitality&rsquo;s Weho Fix Gel 200ml"},"content":{"rendered":"<div class=\"product-content_bottom\">\n<div class=\"pdp-info\">\n<div class=\"pdp-tabs tab-container\">\n<div class=\"tab js-tab\">\n<h3 class=\"tab-title pdp-tabs_title js-tab-mobile-title open\"><span>Points cl\u00e9s<\/span><\/h3>\n<div class=\"tab-description pdp-tabs_description js-tab-description open\" itemprop=\"description\">\n<ul>\n<li> Fixation forte<\/li>\n<li>Coiffures extr\u00eames<\/li>\n<li>Effet mouill\u00e9 <\/li>\n<li>Formule cr\u00e9meuse <\/li>\n<\/ul>\n<\/div>\n<\/div>\n<div class=\"tab js-tab\">\n<h3 class=\"tab-title pdp-tabs_title js-tab-mobile-title\"><span>Description<\/span><\/h3>\n<div class=\"tab-description pdp-tabs_description js-tab-description\" itemprop=\"description\">Les coiffures extr\u00eames n\u00e9cessitent un soin fixant \u00e0 la hauteur de leurs ambitions. C\u2019est pourquoi le gel fixation forte Weho Fix de Vitality\u2019s assure un maintien optimal tout au long de la journ\u00e9e, sans n\u00e9cessiter la moindre retouche.Gr\u00e2ce \u00e0 sa texture fluide et l\u00e9g\u00e8re, il est particuli\u00e8rement agr\u00e9able \u00e0 utiliser et s\u2019applique tr\u00e8s facilement sur les cheveux, quelle que soit leur nature.Avec son pouvoir fixant de niveau 4, ce gel permet de cr\u00e9er les coiffures les plus extravagantes sans laisser de sensation carton d\u00e9sagr\u00e9able.Avec son fini brillant et son effet mouill\u00e9, il est aussi tendance que pratique et peut \u00eatre utilis\u00e9 au quotidien sans agresser ni affaiblir le cheveu. Sans r\u00e9sidu, ce soin fixant r\u00e9volutionnaire s\u2019\u00e9limine tr\u00e8s facilement au shampoing.<\/div>\n<\/div>\n<div class=\"tab js-tab\">\n<h3 class=\"tab-title pdp-tabs_title js-tab-mobile-title\"><span>Mode d&#8217;emploi<\/span><\/h3>\n<div class=\"tab-description pdp-tabs_description js-tab-description\">Apr\u00e8s avoir lav\u00e9 et coiff\u00e9 les cheveux, pr\u00e9levez une noisette de gel fixation forte Weho Fix, puis appliquez sur les zones \u00e0 fixer.Sculptez la coiffure m\u00e8che \u00e0 m\u00e8che jusqu\u2019\u00e0 obtention du r\u00e9sultat escompt\u00e9.Laissez s\u00e9cher \u00e0 l\u2019air libre.Peut \u00eatre appliqu\u00e9 sur cheveux secs ou mouill\u00e9s.Pour un r\u00e9sultat encore plus intense, appliquez une laque de finition sur l\u2019ensemble de la coiffure.<\/div>\n<\/div>\n<div class=\"tab js-tab\">\n<h3 class=\"tab-title pdp-tabs_title js-tab-mobile-title\"><span>Ingr\u00e9dients<\/span><\/h3>\n<div class=\"tab-description pdp-tabs_description js-tab-description\">AQUA (WATER), ALCOHOL DENAT., VP, VA COPOLYMER, GLYCERIN, PEG-40 HYDROGENATED CASTOR OIL, VP, ACRYLATES, LAURYL METHACRYLATE COPOLYMER, TRIETHANOLAMINE, ACRYLATES, C10-30 ALKYL ACRYLATE CROSSPOLYMER, STYREN, ACRYLATES COPOLYMER, AMINOMETHYL PROPANOL, PHENOXYETHANOL, ETHYLHEXYLGLYCERIN, LIMONENE, HEXYL CINNAMAL, CITRAL, PARFUM (FRAGRANCE).<\/div>\n<\/div>\n<div class=\"tab js-tab\">\n<h3 class=\"tab-title pdp-tabs_title js-tab-mobile-title\"><span>Livraison et stock<\/span><\/h3>\n<div class=\"tab-description pdp-tabs_description js-tab-description\">\n<div class=\"pdp-delivery_info\">\n<div class=\"content-asset\">Livraison et d\u00e9laisRetours et remboursements<\/div>\n<\/div>\n<\/div>\n<\/div>\n<\/div>\n<\/div>\n<\/div>\n","protected":false},"excerpt":{"rendered":"<p>Points cl\u00e9s Fixation forte Coiffures extr\u00eames Effet mouill\u00e9 Formule cr\u00e9meuse Description Les coiffures extr\u00eames n\u00e9cessitent&hellip;<\/p>\n","protected":false},"featured_media":20650,"comment_status":"open","ping_status":"closed","template":"","meta":[],"pwb-brand":[651],"product_cat":[596],"product_tag":[128,127,333],"class_list":{"0":"post-30485","1":"product","2":"type-product","3":"status-publish","4":"has-post-thumbnail","6":"pwb-brand-vitalitys","7":"product_cat-produit-coiffant-et-fixant","8":"product_tag-produit-coiffant-et-fixant","9":"product_tag-shampooing-et-coiffure","10":"product_tag-vitalitys","12":"first","13":"instock","14":"taxable","15":"shipping-taxable","16":"purchasable","17":"product-type-simple","18":"layout-style-3","19":"col-md-4 col-sm-4 col-xs-6","20":"col-lg-3","21":"product-style-default"},"aioseo_notices":[],"brands":[{"id":651,"name":"Vitality's","slug":"vitalitys"}],"_links":{"self":[{"href":"https:\/\/cheveuxluxe.com\/index.php\/wp-json\/wp\/v2\/product\/30485","targetHints":{"allow":["GET"]}}],"collection":[{"href":"https:\/\/cheveuxluxe.com\/index.php\/wp-json\/wp\/v2\/product"}],"about":[{"href":"https:\/\/cheveuxluxe.com\/index.php\/wp-json\/wp\/v2\/types\/product"}],"replies":[{"embeddable":true,"href":"https:\/\/cheveuxluxe.com\/index.php\/wp-json\/wp\/v2\/comments?post=30485"}],"version-history":[{"count":0,"href":"https:\/\/cheveuxluxe.com\/index.php\/wp-json\/wp\/v2\/product\/30485\/revisions"}],"wp:featuredmedia":[{"embeddable":true,"href":"https:\/\/cheveuxluxe.com\/index.php\/wp-json\/wp\/v2\/media\/20650"}],"wp:attachment":[{"href":"https:\/\/cheveuxluxe.com\/index.php\/wp-json\/wp\/v2\/media?parent=30485"}],"wp:term":[{"taxonomy":"pwb-brand","embeddable":true,"href":"https:\/\/cheveuxluxe.com\/index.php\/wp-json\/wp\/v2\/pwb-brand?post=30485"},{"taxonomy":"product_cat","embeddable":true,"href":"https:\/\/cheveuxluxe.com\/index.php\/wp-json\/wp\/v2\/product_cat?post=30485"},{"taxonomy":"product_tag","embeddable":true,"href":"https:\/\/cheveuxluxe.com\/index.php\/wp-json\/wp\/v2\/product_tag?post=30485"}],"curies":[{"name":"wp","href":"https:\/\/api.w.org\/{rel}","templated":true}]}}