{"id":30489,"date":"2024-04-09T22:46:36","date_gmt":"2024-04-09T22:46:36","guid":{"rendered":"https:\/\/cheveuxluxe.com\/index.php\/product\/vitalitys-lait-thermo-protecteur-magic-styling-200ml\/"},"modified":"2024-04-13T14:04:30","modified_gmt":"2024-04-13T14:04:30","slug":"vitalitys-lait-thermo-protecteur-magic-styling-200ml","status":"publish","type":"product","link":"https:\/\/cheveuxluxe.com\/index.php\/product\/vitalitys-lait-thermo-protecteur-magic-styling-200ml\/","title":{"rendered":"Vitality&rsquo;s Lait Thermo-Protecteur Magic Styling 200ml"},"content":{"rendered":"<div class=\"product-content_bottom\">\n<div class=\"pdp-info\">\n<div class=\"pdp-tabs tab-container\">\n<div class=\"tab js-tab\">\n<h3 class=\"tab-title pdp-tabs_title js-tab-mobile-title open\"><span>Points cl\u00e9s<\/span><\/h3>\n<div class=\"tab-description pdp-tabs_description js-tab-description open\" itemprop=\"description\">\n<ul>\n<li> Soin protecteur<\/li>\n<li>Anti-uv<\/li>\n<li>Brillance<\/li>\n<li>Vitalit\u00e9<\/li>\n<li>Volume <\/li>\n<\/ul>\n<\/div>\n<\/div>\n<div class=\"tab js-tab\">\n<h3 class=\"tab-title pdp-tabs_title js-tab-mobile-title\"><span>Description<\/span><\/h3>\n<div class=\"tab-description pdp-tabs_description js-tab-description\" itemprop=\"description\">En appliquant le Lait Thermo-Protecteur Weho Magic Styling de Vitality\u2019s avant l\u2019utilisation du s\u00e8che-cheveux ou du lisseur, vous offrez aux cheveux la v\u00e9ritable protection contre la haute temp\u00e9rature. Cette cr\u00e8me sans rin\u00e7age anti-uv hydrate tout en fixant l\u00e9g\u00e8rement, ce qui permettra de donner du corps et du volume \u00e0 la coiffure en optimisant sa dur\u00e9e. Grace \u00e0 ce traitement innovant, vous obtenez un lissage haut de gamme, au mouvement aussi glamour que naturel.Finis les frisottis et l\u2019effet \u00e9lectrostatique. Nourris, la chevelure est soyeuse, brillante et le restera jusqu\u2019\u00e0 la prochaine application.Vous pouvez associer \u00e0 ce traitement la laque Spray Fix de la gamme Weho pour parfaire le brillant et fixer la coiffure. En combinant les diff\u00e9rents produits de cette gamme de Vitality\u2019s, vous offrirez \u00e0 vos clients la possibilit\u00e9 d\u2019obtenir une chevelure saine et pleine de vitalit\u00e9.<\/div>\n<\/div>\n<div class=\"tab js-tab\">\n<h3 class=\"tab-title pdp-tabs_title js-tab-mobile-title\"><span>Mode d&#8217;emploi<\/span><\/h3>\n<div class=\"tab-description pdp-tabs_description js-tab-description\">Grace \u00e0 son vaporisateur sp\u00e9cial, r\u00e9partissez finement et uniform\u00e9ment la cr\u00e8me sur une chevelure pr\u00e9alablement lav\u00e9e et essor\u00e9e.<\/div>\n<\/div>\n<div class=\"tab js-tab\">\n<h3 class=\"tab-title pdp-tabs_title js-tab-mobile-title\"><span>Ingr\u00e9dients<\/span><\/h3>\n<div class=\"tab-description pdp-tabs_description js-tab-description\">AQUA (WATER), MYRISTYL ALCOHOL, GLYCERIN, PVP, HYDROXYPROPYL STARCH PHOSPHATE, PPG-3 BENZYL ETHER MYRISTATE, HYDROXYPROPYLTRIMONIUM HYDROLYZED WHEAT PROTEIN, CETRIMONIUM CHLORIDE, BEHENTRIMONIUM CHLORIDE, POLYQUATERNIUM-11, TETRASODIUM EDTA, ETHYLHEXYLGLYCERIN, PHENOXYETHANOL, PARFUM (FRAGRANCE).<\/div>\n<\/div>\n<div class=\"tab js-tab\">\n<h3 class=\"tab-title pdp-tabs_title js-tab-mobile-title\"><span>Livraison et stock<\/span><\/h3>\n<div class=\"tab-description pdp-tabs_description js-tab-description\">\n<div class=\"pdp-delivery_info\">\n<div class=\"content-asset\">Livraison et d\u00e9laisRetours et remboursements<\/div>\n<\/div>\n<\/div>\n<\/div>\n<\/div>\n<\/div>\n<\/div>\n","protected":false},"excerpt":{"rendered":"<p>Points cl\u00e9s Soin protecteur Anti-uv Brillance Vitalit\u00e9 Volume Description En appliquant le Lait Thermo-Protecteur Weho&hellip;<\/p>\n","protected":false},"featured_media":18696,"comment_status":"open","ping_status":"closed","template":"","meta":[],"pwb-brand":[651],"product_cat":[596],"product_tag":[128,127,333],"class_list":{"0":"post-30489","1":"product","2":"type-product","3":"status-publish","4":"has-post-thumbnail","6":"pwb-brand-vitalitys","7":"product_cat-produit-coiffant-et-fixant","8":"product_tag-produit-coiffant-et-fixant","9":"product_tag-shampooing-et-coiffure","10":"product_tag-vitalitys","12":"first","13":"instock","14":"taxable","15":"shipping-taxable","16":"purchasable","17":"product-type-simple","18":"layout-style-3","19":"col-md-4 col-sm-4 col-xs-6","20":"col-lg-3","21":"product-style-default"},"aioseo_notices":[],"brands":[{"id":651,"name":"Vitality's","slug":"vitalitys"}],"_links":{"self":[{"href":"https:\/\/cheveuxluxe.com\/index.php\/wp-json\/wp\/v2\/product\/30489","targetHints":{"allow":["GET"]}}],"collection":[{"href":"https:\/\/cheveuxluxe.com\/index.php\/wp-json\/wp\/v2\/product"}],"about":[{"href":"https:\/\/cheveuxluxe.com\/index.php\/wp-json\/wp\/v2\/types\/product"}],"replies":[{"embeddable":true,"href":"https:\/\/cheveuxluxe.com\/index.php\/wp-json\/wp\/v2\/comments?post=30489"}],"version-history":[{"count":0,"href":"https:\/\/cheveuxluxe.com\/index.php\/wp-json\/wp\/v2\/product\/30489\/revisions"}],"wp:featuredmedia":[{"embeddable":true,"href":"https:\/\/cheveuxluxe.com\/index.php\/wp-json\/wp\/v2\/media\/18696"}],"wp:attachment":[{"href":"https:\/\/cheveuxluxe.com\/index.php\/wp-json\/wp\/v2\/media?parent=30489"}],"wp:term":[{"taxonomy":"pwb-brand","embeddable":true,"href":"https:\/\/cheveuxluxe.com\/index.php\/wp-json\/wp\/v2\/pwb-brand?post=30489"},{"taxonomy":"product_cat","embeddable":true,"href":"https:\/\/cheveuxluxe.com\/index.php\/wp-json\/wp\/v2\/product_cat?post=30489"},{"taxonomy":"product_tag","embeddable":true,"href":"https:\/\/cheveuxluxe.com\/index.php\/wp-json\/wp\/v2\/product_tag?post=30489"}],"curies":[{"name":"wp","href":"https:\/\/api.w.org\/{rel}","templated":true}]}}