{"id":30491,"date":"2024-04-09T22:46:37","date_gmt":"2024-04-09T22:46:37","guid":{"rendered":"https:\/\/cheveuxluxe.com\/index.php\/product\/vitalitys-pate-sculptante-creator-paste-75ml\/"},"modified":"2024-04-13T14:04:31","modified_gmt":"2024-04-13T14:04:31","slug":"vitalitys-pate-sculptante-creator-paste-75ml","status":"publish","type":"product","link":"https:\/\/cheveuxluxe.com\/index.php\/product\/vitalitys-pate-sculptante-creator-paste-75ml\/","title":{"rendered":"Vitality&rsquo;s P\u00e2te Sculptante Creator Paste 75ml"},"content":{"rendered":"<div class=\"product-content_bottom\">\n<div class=\"pdp-info\">\n<div class=\"pdp-tabs tab-container\">\n<div class=\"tab js-tab\">\n<h3 class=\"tab-title pdp-tabs_title js-tab-mobile-title open\"><span>Points cl\u00e9s<\/span><\/h3>\n<div class=\"tab-description pdp-tabs_description js-tab-description open\" itemprop=\"description\">\n<ul>\n<li> Structurant<\/li>\n<li>Fixation 3<\/li>\n<li>Effet naturel<\/li>\n<li>Tenue longue dur\u00e9e<\/li>\n<li>Brillance <\/li>\n<\/ul>\n<\/div>\n<\/div>\n<div class=\"tab js-tab\">\n<h3 class=\"tab-title pdp-tabs_title js-tab-mobile-title\"><span>Description<\/span><\/h3>\n<div class=\"tab-description pdp-tabs_description js-tab-description\" itemprop=\"description\">La P\u00e2te Sculptante Weho Creator de Vitality\u2019s garantit une brillance tout au long de la journ\u00e9e ainsi qu\u2019une mise en forme qui ne vous laissera pas tomber tout en gardant un effet naturel.Sa texture non grasse et non collante sculpte m\u00e8che \u00e0 m\u00e8che la coiffure sans l\u2019alourdir et ne laisse aucun r\u00e9sidu. Un r\u00e9sultat sans effet cartonn\u00e9 ni plaqu\u00e9, qui enchantera vos clients.Avec un indice de fixation 3, cette p\u00e2te maitrisera la chevelure tout en l\u00e9g\u00e8ret\u00e9 et lui apportera l\u2019effet miroir n\u00e9cessaire gr\u00e2ce \u00e0 son indice de brillance 2.Weho est la ligne professionnelle de coiffage de la marque Vitality\u2019s qui repr\u00e9sente l\u2019excellence du made in Italy dans le domaine des cosm\u00e9tiques.<\/div>\n<\/div>\n<div class=\"tab js-tab\">\n<h3 class=\"tab-title pdp-tabs_title js-tab-mobile-title\"><span>Mode d&#8217;emploi<\/span><\/h3>\n<div class=\"tab-description pdp-tabs_description js-tab-description\">Chauffer la pa?te entre les mains puis l\u2019appliquer sur les cheveux secs en sculptant les me?ches pour cre?er le look souhaite?.<\/div>\n<\/div>\n<div class=\"tab js-tab\">\n<h3 class=\"tab-title pdp-tabs_title js-tab-mobile-title\"><span>Ingr\u00e9dients<\/span><\/h3>\n<div class=\"tab-description pdp-tabs_description js-tab-description\">AQUA (WATER), CETEARYL ALCOHOL, CERA ALBA (BEESWAX), GLYCERYL DILAURATE, PEG-75 LANOLIN, PETROLATUM, VP\/VA COPOLYMER, PPG-5 CETETH-20, PVP, GLYCERYL STEARATE, PEG-100 STEARATE, BHT, TETRASODIUM EDTA, ENOXYETHANOL, ETHYLHEXYLGLYCERIN, LIMONENE, PARFUM (FRAGRANCE).<\/div>\n<\/div>\n<div class=\"tab js-tab\">\n<h3 class=\"tab-title pdp-tabs_title js-tab-mobile-title\"><span>Livraison et stock<\/span><\/h3>\n<div class=\"tab-description pdp-tabs_description js-tab-description\">\n<div class=\"pdp-delivery_info\">\n<div class=\"content-asset\">Livraison et d\u00e9laisRetours et remboursements<\/div>\n<\/div>\n<\/div>\n<\/div>\n<\/div>\n<\/div>\n<\/div>\n","protected":false},"excerpt":{"rendered":"<p>Points cl\u00e9s Structurant Fixation 3 Effet naturel Tenue longue dur\u00e9e Brillance Description La P\u00e2te Sculptante&hellip;<\/p>\n","protected":false},"featured_media":16203,"comment_status":"open","ping_status":"closed","template":"","meta":[],"pwb-brand":[651],"product_cat":[596],"product_tag":[128,127,333],"class_list":{"0":"post-30491","1":"product","2":"type-product","3":"status-publish","4":"has-post-thumbnail","6":"pwb-brand-vitalitys","7":"product_cat-produit-coiffant-et-fixant","8":"product_tag-produit-coiffant-et-fixant","9":"product_tag-shampooing-et-coiffure","10":"product_tag-vitalitys","12":"first","13":"instock","14":"taxable","15":"shipping-taxable","16":"purchasable","17":"product-type-simple","18":"layout-style-3","19":"col-md-4 col-sm-4 col-xs-6","20":"col-lg-3","21":"product-has-gallery","22":"product-style-default"},"aioseo_notices":[],"brands":[{"id":651,"name":"Vitality's","slug":"vitalitys"}],"_links":{"self":[{"href":"https:\/\/cheveuxluxe.com\/index.php\/wp-json\/wp\/v2\/product\/30491","targetHints":{"allow":["GET"]}}],"collection":[{"href":"https:\/\/cheveuxluxe.com\/index.php\/wp-json\/wp\/v2\/product"}],"about":[{"href":"https:\/\/cheveuxluxe.com\/index.php\/wp-json\/wp\/v2\/types\/product"}],"replies":[{"embeddable":true,"href":"https:\/\/cheveuxluxe.com\/index.php\/wp-json\/wp\/v2\/comments?post=30491"}],"version-history":[{"count":0,"href":"https:\/\/cheveuxluxe.com\/index.php\/wp-json\/wp\/v2\/product\/30491\/revisions"}],"wp:featuredmedia":[{"embeddable":true,"href":"https:\/\/cheveuxluxe.com\/index.php\/wp-json\/wp\/v2\/media\/16203"}],"wp:attachment":[{"href":"https:\/\/cheveuxluxe.com\/index.php\/wp-json\/wp\/v2\/media?parent=30491"}],"wp:term":[{"taxonomy":"pwb-brand","embeddable":true,"href":"https:\/\/cheveuxluxe.com\/index.php\/wp-json\/wp\/v2\/pwb-brand?post=30491"},{"taxonomy":"product_cat","embeddable":true,"href":"https:\/\/cheveuxluxe.com\/index.php\/wp-json\/wp\/v2\/product_cat?post=30491"},{"taxonomy":"product_tag","embeddable":true,"href":"https:\/\/cheveuxluxe.com\/index.php\/wp-json\/wp\/v2\/product_tag?post=30491"}],"curies":[{"name":"wp","href":"https:\/\/api.w.org\/{rel}","templated":true}]}}