{"id":30495,"date":"2024-04-09T22:46:39","date_gmt":"2024-04-09T22:46:39","guid":{"rendered":"https:\/\/cheveuxluxe.com\/index.php\/product\/vines-vintage-creme-texturisante-125ml\/"},"modified":"2024-04-13T14:04:34","modified_gmt":"2024-04-13T14:04:34","slug":"vines-vintage-creme-texturisante-125ml","status":"publish","type":"product","link":"https:\/\/cheveuxluxe.com\/index.php\/product\/vines-vintage-creme-texturisante-125ml\/","title":{"rendered":"Vines Vintage Cr\u00e8me Texturisante 125ml"},"content":{"rendered":"<div class=\"product-content_bottom\">\n<div class=\"pdp-info\">\n<div class=\"pdp-tabs tab-container\">\n<div class=\"tab js-tab\">\n<h3 class=\"tab-title pdp-tabs_title js-tab-mobile-title\"><span>Description<\/span><\/h3>\n<div class=\"tab-description pdp-tabs_description js-tab-description\" itemprop=\"description\">Cette cr\u00e8me texturisante polyvalente offre une texture l\u00e9g\u00e8re et souple, une tenue durable optimale pour un aspect d\u00e9contract\u00e9 naturel. Enrichie en cire de carnauba, r\u00e9put\u00e9e pour ses propri\u00e9t\u00e9s hypoallerg\u00e9niques et hydratantes pour \u00e9viter les cheveux secs et fragiles.<\/div>\n<\/div>\n<div class=\"tab js-tab\">\n<h3 class=\"tab-title pdp-tabs_title js-tab-mobile-title\"><span>Mode d&#8217;emploi<\/span><\/h3>\n<div class=\"tab-description pdp-tabs_description js-tab-description\">Versez la quantit\u00e9 d\u00e9sir\u00e9e entre vos paumes et appliquez sur cheveux humides ou secs pour cr\u00e9er votre style.<\/div>\n<\/div>\n<div class=\"tab js-tab\">\n<h3 class=\"tab-title pdp-tabs_title js-tab-mobile-title\"><span>Ingr\u00e9dients<\/span><\/h3>\n<div class=\"tab-description pdp-tabs_description js-tab-description\">1. Aqua (Water) 2. Alcohol Denat. (Alcohol) 3. Lanolin 4. Petrolatum 5. PVP 6. VP, VA Copolymer 7. Cetearyl Alcohol 8. Propylene Glycol 9. Paraffinum Liquidum (Mineral Oil) 10. Ethylhexyl Palmitate 11. Ozokerite 12. Copernicia Cerifera (Carnauba) Wax 13. Ceteareth-20 14. Parfum (Fragrance) 15. Limonene 16. PEG-90M 17. Phenoxyethanol 18. Triethylene Glycol<\/div>\n<\/div>\n<div class=\"tab js-tab\">\n<h3 class=\"tab-title pdp-tabs_title js-tab-mobile-title\"><span>Livraison et stock<\/span><\/h3>\n<div class=\"tab-description pdp-tabs_description js-tab-description\">\n<div class=\"pdp-delivery_info\">\n<div class=\"content-asset\">Livraison et d\u00e9laisRetours et remboursements<\/div>\n<\/div>\n<\/div>\n<\/div>\n<div class=\"tab js-tab\">\n<h3 class=\"tab-title pdp-tabs_title js-tab-mobile-title\"><span>Pr\u00e9cautions d&#8217;emploi<\/span><\/h3>\n<div class=\"tab-description pdp-tabs_description js-tab-description\">Usage externe uniquement. \u00c9viter le contact avec les yeux. Ne pas utiliser pour des enfants de moins de trois ans.<\/div>\n<\/div>\n<\/div>\n<\/div>\n<\/div>\n","protected":false},"excerpt":{"rendered":"<p>Description Cette cr\u00e8me texturisante polyvalente offre une texture l\u00e9g\u00e8re et souple, une tenue durable optimale&hellip;<\/p>\n","protected":false},"featured_media":15809,"comment_status":"open","ping_status":"closed","template":"","meta":[],"pwb-brand":[715],"product_cat":[596],"product_tag":[128,127,589],"class_list":{"0":"post-30495","1":"product","2":"type-product","3":"status-publish","4":"has-post-thumbnail","6":"pwb-brand-vines-vintage","7":"product_cat-produit-coiffant-et-fixant","8":"product_tag-produit-coiffant-et-fixant","9":"product_tag-shampooing-et-coiffure","10":"product_tag-vines-vintage","12":"first","13":"instock","14":"taxable","15":"shipping-taxable","16":"purchasable","17":"product-type-simple","18":"layout-style-3","19":"col-md-4 col-sm-4 col-xs-6","20":"col-lg-3","21":"product-style-default"},"aioseo_notices":[],"brands":[{"id":715,"name":"Vines Vintage","slug":"vines-vintage"}],"_links":{"self":[{"href":"https:\/\/cheveuxluxe.com\/index.php\/wp-json\/wp\/v2\/product\/30495","targetHints":{"allow":["GET"]}}],"collection":[{"href":"https:\/\/cheveuxluxe.com\/index.php\/wp-json\/wp\/v2\/product"}],"about":[{"href":"https:\/\/cheveuxluxe.com\/index.php\/wp-json\/wp\/v2\/types\/product"}],"replies":[{"embeddable":true,"href":"https:\/\/cheveuxluxe.com\/index.php\/wp-json\/wp\/v2\/comments?post=30495"}],"version-history":[{"count":0,"href":"https:\/\/cheveuxluxe.com\/index.php\/wp-json\/wp\/v2\/product\/30495\/revisions"}],"wp:featuredmedia":[{"embeddable":true,"href":"https:\/\/cheveuxluxe.com\/index.php\/wp-json\/wp\/v2\/media\/15809"}],"wp:attachment":[{"href":"https:\/\/cheveuxluxe.com\/index.php\/wp-json\/wp\/v2\/media?parent=30495"}],"wp:term":[{"taxonomy":"pwb-brand","embeddable":true,"href":"https:\/\/cheveuxluxe.com\/index.php\/wp-json\/wp\/v2\/pwb-brand?post=30495"},{"taxonomy":"product_cat","embeddable":true,"href":"https:\/\/cheveuxluxe.com\/index.php\/wp-json\/wp\/v2\/product_cat?post=30495"},{"taxonomy":"product_tag","embeddable":true,"href":"https:\/\/cheveuxluxe.com\/index.php\/wp-json\/wp\/v2\/product_tag?post=30495"}],"curies":[{"name":"wp","href":"https:\/\/api.w.org\/{rel}","templated":true}]}}