{"id":30496,"date":"2024-04-09T22:46:39","date_gmt":"2024-04-09T22:46:39","guid":{"rendered":"https:\/\/cheveuxluxe.com\/index.php\/product\/vines-vintage-cire-moustache-25ml\/"},"modified":"2024-04-13T14:04:35","modified_gmt":"2024-04-13T14:04:35","slug":"vines-vintage-cire-moustache-25ml","status":"publish","type":"product","link":"https:\/\/cheveuxluxe.com\/index.php\/product\/vines-vintage-cire-moustache-25ml\/","title":{"rendered":"Vines Vintage Cire Moustache 25ml"},"content":{"rendered":"<div class=\"product-content_bottom\">\n<div class=\"pdp-info\">\n<div class=\"pdp-tabs tab-container\">\n<div class=\"tab js-tab\">\n<h3 class=\"tab-title pdp-tabs_title js-tab-mobile-title open\"><span>Points cl\u00e9s<\/span><\/h3>\n<div class=\"tab-description pdp-tabs_description js-tab-description open\" itemprop=\"description\">\n<ul>\n<li> Moustache<\/li>\n<li>Finition <\/li>\n<li>Lisse <\/li>\n<li>D\u00e9finit <\/li>\n<\/ul>\n<\/div>\n<\/div>\n<div class=\"tab js-tab\">\n<h3 class=\"tab-title pdp-tabs_title js-tab-mobile-title\"><span>Description<\/span><\/h3>\n<div class=\"tab-description pdp-tabs_description js-tab-description\" itemprop=\"description\">Pour les hommes s\u00fbrs de leur style, chaque d\u00e9tail compte. Arborer une belle moustache ? Oui, \u00e0 condition qu\u2019elle soit belle et bien entretenue ! Pour apporter la touche finale \u00e0 vos tailles de moustache, vous pouvez compter sur un produit en phase avec vos besoins et les exigences de vos clients : la Moustache Wax Vines Vintage.Cette cire permet de fixer sans ass\u00e9cher le poil et apporte tenue et brillance. Vous lissez ou modelez les moustaches \u00e0 l\u2019image de leurs propri\u00e9taires, classique, r\u00e9tro ou pourquoi pas, extravagante. Votre client souhaite remettre au go\u00fbt du jour la moustache en guidon ? Dites-lui oui !On aime : son packaging, qui s\u00e9duira tous vos clients avec son look chic et vintage.<\/div>\n<\/div>\n<div class=\"tab js-tab\">\n<h3 class=\"tab-title pdp-tabs_title js-tab-mobile-title\"><span>Mode d&#8217;emploi<\/span><\/h3>\n<div class=\"tab-description pdp-tabs_description js-tab-description\">Taillez la moustache selon votre technique habituelle. Prenez un peu de cire et chauffez la mati\u00e8re entre vos doigts avant de l\u2019appliquer. Lissez la moustache pour lui donner la forme souhait\u00e9e.<\/div>\n<\/div>\n<div class=\"tab js-tab\">\n<h3 class=\"tab-title pdp-tabs_title js-tab-mobile-title\"><span>Ingr\u00e9dients<\/span><\/h3>\n<div class=\"tab-description pdp-tabs_description js-tab-description\">1. Cera Alba (Beeswax) 2. Petrolatum 3. Camellia Japonica (Tsubaki) Seed Oil 4. Parfum (Fragrance) 5. Linalool 6. Hexyl Cinnamal 7. Limonene 8. Geraniol 9. Citronellol<\/div>\n<\/div>\n<div class=\"tab js-tab\">\n<h3 class=\"tab-title pdp-tabs_title js-tab-mobile-title\"><span>Livraison et stock<\/span><\/h3>\n<div class=\"tab-description pdp-tabs_description js-tab-description\">\n<div class=\"pdp-delivery_info\">\n<div class=\"content-asset\">Livraison et d\u00e9laisRetours et remboursements<\/div>\n<\/div>\n<\/div>\n<\/div>\n<\/div>\n<\/div>\n<\/div>\n","protected":false},"excerpt":{"rendered":"<p>Points cl\u00e9s Moustache Finition Lisse D\u00e9finit Description Pour les hommes s\u00fbrs de leur style, chaque&hellip;<\/p>\n","protected":false},"featured_media":21446,"comment_status":"open","ping_status":"closed","template":"","meta":[],"pwb-brand":[715],"product_cat":[596],"product_tag":[128,127,589],"class_list":{"0":"post-30496","1":"product","2":"type-product","3":"status-publish","4":"has-post-thumbnail","6":"pwb-brand-vines-vintage","7":"product_cat-produit-coiffant-et-fixant","8":"product_tag-produit-coiffant-et-fixant","9":"product_tag-shampooing-et-coiffure","10":"product_tag-vines-vintage","12":"first","13":"instock","14":"taxable","15":"shipping-taxable","16":"purchasable","17":"product-type-simple","18":"layout-style-3","19":"col-md-4 col-sm-4 col-xs-6","20":"col-lg-3","21":"product-has-gallery","22":"product-style-default"},"aioseo_notices":[],"brands":[{"id":715,"name":"Vines Vintage","slug":"vines-vintage"}],"_links":{"self":[{"href":"https:\/\/cheveuxluxe.com\/index.php\/wp-json\/wp\/v2\/product\/30496","targetHints":{"allow":["GET"]}}],"collection":[{"href":"https:\/\/cheveuxluxe.com\/index.php\/wp-json\/wp\/v2\/product"}],"about":[{"href":"https:\/\/cheveuxluxe.com\/index.php\/wp-json\/wp\/v2\/types\/product"}],"replies":[{"embeddable":true,"href":"https:\/\/cheveuxluxe.com\/index.php\/wp-json\/wp\/v2\/comments?post=30496"}],"version-history":[{"count":0,"href":"https:\/\/cheveuxluxe.com\/index.php\/wp-json\/wp\/v2\/product\/30496\/revisions"}],"wp:featuredmedia":[{"embeddable":true,"href":"https:\/\/cheveuxluxe.com\/index.php\/wp-json\/wp\/v2\/media\/21446"}],"wp:attachment":[{"href":"https:\/\/cheveuxluxe.com\/index.php\/wp-json\/wp\/v2\/media?parent=30496"}],"wp:term":[{"taxonomy":"pwb-brand","embeddable":true,"href":"https:\/\/cheveuxluxe.com\/index.php\/wp-json\/wp\/v2\/pwb-brand?post=30496"},{"taxonomy":"product_cat","embeddable":true,"href":"https:\/\/cheveuxluxe.com\/index.php\/wp-json\/wp\/v2\/product_cat?post=30496"},{"taxonomy":"product_tag","embeddable":true,"href":"https:\/\/cheveuxluxe.com\/index.php\/wp-json\/wp\/v2\/product_tag?post=30496"}],"curies":[{"name":"wp","href":"https:\/\/api.w.org\/{rel}","templated":true}]}}