{"id":30497,"date":"2024-04-09T22:46:39","date_gmt":"2024-04-09T22:46:39","guid":{"rendered":"https:\/\/cheveuxluxe.com\/index.php\/product\/vines-vintage-fiber-pomade\/"},"modified":"2024-04-13T14:04:35","modified_gmt":"2024-04-13T14:04:35","slug":"vines-vintage-fiber-pomade","status":"publish","type":"product","link":"https:\/\/cheveuxluxe.com\/index.php\/product\/vines-vintage-fiber-pomade\/","title":{"rendered":"Vines Vintage Fiber Pomade"},"content":{"rendered":"<div class=\"product-content_bottom\">\n<div class=\"pdp-info\">\n<div class=\"pdp-tabs tab-container\">\n<div class=\"tab js-tab\">\n<h3 class=\"tab-title pdp-tabs_title js-tab-mobile-title open\"><span>Points cl\u00e9s<\/span><\/h3>\n<div class=\"tab-description pdp-tabs_description js-tab-description open\" itemprop=\"description\">\n<ul>\n<li> Tenue longue dur\u00e9e<\/li>\n<li>Pommade fibreuse<\/li>\n<li>Anti-frizz<\/li>\n<li>Modelante et remodelable <\/li>\n<\/ul>\n<\/div>\n<\/div>\n<div class=\"tab js-tab\">\n<h3 class=\"tab-title pdp-tabs_title js-tab-mobile-title\"><span>Description<\/span><\/h3>\n<div class=\"tab-description pdp-tabs_description js-tab-description\" itemprop=\"description\">Fid\u00e8le aux rituels ancestraux des barbiers, Vines Vintage\u00ae a cr\u00e9\u00e9 des produits de coiffage de qualit\u00e9 professionnelle \u00e0 port\u00e9e de tous.La formulation enrichie en fibres r\u00e9sistantes de la Fiber Pomade de Vines Vintage\u00ae permet de sculpter et de fa\u00e7onner les cheveux courts ou mi-longs selon vos envies. Gr\u00e2ce \u00e0 ses agents actifs fixants, les frisottis sont enfin contr\u00f4l\u00e9s, tout comme les cheveux rebelles. Laissez libre cours \u00e0 votre imagination et cr\u00e9ez le look dont vous aviez r\u00eav\u00e9 : vintage, chic d\u00e9cal\u00e9&#8230;Avec la mati\u00e8re fibreuse de la Fiber Pomade, la coiffure est remodelable \u00e0 souhait&#8230; un peu d\u2019eau, et c\u2019est reparti : les cheveux sont stylis\u00e9s \u00e0 la perfection pour toute la journ\u00e9e !Sa texture flexible garde le mouvement naturel des cheveux, pas besoin de retouches au cours de la journ\u00e9e. L\u00e9g\u00e8re, elle apporte du maintien sans surcharger ou plaquer les cheveux.On aime : sa composition unique qui s\u2019\u00e9limine facilement au premier shampooing.<\/div>\n<\/div>\n<div class=\"tab js-tab\">\n<h3 class=\"tab-title pdp-tabs_title js-tab-mobile-title\"><span>Mode d&#8217;emploi<\/span><\/h3>\n<div class=\"tab-description pdp-tabs_description js-tab-description\">Pr\u00e9levez une petite dose de Fiber Pomade dans le creux de la main et chauffez la mati\u00e8re avant de travailler sur cheveux secs ou humides selon l\u2019effet recherch\u00e9.<\/div>\n<\/div>\n<div class=\"tab js-tab\">\n<h3 class=\"tab-title pdp-tabs_title js-tab-mobile-title\"><span>Ingr\u00e9dients<\/span><\/h3>\n<div class=\"tab-description pdp-tabs_description js-tab-description\">1. Aqua (Water) 2. Ceteareth-25 3. Sodium Cocamphoacetate 4. Glycerin 5. PVP 6. Propylene lycol 7. PEG-75 Lanolin 8. Parfum (Fragrance) 9. Linalool 10. Limonene 11. Farnesol 12. Hydroxycitronellal 13. Citral 14. BHT 15. Tetrasodium EDTA 16. Iodopropynyl Butylcarbamate 17. Diazolidinyl Urea 18. CI 60730 19. CI 14700<\/div>\n<\/div>\n<div class=\"tab js-tab\">\n<h3 class=\"tab-title pdp-tabs_title js-tab-mobile-title\"><span>Livraison et stock<\/span><\/h3>\n<div class=\"tab-description pdp-tabs_description js-tab-description\">\n<div class=\"pdp-delivery_info\">\n<div class=\"content-asset\">Livraison et d\u00e9laisRetours et remboursements<\/div>\n<\/div>\n<\/div>\n<\/div>\n<div class=\"tab js-tab\">\n<h3 class=\"tab-title pdp-tabs_title js-tab-mobile-title\"><span>Pr\u00e9cautions d&#8217;emploi<\/span><\/h3>\n<div class=\"tab-description pdp-tabs_description js-tab-description\">Usage externe uniquement. \u00c9viter le contact avec les yeux. Ne pas utiliser pour des enfants de moins de trois ans.<\/div>\n<\/div>\n<\/div>\n<\/div>\n<\/div>\n","protected":false},"excerpt":{"rendered":"<p>Points cl\u00e9s Tenue longue dur\u00e9e Pommade fibreuse Anti-frizz Modelante et remodelable Description Fid\u00e8le aux rituels&hellip;<\/p>\n","protected":false},"featured_media":21964,"comment_status":"open","ping_status":"closed","template":"","meta":[],"pwb-brand":[715],"product_cat":[596],"product_tag":[128,127,589],"class_list":{"0":"post-30497","1":"product","2":"type-product","3":"status-publish","4":"has-post-thumbnail","6":"pwb-brand-vines-vintage","7":"product_cat-produit-coiffant-et-fixant","8":"product_tag-produit-coiffant-et-fixant","9":"product_tag-shampooing-et-coiffure","10":"product_tag-vines-vintage","12":"first","13":"instock","14":"taxable","15":"shipping-taxable","16":"purchasable","17":"product-type-simple","18":"layout-style-3","19":"col-md-4 col-sm-4 col-xs-6","20":"col-lg-3","21":"product-style-default"},"aioseo_notices":[],"brands":[{"id":715,"name":"Vines Vintage","slug":"vines-vintage"}],"_links":{"self":[{"href":"https:\/\/cheveuxluxe.com\/index.php\/wp-json\/wp\/v2\/product\/30497","targetHints":{"allow":["GET"]}}],"collection":[{"href":"https:\/\/cheveuxluxe.com\/index.php\/wp-json\/wp\/v2\/product"}],"about":[{"href":"https:\/\/cheveuxluxe.com\/index.php\/wp-json\/wp\/v2\/types\/product"}],"replies":[{"embeddable":true,"href":"https:\/\/cheveuxluxe.com\/index.php\/wp-json\/wp\/v2\/comments?post=30497"}],"version-history":[{"count":0,"href":"https:\/\/cheveuxluxe.com\/index.php\/wp-json\/wp\/v2\/product\/30497\/revisions"}],"wp:featuredmedia":[{"embeddable":true,"href":"https:\/\/cheveuxluxe.com\/index.php\/wp-json\/wp\/v2\/media\/21964"}],"wp:attachment":[{"href":"https:\/\/cheveuxluxe.com\/index.php\/wp-json\/wp\/v2\/media?parent=30497"}],"wp:term":[{"taxonomy":"pwb-brand","embeddable":true,"href":"https:\/\/cheveuxluxe.com\/index.php\/wp-json\/wp\/v2\/pwb-brand?post=30497"},{"taxonomy":"product_cat","embeddable":true,"href":"https:\/\/cheveuxluxe.com\/index.php\/wp-json\/wp\/v2\/product_cat?post=30497"},{"taxonomy":"product_tag","embeddable":true,"href":"https:\/\/cheveuxluxe.com\/index.php\/wp-json\/wp\/v2\/product_tag?post=30497"}],"curies":[{"name":"wp","href":"https:\/\/api.w.org\/{rel}","templated":true}]}}