{"id":30498,"date":"2024-04-09T22:46:40","date_gmt":"2024-04-09T22:46:40","guid":{"rendered":"https:\/\/cheveuxluxe.com\/index.php\/product\/vines-vintage-gel-maxi-gum\/"},"modified":"2024-04-13T14:04:36","modified_gmt":"2024-04-13T14:04:36","slug":"vines-vintage-gel-maxi-gum","status":"publish","type":"product","link":"https:\/\/cheveuxluxe.com\/index.php\/product\/vines-vintage-gel-maxi-gum\/","title":{"rendered":"Vines Vintage Gel Maxi-Gum"},"content":{"rendered":"<div class=\"product-content_bottom\">\n<div class=\"pdp-info\">\n<div class=\"pdp-tabs tab-container\">\n<div class=\"tab js-tab\">\n<h3 class=\"tab-title pdp-tabs_title js-tab-mobile-title\"><span>Description<\/span><\/h3>\n<div class=\"tab-description pdp-tabs_description js-tab-description\" itemprop=\"description\">L\u2019ultime formule de gomme avec une tenue parfaite. Peut \u00eatre utilis\u00e9e pour obtenir des styles extr\u00eames ou un look net. Cette gomme \u00e0 durcissement rapide et \u00e0 l&rsquo;\u00e9clat subtile se maintient ferme tout au long de la journ\u00e9e. Compl\u00e9t\u00e9e par un parfum acidul\u00e9 et tonifiant, cette gomme de coiffage de longue dur\u00e9e permet de cr\u00e9er et de modeler sans le moindre effort.<\/div>\n<\/div>\n<div class=\"tab js-tab\">\n<h3 class=\"tab-title pdp-tabs_title js-tab-mobile-title\"><span>Mode d&#8217;emploi<\/span><\/h3>\n<div class=\"tab-description pdp-tabs_description js-tab-description\">Travaillez la quantit\u00e9 souhait\u00e9e sur les cheveux humides et cr\u00e9ez votre style.<\/div>\n<\/div>\n<div class=\"tab js-tab\">\n<h3 class=\"tab-title pdp-tabs_title js-tab-mobile-title\"><span>Ingr\u00e9dients<\/span><\/h3>\n<div class=\"tab-description pdp-tabs_description js-tab-description\">1. Aqua (Water) 2. PVP 3. Carbomer 4. Sorbitol 5. Parfum (Fragrance) 6. Linalool 7. Hexyl Cinnamal 8. Limonene 9. Triethanolamine 10. Polysorbate 20 11. Phenoxyethanol 12. Triethylene Glycol 13. CI 14700 (FD&amp;C Red No.4) 14. CI 19140 (FD&amp;C Yellow No.5)<\/div>\n<\/div>\n<div class=\"tab js-tab\">\n<h3 class=\"tab-title pdp-tabs_title js-tab-mobile-title\"><span>Livraison et stock<\/span><\/h3>\n<div class=\"tab-description pdp-tabs_description js-tab-description\">\n<div class=\"pdp-delivery_info\">\n<div class=\"content-asset\">Livraison et d\u00e9laisRetours et remboursements<\/div>\n<\/div>\n<\/div>\n<\/div>\n<div class=\"tab js-tab\">\n<h3 class=\"tab-title pdp-tabs_title js-tab-mobile-title\"><span>Pr\u00e9cautions d&#8217;emploi<\/span><\/h3>\n<div class=\"tab-description pdp-tabs_description js-tab-description\">Usage externe uniquement. \u00c9viter le contact avec les yeux.<\/div>\n<\/div>\n<\/div>\n<\/div>\n<\/div>\n","protected":false},"excerpt":{"rendered":"<p>Description L\u2019ultime formule de gomme avec une tenue parfaite. Peut \u00eatre utilis\u00e9e pour obtenir des&hellip;<\/p>\n","protected":false},"featured_media":16086,"comment_status":"open","ping_status":"closed","template":"","meta":[],"pwb-brand":[715],"product_cat":[596],"product_tag":[128,127,589],"class_list":{"0":"post-30498","1":"product","2":"type-product","3":"status-publish","4":"has-post-thumbnail","6":"pwb-brand-vines-vintage","7":"product_cat-produit-coiffant-et-fixant","8":"product_tag-produit-coiffant-et-fixant","9":"product_tag-shampooing-et-coiffure","10":"product_tag-vines-vintage","12":"first","13":"instock","14":"taxable","15":"shipping-taxable","16":"purchasable","17":"product-type-simple","18":"layout-style-3","19":"col-md-4 col-sm-4 col-xs-6","20":"col-lg-3","21":"product-style-default"},"aioseo_notices":[],"brands":[{"id":715,"name":"Vines Vintage","slug":"vines-vintage"}],"_links":{"self":[{"href":"https:\/\/cheveuxluxe.com\/index.php\/wp-json\/wp\/v2\/product\/30498","targetHints":{"allow":["GET"]}}],"collection":[{"href":"https:\/\/cheveuxluxe.com\/index.php\/wp-json\/wp\/v2\/product"}],"about":[{"href":"https:\/\/cheveuxluxe.com\/index.php\/wp-json\/wp\/v2\/types\/product"}],"replies":[{"embeddable":true,"href":"https:\/\/cheveuxluxe.com\/index.php\/wp-json\/wp\/v2\/comments?post=30498"}],"version-history":[{"count":0,"href":"https:\/\/cheveuxluxe.com\/index.php\/wp-json\/wp\/v2\/product\/30498\/revisions"}],"wp:featuredmedia":[{"embeddable":true,"href":"https:\/\/cheveuxluxe.com\/index.php\/wp-json\/wp\/v2\/media\/16086"}],"wp:attachment":[{"href":"https:\/\/cheveuxluxe.com\/index.php\/wp-json\/wp\/v2\/media?parent=30498"}],"wp:term":[{"taxonomy":"pwb-brand","embeddable":true,"href":"https:\/\/cheveuxluxe.com\/index.php\/wp-json\/wp\/v2\/pwb-brand?post=30498"},{"taxonomy":"product_cat","embeddable":true,"href":"https:\/\/cheveuxluxe.com\/index.php\/wp-json\/wp\/v2\/product_cat?post=30498"},{"taxonomy":"product_tag","embeddable":true,"href":"https:\/\/cheveuxluxe.com\/index.php\/wp-json\/wp\/v2\/product_tag?post=30498"}],"curies":[{"name":"wp","href":"https:\/\/api.w.org\/{rel}","templated":true}]}}