{"id":30499,"date":"2024-04-09T22:46:40","date_gmt":"2024-04-09T22:46:40","guid":{"rendered":"https:\/\/cheveuxluxe.com\/index.php\/product\/vines-vintage-matt-pomade\/"},"modified":"2024-04-13T14:04:36","modified_gmt":"2024-04-13T14:04:36","slug":"vines-vintage-matt-pomade","status":"publish","type":"product","link":"https:\/\/cheveuxluxe.com\/index.php\/product\/vines-vintage-matt-pomade\/","title":{"rendered":"Vines Vintage Matt Pomade"},"content":{"rendered":"<div class=\"product-content_bottom\">\n<div class=\"pdp-info\">\n<div class=\"pdp-tabs tab-container\">\n<div class=\"tab js-tab\">\n<h3 class=\"tab-title pdp-tabs_title js-tab-mobile-title open\"><span>Points cl\u00e9s<\/span><\/h3>\n<div class=\"tab-description pdp-tabs_description js-tab-description open\" itemprop=\"description\">\n<ul>\n<li> Texturisant <\/li>\n<li>Fini mat<\/li>\n<li>Tenue ferme<\/li>\n<li>Finition douce <\/li>\n<\/ul>\n<\/div>\n<\/div>\n<div class=\"tab js-tab\">\n<h3 class=\"tab-title pdp-tabs_title js-tab-mobile-title\"><span>Description<\/span><\/h3>\n<div class=\"tab-description pdp-tabs_description js-tab-description\" itemprop=\"description\">Gr\u00e2ce \u00e0 sa formulation \u00e0 base d\u2019argiles, de kaolin et de bentonite, le texturisant Matt Pomade de Vines Vintage\u00ae absorbe l\u2019exc\u00e8s de s\u00e9bum et booste le volume des cheveux. C\u00f4t\u00e9 style, la cire de carnauba, connue pour ses propri\u00e9t\u00e9s hypoallerg\u00e9niques, assure une finition douce, en compl\u00e9ment du rendu mat.Les produits coiffants sont essentiels pour modeler et fixer vos r\u00e9alisations ! En travaillant avec Vines Vintage\u00ae, vous faites appel \u00e0 une marque inspir\u00e9e par les techniques traditionnelles des barbiers et des coiffeurs pour homme. Composition innovante et fiabilit\u00e9 : elle a tout pour plaire !On aime : les packagings sobres et \u00e9l\u00e9gants de Vines Vintage\u00ae. Une touche raffin\u00e9e \u00e0 domicile comme en salon !<\/div>\n<\/div>\n<div class=\"tab js-tab\">\n<h3 class=\"tab-title pdp-tabs_title js-tab-mobile-title\"><span>Mode d&#8217;emploi<\/span><\/h3>\n<div class=\"tab-description pdp-tabs_description js-tab-description\">Apr\u00e8s avoir d\u00e9fini la dose de Matt Pomade id\u00e9ale pour votre r\u00e9alisation, travaillez le produit texturisant dans la paume de la main.Appliquez le produit sur cheveux mouill\u00e9s aussi bien que sur cheveux secs. Cr\u00e9ez !<\/div>\n<\/div>\n<div class=\"tab js-tab\">\n<h3 class=\"tab-title pdp-tabs_title js-tab-mobile-title\"><span>Ingr\u00e9dients<\/span><\/h3>\n<div class=\"tab-description pdp-tabs_description js-tab-description\">1. Aqua (Water) 2. Stearic Acid 3. Lanolin 4. Alcohol Denat. (Alcohol) 5. Paraffinum Liquidum (Mineral Oil) 6. Propylene Glycol 7. Copernicia Cerifera (Carnauba) Wax 8. Ozokerite 9. VP, VA Copolymer 10. Kaolin 11. Steareth-21 12. Paraffin 13. PEG-25 Hydrogenated Castor Oil 14. Bentonite 15. Parfum (Fragrance) 16. Linalool 17. Limonene 18. Hydroxycitronellal 19. Citral 20. Farnesol 21. Disteareth-100 Ipdi 22. Phenyl Trimethicone 23. Sodium Hydroxide 24. Diazolidinyl Urea 25. Iodopropynyl Butylcarbamate 26. CI 77499 (Black Iron Oxide)<\/div>\n<\/div>\n<div class=\"tab js-tab\">\n<h3 class=\"tab-title pdp-tabs_title js-tab-mobile-title\"><span>Livraison et stock<\/span><\/h3>\n<div class=\"tab-description pdp-tabs_description js-tab-description\">\n<div class=\"pdp-delivery_info\">\n<div class=\"content-asset\">Livraison et d\u00e9laisRetours et remboursements<\/div>\n<\/div>\n<\/div>\n<\/div>\n<div class=\"tab js-tab\">\n<h3 class=\"tab-title pdp-tabs_title js-tab-mobile-title\"><span>Pr\u00e9cautions d&#8217;emploi<\/span><\/h3>\n<div class=\"tab-description pdp-tabs_description js-tab-description\">Usage externe uniquement. \u00c9viter le contact avec les yeux. Ne pas utiliser pour des enfants de moins de trois ans.<\/div>\n<\/div>\n<\/div>\n<\/div>\n<\/div>\n","protected":false},"excerpt":{"rendered":"<p>Points cl\u00e9s Texturisant Fini mat Tenue ferme Finition douce Description Gr\u00e2ce \u00e0 sa formulation \u00e0&hellip;<\/p>\n","protected":false},"featured_media":21406,"comment_status":"open","ping_status":"closed","template":"","meta":[],"pwb-brand":[715],"product_cat":[596],"product_tag":[128,127,589],"class_list":{"0":"post-30499","1":"product","2":"type-product","3":"status-publish","4":"has-post-thumbnail","6":"pwb-brand-vines-vintage","7":"product_cat-produit-coiffant-et-fixant","8":"product_tag-produit-coiffant-et-fixant","9":"product_tag-shampooing-et-coiffure","10":"product_tag-vines-vintage","12":"first","13":"instock","14":"taxable","15":"shipping-taxable","16":"purchasable","17":"product-type-simple","18":"layout-style-3","19":"col-md-4 col-sm-4 col-xs-6","20":"col-lg-3","21":"product-style-default"},"aioseo_notices":[],"brands":[{"id":715,"name":"Vines Vintage","slug":"vines-vintage"}],"_links":{"self":[{"href":"https:\/\/cheveuxluxe.com\/index.php\/wp-json\/wp\/v2\/product\/30499","targetHints":{"allow":["GET"]}}],"collection":[{"href":"https:\/\/cheveuxluxe.com\/index.php\/wp-json\/wp\/v2\/product"}],"about":[{"href":"https:\/\/cheveuxluxe.com\/index.php\/wp-json\/wp\/v2\/types\/product"}],"replies":[{"embeddable":true,"href":"https:\/\/cheveuxluxe.com\/index.php\/wp-json\/wp\/v2\/comments?post=30499"}],"version-history":[{"count":0,"href":"https:\/\/cheveuxluxe.com\/index.php\/wp-json\/wp\/v2\/product\/30499\/revisions"}],"wp:featuredmedia":[{"embeddable":true,"href":"https:\/\/cheveuxluxe.com\/index.php\/wp-json\/wp\/v2\/media\/21406"}],"wp:attachment":[{"href":"https:\/\/cheveuxluxe.com\/index.php\/wp-json\/wp\/v2\/media?parent=30499"}],"wp:term":[{"taxonomy":"pwb-brand","embeddable":true,"href":"https:\/\/cheveuxluxe.com\/index.php\/wp-json\/wp\/v2\/pwb-brand?post=30499"},{"taxonomy":"product_cat","embeddable":true,"href":"https:\/\/cheveuxluxe.com\/index.php\/wp-json\/wp\/v2\/product_cat?post=30499"},{"taxonomy":"product_tag","embeddable":true,"href":"https:\/\/cheveuxluxe.com\/index.php\/wp-json\/wp\/v2\/product_tag?post=30499"}],"curies":[{"name":"wp","href":"https:\/\/api.w.org\/{rel}","templated":true}]}}