{"id":30501,"date":"2024-04-09T22:46:41","date_gmt":"2024-04-09T22:46:41","guid":{"rendered":"https:\/\/cheveuxluxe.com\/index.php\/product\/tigi-bed-head-dirty-secret-shampooing-sec-rafraichissant-instantane-300ml\/"},"modified":"2024-04-13T14:04:37","modified_gmt":"2024-04-13T14:04:37","slug":"tigi-bed-head-dirty-secret-shampooing-sec-rafraichissant-instantane-300ml","status":"publish","type":"product","link":"https:\/\/cheveuxluxe.com\/index.php\/product\/tigi-bed-head-dirty-secret-shampooing-sec-rafraichissant-instantane-300ml\/","title":{"rendered":"Tigi Bed Head Dirty Secret Shampooing Sec Rafra\u00eechissant Instantan\u00e9 300ml"},"content":{"rendered":"<div class=\"product-content_bottom\">\n<div class=\"pdp-info\">\n<div class=\"pdp-tabs tab-container\">\n<div class=\"tab js-tab\">\n<h3 class=\"tab-title pdp-tabs_title js-tab-mobile-title open\"><span>Points cl\u00e9s<\/span><\/h3>\n<div class=\"tab-description pdp-tabs_description js-tab-description open\" itemprop=\"description\">\n<ul>\n<li>Des cheveux propres et rafra\u00eechis<\/li>\n<li>Un s\u00e9bum absorb\u00e9 pour vaincre l&rsquo;aspect gras des cheveux<\/li>\n<li>Une dur\u00e9e plus longue entre deux shampooings<\/li>\n<\/ul>\n<\/div>\n<\/div>\n<div class=\"tab js-tab\">\n<h3 class=\"tab-title pdp-tabs_title js-tab-mobile-title\"><span>Description<\/span><\/h3>\n<div class=\"tab-description pdp-tabs_description js-tab-description\" itemprop=\"description\">Nouveau shampooing sec Dirty Secret de Bed Head. Une formule rafra\u00eechissante, con\u00e7ue avec des coiffeurs professionnels et utilis\u00e9e en salon. Des r\u00e9sultats et une exp\u00e9rience de salon \u00e0 la maison.<\/p>\n<p>Rafra\u00eechissez vos cheveux et prenez m\u00eame le temps de boire votre caf\u00e9, gr\u00e2ce au shampooing sec Bed Head Dirty Secret\u00a0! Ce shampooing sec, de qualit\u00e9 salon, rafra\u00eechit instantan\u00e9ment les cheveux en absorbant l\u2019exc\u00e8s de s\u00e9bum qui donne aux cheveux un aspect gras et sale. Ce shampooing sec offre un r\u00e9sultat homog\u00e8ne et invisible.<\/p>\n<p>Id\u00e9al entre deux shampooings, pour tous les types de cheveux, quelle que soit leur longueur Agitez bien le shampooing sec avant utilisation. Soulevez les cheveux et vaporisez l\u00e9g\u00e8rement sur les racines par de courtes pression \u00e0 25-30\u00a0cm de distance. Massez le cuir chevelu puis brossez vos cheveux.<\/p>\n<p>Formul\u00e9 \u00e0 partir d\u2019une technologie qui r\u00e9fl\u00e9chit la lumi\u00e8re pour un r\u00e9sultat homog\u00e8ne et invisible sur les cheveux ; de f\u00e9cule de ma\u00efs pour absorber le s\u00e9bum, rafra\u00eechir et donner de la densit\u00e9 au cuir chevelu. <\/p>\n<p>Ce produit capillaire professionnel de 300\u00a0ml poss\u00e8de un parfum frais et juteux.<\/p><\/div>\n<\/div>\n<div class=\"tab js-tab\">\n<h3 class=\"tab-title pdp-tabs_title js-tab-mobile-title\"><span>Mode d&#8217;emploi<\/span><\/h3>\n<div class=\"tab-description pdp-tabs_description js-tab-description\">Agitez bien le shampooing sec avant utilisation.<br \/>Soulevez les cheveux et vaporisez l\u00e9g\u00e8rement sur les racines par de courtes pressions \u00e0 25 ou 30 centim\u00e8tres de distance.<br \/>Massez le cuir chevelu pour faire p\u00e9n\u00e9trer le produit, brossez ensuite les cheveux.<\/div>\n<\/div>\n<div class=\"tab js-tab\">\n<h3 class=\"tab-title pdp-tabs_title js-tab-mobile-title\"><span>Ingr\u00e9dients<\/span><\/h3>\n<div class=\"tab-description pdp-tabs_description js-tab-description\">Isobutane, Propane, Alcohol Denat., Aluminum Starch Octenylsuccinate, Butane, Water (Aqua\/Eau), Isopropyl Myristate, Silica, Fragrance (Parfum), t-Butyl Alcohol, Denatonium Benzoate, Benzyl Benzoate, Limonene.<\/div>\n<\/div>\n<div class=\"tab js-tab\">\n<h3 class=\"tab-title pdp-tabs_title js-tab-mobile-title\"><span>Livraison et stock<\/span><\/h3>\n<div class=\"tab-description pdp-tabs_description js-tab-description\">\n<div class=\"pdp-delivery_info\">\n<div class=\"content-asset\">Livraison et d\u00e9laisRetours et remboursements<\/div>\n<\/div>\n<\/div>\n<\/div>\n<div class=\"tab js-tab\">\n<h3 class=\"tab-title pdp-tabs_title js-tab-mobile-title\"><span>Pr\u00e9cautions d&#8217;emploi<\/span><\/h3>\n<div class=\"tab-description pdp-tabs_description js-tab-description\">DANGER A\u00e9rosol extr\u00eamement inflammable<br \/>PRECAUTIONS D\u2019EMPLOI : DANS LE CAS OU L&rsquo;EMBOUT PULV\u00c9RISATEUR EST BLOQUER, RINCER LE DIFFUSEUR \u00c0 L&rsquo;EAU CHAUDE.<br \/>EVITER D&rsquo;INHALER INTENTIONNELLEMENT.<br \/>PROC\u00c9DER PAR DE BR\u00c8VES PRESSIONS SANS PULV\u00c9RISATION PROLONG\u00c9E.<br \/>UTILISER SEULEMENT DANS DES ZONES BIEN VENTIL\u00c9ES.<br \/>UTILISER EXCLUSIVEMENT SELON L&rsquo;USAGE PR\u00c9CONIS\u00c9.<br \/>NE PAS VAPORISER VERS LES YEUX.<br \/>NE PAS APPLIQUER SUR LA PEAU ENDOMMAG\u00c9E.<br \/>STOPPER L\u2019UTILISATION EN CAS DE D\u00c9MANGEAISON OU D\u2019IRRITATION.<br \/>TENIR \u00c0 L\u2019\u00c9CART DE LA CHALEUR, DES SURFACES CHAUDES, DES \u00c9TINCELLES, DES FLAMMES NUES ET DE TOUTE AUTRE SOURCE D\u2019INFLAMMATION.<br \/>NE PAS FUMER.<br \/>PRODUIT INFLAMMABLE JUSQU\u2019\u00c0 CE QUE LES CHEVEUX SOIENT COMPL\u00c8TEMENT SECS.<br \/>NE PAS PERFORER, NI BR\u00dbLER, M\u00caME APR\u00c8S USAGE.<br \/>PROT\u00c9GER DU RAYONNEMENT SOLAIRE.<br \/>NE PAS EXPOSER \u00c0 UNE TEMP\u00c9RATURE SUP\u00c9RIEURE \u00c0 50\u00b0C\/122\u00b0F.<br \/>R\u00c9CIPIENT SOUS PRESSION: PEUT \u00c9CLATER SOUS L\u2019EFFET DE LA CHALEUR.<br \/>NE PAS VAPORISER SUR UNE FLAMME NUE OU SUR TOUTE AUTRE SOURCE D\u2019IGNITION.<br \/>TENIR HORS DE PORT\u00c9E DES ENFANTS.<\/div>\n<\/div>\n<\/div>\n<\/div>\n<\/div>\n","protected":false},"excerpt":{"rendered":"<p>Points cl\u00e9s Des cheveux propres et rafra\u00eechis Un s\u00e9bum absorb\u00e9 pour vaincre l&rsquo;aspect gras des&hellip;<\/p>\n","protected":false},"featured_media":21232,"comment_status":"open","ping_status":"closed","template":"","meta":[],"pwb-brand":[663],"product_cat":[596],"product_tag":[128,127,390],"class_list":{"0":"post-30501","1":"product","2":"type-product","3":"status-publish","4":"has-post-thumbnail","6":"pwb-brand-tigi","7":"product_cat-produit-coiffant-et-fixant","8":"product_tag-produit-coiffant-et-fixant","9":"product_tag-shampooing-et-coiffure","10":"product_tag-tigi","12":"first","13":"instock","14":"taxable","15":"shipping-taxable","16":"purchasable","17":"product-type-simple","18":"layout-style-3","19":"col-md-4 col-sm-4 col-xs-6","20":"col-lg-3","21":"product-style-default"},"aioseo_notices":[],"brands":[{"id":663,"name":"Tigi","slug":"tigi"}],"_links":{"self":[{"href":"https:\/\/cheveuxluxe.com\/index.php\/wp-json\/wp\/v2\/product\/30501","targetHints":{"allow":["GET"]}}],"collection":[{"href":"https:\/\/cheveuxluxe.com\/index.php\/wp-json\/wp\/v2\/product"}],"about":[{"href":"https:\/\/cheveuxluxe.com\/index.php\/wp-json\/wp\/v2\/types\/product"}],"replies":[{"embeddable":true,"href":"https:\/\/cheveuxluxe.com\/index.php\/wp-json\/wp\/v2\/comments?post=30501"}],"version-history":[{"count":0,"href":"https:\/\/cheveuxluxe.com\/index.php\/wp-json\/wp\/v2\/product\/30501\/revisions"}],"wp:featuredmedia":[{"embeddable":true,"href":"https:\/\/cheveuxluxe.com\/index.php\/wp-json\/wp\/v2\/media\/21232"}],"wp:attachment":[{"href":"https:\/\/cheveuxluxe.com\/index.php\/wp-json\/wp\/v2\/media?parent=30501"}],"wp:term":[{"taxonomy":"pwb-brand","embeddable":true,"href":"https:\/\/cheveuxluxe.com\/index.php\/wp-json\/wp\/v2\/pwb-brand?post=30501"},{"taxonomy":"product_cat","embeddable":true,"href":"https:\/\/cheveuxluxe.com\/index.php\/wp-json\/wp\/v2\/product_cat?post=30501"},{"taxonomy":"product_tag","embeddable":true,"href":"https:\/\/cheveuxluxe.com\/index.php\/wp-json\/wp\/v2\/product_tag?post=30501"}],"curies":[{"name":"wp","href":"https:\/\/api.w.org\/{rel}","templated":true}]}}