{"id":30504,"date":"2024-04-09T22:46:43","date_gmt":"2024-04-09T22:46:43","guid":{"rendered":"https:\/\/cheveuxluxe.com\/index.php\/product\/tigi-bed-head-wanna-glow-gelee-hydratante-100ml\/"},"modified":"2024-04-13T14:04:38","modified_gmt":"2024-04-13T14:04:38","slug":"tigi-bed-head-wanna-glow-gelee-hydratante-100ml","status":"publish","type":"product","link":"https:\/\/cheveuxluxe.com\/index.php\/product\/tigi-bed-head-wanna-glow-gelee-hydratante-100ml\/","title":{"rendered":"Tigi Bed Head Wanna Glow Gel\u00e9e hydratante 100ml"},"content":{"rendered":"<div class=\"product-content_bottom\">\n<div class=\"pdp-info\">\n<div class=\"pdp-tabs tab-container\">\n<div class=\"tab js-tab\">\n<h3 class=\"tab-title pdp-tabs_title js-tab-mobile-title open\"><span>Points cl\u00e9s<\/span><\/h3>\n<div class=\"tab-description pdp-tabs_description js-tab-description open\" itemprop=\"description\">\n<ul>\n<li>Des cheveux incroyablement hydrat\u00e9s<\/li>\n<li>Une r\u00e9duction des frisottis et des m\u00e8ches rebelles disciplin\u00e9es<\/li>\n<li>Des cheveux brillants et doux<\/li>\n<\/ul>\n<\/div>\n<\/div>\n<div class=\"tab js-tab\">\n<h3 class=\"tab-title pdp-tabs_title js-tab-mobile-title\"><span>Description<\/span><\/h3>\n<div class=\"tab-description pdp-tabs_description js-tab-description\" itemprop=\"description\">S\u00e9rum Wanna Glow de Bed Head ; nouveau \u00e0 l&rsquo;ext\u00e9rieur et tout aussi fabuleux \u00e0 l&rsquo;int\u00e9rieur. Con\u00e7u avec des professionnels de la coiffure et utilis\u00e9 en salon, sa formulation procure une brillance et une douceur intenses. Apporte des r\u00e9sultats professionnels et prolonge l&rsquo;exp\u00e9rience du salon de coiffure \u00e0 la maison. Si vous aimiez l&rsquo;huile g\u00e9lifi\u00e9e Screw It de Bed Head, vous allez adorer Wanna Glow !<\/p>\n<p>Cheveux secs ? Le s\u00e9rum Wanna Glow de Bed Head est une huile g\u00e9lifi\u00e9e r\u00e9volutionnaire qui hydrate et nourrit intens\u00e9ment le cheveu ! Ce produit anti-frisottis rend les cheveux incroyablement brillants, doux, hydrat\u00e9s et sans frisottis.<\/p>\n<p>Id\u00e9al pour hydrater et donner de la brillance aux cheveux secs, ternes et fris\u00e9s. Appliquez sur de petites sections de cheveux humides des longueurs jusqu&rsquo;aux pointes pour adoucir la cuticule et obtenir une r\u00e9partition uniforme. Conseil de pro : une petite quantit\u00e9 suffit pour un brillant intense. Appliquez des longueurs jusqu\u2019aux pointes en \u00e9vitant les racines.<\/p>\n<p>Formul\u00e9 \u00e0 partir de glyc\u00e9rine pour aider les cheveux \u00e0 rester hydrat\u00e9s et brillants ; de boosters d\u00e9m\u00ealants qui lissent les cheveux et r\u00e9duisent les frictions entre les fibres capillaires ; d&rsquo;un complexe anti-frisottis qui lisse la couche sup\u00e9rieure des cheveux pour r\u00e9duire les frisottis et discipliner les m\u00e8ches rebelles ; et d&rsquo;huiles de babassu et de noix du Br\u00e9sil, reconnues pour nourrir et lutter contre les frisottis.<\/p>\n<p>Ce s\u00e9rum professionnel de 100ml exhale un savoureux parfum de poire !<\/p><\/div>\n<\/div>\n<div class=\"tab js-tab\">\n<h3 class=\"tab-title pdp-tabs_title js-tab-mobile-title\"><span>Mode d&#8217;emploi<\/span><\/h3>\n<div class=\"tab-description pdp-tabs_description js-tab-description\">Appliquez sur de petites sections de cheveux humides des longueurs jusqu&rsquo;aux pointes pour adoucir la cuticule et obtenir une r\u00e9partition uniforme.<br \/>Conseil de pro : une petite quantit\u00e9 suffit pour un brillant intense.<br \/>Appliquez des longueurs jusqu\u2019aux pointes en \u00e9vitant les racines.<\/div>\n<\/div>\n<div class=\"tab js-tab\">\n<h3 class=\"tab-title pdp-tabs_title js-tab-mobile-title\"><span>Ingr\u00e9dients<\/span><\/h3>\n<div class=\"tab-description pdp-tabs_description js-tab-description\">Water (Aqua\/Eau), Glycerin, Cyclopentasiloxane, Dimethicone, VP\/VA Copolymer, Steartrimonium Chloride, Phenoxyethanol, Sodium Chloride, Fragrance (Parfum), Bertholletia Excelsa Seed Oil, Orbignya Oleifera Seed Oil, PEG\/PPG-18\/18 Dimethicone, Isopropyl Alcohol, Disodium EDTA, PEG-4 Dilaurate, PEG-4 Laurate, Iodopropynyl Butylcarbamate, PEG-4, Laurtrimonium Chloride, Linalool.<\/div>\n<\/div>\n<div class=\"tab js-tab\">\n<h3 class=\"tab-title pdp-tabs_title js-tab-mobile-title\"><span>Livraison et stock<\/span><\/h3>\n<div class=\"tab-description pdp-tabs_description js-tab-description\">\n<div class=\"pdp-delivery_info\">\n<div class=\"content-asset\">Livraison et d\u00e9laisRetours et remboursements<\/div>\n<\/div>\n<\/div>\n<\/div>\n<div class=\"tab js-tab\">\n<h3 class=\"tab-title pdp-tabs_title js-tab-mobile-title\"><span>Pr\u00e9cautions d&#8217;emploi<\/span><\/h3>\n<div class=\"tab-description pdp-tabs_description js-tab-description\">ATTENTION :<br \/>\u00c9VITER LE CONTACT AVEC LES YEUX. EN CAS DE CONTACT, RINCER \u00c0 L\u2019EAU<\/div>\n<\/div>\n<\/div>\n<\/div>\n<\/div>\n","protected":false},"excerpt":{"rendered":"<p>Points cl\u00e9s Des cheveux incroyablement hydrat\u00e9s Une r\u00e9duction des frisottis et des m\u00e8ches rebelles disciplin\u00e9es&hellip;<\/p>\n","protected":false},"featured_media":21497,"comment_status":"open","ping_status":"closed","template":"","meta":[],"pwb-brand":[663],"product_cat":[596],"product_tag":[128,127,390],"class_list":{"0":"post-30504","1":"product","2":"type-product","3":"status-publish","4":"has-post-thumbnail","6":"pwb-brand-tigi","7":"product_cat-produit-coiffant-et-fixant","8":"product_tag-produit-coiffant-et-fixant","9":"product_tag-shampooing-et-coiffure","10":"product_tag-tigi","12":"first","13":"instock","14":"taxable","15":"shipping-taxable","16":"purchasable","17":"product-type-simple","18":"layout-style-3","19":"col-md-4 col-sm-4 col-xs-6","20":"col-lg-3","21":"product-style-default"},"aioseo_notices":[],"brands":[{"id":663,"name":"Tigi","slug":"tigi"}],"_links":{"self":[{"href":"https:\/\/cheveuxluxe.com\/index.php\/wp-json\/wp\/v2\/product\/30504","targetHints":{"allow":["GET"]}}],"collection":[{"href":"https:\/\/cheveuxluxe.com\/index.php\/wp-json\/wp\/v2\/product"}],"about":[{"href":"https:\/\/cheveuxluxe.com\/index.php\/wp-json\/wp\/v2\/types\/product"}],"replies":[{"embeddable":true,"href":"https:\/\/cheveuxluxe.com\/index.php\/wp-json\/wp\/v2\/comments?post=30504"}],"version-history":[{"count":0,"href":"https:\/\/cheveuxluxe.com\/index.php\/wp-json\/wp\/v2\/product\/30504\/revisions"}],"wp:featuredmedia":[{"embeddable":true,"href":"https:\/\/cheveuxluxe.com\/index.php\/wp-json\/wp\/v2\/media\/21497"}],"wp:attachment":[{"href":"https:\/\/cheveuxluxe.com\/index.php\/wp-json\/wp\/v2\/media?parent=30504"}],"wp:term":[{"taxonomy":"pwb-brand","embeddable":true,"href":"https:\/\/cheveuxluxe.com\/index.php\/wp-json\/wp\/v2\/pwb-brand?post=30504"},{"taxonomy":"product_cat","embeddable":true,"href":"https:\/\/cheveuxluxe.com\/index.php\/wp-json\/wp\/v2\/product_cat?post=30504"},{"taxonomy":"product_tag","embeddable":true,"href":"https:\/\/cheveuxluxe.com\/index.php\/wp-json\/wp\/v2\/product_tag?post=30504"}],"curies":[{"name":"wp","href":"https:\/\/api.w.org\/{rel}","templated":true}]}}