{"id":30505,"date":"2024-04-09T22:46:43","date_gmt":"2024-04-09T22:46:43","guid":{"rendered":"https:\/\/cheveuxluxe.com\/index.php\/product\/tigi-bed-head-headrush-shine-spray-capillaire-200ml\/"},"modified":"2024-04-13T14:04:39","modified_gmt":"2024-04-13T14:04:39","slug":"tigi-bed-head-headrush-shine-spray-capillaire-200ml","status":"publish","type":"product","link":"https:\/\/cheveuxluxe.com\/index.php\/product\/tigi-bed-head-headrush-shine-spray-capillaire-200ml\/","title":{"rendered":"Tigi Bed Head Headrush Shine Spray capillaire 200ml"},"content":{"rendered":"<div class=\"product-content_bottom\">\n<div class=\"pdp-info\">\n<div class=\"pdp-tabs tab-container\">\n<div class=\"tab js-tab\">\n<h3 class=\"tab-title pdp-tabs_title js-tab-mobile-title open\"><span>Points cl\u00e9s<\/span><\/h3>\n<div class=\"tab-description pdp-tabs_description js-tab-description open\" itemprop=\"description\">\n<ul>\n<li>Des cheveux incroyablement brillants<\/li>\n<li>Des cheveux sans frisottis<\/li>\n<li>Des cheveux souples et r\u00e9g\u00e9n\u00e9r\u00e9s<\/li>\n<\/ul>\n<\/div>\n<\/div>\n<div class=\"tab js-tab\">\n<h3 class=\"tab-title pdp-tabs_title js-tab-mobile-title\"><span>Description<\/span><\/h3>\n<div class=\"tab-description pdp-tabs_description js-tab-description\" itemprop=\"description\">Spray brillance Headrush de Bed Head ; nouveau \u00e0 l&rsquo;ext\u00e9rieur et tout aussi fabuleux \u00e0 l&rsquo;int\u00e9rieur. Con\u00e7u avec des coiffeurs professionnels et utilis\u00e9 en salon, sa formulation procure une brillance intense. Apporte des r\u00e9sultats professionnels et prolonge l&rsquo;exp\u00e9rience du salon de coiffure \u00e0 la maison.<\/p>\n<p>Le spray brillance Headrush de Bed Head est un vaporisateur l\u00e9ger qui donne aux cheveux une brillance qui d\u00e9tone\u00a0 ! Le spray r\u00e9g\u00e9n\u00e8re, adoucit et assouplit les cheveux pour un r\u00e9sultat soyeux, doux et sans frisottis. Pour une brillance et un \u00e9clat incroyables\u00a0 !<\/p>\n<p>Id\u00e9al pour ajouter de la brillance \u00e0 tous types de cheveux\u00a0 ! Vaporisez sur la coiffure s\u00e8che et faites place \u00e0 la brillance. N&rsquo;ayez pas peur, penchez votre t\u00eate en avant et vaporisez partout.<\/p>\n<p>Formule qui lisse la cuticule, accentue la brillance et rend les cheveux doux et soyeux ; enrichie d&rsquo;un complexe r\u00e9g\u00e9n\u00e9rant pour des cheveux soign\u00e9s, au toucher doux\u00a0 !<\/p>\n<p>Ce spray professionnel de 200ml exhale un parfum exotique\u00a0 tropical !<\/p><\/div>\n<\/div>\n<div class=\"tab js-tab\">\n<h3 class=\"tab-title pdp-tabs_title js-tab-mobile-title\"><span>Mode d&#8217;emploi<\/span><\/h3>\n<div class=\"tab-description pdp-tabs_description js-tab-description\">Vaporisez sur la coiffure s\u00e8che et faites place \u00e0 la brillance.<br \/>N&rsquo;ayez pas peur, penchez votre t\u00eate en avant et vaporisez partout.<\/div>\n<\/div>\n<div class=\"tab js-tab\">\n<h3 class=\"tab-title pdp-tabs_title js-tab-mobile-title\"><span>Ingr\u00e9dients<\/span><\/h3>\n<div class=\"tab-description pdp-tabs_description js-tab-description\">Alcohol Denat., Isobutane, Cyclopentasiloxane, Propane, C12-15 Alkyl Benzoate, Phenyl Trimethicone, Ethyl Ester of Hydrolyzed Silk, Butane, Panthenol, Fragrance (Parfum), t-Butyl Alcohol, Denatonium Benzoate.<\/div>\n<\/div>\n<div class=\"tab js-tab\">\n<h3 class=\"tab-title pdp-tabs_title js-tab-mobile-title\"><span>Livraison et stock<\/span><\/h3>\n<div class=\"tab-description pdp-tabs_description js-tab-description\">\n<div class=\"pdp-delivery_info\">\n<div class=\"content-asset\">Livraison et d\u00e9laisRetours et remboursements<\/div>\n<\/div>\n<\/div>\n<\/div>\n<div class=\"tab js-tab\">\n<h3 class=\"tab-title pdp-tabs_title js-tab-mobile-title\"><span>Pr\u00e9cautions d&#8217;emploi<\/span><\/h3>\n<div class=\"tab-description pdp-tabs_description js-tab-description\">DANGER A\u00e9rosol extr\u00eamement inflammable<br \/>PRECAUTIONS D\u2019EMPLOI : DANS LE CAS OU L&rsquo;EMBOUT PULV\u00c9RISATEUR EST BLOQUER, RINCER LE DIFFUSEUR \u00c0 L&rsquo;EAU CHAUDE.<br \/>EVITER D&rsquo;INHALER INTENTIONNELLEMENT.<br \/>PROC\u00c9DER PAR DE BR\u00c8VES PRESSIONS SANS PULV\u00c9RISATION PROLONG\u00c9E.<br \/>UTILISER SEULEMENT DANS DES ZONES BIEN VENTIL\u00c9ES.<br \/>UTILISER EXCLUSIVEMENT SELON L&rsquo;USAGE PR\u00c9CONIS\u00c9.<br \/>NE PAS VAPORISER VERS LES YEUX.<br \/>NE PAS APPLIQUER SUR LA PEAU ENDOMMAG\u00c9E.<br \/>STOPPER L\u2019UTILISATION EN CAS DE D\u00c9MANGEAISON OU D\u2019IRRITATION.<br \/>TENIR \u00c0 L\u2019\u00c9CART DE LA CHALEUR, DES SURFACES CHAUDES, DES \u00c9TINCELLES, DES FLAMMES NUES ET DE TOUTE AUTRE SOURCE D\u2019INFLAMMATION.<br \/>NE PAS FUMER.<br \/>PRODUIT INFLAMMABLE JUSQU\u2019\u00c0 CE QUE LES CHEVEUX SOIENT COMPL\u00c8TEMENT SECS.<br \/>NE PAS PERFORER, NI BR\u00dbLER, M\u00caME APR\u00c8S USAGE.<br \/>PROT\u00c9GER DU RAYONNEMENT SOLAIRE.<br \/>NE PAS EXPOSER \u00c0 UNE TEMP\u00c9RATURE SUP\u00c9RIEURE \u00c0 50\u00b0C\/122\u00b0F.<br \/>R\u00c9CIPIENT SOUS PRESSION: PEUT \u00c9CLATER SOUS L\u2019EFFET DE LA CHALEUR.<br \/>NE PAS VAPORISER SUR UNE FLAMME NUE OU SUR TOUTE AUTRE SOURCE D\u2019IGNITION.<br \/>TENIR HORS DE PORT\u00c9E DES ENFANTS.<\/div>\n<\/div>\n<\/div>\n<\/div>\n<\/div>\n","protected":false},"excerpt":{"rendered":"<p>Points cl\u00e9s Des cheveux incroyablement brillants Des cheveux sans frisottis Des cheveux souples et r\u00e9g\u00e9n\u00e9r\u00e9s&hellip;<\/p>\n","protected":false},"featured_media":20844,"comment_status":"open","ping_status":"closed","template":"","meta":[],"pwb-brand":[663],"product_cat":[596],"product_tag":[128,127,390],"class_list":{"0":"post-30505","1":"product","2":"type-product","3":"status-publish","4":"has-post-thumbnail","6":"pwb-brand-tigi","7":"product_cat-produit-coiffant-et-fixant","8":"product_tag-produit-coiffant-et-fixant","9":"product_tag-shampooing-et-coiffure","10":"product_tag-tigi","12":"first","13":"instock","14":"taxable","15":"shipping-taxable","16":"purchasable","17":"product-type-simple","18":"layout-style-3","19":"col-md-4 col-sm-4 col-xs-6","20":"col-lg-3","21":"product-style-default"},"aioseo_notices":[],"brands":[{"id":663,"name":"Tigi","slug":"tigi"}],"_links":{"self":[{"href":"https:\/\/cheveuxluxe.com\/index.php\/wp-json\/wp\/v2\/product\/30505","targetHints":{"allow":["GET"]}}],"collection":[{"href":"https:\/\/cheveuxluxe.com\/index.php\/wp-json\/wp\/v2\/product"}],"about":[{"href":"https:\/\/cheveuxluxe.com\/index.php\/wp-json\/wp\/v2\/types\/product"}],"replies":[{"embeddable":true,"href":"https:\/\/cheveuxluxe.com\/index.php\/wp-json\/wp\/v2\/comments?post=30505"}],"version-history":[{"count":0,"href":"https:\/\/cheveuxluxe.com\/index.php\/wp-json\/wp\/v2\/product\/30505\/revisions"}],"wp:featuredmedia":[{"embeddable":true,"href":"https:\/\/cheveuxluxe.com\/index.php\/wp-json\/wp\/v2\/media\/20844"}],"wp:attachment":[{"href":"https:\/\/cheveuxluxe.com\/index.php\/wp-json\/wp\/v2\/media?parent=30505"}],"wp:term":[{"taxonomy":"pwb-brand","embeddable":true,"href":"https:\/\/cheveuxluxe.com\/index.php\/wp-json\/wp\/v2\/pwb-brand?post=30505"},{"taxonomy":"product_cat","embeddable":true,"href":"https:\/\/cheveuxluxe.com\/index.php\/wp-json\/wp\/v2\/product_cat?post=30505"},{"taxonomy":"product_tag","embeddable":true,"href":"https:\/\/cheveuxluxe.com\/index.php\/wp-json\/wp\/v2\/product_tag?post=30505"}],"curies":[{"name":"wp","href":"https:\/\/api.w.org\/{rel}","templated":true}]}}