{"id":30506,"date":"2024-04-09T22:46:44","date_gmt":"2024-04-09T22:46:44","guid":{"rendered":"https:\/\/cheveuxluxe.com\/index.php\/product\/tigi-bed-head-queen-for-a-day-spray-volume-epaississant-cheveux-fins-311ml\/"},"modified":"2024-04-13T14:04:39","modified_gmt":"2024-04-13T14:04:39","slug":"tigi-bed-head-queen-for-a-day-spray-volume-epaississant-cheveux-fins-311ml","status":"publish","type":"product","link":"https:\/\/cheveuxluxe.com\/index.php\/product\/tigi-bed-head-queen-for-a-day-spray-volume-epaississant-cheveux-fins-311ml\/","title":{"rendered":"Tigi Bed Head Queen For A Day Spray Volume \u00c9paississant Cheveux Fins 311ml"},"content":{"rendered":"<div class=\"product-content_bottom\">\n<div class=\"pdp-info\">\n<div class=\"pdp-tabs tab-container\">\n<div class=\"tab js-tab\">\n<h3 class=\"tab-title pdp-tabs_title js-tab-mobile-title open\"><span>Points cl\u00e9s<\/span><\/h3>\n<div class=\"tab-description pdp-tabs_description js-tab-description open\" itemprop=\"description\">\n<ul>\n<li>Des cheveux visiblement plus \u00e9pais<\/li>\n<li>Une chevelure plus dense et plus volumineuse<\/li>\n<li>Une texture amplifi\u00e9e<\/li>\n<\/ul>\n<\/div>\n<\/div>\n<div class=\"tab js-tab\">\n<h3 class=\"tab-title pdp-tabs_title js-tab-mobile-title\"><span>Description<\/span><\/h3>\n<div class=\"tab-description pdp-tabs_description js-tab-description\" itemprop=\"description\">Spray \u00e9paississant Queen For A Day de Bed Head\u00a0; nouveau look \u00e0 l\u2019ext\u00e9rieur et tout aussi \u00e9pique \u00e0 l&rsquo;int\u00e9rieur. Une formule puissante, lisse et brillante, con\u00e7ue avec des coiffeurs professionnels et utilis\u00e9e en salon. Des r\u00e9sultats et une exp\u00e9rience de salon \u00e0 la maison. <\/p>\n<p>Obtenez du volume et de l\u2019\u00e9paisseur sur la dur\u00e9e gr\u00e2ce au spray \u00e9paississant Superstar Queen For A Day de Bed Head\u00a0! Ce spray \u00e9paississant et texturisant ajoute de la texture, un effet gonfl\u00e9 et une mati\u00e8re incroyables, tout en fixant l\u00e9g\u00e8rement la chevelure. Ce spray coiffant rend les cheveux doux, souples et volumineux. Pour des cheveux visiblement plus \u00e9pais\u00a0! <\/p>\n<p>Id\u00e9al pour apporter du volume aux cheveux fins, clairsem\u00e9s et sans volume. Vaporisez le spray \u00e9paississant sur cheveux essor\u00e9s \u00e0 l\u2019aide d\u2019une serviette, des racines jusqu\u2019aux pointes, et entre les m\u00e8ches. S\u00e9chez ensuite au s\u00e8che-cheveux et admirez votre coiffure s\u2019\u00e9paissir. <\/p>\n<p>Formul\u00e9 \u00e0 base d\u2019extraits de noyaux de palme pour cr\u00e9er du volume et de la texture, et rendre ainsi les cheveux visiblement plus \u00e9pais, denses et volumineux ; d\u2019un complexe de lipides qui r\u00e9g\u00e9n\u00e8rent, adoucissent et assouplissent le cheveu ; de polym\u00e8res filmog\u00e8nes qui permettent une fixation longue dur\u00e9e et maintiennent les coiffures et le volume en place.<\/p>\n<p>Ce produit capillaire professionnel de 311\u00a0ml poss\u00e8de un parfum de baies fra\u00eeches\u00a0!<\/p><\/div>\n<\/div>\n<div class=\"tab js-tab\">\n<h3 class=\"tab-title pdp-tabs_title js-tab-mobile-title\"><span>Mode d&#8217;emploi<\/span><\/h3>\n<div class=\"tab-description pdp-tabs_description js-tab-description\">Vaporisez le spray \u00e9paississant sur cheveux essor\u00e9s, des racines jusqu&rsquo;aux pointes, et entre les m\u00e8ches.<br \/>S\u00e9chez ensuite au s\u00e8che-cheveux et admirez votre coiffure s\u2019\u00e9paissir.<\/div>\n<\/div>\n<div class=\"tab js-tab\">\n<h3 class=\"tab-title pdp-tabs_title js-tab-mobile-title\"><span>Ingr\u00e9dients<\/span><\/h3>\n<div class=\"tab-description pdp-tabs_description js-tab-description\">Water (Aqua\/Eau), Dimethyl Ether, PVP, VP\/VA Copolymer, Phenoxyethanol, PEG-45 Palm Kernel Glycerides, PPG-5-Ceteth-20, Caprylyl Glycol, Carbomer, Triethanolamine, Fragrance (Parfum), Polysorbate 20, Polyquaternium-7, Tetrasodium EDTA, Benzophenone-4, Isopropyl Alcohol, Laurtrimonium Chloride, Sodium Benzoate, Amyl Cinnamal, Benzyl Alcohol, Benzyl Cinnamate, Citral, Geraniol, Hexyl Cinnamal, Limonene, Linalool.<\/div>\n<\/div>\n<div class=\"tab js-tab\">\n<h3 class=\"tab-title pdp-tabs_title js-tab-mobile-title\"><span>Livraison et stock<\/span><\/h3>\n<div class=\"tab-description pdp-tabs_description js-tab-description\">\n<div class=\"pdp-delivery_info\">\n<div class=\"content-asset\">Livraison et d\u00e9laisRetours et remboursements<\/div>\n<\/div>\n<\/div>\n<\/div>\n<div class=\"tab js-tab\">\n<h3 class=\"tab-title pdp-tabs_title js-tab-mobile-title\"><span>Pr\u00e9cautions d&#8217;emploi<\/span><\/h3>\n<div class=\"tab-description pdp-tabs_description js-tab-description\">DANGER A\u00e9rosol extr\u00eamement inflammable<br \/>PRECAUTIONS D\u2019EMPLOI : DANS LE CAS OU L&rsquo;EMBOUT PULV\u00c9RISATEUR EST BLOQUER, RINCER LE DIFFUSEUR \u00c0 L&rsquo;EAU CHAUDE.<br \/>EVITER D&rsquo;INHALER INTENTIONNELLEMENT.<br \/>PROC\u00c9DER PAR DE BR\u00c8VES PRESSIONS SANS PULV\u00c9RISATION PROLONG\u00c9E.<br \/>UTILISER SEULEMENT DANS DES ZONES BIEN VENTIL\u00c9ES.<br \/>UTILISER EXCLUSIVEMENT SELON L&rsquo;USAGE PR\u00c9CONIS\u00c9.<br \/>NE PAS VAPORISER VERS LES YEUX.<br \/>NE PAS APPLIQUER SUR LA PEAU ENDOMMAG\u00c9E.<br \/>STOPPER L\u2019UTILISATION EN CAS DE D\u00c9MANGEAISON OU D\u2019IRRITATION.<br \/>TENIR \u00c0 L\u2019\u00c9CART DE LA CHALEUR, DES SURFACES CHAUDES, DES \u00c9TINCELLES, DES FLAMMES NUES ET DE TOUTE AUTRE SOURCE D\u2019INFLAMMATION.<br \/>NE PAS FUMER.<br \/>PRODUIT INFLAMMABLE JUSQU\u2019\u00c0 CE QUE LES CHEVEUX SOIENT COMPL\u00c8TEMENT SECS.<br \/>NE PAS PERFORER, NI BR\u00dbLER, M\u00caME APR\u00c8S USAGE.<br \/>PROT\u00c9GER DU RAYONNEMENT SOLAIRE.<br \/>NE PAS EXPOSER \u00c0 UNE TEMP\u00c9RATURE SUP\u00c9RIEURE \u00c0 50\u00b0C\/122\u00b0F.<br \/>R\u00c9CIPIENT SOUS PRESSION: PEUT \u00c9CLATER SOUS L\u2019EFFET DE LA CHALEUR.<br \/>NE PAS VAPORISER SUR UNE FLAMME NUE OU SUR TOUTE AUTRE SOURCE D\u2019IGNITION.<br \/>TENIR HORS DE PORT\u00c9E DES ENFANTS.<\/div>\n<\/div>\n<\/div>\n<\/div>\n<\/div>\n","protected":false},"excerpt":{"rendered":"<p>Points cl\u00e9s Des cheveux visiblement plus \u00e9pais Une chevelure plus dense et plus volumineuse Une&hellip;<\/p>\n","protected":false},"featured_media":20997,"comment_status":"open","ping_status":"closed","template":"","meta":[],"pwb-brand":[663],"product_cat":[596],"product_tag":[128,127,390],"class_list":{"0":"post-30506","1":"product","2":"type-product","3":"status-publish","4":"has-post-thumbnail","6":"pwb-brand-tigi","7":"product_cat-produit-coiffant-et-fixant","8":"product_tag-produit-coiffant-et-fixant","9":"product_tag-shampooing-et-coiffure","10":"product_tag-tigi","12":"first","13":"instock","14":"taxable","15":"shipping-taxable","16":"purchasable","17":"product-type-simple","18":"layout-style-3","19":"col-md-4 col-sm-4 col-xs-6","20":"col-lg-3","21":"product-style-default"},"aioseo_notices":[],"brands":[{"id":663,"name":"Tigi","slug":"tigi"}],"_links":{"self":[{"href":"https:\/\/cheveuxluxe.com\/index.php\/wp-json\/wp\/v2\/product\/30506","targetHints":{"allow":["GET"]}}],"collection":[{"href":"https:\/\/cheveuxluxe.com\/index.php\/wp-json\/wp\/v2\/product"}],"about":[{"href":"https:\/\/cheveuxluxe.com\/index.php\/wp-json\/wp\/v2\/types\/product"}],"replies":[{"embeddable":true,"href":"https:\/\/cheveuxluxe.com\/index.php\/wp-json\/wp\/v2\/comments?post=30506"}],"version-history":[{"count":0,"href":"https:\/\/cheveuxluxe.com\/index.php\/wp-json\/wp\/v2\/product\/30506\/revisions"}],"wp:featuredmedia":[{"embeddable":true,"href":"https:\/\/cheveuxluxe.com\/index.php\/wp-json\/wp\/v2\/media\/20997"}],"wp:attachment":[{"href":"https:\/\/cheveuxluxe.com\/index.php\/wp-json\/wp\/v2\/media?parent=30506"}],"wp:term":[{"taxonomy":"pwb-brand","embeddable":true,"href":"https:\/\/cheveuxluxe.com\/index.php\/wp-json\/wp\/v2\/pwb-brand?post=30506"},{"taxonomy":"product_cat","embeddable":true,"href":"https:\/\/cheveuxluxe.com\/index.php\/wp-json\/wp\/v2\/product_cat?post=30506"},{"taxonomy":"product_tag","embeddable":true,"href":"https:\/\/cheveuxluxe.com\/index.php\/wp-json\/wp\/v2\/product_tag?post=30506"}],"curies":[{"name":"wp","href":"https:\/\/api.w.org\/{rel}","templated":true}]}}