{"id":30511,"date":"2024-04-09T22:46:48","date_gmt":"2024-04-09T22:46:48","guid":{"rendered":"https:\/\/cheveuxluxe.com\/index.php\/product\/tigi-bed-head-oh-bee-hive-shampooing-sec-pour-un-volume-extreme-238ml\/"},"modified":"2024-04-13T14:04:42","modified_gmt":"2024-04-13T14:04:42","slug":"tigi-bed-head-oh-bee-hive-shampooing-sec-pour-un-volume-extreme-238ml","status":"publish","type":"product","link":"https:\/\/cheveuxluxe.com\/index.php\/product\/tigi-bed-head-oh-bee-hive-shampooing-sec-pour-un-volume-extreme-238ml\/","title":{"rendered":"Tigi Bed Head Oh Bee Hive shampooing sec pour un volume extr\u00eame 238ml"},"content":{"rendered":"<div class=\"product-content_bottom\">\n<div class=\"pdp-info\">\n<div class=\"pdp-tabs tab-container\">\n<div class=\"tab js-tab\">\n<h3 class=\"tab-title pdp-tabs_title js-tab-mobile-title open\"><span>Points cl\u00e9s<\/span><\/h3>\n<div class=\"tab-description pdp-tabs_description js-tab-description open\" itemprop=\"description\">\n<ul>\n<li>Des cheveux nettoy\u00e9s et rafra\u00eechis<\/li>\n<li>Des cheveux volumineux<\/li>\n<li>Un r\u00e9sultat mat l\u00e9ger<\/li>\n<\/ul>\n<\/div>\n<\/div>\n<div class=\"tab js-tab\">\n<h3 class=\"tab-title pdp-tabs_title js-tab-mobile-title\"><span>Description<\/span><\/h3>\n<div class=\"tab-description pdp-tabs_description js-tab-description\" itemprop=\"description\">Shampooing sec Oh Bee Hive de Bed Head ; nouveau \u00e0 l&rsquo;ext\u00e9rieur et tout aussi fabuleux \u00e0 l&rsquo;int\u00e9rieur. Con\u00e7u avec des coiffeurs professionnels et utilis\u00e9 en salon, sa formulation purifie et donne du volume. Apporte des r\u00e9sultats professionnels et prolonge l&rsquo;exp\u00e9rience du salon de coiffure \u00e0 la maison.<\/p>\n<p>Oh Bee Hive de Bed Head est un shampooing sec volumateur sensationnel\u00a0! Ce shampooing sec professionnel purifie les cheveux et absorbe l&rsquo;exc\u00e8s de s\u00e9bum, qui les alourdit et leur donne un aspect gras. Il rafra\u00eechit la chevelure tout en donnant du volume aux racines. Le shampooing sec offre un r\u00e9sultat l\u00e9ger et mat. Il est id\u00e9al pour les cheveux bruns puisqu&rsquo;il ne laisse aucune trace blanche. Top conseil\u00a0 : un shampooing sec peut \u00eatre utilis\u00e9 comme une alternative \u00e0 un shampooing \u00e0 l&rsquo;eau pour entretenir les cheveux color\u00e9s en r\u00e9duisant les contacts avec l&rsquo;eau.<\/p>\n<p>Id\u00e9al pour tous types de cheveux, quelque soit leur couleur ! Agitez bien Oh Bee Hive avant emploi, puis vaporisez \u00e0 25-30 centim\u00e8tres des racines par de courtes pressions. Massez le cuir chevelu, puis brossez les cheveux.<\/p>\n<p>Formul\u00e9 \u00e0 partir de f\u00e9cule de ma\u00efs pour absorber le s\u00e9bum, rafra\u00eechir et donner du volume aux cheveux\u00a0; et de la technologie Refractive Index Matching (r\u00e9flecteur de lumi\u00e8re) qui permet un r\u00e9sultat net, homog\u00e8ne et invisible.<\/p>\n<p>Ce produit capillaire professionnel de 238ml diffuse un d\u00e9licieux parfum fruit\u00e9 !<\/p><\/div>\n<\/div>\n<div class=\"tab js-tab\">\n<h3 class=\"tab-title pdp-tabs_title js-tab-mobile-title\"><span>Mode d&#8217;emploi<\/span><\/h3>\n<div class=\"tab-description pdp-tabs_description js-tab-description\">Agitez bien Oh Bee Hive avant emploi, puis vaporisez \u00e0 25-30 centim\u00e8tres des racines par de courtes pressions.<br \/>Massez le cuir chevelu, puis brossez les cheveux.<\/div>\n<\/div>\n<div class=\"tab js-tab\">\n<h3 class=\"tab-title pdp-tabs_title js-tab-mobile-title\"><span>Ingr\u00e9dients<\/span><\/h3>\n<div class=\"tab-description pdp-tabs_description js-tab-description\">Isobutane, Propane, Alcohol Denat., Aluminum Starch Octenylsuccinate, Butane, Water (Aqua\/Eau), Fragrance (Parfum), Isopropyl Myristate, Silica, t-Butyl Alcohol, Argania Spinosa Kernel Oil, Benzophenone-4, Glycine Soja (Soybean) Protein, Tocopheryl Acetate, Cyclopentasiloxane, Glycerin, Denatonium Benzoate, Hydrolyzed Keratin, Hydrolyzed Wheat Protein, Hydrolyzed Pearl, Xanthan Gum, Alpha-Isomethyl Ionone, Coumarin, Hexyl Cinnamal, Limonene, Linalool.<\/div>\n<\/div>\n<div class=\"tab js-tab\">\n<h3 class=\"tab-title pdp-tabs_title js-tab-mobile-title\"><span>Livraison et stock<\/span><\/h3>\n<div class=\"tab-description pdp-tabs_description js-tab-description\">\n<div class=\"pdp-delivery_info\">\n<div class=\"content-asset\">Livraison et d\u00e9laisRetours et remboursements<\/div>\n<\/div>\n<\/div>\n<\/div>\n<div class=\"tab js-tab\">\n<h3 class=\"tab-title pdp-tabs_title js-tab-mobile-title\"><span>Pr\u00e9cautions d&#8217;emploi<\/span><\/h3>\n<div class=\"tab-description pdp-tabs_description js-tab-description\">DANGER A\u00e9rosol extr\u00eamement inflammable<br \/>PRECAUTIONS D\u2019EMPLOI : DANS LE CAS OU L&rsquo;EMBOUT PULV\u00c9RISATEUR EST BLOQUER, RINCER LE DIFFUSEUR \u00c0 L&rsquo;EAU CHAUDE.<br \/>EVITER D&rsquo;INHALER INTENTIONNELLEMENT.<br \/>PROC\u00c9DER PAR DE BR\u00c8VES PRESSIONS SANS PULV\u00c9RISATION PROLONG\u00c9E.<br \/>UTILISER SEULEMENT DANS DES ZONES BIEN VENTIL\u00c9ES.<br \/>UTILISER EXCLUSIVEMENT SELON L&rsquo;USAGE PR\u00c9CONIS\u00c9.<br \/>NE PAS VAPORISER VERS LES YEUX.<br \/>NE PAS APPLIQUER SUR LA PEAU ENDOMMAG\u00c9E.<br \/>STOPPER L\u2019UTILISATION EN CAS DE D\u00c9MANGEAISON OU D\u2019IRRITATION.<br \/>TENIR \u00c0 L\u2019\u00c9CART DE LA CHALEUR, DES SURFACES CHAUDES, DES \u00c9TINCELLES, DES FLAMMES NUES ET DE TOUTE AUTRE SOURCE D\u2019INFLAMMATION.<br \/>NE PAS FUMER.<br \/>PRODUIT INFLAMMABLE JUSQU\u2019\u00c0 CE QUE LES CHEVEUX SOIENT COMPL\u00c8TEMENT SECS.<br \/>NE PAS PERFORER, NI BR\u00dbLER, M\u00caME APR\u00c8S USAGE.<br \/>PROT\u00c9GER DU RAYONNEMENT SOLAIRE.<br \/>NE PAS EXPOSER \u00c0 UNE TEMP\u00c9RATURE SUP\u00c9RIEURE \u00c0 50\u00b0C\/122\u00b0F.<br \/>R\u00c9CIPIENT SOUS PRESSION: PEUT \u00c9CLATER SOUS L\u2019EFFET DE LA CHALEUR.<br \/>NE PAS VAPORISER SUR UNE FLAMME NUE OU SUR TOUTE AUTRE SOURCE D\u2019IGNITION.<br \/>TENIR HORS DE PORT\u00c9E DES ENFANTS.<\/div>\n<\/div>\n<\/div>\n<\/div>\n<\/div>\n","protected":false},"excerpt":{"rendered":"<p>Points cl\u00e9s Des cheveux nettoy\u00e9s et rafra\u00eechis Des cheveux volumineux Un r\u00e9sultat mat l\u00e9ger Description&hellip;<\/p>\n","protected":false},"featured_media":21449,"comment_status":"open","ping_status":"closed","template":"","meta":[],"pwb-brand":[663],"product_cat":[596],"product_tag":[128,127,390],"class_list":{"0":"post-30511","1":"product","2":"type-product","3":"status-publish","4":"has-post-thumbnail","6":"pwb-brand-tigi","7":"product_cat-produit-coiffant-et-fixant","8":"product_tag-produit-coiffant-et-fixant","9":"product_tag-shampooing-et-coiffure","10":"product_tag-tigi","12":"first","13":"instock","14":"taxable","15":"shipping-taxable","16":"purchasable","17":"product-type-simple","18":"layout-style-3","19":"col-md-4 col-sm-4 col-xs-6","20":"col-lg-3","21":"product-style-default"},"aioseo_notices":[],"brands":[{"id":663,"name":"Tigi","slug":"tigi"}],"_links":{"self":[{"href":"https:\/\/cheveuxluxe.com\/index.php\/wp-json\/wp\/v2\/product\/30511","targetHints":{"allow":["GET"]}}],"collection":[{"href":"https:\/\/cheveuxluxe.com\/index.php\/wp-json\/wp\/v2\/product"}],"about":[{"href":"https:\/\/cheveuxluxe.com\/index.php\/wp-json\/wp\/v2\/types\/product"}],"replies":[{"embeddable":true,"href":"https:\/\/cheveuxluxe.com\/index.php\/wp-json\/wp\/v2\/comments?post=30511"}],"version-history":[{"count":0,"href":"https:\/\/cheveuxluxe.com\/index.php\/wp-json\/wp\/v2\/product\/30511\/revisions"}],"wp:featuredmedia":[{"embeddable":true,"href":"https:\/\/cheveuxluxe.com\/index.php\/wp-json\/wp\/v2\/media\/21449"}],"wp:attachment":[{"href":"https:\/\/cheveuxluxe.com\/index.php\/wp-json\/wp\/v2\/media?parent=30511"}],"wp:term":[{"taxonomy":"pwb-brand","embeddable":true,"href":"https:\/\/cheveuxluxe.com\/index.php\/wp-json\/wp\/v2\/pwb-brand?post=30511"},{"taxonomy":"product_cat","embeddable":true,"href":"https:\/\/cheveuxluxe.com\/index.php\/wp-json\/wp\/v2\/product_cat?post=30511"},{"taxonomy":"product_tag","embeddable":true,"href":"https:\/\/cheveuxluxe.com\/index.php\/wp-json\/wp\/v2\/product_tag?post=30511"}],"curies":[{"name":"wp","href":"https:\/\/api.w.org\/{rel}","templated":true}]}}