{"id":30512,"date":"2024-04-09T22:46:49","date_gmt":"2024-04-09T22:46:49","guid":{"rendered":"https:\/\/cheveuxluxe.com\/index.php\/product\/tigi-bed-head-trouble-maker-cire-seche-en-spray-de-finition-texturisante-200ml\/"},"modified":"2024-04-13T14:04:42","modified_gmt":"2024-04-13T14:04:42","slug":"tigi-bed-head-trouble-maker-cire-seche-en-spray-de-finition-texturisante-200ml","status":"publish","type":"product","link":"https:\/\/cheveuxluxe.com\/index.php\/product\/tigi-bed-head-trouble-maker-cire-seche-en-spray-de-finition-texturisante-200ml\/","title":{"rendered":"Tigi Bed Head Trouble Maker Cire s\u00e8che en Spray de Finition Texturisante 200ml"},"content":{"rendered":"<div class=\"product-content_bottom\">\n<div class=\"pdp-info\">\n<div class=\"pdp-tabs tab-container\">\n<div class=\"tab js-tab\">\n<h3 class=\"tab-title pdp-tabs_title js-tab-mobile-title open\"><span>Points cl\u00e9s<\/span><\/h3>\n<div class=\"tab-description pdp-tabs_description js-tab-description open\" itemprop=\"description\">\n<ul>\n<li>Une texture sublim\u00e9e<\/li>\n<li>Des looks naturels et longue dur\u00e9e<\/li>\n<li>Des cheveux hydrat\u00e9s, nourris et souples<\/li>\n<\/ul>\n<\/div>\n<\/div>\n<div class=\"tab js-tab\">\n<h3 class=\"tab-title pdp-tabs_title js-tab-mobile-title\"><span>Description<\/span><\/h3>\n<div class=\"tab-description pdp-tabs_description js-tab-description\" itemprop=\"description\">Nouvelle cire s\u00e8che en spray Troublemaker de Bed Head. Une formule au fort pouvoir texturisant, con\u00e7ue avec des coiffeurs professionnels et utilis\u00e9e en salon. Des r\u00e9sultats et une exp\u00e9rience de salon \u00e0 la maison.<\/p>\n<p>Obtenez de la texture et du style instantan\u00e9ment gr\u00e2ce \u00e0 la cire s\u00e8che en spray Trouble Maker de Bed Head\u00a0! Ce spray l\u00e9ger et texturisant apporte de la texture et de la tenue aux cheveux; et fixe vos coiffures pour un r\u00e9sultat d\u00e9coiff\u00e9 naturel. Cette cire en spray nourrit et hydrate, rendant les cheveux doux au toucher et naturellement brillants.<\/p>\n<p>Id\u00e9al pour coiffer les cheveux mi-longs \u00e0 longs. Agitez bien le spray. Vaporisez l\u00e9g\u00e8rement sur cheveux secs, pulv\u00e9risez entre les m\u00e8ches si n\u00e9cessaire. Cr\u00e9ez la coiffure d\u00e9sir\u00e9e \u00e0 l\u2019aide de vos mains. <\/p>\n<p>Formul\u00e9e \u00e0 partir de cire de carnauba qui apporte de la texture en enduisant les cheveux de particules de cire\u00a0; d&rsquo;huile de coco et de glyc\u00e9rine qui nourrissent et hydratent les cheveux, les rendant doux aux toucher\u00a0; et d\u2019un polym\u00e8re coiffant qui fixe vos coiffures toute la journ\u00e9e, et donne un brillance naturelle lors du s\u00e9chage.<\/p>\n<p>Cette cire s\u00e8che en spray de 200\u00a0ml poss\u00e8de un parfum tropical exotique\u00a0!<\/p><\/div>\n<\/div>\n<div class=\"tab js-tab\">\n<h3 class=\"tab-title pdp-tabs_title js-tab-mobile-title\"><span>Mode d&#8217;emploi<\/span><\/h3>\n<div class=\"tab-description pdp-tabs_description js-tab-description\">Agitez bien le spray.<br \/>Vaporisez l\u00e9g\u00e8rement sur cheveux secs, en soulevant les m\u00e8ches si n\u00e9cessaire.<br \/>Travaillez le look souhait\u00e9 \u00e0 la main.<\/div>\n<\/div>\n<div class=\"tab js-tab\">\n<h3 class=\"tab-title pdp-tabs_title js-tab-mobile-title\"><span>Ingr\u00e9dients<\/span><\/h3>\n<div class=\"tab-description pdp-tabs_description js-tab-description\">Dimethyl Ether, Water (Aqua\/Eau), PVP, Cocos Nucifera (Coconut) Oil, Glycerin, Phenoxyethanol, Cetearyl Alcohol, PEG-8 Beeswax, Fragrance (Parfum), Moroccan Lava Clay, PEG-40 Hydrogenated Castor Oil, Copernicia Cerifera (Carnauba) Wax (Cera Carnauba\/Cire de carnauba) , Dimethicone, Ethylhexylglycerin, Ceteareth-20, Steareth-100, Caprylyl Glycol, Hexylene Glycol.<\/div>\n<\/div>\n<div class=\"tab js-tab\">\n<h3 class=\"tab-title pdp-tabs_title js-tab-mobile-title\"><span>Livraison et stock<\/span><\/h3>\n<div class=\"tab-description pdp-tabs_description js-tab-description\">\n<div class=\"pdp-delivery_info\">\n<div class=\"content-asset\">Livraison et d\u00e9laisRetours et remboursements<\/div>\n<\/div>\n<\/div>\n<\/div>\n<div class=\"tab js-tab\">\n<h3 class=\"tab-title pdp-tabs_title js-tab-mobile-title\"><span>Pr\u00e9cautions d&#8217;emploi<\/span><\/h3>\n<div class=\"tab-description pdp-tabs_description js-tab-description\">DANGER A\u00e9rosol extr\u00eamement inflammable<br \/>PRECAUTIONS D\u2019EMPLOI : DANS LE CAS OU L&rsquo;EMBOUT PULV\u00c9RISATEUR EST BLOQUER, RINCER LE DIFFUSEUR \u00c0 L&rsquo;EAU CHAUDE.<br \/>EVITER D&rsquo;INHALER INTENTIONNELLEMENT.<br \/>PROC\u00c9DER PAR DE BR\u00c8VES PRESSIONS SANS PULV\u00c9RISATION PROLONG\u00c9E.<br \/>UTILISER SEULEMENT DANS DES ZONES BIEN VENTIL\u00c9ES.<br \/>UTILISER EXCLUSIVEMENT SELON L&rsquo;USAGE PR\u00c9CONIS\u00c9.<br \/>NE PAS VAPORISER VERS LES YEUX.<br \/>NE PAS APPLIQUER SUR LA PEAU ENDOMMAG\u00c9E.<br \/>STOPPER L\u2019UTILISATION EN CAS DE D\u00c9MANGEAISON OU D\u2019IRRITATION.<br \/>TENIR \u00c0 L\u2019\u00c9CART DE LA CHALEUR, DES SURFACES CHAUDES, DES \u00c9TINCELLES, DES FLAMMES NUES ET DE TOUTE AUTRE SOURCE D\u2019INFLAMMATION.<br \/>NE PAS FUMER.<br \/>PRODUIT INFLAMMABLE JUSQU\u2019\u00c0 CE QUE LES CHEVEUX SOIENT COMPL\u00c8TEMENT SECS.<br \/>NE PAS PERFORER, NI BR\u00dbLER, M\u00caME APR\u00c8S USAGE.<br \/>PROT\u00c9GER DU RAYONNEMENT SOLAIRE.<br \/>NE PAS EXPOSER \u00c0 UNE TEMP\u00c9RATURE SUP\u00c9RIEURE \u00c0 50\u00b0C\/122\u00b0F.<br \/>R\u00c9CIPIENT SOUS PRESSION: PEUT \u00c9CLATER SOUS L\u2019EFFET DE LA CHALEUR.<br \/>NE PAS VAPORISER SUR UNE FLAMME NUE OU SUR TOUTE AUTRE SOURCE D\u2019IGNITION.<br \/>TENIR HORS DE PORT\u00c9E DES ENFANTS.<\/div>\n<\/div>\n<\/div>\n<\/div>\n<\/div>\n","protected":false},"excerpt":{"rendered":"<p>Points cl\u00e9s Une texture sublim\u00e9e Des looks naturels et longue dur\u00e9e Des cheveux hydrat\u00e9s, nourris&hellip;<\/p>\n","protected":false},"featured_media":21238,"comment_status":"open","ping_status":"closed","template":"","meta":[],"pwb-brand":[663],"product_cat":[596],"product_tag":[128,127,390],"class_list":{"0":"post-30512","1":"product","2":"type-product","3":"status-publish","4":"has-post-thumbnail","6":"pwb-brand-tigi","7":"product_cat-produit-coiffant-et-fixant","8":"product_tag-produit-coiffant-et-fixant","9":"product_tag-shampooing-et-coiffure","10":"product_tag-tigi","12":"first","13":"instock","14":"taxable","15":"shipping-taxable","16":"purchasable","17":"product-type-simple","18":"layout-style-3","19":"col-md-4 col-sm-4 col-xs-6","20":"col-lg-3","21":"product-style-default"},"aioseo_notices":[],"brands":[{"id":663,"name":"Tigi","slug":"tigi"}],"_links":{"self":[{"href":"https:\/\/cheveuxluxe.com\/index.php\/wp-json\/wp\/v2\/product\/30512","targetHints":{"allow":["GET"]}}],"collection":[{"href":"https:\/\/cheveuxluxe.com\/index.php\/wp-json\/wp\/v2\/product"}],"about":[{"href":"https:\/\/cheveuxluxe.com\/index.php\/wp-json\/wp\/v2\/types\/product"}],"replies":[{"embeddable":true,"href":"https:\/\/cheveuxluxe.com\/index.php\/wp-json\/wp\/v2\/comments?post=30512"}],"version-history":[{"count":0,"href":"https:\/\/cheveuxluxe.com\/index.php\/wp-json\/wp\/v2\/product\/30512\/revisions"}],"wp:featuredmedia":[{"embeddable":true,"href":"https:\/\/cheveuxluxe.com\/index.php\/wp-json\/wp\/v2\/media\/21238"}],"wp:attachment":[{"href":"https:\/\/cheveuxluxe.com\/index.php\/wp-json\/wp\/v2\/media?parent=30512"}],"wp:term":[{"taxonomy":"pwb-brand","embeddable":true,"href":"https:\/\/cheveuxluxe.com\/index.php\/wp-json\/wp\/v2\/pwb-brand?post=30512"},{"taxonomy":"product_cat","embeddable":true,"href":"https:\/\/cheveuxluxe.com\/index.php\/wp-json\/wp\/v2\/product_cat?post=30512"},{"taxonomy":"product_tag","embeddable":true,"href":"https:\/\/cheveuxluxe.com\/index.php\/wp-json\/wp\/v2\/product_tag?post=30512"}],"curies":[{"name":"wp","href":"https:\/\/api.w.org\/{rel}","templated":true}]}}