{"id":30515,"date":"2024-04-09T22:46:53","date_gmt":"2024-04-09T22:46:53","guid":{"rendered":"https:\/\/cheveuxluxe.com\/index.php\/product\/tigi-bed-head-manipulator-matte-pate-coiffante-a-fini-mat-et-fixation-forte-57g\/"},"modified":"2024-04-13T14:04:45","modified_gmt":"2024-04-13T14:04:45","slug":"tigi-bed-head-manipulator-matte-pate-coiffante-a-fini-mat-et-fixation-forte-57g","status":"publish","type":"product","link":"https:\/\/cheveuxluxe.com\/index.php\/product\/tigi-bed-head-manipulator-matte-pate-coiffante-a-fini-mat-et-fixation-forte-57g\/","title":{"rendered":"Tigi Bed Head Manipulator Matte P\u00e2te Coiffante \u00e0 Fini mat et Fixation Forte 57g"},"content":{"rendered":"<div class=\"product-content_bottom\">\n<div class=\"pdp-info\">\n<div class=\"pdp-tabs tab-container\">\n<div class=\"tab js-tab\">\n<h3 class=\"tab-title pdp-tabs_title js-tab-mobile-title open\"><span>Points cl\u00e9s<\/span><\/h3>\n<div class=\"tab-description pdp-tabs_description js-tab-description open\" itemprop=\"description\">\n<ul>\n<li>Une texture de cheveux mise en valeur<\/li>\n<li>Des coiffures qui durent longtemps<\/li>\n<li>Une coiffure d\u00e9finie<\/li>\n<\/ul>\n<\/div>\n<\/div>\n<div class=\"tab js-tab\">\n<h3 class=\"tab-title pdp-tabs_title js-tab-mobile-title\"><span>Description<\/span><\/h3>\n<div class=\"tab-description pdp-tabs_description js-tab-description\" itemprop=\"description\">Cire coiffante Manipulator Matte de Bed Head\u00a0; nouveau look \u00e0 l\u2019ext\u00e9rieur et tout aussi \u00e9pique \u00e0 l&rsquo;int\u00e9rieur. Une formule qui procure une fixation longue dur\u00e9e, con\u00e7ue avec des coiffeurs professionnels et utilis\u00e9e en salon. Des r\u00e9sultats et une exp\u00e9rience de salon \u00e0 la maison.<\/p>\n<p>Coiffez-vous et offrez \u00e0 vos cheveux une texture, un contr\u00f4le et une d\u00e9finition longue dur\u00e9e gr\u00e2ce \u00e0 la cire coiffante Manipulator Matte de Bed Head. Cette cire coiffante \u00e0 fixation forte, au format p\u00e2te, permet de cr\u00e9er une texture, une mati\u00e8re et une tenue incroyables. Cette cire coiffante offre une finition mate, douce et l\u00e9g\u00e8re.<\/p>\n<p>Id\u00e9ale pour coiffer les cheveux courts \u00e0 mi-longs. Appliquez une petite quantit\u00e9 de produit sur cheveux secs, puis cr\u00e9ez votre coiffure et travaillez les finitions \u00e0 l\u2019aide de vos doigts.<\/p>\n<p>Formul\u00e9e \u00e0 base de cire d\u2019abeilles pour cr\u00e9er de la texture entre les fibres capillaires et de la structure autour du cheveu, la texture de la cire permet de cr\u00e9er de la mati\u00e8re sans ajouter de brillance artificielle\u00a0; de polym\u00e8res qui enrobent le cheveu d\u2019un film l\u00e9ger et r\u00e9sistant pour vous aider \u00e0 faire tenir et modeler votre coiffure gr\u00e2ce \u00e0 une fixation forte, un contr\u00f4le et une d\u00e9finition longue dur\u00e9e\u00a0; et d\u2019un complexe r\u00e9g\u00e9n\u00e9rant pour des cheveux soign\u00e9s, doux et l\u00e9gers\u00a0!<\/p>\n<p>Cette cire coiffante de 57\u00a0g poss\u00e8de un parfum de fruits tropicaux\u00a0!<\/p><\/div>\n<\/div>\n<div class=\"tab js-tab\">\n<h3 class=\"tab-title pdp-tabs_title js-tab-mobile-title\"><span>Mode d&#8217;emploi<\/span><\/h3>\n<div class=\"tab-description pdp-tabs_description js-tab-description\">Appliquez une petite quantit\u00e9 sur cheveux secs puis coiffez et travaillez les finitions \u00e0 la main.<\/div>\n<\/div>\n<div class=\"tab js-tab\">\n<h3 class=\"tab-title pdp-tabs_title js-tab-mobile-title\"><span>Ingr\u00e9dients<\/span><\/h3>\n<div class=\"tab-description pdp-tabs_description js-tab-description\">Water (Aqua\/Eau), Beeswax (Cera Alba\/Cire d&rsquo;Abeille), Bis-Diglyceryl Polyacyladipate-2, Petrolatum, Cetearyl Alcohol, Propylene Glycol, VP\/VA Copolymer, Copernicia Cerifera (Carnauba) Wax (Cera Carnauba\/Cire de carnauba), Diethylhexyl Adipate, Ozokerite, Vinyl Caprolactam\/VP\/Dimethylaminoethyl Methacrylate Copolymer, PEG-40 Hydrogenated Castor Oil, Phenoxyethanol, Caprylyl Glycol, Fragrance (Parfum), Glycerin, Disodium EDTA, Citric Acid, PEG-90M, Isopropyl Alcohol, Laurtrimonium Chloride, Silica, PPG-3 Benzyl Ether Myristate, Orbignya Oleifera Seed Oil, Benzyl Benzoate, Benzyl Salicylate, Coumarin, Limonene, Green 3 (CI 42053), Orange 4 (CI 15510), Yellow 5 (CI 19140).<\/div>\n<\/div>\n<div class=\"tab js-tab\">\n<h3 class=\"tab-title pdp-tabs_title js-tab-mobile-title\"><span>Livraison et stock<\/span><\/h3>\n<div class=\"tab-description pdp-tabs_description js-tab-description\">\n<div class=\"pdp-delivery_info\">\n<div class=\"content-asset\">Livraison et d\u00e9laisRetours et remboursements<\/div>\n<\/div>\n<\/div>\n<\/div>\n<div class=\"tab js-tab\">\n<h3 class=\"tab-title pdp-tabs_title js-tab-mobile-title\"><span>Pr\u00e9cautions d&#8217;emploi<\/span><\/h3>\n<div class=\"tab-description pdp-tabs_description js-tab-description\">ATTENTION :<br \/>\u00c9VITER LE CONTACT AVEC LES YEUX. EN CAS DE CONTACT, RINCER \u00c0 L\u2019EAU<\/div>\n<\/div>\n<\/div>\n<\/div>\n<\/div>\n","protected":false},"excerpt":{"rendered":"<p>Points cl\u00e9s Une texture de cheveux mise en valeur Des coiffures qui durent longtemps Une&hellip;<\/p>\n","protected":false},"featured_media":21037,"comment_status":"open","ping_status":"closed","template":"","meta":[],"pwb-brand":[663],"product_cat":[596],"product_tag":[128,127,390],"class_list":{"0":"post-30515","1":"product","2":"type-product","3":"status-publish","4":"has-post-thumbnail","6":"pwb-brand-tigi","7":"product_cat-produit-coiffant-et-fixant","8":"product_tag-produit-coiffant-et-fixant","9":"product_tag-shampooing-et-coiffure","10":"product_tag-tigi","12":"first","13":"instock","14":"taxable","15":"shipping-taxable","16":"purchasable","17":"product-type-simple","18":"layout-style-3","19":"col-md-4 col-sm-4 col-xs-6","20":"col-lg-3","21":"product-style-default"},"aioseo_notices":[],"brands":[{"id":663,"name":"Tigi","slug":"tigi"}],"_links":{"self":[{"href":"https:\/\/cheveuxluxe.com\/index.php\/wp-json\/wp\/v2\/product\/30515","targetHints":{"allow":["GET"]}}],"collection":[{"href":"https:\/\/cheveuxluxe.com\/index.php\/wp-json\/wp\/v2\/product"}],"about":[{"href":"https:\/\/cheveuxluxe.com\/index.php\/wp-json\/wp\/v2\/types\/product"}],"replies":[{"embeddable":true,"href":"https:\/\/cheveuxluxe.com\/index.php\/wp-json\/wp\/v2\/comments?post=30515"}],"version-history":[{"count":0,"href":"https:\/\/cheveuxluxe.com\/index.php\/wp-json\/wp\/v2\/product\/30515\/revisions"}],"wp:featuredmedia":[{"embeddable":true,"href":"https:\/\/cheveuxluxe.com\/index.php\/wp-json\/wp\/v2\/media\/21037"}],"wp:attachment":[{"href":"https:\/\/cheveuxluxe.com\/index.php\/wp-json\/wp\/v2\/media?parent=30515"}],"wp:term":[{"taxonomy":"pwb-brand","embeddable":true,"href":"https:\/\/cheveuxluxe.com\/index.php\/wp-json\/wp\/v2\/pwb-brand?post=30515"},{"taxonomy":"product_cat","embeddable":true,"href":"https:\/\/cheveuxluxe.com\/index.php\/wp-json\/wp\/v2\/product_cat?post=30515"},{"taxonomy":"product_tag","embeddable":true,"href":"https:\/\/cheveuxluxe.com\/index.php\/wp-json\/wp\/v2\/product_tag?post=30515"}],"curies":[{"name":"wp","href":"https:\/\/api.w.org\/{rel}","templated":true}]}}