{"id":30516,"date":"2024-04-09T22:46:53","date_gmt":"2024-04-09T22:46:53","guid":{"rendered":"https:\/\/cheveuxluxe.com\/index.php\/product\/tigi-bed-head-salty-not-sorry-spray-texturisant-au-sel-100ml\/"},"modified":"2024-04-13T14:04:45","modified_gmt":"2024-04-13T14:04:45","slug":"tigi-bed-head-salty-not-sorry-spray-texturisant-au-sel-100ml","status":"publish","type":"product","link":"https:\/\/cheveuxluxe.com\/index.php\/product\/tigi-bed-head-salty-not-sorry-spray-texturisant-au-sel-100ml\/","title":{"rendered":"Tigi Bed Head Salty Not Sorry Spray Texturisant au Sel 100ml"},"content":{"rendered":"<div class=\"product-content_bottom\">\n<div class=\"pdp-info\">\n<div class=\"pdp-tabs tab-container\">\n<div class=\"tab js-tab\">\n<h3 class=\"tab-title pdp-tabs_title js-tab-mobile-title open\"><span>Points cl\u00e9s<\/span><\/h3>\n<div class=\"tab-description pdp-tabs_description js-tab-description open\" itemprop=\"description\">\n<ul>\n<li>Une texture et une tenue naturelles<\/li>\n<li>Un effet plage, coiff\u00e9-d\u00e9coiff\u00e9<\/li>\n<li>Une protection contre les frisottis et l&rsquo;humidit\u00e9<\/li>\n<\/ul>\n<\/div>\n<\/div>\n<div class=\"tab js-tab\">\n<h3 class=\"tab-title pdp-tabs_title js-tab-mobile-title\"><span>Description<\/span><\/h3>\n<div class=\"tab-description pdp-tabs_description js-tab-description\" itemprop=\"description\">Nouveau spray au sel Salty Not Sorry de Bed Head. Une formule au fort pouvoir texturisant, con\u00e7ue avec des coiffeurs professionnels et utilis\u00e9e en salon. Des r\u00e9sultats et une exp\u00e9rience de salon \u00e0 la maison. Si vous aimiez le spray au sel Queen Beach de Bed Head, vous allez adorer Salty Not Sorry\u00a0!<\/p>\n<p>Salty Not Sorry est un spray au sel de mer sensationnel\u00a0! Ce spray au sel apporte tenue et texture pour permettre de cr\u00e9er facilement des coiffures d\u00e9coiff\u00e9es et naturelles. Le spray texturisant apporte \u00e9galement une tenue souple, une hydratation intense, et prot\u00e8ge de l\u2019humidit\u00e9 et des frisottis. Bonjour la texture, adieu les frisottis !<\/p>\n<p>Id\u00e9al pour cr\u00e9er des coiffures d\u00e9coiff\u00e9es ou naturelles sur tous types de cheveux\u00a0! Vaporisez sur l\u2019ensemble des cheveux secs ou essor\u00e9s, des racines jusqu\u2019aux pointes, en maintenant le flacon \u00e0 25-30\u00a0cm des cheveux. Froissez et tortillez les cheveux pour am\u00e9liorer leur texture, puis s\u00e9chez \u00e0 l\u2019aide d\u2019un diffuseur ou laissez s\u00e9cher \u00e0 l\u2019air libre. Oui, c\u2019est aussi simple que \u00e7a\u00a0!<\/p>\n<p>Formul\u00e9 \u00e0 base de sel de la mer Morte pour donner la tenue et la texture d\u2019une sortie de plage\u00a0; de polym\u00e8res qui apportent une fixation souple et permettent de contr\u00f4ler la coiffure tout en prot\u00e9geant les cheveux de l\u2019humidit\u00e9 et des frisottis\u00a0; et de glyc\u00e9rine qui permet de maintenir une hydratation intense \u00e0 l\u2019int\u00e9rieur de la fibre capillaire.<\/p>\n<p>Ce produit capillaire professionnel de 100\u00a0ml poss\u00e8de un parfum floral, riche et puissant.<\/p><\/div>\n<\/div>\n<div class=\"tab js-tab\">\n<h3 class=\"tab-title pdp-tabs_title js-tab-mobile-title\"><span>Mode d&#8217;emploi<\/span><\/h3>\n<div class=\"tab-description pdp-tabs_description js-tab-description\">Vaporisez sur l&rsquo;ensemble des cheveux secs ou essor\u00e9s, des racines jusqu\u2019aux pointes, en maintenant le flacon \u00e0 25-30 cm des cheveux.<br \/>Froissez et tortillez les cheveux pour am\u00e9liorer leur texture, puis s\u00e9chez \u00e0 l&rsquo;aide d&rsquo;un diffuseur ou laissez s\u00e9cher \u00e0 l&rsquo;air libre.<br \/>C\u2019est aussi simple que \u00e7a !<\/div>\n<\/div>\n<div class=\"tab js-tab\">\n<h3 class=\"tab-title pdp-tabs_title js-tab-mobile-title\"><span>Ingr\u00e9dients<\/span><\/h3>\n<div class=\"tab-description pdp-tabs_description js-tab-description\">Water (Aqua\/Eau), Sodium Chloride, Magnesium Sulfate, PVP, Glycerin, Sea Salt (Maris Sal\/Sel Marin), PEG-17 Dimethicone, Phenoxyethanol, Oleth-20, PEG-40 Hydrogenated Castor Oil, Aminomethyl Propanol, Polysorbate 20, Fragrance (Parfum), Disodium EDTA, PEG-4 Dilaurate, PEG-4 Laurate, PEG-4, Iodopropynyl Butylcarbamate, Limonene, Linalool.<\/div>\n<\/div>\n<div class=\"tab js-tab\">\n<h3 class=\"tab-title pdp-tabs_title js-tab-mobile-title\"><span>Livraison et stock<\/span><\/h3>\n<div class=\"tab-description pdp-tabs_description js-tab-description\">\n<div class=\"pdp-delivery_info\">\n<div class=\"content-asset\">Livraison et d\u00e9laisRetours et remboursements<\/div>\n<\/div>\n<\/div>\n<\/div>\n<div class=\"tab js-tab\">\n<h3 class=\"tab-title pdp-tabs_title js-tab-mobile-title\"><span>Pr\u00e9cautions d&#8217;emploi<\/span><\/h3>\n<div class=\"tab-description pdp-tabs_description js-tab-description\">ATTENTION :<br \/>\u00c9VITER LE CONTACT AVEC LES YEUX. EN CAS DE CONTACT, RINCER \u00c0 L\u2019EAU<\/div>\n<\/div>\n<\/div>\n<\/div>\n<\/div>\n","protected":false},"excerpt":{"rendered":"<p>Points cl\u00e9s Une texture et une tenue naturelles Un effet plage, coiff\u00e9-d\u00e9coiff\u00e9 Une protection contre&hellip;<\/p>\n","protected":false},"featured_media":21499,"comment_status":"open","ping_status":"closed","template":"","meta":[],"pwb-brand":[663],"product_cat":[596],"product_tag":[128,127,390],"class_list":{"0":"post-30516","1":"product","2":"type-product","3":"status-publish","4":"has-post-thumbnail","6":"pwb-brand-tigi","7":"product_cat-produit-coiffant-et-fixant","8":"product_tag-produit-coiffant-et-fixant","9":"product_tag-shampooing-et-coiffure","10":"product_tag-tigi","12":"first","13":"instock","14":"taxable","15":"shipping-taxable","16":"purchasable","17":"product-type-simple","18":"layout-style-3","19":"col-md-4 col-sm-4 col-xs-6","20":"col-lg-3","21":"product-style-default"},"aioseo_notices":[],"brands":[{"id":663,"name":"Tigi","slug":"tigi"}],"_links":{"self":[{"href":"https:\/\/cheveuxluxe.com\/index.php\/wp-json\/wp\/v2\/product\/30516","targetHints":{"allow":["GET"]}}],"collection":[{"href":"https:\/\/cheveuxluxe.com\/index.php\/wp-json\/wp\/v2\/product"}],"about":[{"href":"https:\/\/cheveuxluxe.com\/index.php\/wp-json\/wp\/v2\/types\/product"}],"replies":[{"embeddable":true,"href":"https:\/\/cheveuxluxe.com\/index.php\/wp-json\/wp\/v2\/comments?post=30516"}],"version-history":[{"count":0,"href":"https:\/\/cheveuxluxe.com\/index.php\/wp-json\/wp\/v2\/product\/30516\/revisions"}],"wp:featuredmedia":[{"embeddable":true,"href":"https:\/\/cheveuxluxe.com\/index.php\/wp-json\/wp\/v2\/media\/21499"}],"wp:attachment":[{"href":"https:\/\/cheveuxluxe.com\/index.php\/wp-json\/wp\/v2\/media?parent=30516"}],"wp:term":[{"taxonomy":"pwb-brand","embeddable":true,"href":"https:\/\/cheveuxluxe.com\/index.php\/wp-json\/wp\/v2\/pwb-brand?post=30516"},{"taxonomy":"product_cat","embeddable":true,"href":"https:\/\/cheveuxluxe.com\/index.php\/wp-json\/wp\/v2\/product_cat?post=30516"},{"taxonomy":"product_tag","embeddable":true,"href":"https:\/\/cheveuxluxe.com\/index.php\/wp-json\/wp\/v2\/product_tag?post=30516"}],"curies":[{"name":"wp","href":"https:\/\/api.w.org\/{rel}","templated":true}]}}