{"id":30517,"date":"2024-04-09T22:46:54","date_gmt":"2024-04-09T22:46:54","guid":{"rendered":"https:\/\/cheveuxluxe.com\/index.php\/product\/tigi-bed-head-straighten-out-serum-anti-frisottis-100ml\/"},"modified":"2024-04-13T14:04:45","modified_gmt":"2024-04-13T14:04:45","slug":"tigi-bed-head-straighten-out-serum-anti-frisottis-100ml","status":"publish","type":"product","link":"https:\/\/cheveuxluxe.com\/index.php\/product\/tigi-bed-head-straighten-out-serum-anti-frisottis-100ml\/","title":{"rendered":"Tigi Bed Head Straighten Out S\u00e9rum anti frisottis 100ml"},"content":{"rendered":"<div class=\"product-content_bottom\">\n<div class=\"pdp-info\">\n<div class=\"pdp-tabs tab-container\">\n<div class=\"tab js-tab\">\n<h3 class=\"tab-title pdp-tabs_title js-tab-mobile-title open\"><span>Points cl\u00e9s<\/span><\/h3>\n<div class=\"tab-description pdp-tabs_description js-tab-description open\" itemprop=\"description\">\n<ul>\n<li>Des cheveux doux et brillants<\/li>\n<li>Des cheveux prot\u00e9g\u00e9s de l&rsquo;humidit\u00e9<\/li>\n<li>Une thermo protection lors du coiffage<\/li>\n<\/ul>\n<\/div>\n<\/div>\n<div class=\"tab js-tab\">\n<h3 class=\"tab-title pdp-tabs_title js-tab-mobile-title\"><span>Description<\/span><\/h3>\n<div class=\"tab-description pdp-tabs_description js-tab-description\" itemprop=\"description\">S\u00e9rum Straighten Out de Bed Head\u00a0; nouveau look \u00e0 l\u2019ext\u00e9rieur et tout aussi \u00e9pique \u00e0 l&rsquo;int\u00e9rieur. Une formule anti-frisottis, con\u00e7ue avec des coiffeurs professionnels et utilis\u00e9e en salon. Des r\u00e9sultats et une exp\u00e9rience de salon \u00e0 la maison.<\/p>\n<p>Dites adieu aux frisottis et bonjour aux cheveux brillants et lisses gr\u00e2ce au s\u00e9rum anti-frisottis Straighten Out de Bed Head\u00a0! Ce produit capillaire l\u00e9ger laisse les cheveux lisses et brillants jusqu&rsquo;\u00e0 48 heures, m\u00eame avec un taux d\u2019humidit\u00e9 de 98\u00a0%\u00a0*. Ce s\u00e9rum capillaire hydrate \u00e9galement les cheveux et les prot\u00e8ge de la chaleur. <\/p>\n<p>Id\u00e9al pour lisser les cheveux cr\u00e9pus. Appliquer uniform\u00e9ment sur cheveux humides. Des racines jusqu\u2019aux pointes. Brosser sur l\u2019ensemble de la chevelure pour une r\u00e9partition uniforme. S\u00e9chez uniform\u00e9ment \u00e0 l\u2019aide d\u2019un s\u00e8che-cheveux et d\u2019une brosse. Pour de meilleurs r\u00e9sultats, utilisez un fer \u00e0 lisser pour un lissage durable.<\/p>\n<p>Formul\u00e9 \u00e0 partir d\u2019un polym\u00e8re thermodurcissable pour des cheveux lisses et souples r\u00e9sistants \u00e0 l&rsquo;humidit\u00e9\u00a0; d\u2019agents revitalisants qui lissent la cuticule des cheveux pour obtenir un r\u00e9sultat super brillant, lutter contre l&rsquo;\u00e9lectricit\u00e9 statique et les frisottis\u00a0; et de glyc\u00e9rine qui aide \u00e0 garder les cheveux hydrat\u00e9s et brillants.<\/p>\n<p>Ce s\u00e9rum professionnel de 100\u00a0ml poss\u00e8de un incroyable parfum de fruits d&rsquo;\u00e9t\u00e9 enchanteur\u00a0!<\/p>\n<p>* par opposition aux shampooings non revitalisants<\/p><\/div>\n<\/div>\n<div class=\"tab js-tab\">\n<h3 class=\"tab-title pdp-tabs_title js-tab-mobile-title\"><span>Mode d&#8217;emploi<\/span><\/h3>\n<div class=\"tab-description pdp-tabs_description js-tab-description\">Appliquez uniform\u00e9ment sur cheveux humides.<br \/>Des racines jusqu\u2019aux pointes.<br \/>Peignez vos cheveux pour une r\u00e9partition homog\u00e8ne.<br \/>S\u00e9chez au s\u00e8che-cheveux et \u00e0 l\u2019aide d\u2019une brosse.<br \/>Pour de meilleurs r\u00e9sultats, poursuivez avec un fer \u00e0 lisser afin de conserver la douceur des cheveux.<\/div>\n<\/div>\n<div class=\"tab js-tab\">\n<h3 class=\"tab-title pdp-tabs_title js-tab-mobile-title\"><span>Ingr\u00e9dients<\/span><\/h3>\n<div class=\"tab-description pdp-tabs_description js-tab-description\">Water (Aqua\/Eau), PVM\/MA Copolymer, Polyimide-1, Phenoxyethanol, Fragrance (Parfum), Cyclopentasiloxane, Guar Hydroxypropyltrimonium Chloride, Acrylic Acid\/VP Crosspolymer, Glyceryl Acrylate\/Acrylic Acid Copolymer, Caprylyl Glycol, Sodium Polyacrylate, Glycerin, Tetrasodium EDTA, Disodium EDTA, PEG-4 Dilaurate, PEG-4 Laurate, Iodopropynyl Butylcarbamate, PEG-4, Amyl Cinnamal, Benzyl Salicylate, Citral, Citronellol, Geraniol, Hexyl Cinnamal, Hydroxycitronellal, Limonene, Linalool.<\/div>\n<\/div>\n<div class=\"tab js-tab\">\n<h3 class=\"tab-title pdp-tabs_title js-tab-mobile-title\"><span>Livraison et stock<\/span><\/h3>\n<div class=\"tab-description pdp-tabs_description js-tab-description\">\n<div class=\"pdp-delivery_info\">\n<div class=\"content-asset\">Livraison et d\u00e9laisRetours et remboursements<\/div>\n<\/div>\n<\/div>\n<\/div>\n<div class=\"tab js-tab\">\n<h3 class=\"tab-title pdp-tabs_title js-tab-mobile-title\"><span>Pr\u00e9cautions d&#8217;emploi<\/span><\/h3>\n<div class=\"tab-description pdp-tabs_description js-tab-description\">ATTENTION :<br \/>\u00c9VITER LE CONTACT AVEC LES YEUX. EN CAS DE CONTACT, RINCER \u00c0 L\u2019EAU<\/div>\n<\/div>\n<\/div>\n<\/div>\n<\/div>\n","protected":false},"excerpt":{"rendered":"<p>Points cl\u00e9s Des cheveux doux et brillants Des cheveux prot\u00e9g\u00e9s de l&rsquo;humidit\u00e9 Une thermo protection&hellip;<\/p>\n","protected":false},"featured_media":21799,"comment_status":"open","ping_status":"closed","template":"","meta":[],"pwb-brand":[663],"product_cat":[596],"product_tag":[128,127,390],"class_list":{"0":"post-30517","1":"product","2":"type-product","3":"status-publish","4":"has-post-thumbnail","6":"pwb-brand-tigi","7":"product_cat-produit-coiffant-et-fixant","8":"product_tag-produit-coiffant-et-fixant","9":"product_tag-shampooing-et-coiffure","10":"product_tag-tigi","12":"first","13":"instock","14":"taxable","15":"shipping-taxable","16":"purchasable","17":"product-type-simple","18":"layout-style-3","19":"col-md-4 col-sm-4 col-xs-6","20":"col-lg-3","21":"product-style-default"},"aioseo_notices":[],"brands":[{"id":663,"name":"Tigi","slug":"tigi"}],"_links":{"self":[{"href":"https:\/\/cheveuxluxe.com\/index.php\/wp-json\/wp\/v2\/product\/30517","targetHints":{"allow":["GET"]}}],"collection":[{"href":"https:\/\/cheveuxluxe.com\/index.php\/wp-json\/wp\/v2\/product"}],"about":[{"href":"https:\/\/cheveuxluxe.com\/index.php\/wp-json\/wp\/v2\/types\/product"}],"replies":[{"embeddable":true,"href":"https:\/\/cheveuxluxe.com\/index.php\/wp-json\/wp\/v2\/comments?post=30517"}],"version-history":[{"count":0,"href":"https:\/\/cheveuxluxe.com\/index.php\/wp-json\/wp\/v2\/product\/30517\/revisions"}],"wp:featuredmedia":[{"embeddable":true,"href":"https:\/\/cheveuxluxe.com\/index.php\/wp-json\/wp\/v2\/media\/21799"}],"wp:attachment":[{"href":"https:\/\/cheveuxluxe.com\/index.php\/wp-json\/wp\/v2\/media?parent=30517"}],"wp:term":[{"taxonomy":"pwb-brand","embeddable":true,"href":"https:\/\/cheveuxluxe.com\/index.php\/wp-json\/wp\/v2\/pwb-brand?post=30517"},{"taxonomy":"product_cat","embeddable":true,"href":"https:\/\/cheveuxluxe.com\/index.php\/wp-json\/wp\/v2\/product_cat?post=30517"},{"taxonomy":"product_tag","embeddable":true,"href":"https:\/\/cheveuxluxe.com\/index.php\/wp-json\/wp\/v2\/product_tag?post=30517"}],"curies":[{"name":"wp","href":"https:\/\/api.w.org\/{rel}","templated":true}]}}