{"id":30542,"date":"2024-04-09T22:48:03","date_gmt":"2024-04-09T22:48:03","guid":{"rendered":"https:\/\/cheveuxluxe.com\/index.php\/product\/schwarzkopf-spray-vaporisateur-silhouette-super-hold-200ml\/"},"modified":"2024-04-13T14:04:52","modified_gmt":"2024-04-13T14:04:52","slug":"schwarzkopf-spray-vaporisateur-silhouette-super-hold-200ml","status":"publish","type":"product","link":"https:\/\/cheveuxluxe.com\/index.php\/product\/schwarzkopf-spray-vaporisateur-silhouette-super-hold-200ml\/","title":{"rendered":"Schwarzkopf Spray Vaporisateur Silhouette Super Hold 200ml"},"content":{"rendered":"<div class=\"product-content_bottom\">\n<div class=\"pdp-info\">\n<div class=\"pdp-tabs tab-container\">\n<div class=\"tab js-tab\">\n<h3 class=\"tab-title pdp-tabs_title js-tab-mobile-title open\"><span>Points cl\u00e9s<\/span><\/h3>\n<div class=\"tab-description pdp-tabs_description js-tab-description open\" itemprop=\"description\">\n<ul>\n<li> Maintien longue dur\u00e9e<\/li>\n<li>Tenue invisible<\/li>\n<li>S&rsquo;\u00e9limine facilement au brossage<\/li>\n<li>Brillance intense<\/li>\n<li>Application facile <\/li>\n<\/ul>\n<\/div>\n<\/div>\n<div class=\"tab js-tab\">\n<h3 class=\"tab-title pdp-tabs_title js-tab-mobile-title\"><span>Description<\/span><\/h3>\n<div class=\"tab-description pdp-tabs_description js-tab-description\" itemprop=\"description\">Avec le spray vaporisateur Silhouette Super Hold de Schwarzkopf, les coupes qui ne tiennent pas longtemps en place ne seront bient\u00f4t plus qu\u2019un mauvais souvenir. Laissez parler votre inspiration et r\u00e9alisez sans limites les coiffures qui vous ressemblent gr\u00e2ce aux agents de maintien puissants du produit. Ces derniers fixent la chevelure sans l\u2019alourdir et lui donnent un aspect brillant des plus naturels.La gamme de produits Silhouette Super Hold contient des polym\u00e8res filmog\u00e8nes micronis\u00e9s, qui assurent une tenue forte et longue dur\u00e9e des cheveux, et leur apportent une touche d\u2019\u00e9clat suppl\u00e9mentaire. La texture l\u00e9g\u00e8re et non collante du spray permet de contr\u00f4ler le mouvement de la chevelure, sans lui donner un aspect ou un toucher cartonn\u00e9.Le produit s\u00e8che rapidement et s\u2019\u00e9limine en un coup de brosse.<\/div>\n<\/div>\n<div class=\"tab js-tab\">\n<h3 class=\"tab-title pdp-tabs_title js-tab-mobile-title\"><span>Mode d&#8217;emploi<\/span><\/h3>\n<div class=\"tab-description pdp-tabs_description js-tab-description\">Vaporisez uniform\u00e9ment sur la chevelure, en tenant le flacon \u00e0 une dizaine de centim\u00e8tres de la t\u00eate.Proc\u00e9dez au coiffage.<\/div>\n<\/div>\n<div class=\"tab js-tab\">\n<h3 class=\"tab-title pdp-tabs_title js-tab-mobile-title\"><span>Ingr\u00e9dients<\/span><\/h3>\n<div class=\"tab-description pdp-tabs_description js-tab-description\">Alcohol denat., Octylacrylamide, Acrylates, Butylaminoethyl Methacrylate Copolymer, Aminomethyl Propanol, Parfum, Benzyl Alcohol<\/div>\n<\/div>\n<div class=\"tab js-tab\">\n<h3 class=\"tab-title pdp-tabs_title js-tab-mobile-title\"><span>Livraison et stock<\/span><\/h3>\n<div class=\"tab-description pdp-tabs_description js-tab-description\">\n<div class=\"pdp-delivery_info\">\n<div class=\"content-asset\">Livraison et d\u00e9laisRetours et remboursements<\/div>\n<\/div>\n<\/div>\n<\/div>\n<\/div>\n<\/div>\n<\/div>\n","protected":false},"excerpt":{"rendered":"<p>Points cl\u00e9s Maintien longue dur\u00e9e Tenue invisible S&rsquo;\u00e9limine facilement au brossage Brillance intense Application facile&hellip;<\/p>\n","protected":false},"featured_media":18582,"comment_status":"open","ping_status":"closed","template":"","meta":[],"pwb-brand":[646],"product_cat":[596],"product_tag":[128,319,127],"class_list":{"0":"post-30542","1":"product","2":"type-product","3":"status-publish","4":"has-post-thumbnail","6":"pwb-brand-schwarzkopf-professional","7":"product_cat-produit-coiffant-et-fixant","8":"product_tag-produit-coiffant-et-fixant","9":"product_tag-schwarzkopf-professional","10":"product_tag-shampooing-et-coiffure","12":"first","13":"instock","14":"taxable","15":"shipping-taxable","16":"purchasable","17":"product-type-simple","18":"layout-style-3","19":"col-md-4 col-sm-4 col-xs-6","20":"col-lg-3","21":"product-style-default"},"aioseo_notices":[],"brands":[{"id":646,"name":"Schwarzkopf Professional","slug":"schwarzkopf-professional"}],"_links":{"self":[{"href":"https:\/\/cheveuxluxe.com\/index.php\/wp-json\/wp\/v2\/product\/30542","targetHints":{"allow":["GET"]}}],"collection":[{"href":"https:\/\/cheveuxluxe.com\/index.php\/wp-json\/wp\/v2\/product"}],"about":[{"href":"https:\/\/cheveuxluxe.com\/index.php\/wp-json\/wp\/v2\/types\/product"}],"replies":[{"embeddable":true,"href":"https:\/\/cheveuxluxe.com\/index.php\/wp-json\/wp\/v2\/comments?post=30542"}],"version-history":[{"count":0,"href":"https:\/\/cheveuxluxe.com\/index.php\/wp-json\/wp\/v2\/product\/30542\/revisions"}],"wp:featuredmedia":[{"embeddable":true,"href":"https:\/\/cheveuxluxe.com\/index.php\/wp-json\/wp\/v2\/media\/18582"}],"wp:attachment":[{"href":"https:\/\/cheveuxluxe.com\/index.php\/wp-json\/wp\/v2\/media?parent=30542"}],"wp:term":[{"taxonomy":"pwb-brand","embeddable":true,"href":"https:\/\/cheveuxluxe.com\/index.php\/wp-json\/wp\/v2\/pwb-brand?post=30542"},{"taxonomy":"product_cat","embeddable":true,"href":"https:\/\/cheveuxluxe.com\/index.php\/wp-json\/wp\/v2\/product_cat?post=30542"},{"taxonomy":"product_tag","embeddable":true,"href":"https:\/\/cheveuxluxe.com\/index.php\/wp-json\/wp\/v2\/product_tag?post=30542"}],"curies":[{"name":"wp","href":"https:\/\/api.w.org\/{rel}","templated":true}]}}