{"id":30566,"date":"2024-04-09T22:49:26","date_gmt":"2024-04-09T22:49:26","guid":{"rendered":"https:\/\/cheveuxluxe.com\/index.php\/product\/schwarzkopf-osis-ms-grip-200ml\/"},"modified":"2024-04-13T14:04:58","modified_gmt":"2024-04-13T14:04:58","slug":"schwarzkopf-osis-ms-grip-200ml","status":"publish","type":"product","link":"https:\/\/cheveuxluxe.com\/index.php\/product\/schwarzkopf-osis-ms-grip-200ml\/","title":{"rendered":"Schwarzkopf Osis+ MS Grip 200ml"},"content":{"rendered":"<div class=\"product-content_bottom\">\n<div class=\"pdp-info\">\n<div class=\"pdp-tabs tab-container\">\n<div class=\"tab js-tab\">\n<h3 class=\"tab-title pdp-tabs_title js-tab-mobile-title open\"><span>Points cl\u00e9s<\/span><\/h3>\n<div class=\"tab-description pdp-tabs_description js-tab-description open\" itemprop=\"description\">\n<ul>\n<li>Mousse extra forte<\/li>\n<\/ul>\n<\/div>\n<\/div>\n<div class=\"tab js-tab\">\n<h3 class=\"tab-title pdp-tabs_title js-tab-mobile-title\"><span>Description<\/span><\/h3>\n<div class=\"tab-description pdp-tabs_description js-tab-description\" itemprop=\"description\">Offrant un volume et une brillance naturelle, OSiS Grip est une mousse \u00e0 tenue extra-forte qui maintient m\u00eame les cheveux \u00e9pais en place tout en les prot\u00e9geant des dommages caus\u00e9s par le s\u00e9chage au s\u00e8che-cheveux.<\/div>\n<\/div>\n<div class=\"tab js-tab\">\n<h3 class=\"tab-title pdp-tabs_title js-tab-mobile-title\"><span>Mode d&#8217;emploi<\/span><\/h3>\n<div class=\"tab-description pdp-tabs_description js-tab-description\">Bien agiter la mousse avant utilisation. Tenir le produit en position verticale lors de la distribution. Appliquer sur les cheveux humides et s\u00e9cher \u00e0 l&rsquo;aide d&rsquo;une brosse. Vous pouvez \u00e9galement placer les cheveux humides sur des rouleaux et utiliser un s\u00e8che-cheveux \u00e0 capot.<\/div>\n<\/div>\n<div class=\"tab js-tab\">\n<h3 class=\"tab-title pdp-tabs_title js-tab-mobile-title\"><span>Ingr\u00e9dients<\/span><\/h3>\n<div class=\"tab-description pdp-tabs_description js-tab-description\">Aqua (Water, Eau),VP\/VA Copolymer,Butane,Propane,Polyquaternium-11,Polyquaternium-4,Sodium Benzoate,Cetrimonium Chloride,Panthenol,Parfum (Fragrance),PEG-40 Hydrogenated Castor Oil,Acrylamidopropyltrimonium Chloride\/Acrylamide Copolymer,Lactic Acid,Phenoxyethanol,Caprylyl Glycol,Linalool,Limonene,Geraniol,Sodium Metabisulfite,Methyl Benzoate<\/div>\n<\/div>\n<div class=\"tab js-tab\">\n<h3 class=\"tab-title pdp-tabs_title js-tab-mobile-title\"><span>Livraison et stock<\/span><\/h3>\n<div class=\"tab-description pdp-tabs_description js-tab-description\">\n<div class=\"pdp-delivery_info\">\n<div class=\"content-asset\">Livraison et d\u00e9laisRetours et remboursements<\/div>\n<\/div>\n<\/div>\n<\/div>\n<div class=\"tab js-tab\">\n<h3 class=\"tab-title pdp-tabs_title js-tab-mobile-title\"><span>Pr\u00e9cautions d&#8217;emploi<\/span><\/h3>\n<div class=\"tab-description pdp-tabs_description js-tab-description\">Danger. Mousse extr\u00eamement inflammable. Contenu sous pression. Ne pas placer dans de l&rsquo;eau chaude ou pr\u00e8s de radiateurs, de po\u00eales ou d&rsquo;autres sources de chaleur. Ne pas percer, ni incin\u00e9rer le r\u00e9cipient, ni le stocker \u00e0 des temp\u00e9ratures sup\u00e9rieures \u00e0 50\u00b0C\/122\u00b0F. Ne pas utiliser en pr\u00e9sence d&rsquo;une flamme nue ou d&rsquo;une \u00e9tincelle (ou d&rsquo;autres sources d&rsquo;inflammation). Ne pas fumer. Ne pas percer, br\u00fbler ou incin\u00e9rer le r\u00e9cipient, m\u00eame apr\u00e8s usage. Ne pas stocker \u00e0 la lumi\u00e8re directe du soleil. Peut \u00e9clater s&rsquo;il est chauff\u00e9. \u00c9viter tout contact avec les yeux. Utiliser uniquement selon les instructions. Ne pas inhaler intentionnellement. L&rsquo;utilisation abusive intentionnelle par concentration et inhalation du contenu peut \u00eatre nocive ou fatale. Utiliser dans des endroits bien ventil\u00e9s. Tenir hors de port\u00e9e des enfants. Ne recycler que lorsque l&#8217;emballage est enti\u00e8rement vide.<\/div>\n<\/div>\n<\/div>\n<\/div>\n<\/div>\n","protected":false},"excerpt":{"rendered":"<p>Points cl\u00e9s Mousse extra forte Description Offrant un volume et une brillance naturelle, OSiS Grip&hellip;<\/p>\n","protected":false},"featured_media":30564,"comment_status":"open","ping_status":"closed","template":"","meta":[],"pwb-brand":[646],"product_cat":[596],"product_tag":[128,319,127],"class_list":{"0":"post-30566","1":"product","2":"type-product","3":"status-publish","4":"has-post-thumbnail","6":"pwb-brand-schwarzkopf-professional","7":"product_cat-produit-coiffant-et-fixant","8":"product_tag-produit-coiffant-et-fixant","9":"product_tag-schwarzkopf-professional","10":"product_tag-shampooing-et-coiffure","12":"first","13":"instock","14":"taxable","15":"shipping-taxable","16":"purchasable","17":"product-type-simple","18":"layout-style-3","19":"col-md-4 col-sm-4 col-xs-6","20":"col-lg-3","21":"product-has-gallery","22":"product-style-default"},"aioseo_notices":[],"brands":[{"id":646,"name":"Schwarzkopf Professional","slug":"schwarzkopf-professional"}],"_links":{"self":[{"href":"https:\/\/cheveuxluxe.com\/index.php\/wp-json\/wp\/v2\/product\/30566","targetHints":{"allow":["GET"]}}],"collection":[{"href":"https:\/\/cheveuxluxe.com\/index.php\/wp-json\/wp\/v2\/product"}],"about":[{"href":"https:\/\/cheveuxluxe.com\/index.php\/wp-json\/wp\/v2\/types\/product"}],"replies":[{"embeddable":true,"href":"https:\/\/cheveuxluxe.com\/index.php\/wp-json\/wp\/v2\/comments?post=30566"}],"version-history":[{"count":0,"href":"https:\/\/cheveuxluxe.com\/index.php\/wp-json\/wp\/v2\/product\/30566\/revisions"}],"wp:featuredmedia":[{"embeddable":true,"href":"https:\/\/cheveuxluxe.com\/index.php\/wp-json\/wp\/v2\/media\/30564"}],"wp:attachment":[{"href":"https:\/\/cheveuxluxe.com\/index.php\/wp-json\/wp\/v2\/media?parent=30566"}],"wp:term":[{"taxonomy":"pwb-brand","embeddable":true,"href":"https:\/\/cheveuxluxe.com\/index.php\/wp-json\/wp\/v2\/pwb-brand?post=30566"},{"taxonomy":"product_cat","embeddable":true,"href":"https:\/\/cheveuxluxe.com\/index.php\/wp-json\/wp\/v2\/product_cat?post=30566"},{"taxonomy":"product_tag","embeddable":true,"href":"https:\/\/cheveuxluxe.com\/index.php\/wp-json\/wp\/v2\/product_tag?post=30566"}],"curies":[{"name":"wp","href":"https:\/\/api.w.org\/{rel}","templated":true}]}}