{"id":30576,"date":"2024-04-09T22:50:02","date_gmt":"2024-04-09T22:50:02","guid":{"rendered":"https:\/\/cheveuxluxe.com\/index.php\/product\/schwarzkopf-osis-sparkler-300ml\/"},"modified":"2024-04-13T14:05:00","modified_gmt":"2024-04-13T14:05:00","slug":"schwarzkopf-osis-sparkler-300ml","status":"publish","type":"product","link":"https:\/\/cheveuxluxe.com\/index.php\/product\/schwarzkopf-osis-sparkler-300ml\/","title":{"rendered":"Schwarzkopf Osis+ Sparkler 300ml"},"content":{"rendered":"<div class=\"product-content_bottom\">\n<div class=\"pdp-info\">\n<div class=\"pdp-tabs tab-container\">\n<div class=\"tab js-tab\">\n<h3 class=\"tab-title pdp-tabs_title js-tab-mobile-title open\"><span>Points cl\u00e9s<\/span><\/h3>\n<div class=\"tab-description pdp-tabs_description js-tab-description open\" itemprop=\"description\">\n<ul>\n<li>Spray \u00e0 texture s\u00e8che <\/li>\n<li>Niveau de contr\u00f4le 2 &#8211; Contr\u00f4le moyen<\/li>\n<\/ul>\n<\/div>\n<\/div>\n<div class=\"tab js-tab\">\n<h3 class=\"tab-title pdp-tabs_title js-tab-mobile-title\"><span>Description<\/span><\/h3>\n<div class=\"tab-description pdp-tabs_description js-tab-description\" itemprop=\"description\">En apportant un conditionnement l\u00e9ger et une brillance glamour, OSiS Sparkler est un spray de brillance sans silicone qui r\u00e9duit les frisottis et am\u00e9liore le d\u00e9m\u00ealage, tout en prot\u00e9geant contre l&rsquo;humidit\u00e9.<\/div>\n<\/div>\n<div class=\"tab js-tab\">\n<h3 class=\"tab-title pdp-tabs_title js-tab-mobile-title\"><span>Mode d&#8217;emploi<\/span><\/h3>\n<div class=\"tab-description pdp-tabs_description js-tab-description\">Utiliser le spray brillance par petites touches \u00e0 une distance d&rsquo;environ 30 cm. Appliquer sur les cheveux secs pour augmenter la brillance et calmer les frisottis, ou sur les cheveux humides avant le s\u00e9chage pour aider \u00e0 d\u00e9m\u00ealer, pour une meilleure maniabilit\u00e9 et un r\u00e9sultat lisse.<\/div>\n<\/div>\n<div class=\"tab js-tab\">\n<h3 class=\"tab-title pdp-tabs_title js-tab-mobile-title\"><span>Ingr\u00e9dients<\/span><\/h3>\n<div class=\"tab-description pdp-tabs_description js-tab-description\">Butane,Isododecane,Alcohol denat.,Caprylic\/Capric Triglyceride,Dicaprylyl Carbonate,Isobutane,Parfum (Fragrance),Linalool,Aqua (Water, Eau),Benzoic Acid,Methyl Benzoate<\/div>\n<\/div>\n<div class=\"tab js-tab\">\n<h3 class=\"tab-title pdp-tabs_title js-tab-mobile-title\"><span>Livraison et stock<\/span><\/h3>\n<div class=\"tab-description pdp-tabs_description js-tab-description\">\n<div class=\"pdp-delivery_info\">\n<div class=\"content-asset\">Livraison et d\u00e9laisRetours et remboursements<\/div>\n<\/div>\n<\/div>\n<\/div>\n<div class=\"tab js-tab\">\n<h3 class=\"tab-title pdp-tabs_title js-tab-mobile-title\"><span>Pr\u00e9cautions d&#8217;emploi<\/span><\/h3>\n<div class=\"tab-description pdp-tabs_description js-tab-description\">Danger. A\u00e9rosol extr\u00eamement inflammable. R\u00e9cipient sous pression : Peut \u00e9clater s&rsquo;il est chauff\u00e9. Tenir \u00e0 l&rsquo;\u00e9cart de la chaleur, des surfaces chaudes, des \u00e9tincelles, des flammes nues et autres sources d&rsquo;inflammation. Ne pas fumer. Ne pas vaporiser sur une flamme nue ou une autre source d&rsquo;inflammation. Ne pas percer ou br\u00fbler, m\u00eame apr\u00e8s utilisation. Prot\u00e9ger de la lumi\u00e8re du soleil. Ne pas exposer \u00e0 des temp\u00e9ratures sup\u00e9rieures \u00e0 50\u00b0C\/122\u00b0F. Tenir hors de port\u00e9e des enfants. Utiliser dans des endroits bien ventil\u00e9s. Utiliser en petites quantit\u00e9s. Ne pas pulv\u00e9riser dans les yeux. Ne pas inhaler intentionnellement. Une mauvaise utilisation intentionnelle par concentration et inhalation du contenu peut \u00eatre nocive, voire mortelle. Ne recycler que lorsque le produit est enti\u00e8rement vid\u00e9.<\/div>\n<\/div>\n<\/div>\n<\/div>\n<\/div>\n","protected":false},"excerpt":{"rendered":"<p>Points cl\u00e9s Spray \u00e0 texture s\u00e8che Niveau de contr\u00f4le 2 &#8211; Contr\u00f4le moyen Description En&hellip;<\/p>\n","protected":false},"featured_media":30573,"comment_status":"open","ping_status":"closed","template":"","meta":[],"pwb-brand":[646],"product_cat":[596],"product_tag":[128,319,127],"class_list":{"0":"post-30576","1":"product","2":"type-product","3":"status-publish","4":"has-post-thumbnail","6":"pwb-brand-schwarzkopf-professional","7":"product_cat-produit-coiffant-et-fixant","8":"product_tag-produit-coiffant-et-fixant","9":"product_tag-schwarzkopf-professional","10":"product_tag-shampooing-et-coiffure","12":"first","13":"instock","14":"taxable","15":"shipping-taxable","16":"purchasable","17":"product-type-simple","18":"layout-style-3","19":"col-md-4 col-sm-4 col-xs-6","20":"col-lg-3","21":"product-has-gallery","22":"product-style-default"},"aioseo_notices":[],"brands":[{"id":646,"name":"Schwarzkopf Professional","slug":"schwarzkopf-professional"}],"_links":{"self":[{"href":"https:\/\/cheveuxluxe.com\/index.php\/wp-json\/wp\/v2\/product\/30576","targetHints":{"allow":["GET"]}}],"collection":[{"href":"https:\/\/cheveuxluxe.com\/index.php\/wp-json\/wp\/v2\/product"}],"about":[{"href":"https:\/\/cheveuxluxe.com\/index.php\/wp-json\/wp\/v2\/types\/product"}],"replies":[{"embeddable":true,"href":"https:\/\/cheveuxluxe.com\/index.php\/wp-json\/wp\/v2\/comments?post=30576"}],"version-history":[{"count":0,"href":"https:\/\/cheveuxluxe.com\/index.php\/wp-json\/wp\/v2\/product\/30576\/revisions"}],"wp:featuredmedia":[{"embeddable":true,"href":"https:\/\/cheveuxluxe.com\/index.php\/wp-json\/wp\/v2\/media\/30573"}],"wp:attachment":[{"href":"https:\/\/cheveuxluxe.com\/index.php\/wp-json\/wp\/v2\/media?parent=30576"}],"wp:term":[{"taxonomy":"pwb-brand","embeddable":true,"href":"https:\/\/cheveuxluxe.com\/index.php\/wp-json\/wp\/v2\/pwb-brand?post=30576"},{"taxonomy":"product_cat","embeddable":true,"href":"https:\/\/cheveuxluxe.com\/index.php\/wp-json\/wp\/v2\/product_cat?post=30576"},{"taxonomy":"product_tag","embeddable":true,"href":"https:\/\/cheveuxluxe.com\/index.php\/wp-json\/wp\/v2\/product_tag?post=30576"}],"curies":[{"name":"wp","href":"https:\/\/api.w.org\/{rel}","templated":true}]}}